{"id":14469,"date":"2020-06-02T12:54:46","date_gmt":"2020-06-02T04:54:46","guid":{"rendered":"https:\/\/dev.flydesk.com\/credits\/"},"modified":"2023-09-07T12:10:56","modified_gmt":"2023-09-07T04:10:56","slug":"credit","status":"publish","type":"page","link":"https:\/\/flydesk.com\/da\/credit\/","title":{"rendered":"Kredit"},"content":{"rendered":"<h1>\r\n\t\tK\u00f8b FLYDESK Credits\r\n\t<\/h1>\r\n\t<div class=\"dp_currency_select\"><select class=\"fd-currency-select-normal\"><option value=\"HKD\"   selected data-symbol=\"$\">HKD<\/option><option value=\"SGD\"    data-symbol=\"$\">SGD<\/option><option value=\"USD\"    data-symbol=\"$\">USD<\/option><option value=\"EUR\"    data-symbol=\"$\">EUR<\/option><option value=\"GBP\"    data-symbol=\"$\">engelske pund<\/option><option value=\"CHF\"    data-symbol=\"$\">CHF<\/option><option value=\"IDR\"    data-symbol=\"$\">IDR<\/option><option value=\"INR\"    data-symbol=\"$\">INR<\/option><option value=\"PHP\"    data-symbol=\"$\">PHP<\/option><option value=\"MGA\"    data-symbol=\"$\">MGA<\/option><option value=\"NZD\"    data-symbol=\"$\">NZD<\/option><option value=\"PKR\"    data-symbol=\"$\">PKR<\/option><\/select><\/div>\r\n<h6>\r\n\t\tFLYDESK ANBEFALER\r\n\t<\/h6>\r\n<h4><b>Kreditpakke<\/b><\/h4>\r\n<p>K\u00f8b kreditter for en hurtigere og billigere bookingoplevelse for at f\u00e5 adgang til FLYDESK-arbejdsomr\u00e5der.<\/p>\r\n<h4><b><small>$<\/small>2,000+<\/b><\/h4>\r\n<p>fra 10% rabat <img decoding=\"async\"   src=\"https:\/\/d3l13r1yn9peim.cloudfront.net\/2021\/04\/22110535\/Host.png\"   alt=\"\"   width=\"15\" height=\"14\" \/> arbejdsrum<\/p>\r\n\t\t\t<a href=\"https:\/\/flydesk.com\/da\/cart\/?add-to-cart=14496&#038;v=2000\/\"   target=\"_self\"   role=\"button\"   rel=\"noopener\">\r\n\t\t\t\t\t\t\tK\u00f8b nu\r\n\t\t\t\t\t<\/a>\r\n<h6>\r\n\t\t&#8211;\r\n\t<\/h6>\r\n<h4><b>Betal n\u00e5r du g\u00e5r<\/b><\/h4>\r\n<p>Bestil med det samme og betal den n\u00f8jagtige pris for at f\u00e5 adgang til dit valgte arbejdsomr\u00e5de.<\/p>\r\n<h4><b>Intet minimum<\/b><\/h4>\r\n<p>Ingen rabat<\/p>\r\n\t\t\t<a href=\"\/da\/workspace\/\"   target=\"_self\"   role=\"button\"   rel=\"noopener\">\r\n\t\t\t\t\t\t\tBook nu\r\n\t\t\t\t\t<\/a>\r\n<h2>\r\n\t\tOfte stillede sp\u00f8rgsm\u00e5l\r\n\t<\/h2>\r\n\t\t\t<a href=\"#\"   id=\"fl-accordion--label-0\"   tabindex=\"0\"   aria-controls=\"fl-accordion--panel-0\">Hvad er FLYDESK Credits?<\/a>\r\n\t\t\t\t\t\t\t<a href=\"#\"   id=\"fl-accordion--icon-0\"   tabindex=\"0\"   aria-controls=\"fl-accordion--panel-0\"><i>Udvide<\/i><\/a>\r\n\t\t<p>Med FLYDESK Credits kan du booke m\u00f8delokaler eller skriveborde, der er tilg\u00e6ngelige p\u00e5 eftersp\u00f8rgsel i FLYDESK Workspace Network. FLYDESK Workspace Partners markeret med en <img decoding=\"async\"   src=\"https:\/\/d3l13r1yn9peim.cloudfront.net\/2021\/04\/22110535\/Host.png\" alt=\"\" width=\"15\" height=\"14\" \/> p\u00e5 kortet og listen vil tilbyde rabatter p\u00e5 m\u00f8delokaler og hot desk bookinger foretaget med FLYDESK Credits.<\/p>\r\n\t\t\t<a href=\"#\"   id=\"fl-accordion--label-1\"   tabindex=\"0\"   aria-controls=\"fl-accordion--panel-1\">Skal jeg have et FLYDESK-abonnement for at bruge FLYDESK Credits?<\/a>\r\n\t\t\t\t\t\t\t<a href=\"#\"   id=\"fl-accordion--icon-1\"   tabindex=\"0\"   aria-controls=\"fl-accordion--panel-1\"><i>Udvide<\/i><\/a>\r\n\t\t<p>Nej, du beh\u00f8ver ikke et FLYDESK-abonnement for at bruge FLYDESK-kreditter, men du skal tilmelde dig en gratis brugerkonto p\u00e5 vores hjemmeside eller p\u00e5 vores FLYDESK-app. For at l\u00e6re mere om det betalte abonnement, kan du tjekke vores <a href=\"https:\/\/flydesk.com\/da\/pricing\/\">FLYDESK prisplaner her<\/a>.<\/p>\r\n\t\t\t<a href=\"#\"   id=\"fl-accordion--label-2\"   tabindex=\"0\"   aria-controls=\"fl-accordion--panel-2\">Hvordan kan jeg k\u00f8be FLYDESK Credits?<\/a>\r\n\t\t\t\t\t\t\t<a href=\"#\"   id=\"fl-accordion--icon-2\"   tabindex=\"0\"   aria-controls=\"fl-accordion--panel-2\"><i>Udvide<\/i><\/a>\r\n\t\t<p>FLYDESK Credits kan k\u00f8bes med det samme med kreditkort eller via bankoverf\u00f8rsel for at f\u00e5 adgang til FLYDESK Workspace Network. N\u00e5r du har k\u00f8bt det, kan du begynde at booke et arbejdsomr\u00e5de p\u00e5 vores FLYDESK Workspace Network og betale med FLYDESK Credits. Betaling med FLYDESK kan give rabatter i nogle arbejdsomr\u00e5der.<\/p>\r\n\t\t\t<a href=\"#\"   id=\"fl-accordion--label-3\"   tabindex=\"0\"   aria-controls=\"fl-accordion--panel-3\">Kan jeg bruge mine kreditter i et andet land?<\/a>\r\n\t\t\t\t\t\t\t<a href=\"#\"   id=\"fl-accordion--icon-3\"   tabindex=\"0\"   aria-controls=\"fl-accordion--panel-3\"><i>Udvide<\/i><\/a>\r\n\t\t<p>Hvis du gerne vil booke et arbejdsomr\u00e5de i et land, der accepterer en anden valuta end den, du k\u00f8bte dine kreditter i, konverterer FLYDESK det lokale bel\u00f8b til din kreditvaluta efter at have inkluderet et gebyr p\u00e5 3% p\u00e5 den aktuelle valutakurs.<\/p>\r\n\t\t\t<a href=\"#\"   id=\"fl-accordion--label-4\"   tabindex=\"0\"   aria-controls=\"fl-accordion--panel-4\">Hvad sker der med mine kreditter i tilf\u00e6lde af reservationsaflysning?<\/a>\r\n\t\t\t\t\t\t\t<a href=\"#\"   id=\"fl-accordion--icon-4\"   tabindex=\"0\"   aria-controls=\"fl-accordion--panel-4\"><i>Udvide<\/i><\/a>\r\n\t\t<p>I tilf\u00e6lde af annullering af booking af arbejdspladser kan kreditter, der er brugt til bookingen, blive refunderet afh\u00e6ngigt af betingelserne fastsat af arbejdsomr\u00e5departneren.<\/p>\r\n\t\t\t<a href=\"#\"   id=\"fl-accordion--label-5\"   tabindex=\"0\"   aria-controls=\"fl-accordion--panel-5\">Kan FLYDESK Credits udl\u00f8be?<\/a>\r\n\t\t\t\t\t\t\t<a href=\"#\"   id=\"fl-accordion--icon-5\"   tabindex=\"0\"   aria-controls=\"fl-accordion--panel-5\"><i>Udvide<\/i><\/a>\r\n\t\t<p>FLYDESK-kreditter har ingen udl\u00f8bsdato, s\u00e5 l\u00e6nge du har en FLYDESK-konto.<\/p>\r\n\t\t\t<a href=\"#\"   id=\"fl-accordion--label-6\"   tabindex=\"0\"   aria-controls=\"fl-accordion--panel-6\">Kan mine FLYDESK-kreditter refunderes?<\/a>\r\n\t\t\t\t\t\t\t<a href=\"#\"   id=\"fl-accordion--icon-6\"   tabindex=\"0\"   aria-controls=\"fl-accordion--panel-6\"><i>Udvide<\/i><\/a>\r\n\t\t<p>Ja det er muligt. Hvis du \u00f8nsker en tilbagebetaling af din kreditsaldo til din bankkonto, vil vi holde et refusionsgebyr p\u00e5 10% p\u00e5 den resterende kredit plus eventuelle bankoverf\u00f8rselsgebyrer.<\/p>\r\n\t\t\t<a href=\"https:\/\/flydesk.com\/da\/pricing\/\"   target=\"_self\"   role=\"button\"   rel=\"noopener\">\r\n\t\t\t\t\t\t\tV\u00e6lg en FLYDESK-licensplan\r\n\t\t\t\t\t<\/a>","protected":false},"excerpt":{"rendered":"<p>Buy FLYDESK Credits FLYDESK RECOMMENDS Credit Pack Buy credits for a faster &amp; cheaper booking experience to access FLYDESK workspaces. $2,000+ from 10% discount workspaces Buy now &#8211; Pay As You Go Book instantly and pay the exact fare to access your chosen workspace. No minimum No discount Book now Frequently Asked Questions What are&hellip;<\/p>","protected":false},"author":13,"featured_media":0,"parent":0,"menu_order":0,"comment_status":"closed","ping_status":"closed","template":"","meta":{"footnotes":""},"acf":[],"yoast_head":"<!-- This site is optimized with the Yoast SEO plugin v16.8 - https:\/\/yoast.com\/wordpress\/plugins\/seo\/ -->\n<title>Buy FLYDESK Credits &mdash; FLYDESK<\/title>\n<meta name=\"description\"  content=\"Buy credits for a faster and cheaper booking experience to access the FLYDESK certified workspace network globally. Book your space today!\" \/>\n<meta name=\"robots\"  content=\"index, follow, max-snippet:-1, max-image-preview:large, max-video-preview:-1\" \/>\n<link rel=\"canonical\"  href=\"https:\/\/flydesk.com\/da\/credit\/\" \/>\n<meta property=\"og:locale\"  content=\"da_DK\" \/>\n<meta property=\"og:type\"  content=\"article\" \/>\n<meta property=\"og:title\"  content=\"Buy FLYDESK Credits &mdash; FLYDESK\" \/>\n<meta property=\"og:description\"  content=\"Buy credits for a faster and cheaper booking experience to access the FLYDESK certified workspace network globally. Book your space today!\" \/>\n<meta property=\"og:url\"  content=\"https:\/\/flydesk.com\/da\/credit\/\" \/>\n<meta property=\"og:site_name\" content=\"FLYDESK\" \/>\n<meta property=\"article:modified_time\"  content=\"2023-09-07T04:10:56+00:00\" \/>\n<meta property=\"og:image\"  content=\"https:\/\/d3l13r1yn9peim.cloudfront.net\/2021\/04\/22110535\/Host.png\" \/>\n<meta name=\"twitter:card\" content=\"summary_large_image\" \/>\n<meta name=\"twitter:label1\"  content=\"Estimeret l\u00e6setid\" \/>\n\t<meta name=\"twitter:data1\" content=\"2 minutter\" \/>\n<!-- \/ Yoast SEO plugin. -->","yoast_head_json":{"title":"Buy FLYDESK Credits &mdash; FLYDESK","description":"Buy credits for a faster and cheaper booking experience to access the FLYDESK certified workspace network globally. Book your space today!","robots":{"index":"index","follow":"follow","max-snippet":"max-snippet:-1","max-image-preview":"max-image-preview:large","max-video-preview":"max-video-preview:-1"},"canonical":"https:\/\/flydesk.com\/da\/credit\/","og_locale":"da_DK","og_type":"article","og_title":"Buy FLYDESK Credits &mdash; FLYDESK","og_description":"Buy credits for a faster and cheaper booking experience to access the FLYDESK certified workspace network globally. Book your space today!","og_url":"https:\/\/flydesk.com\/da\/credit\/","og_site_name":"FLYDESK","article_modified_time":"2023-09-07T04:10:56+00:00","og_image":[{"url":"https:\/\/d3l13r1yn9peim.cloudfront.net\/2021\/04\/22110535\/Host.png"}],"twitter_card":"summary_large_image","twitter_misc":{"Estimeret l\u00e6setid":"2 minutter"},"schema":{"@context":"https:\/\/schema.org","@graph":[{"@type":"Organization","@id":"https:\/\/flydesk.com\/#organization","name":"FLYDESK","url":"https:\/\/flydesk.com\/","sameAs":[],"logo":{"@type":"ImageObject","@id":"https:\/\/flydesk.com\/#logo","inLanguage":"da-DK","url":"","contentUrl":"","caption":"FLYDESK"},"image":{"@id":"https:\/\/flydesk.com\/#logo"}},{"@type":"WebSite","@id":"https:\/\/flydesk.com\/#website","url":"https:\/\/flydesk.com\/","name":"FLYDESK","description":"Fly your work with style","publisher":{"@id":"https:\/\/flydesk.com\/#organization"},"potentialAction":[{"@type":"SearchAction","target":{"@type":"EntryPoint","urlTemplate":"https:\/\/flydesk.com\/?s={search_term_string}"},"query-input":"required name=search_term_string"}],"inLanguage":"da-DK"},{"@type":"ImageObject","@id":"https:\/\/flydesk.com\/credit\/#primaryimage","inLanguage":"da-DK","url":"https:\/\/d3l13r1yn9peim.cloudfront.net\/2021\/04\/22110535\/Host.png","contentUrl":"https:\/\/d3l13r1yn9peim.cloudfront.net\/2021\/04\/22110535\/Host.png"},{"@type":"WebPage","@id":"https:\/\/flydesk.com\/credit\/#webpage","url":"https:\/\/flydesk.com\/credit\/","name":"Buy FLYDESK Credits &mdash; FLYDESK","isPartOf":{"@id":"https:\/\/flydesk.com\/#website"},"primaryImageOfPage":{"@id":"https:\/\/flydesk.com\/credit\/#primaryimage"},"datePublished":"2020-06-02T04:54:46+00:00","dateModified":"2023-09-07T04:10:56+00:00","description":"Buy credits for a faster and cheaper booking experience to access the FLYDESK certified workspace network globally. Book your space today!","breadcrumb":{"@id":"https:\/\/flydesk.com\/credit\/#breadcrumb"},"inLanguage":"da-DK","potentialAction":[{"@type":"ReadAction","target":["https:\/\/flydesk.com\/credit\/"]}]},{"@type":"BreadcrumbList","@id":"https:\/\/flydesk.com\/credit\/#breadcrumb","itemListElement":[{"@type":"ListItem","position":1,"name":"Home","item":"https:\/\/flydesk.com\/"},{"@type":"ListItem","position":2,"name":"Credit"}]}]}},"_links":{"self":[{"href":"https:\/\/flydesk.com\/da\/wp-json\/wp\/v2\/pages\/14469"}],"collection":[{"href":"https:\/\/flydesk.com\/da\/wp-json\/wp\/v2\/pages"}],"about":[{"href":"https:\/\/flydesk.com\/da\/wp-json\/wp\/v2\/types\/page"}],"author":[{"embeddable":true,"href":"https:\/\/flydesk.com\/da\/wp-json\/wp\/v2\/users\/13"}],"replies":[{"embeddable":true,"href":"https:\/\/flydesk.com\/da\/wp-json\/wp\/v2\/comments?post=14469"}],"version-history":[{"count":1,"href":"https:\/\/flydesk.com\/da\/wp-json\/wp\/v2\/pages\/14469\/revisions"}],"predecessor-version":[{"id":90923,"href":"https:\/\/flydesk.com\/da\/wp-json\/wp\/v2\/pages\/14469\/revisions\/90923"}],"wp:attachment":[{"href":"https:\/\/flydesk.com\/da\/wp-json\/wp\/v2\/media?parent=14469"}],"curies":[{"name":"wp","href":"https:\/\/api.w.org\/{rel}","templated":true}]}}