{"id":14470,"date":"2020-06-08T10:01:30","date_gmt":"2020-06-08T02:01:30","guid":{"rendered":"https:\/\/dev.flydesk.com\/?page_id=8746"},"modified":"2021-06-02T17:02:35","modified_gmt":"2021-06-02T09:02:35","slug":"membership","status":"publish","type":"page","link":"https:\/\/flydesk.com\/da\/membership\/","title":{"rendered":"Membership"},"content":{"rendered":"<h2>\n\t\tTilmeld dig FLYDESK KLUBBEN i dag\n\t<\/h2>\n<h2>\n\t\tFORENING\n\t<\/h2>\n\t<p>De bedste arbejdspladser og v\u00e6rkt\u00f8jer til at f\u00e5 succes med din fleksible arbejdsrejse<\/p>\n<h4><b>Gratis<\/b><\/h4>\n<p>For evigt<\/p>\n\t\t\t<a href=\"#\"   target=\"_self\"   role=\"button\"   rel=\"noopener noreferrer\">\n\t\t\t\t\t\t\tKom igang\n\t\t\t\t\t<\/a>\n\t<strong>FUNKTIONER<\/strong>\n<ul>\n<li>Dagspr\u00f8ver uden skrivebord<\/li>\n<li>Booking af arbejdsplads<\/li>\n<li>Workspace Credit wallet<\/li>\n<li>Workspace Kreditrabatter<\/li>\n<li>Medlemsfordele<\/li>\n<\/ul>\n<p>&nbsp;<\/p>\n<strong>APP FUNKTIONER<\/strong>\n<ul>\n<li>Administrer team<\/li>\n<li>Hold check-in<\/li>\n<li>Office booking<\/li>\n<li>Arbejdsanalyse<\/li>\n<\/ul>\n\t<strong>KOMMER SNART<\/strong>\n<ul>\n<li>H\u00e5ndtering af plantegninger<\/li>\n<li>Audio\/Video chat<\/li>\n<li>Svag integration<\/li>\n<li>MS Team integration<\/li>\n<li>Bambus HR integration<\/li>\n<\/ul>\n\t\t\t<a href=\"https:\/\/flydesk.com\/da\/credit\/\"   target=\"_self\"   role=\"button\"   rel=\"noopener noreferrer\">\n\t\t\t\t\t\t\tOmkring FLYDESK Credits\n\t\t\t\t\t<\/a>","protected":false},"excerpt":{"rendered":"<p>Join the FLYDESK CLUB today CLUB The best workspaces &amp; tools to succeed in your flexible work journey Free Forever Get started FEATURES Desk free day trials Workspace booking Workspace Credit wallet Workspace Credit discounts Member Perks &nbsp; APP FEATURES Manage team Team check-in Office booking Work analytics COMING SOON Floor plan management Audio\/Video chat&hellip;<\/p>","protected":false},"author":13,"featured_media":0,"parent":0,"menu_order":0,"comment_status":"closed","ping_status":"closed","template":"","meta":{"footnotes":""},"acf":[],"yoast_head":"<!-- This site is optimized with the Yoast SEO plugin v16.8 - https:\/\/yoast.com\/wordpress\/plugins\/seo\/ -->\n<title>Membership details &mdash; FLYDESK<\/title>\n<meta name=\"description\"  content=\"Access the best workspaces from the FLYDESK certified network with our free membership. Get free trials and deals from our partners.\" \/>\n<meta name=\"robots\"  content=\"index, follow, max-snippet:-1, max-image-preview:large, max-video-preview:-1\" \/>\n<link rel=\"canonical\"  href=\"https:\/\/flydesk.com\/da\/membership\/\" \/>\n<meta property=\"og:locale\"  content=\"da_DK\" \/>\n<meta property=\"og:type\"  content=\"article\" \/>\n<meta property=\"og:title\"  content=\"Membership details &mdash; FLYDESK\" \/>\n<meta property=\"og:description\"  content=\"Access the best workspaces from the FLYDESK certified network with our free membership. Get free trials and deals from our partners.\" \/>\n<meta property=\"og:url\"  content=\"https:\/\/flydesk.com\/da\/membership\/\" \/>\n<meta property=\"og:site_name\" content=\"FLYDESK\" \/>\n<meta property=\"article:modified_time\"  content=\"2021-06-02T09:02:35+00:00\" \/>\n<meta name=\"twitter:card\"  content=\"summary_large_image\" \/>\n<!-- \/ Yoast SEO plugin. -->","yoast_head_json":{"title":"Membership details &mdash; FLYDESK","description":"Access the best workspaces from the FLYDESK certified network with our free membership. Get free trials and deals from our partners.","robots":{"index":"index","follow":"follow","max-snippet":"max-snippet:-1","max-image-preview":"max-image-preview:large","max-video-preview":"max-video-preview:-1"},"canonical":"https:\/\/flydesk.com\/da\/membership\/","og_locale":"da_DK","og_type":"article","og_title":"Membership details &mdash; FLYDESK","og_description":"Access the best workspaces from the FLYDESK certified network with our free membership. Get free trials and deals from our partners.","og_url":"https:\/\/flydesk.com\/da\/membership\/","og_site_name":"FLYDESK","article_modified_time":"2021-06-02T09:02:35+00:00","twitter_card":"summary_large_image","schema":{"@context":"https:\/\/schema.org","@graph":[{"@type":"Organization","@id":"https:\/\/flydesk.com\/#organization","name":"FLYDESK","url":"https:\/\/flydesk.com\/","sameAs":[],"logo":{"@type":"ImageObject","@id":"https:\/\/flydesk.com\/#logo","inLanguage":"da-DK","url":"","contentUrl":"","caption":"FLYDESK"},"image":{"@id":"https:\/\/flydesk.com\/#logo"}},{"@type":"WebSite","@id":"https:\/\/flydesk.com\/#website","url":"https:\/\/flydesk.com\/","name":"FLYDESK","description":"Fly your work with style","publisher":{"@id":"https:\/\/flydesk.com\/#organization"},"potentialAction":[{"@type":"SearchAction","target":{"@type":"EntryPoint","urlTemplate":"https:\/\/flydesk.com\/?s={search_term_string}"},"query-input":"required name=search_term_string"}],"inLanguage":"da-DK"},{"@type":"WebPage","@id":"https:\/\/flydesk.com\/membership\/#webpage","url":"https:\/\/flydesk.com\/membership\/","name":"Membership details &mdash; FLYDESK","isPartOf":{"@id":"https:\/\/flydesk.com\/#website"},"datePublished":"2020-06-08T02:01:30+00:00","dateModified":"2021-06-02T09:02:35+00:00","description":"Access the best workspaces from the FLYDESK certified network with our free membership. Get free trials and deals from our partners.","breadcrumb":{"@id":"https:\/\/flydesk.com\/membership\/#breadcrumb"},"inLanguage":"da-DK","potentialAction":[{"@type":"ReadAction","target":["https:\/\/flydesk.com\/membership\/"]}]},{"@type":"BreadcrumbList","@id":"https:\/\/flydesk.com\/membership\/#breadcrumb","itemListElement":[{"@type":"ListItem","position":1,"name":"Home","item":"https:\/\/flydesk.com\/"},{"@type":"ListItem","position":2,"name":"Membership"}]}]}},"_links":{"self":[{"href":"https:\/\/flydesk.com\/da\/wp-json\/wp\/v2\/pages\/14470"}],"collection":[{"href":"https:\/\/flydesk.com\/da\/wp-json\/wp\/v2\/pages"}],"about":[{"href":"https:\/\/flydesk.com\/da\/wp-json\/wp\/v2\/types\/page"}],"author":[{"embeddable":true,"href":"https:\/\/flydesk.com\/da\/wp-json\/wp\/v2\/users\/13"}],"replies":[{"embeddable":true,"href":"https:\/\/flydesk.com\/da\/wp-json\/wp\/v2\/comments?post=14470"}],"version-history":[{"count":0,"href":"https:\/\/flydesk.com\/da\/wp-json\/wp\/v2\/pages\/14470\/revisions"}],"wp:attachment":[{"href":"https:\/\/flydesk.com\/da\/wp-json\/wp\/v2\/media?parent=14470"}],"curies":[{"name":"wp","href":"https:\/\/api.w.org\/{rel}","templated":true}]}}