{"id":1559,"date":"2019-10-24T19:08:08","date_gmt":"2019-10-24T11:08:08","guid":{"rendered":"https:\/\/flydesk.com\/?page_id=1559"},"modified":"2021-03-02T17:27:40","modified_gmt":"2021-03-02T09:27:40","slug":"privacy","status":"publish","type":"page","link":"https:\/\/flydesk.com\/da\/privacy\/","title":{"rendered":"Fortrolighedspolitik"},"content":{"rendered":"<h1>\n\t<\/h1>\n\t<p><strong>Profindup Limited (FLYDESK)<\/strong>\u00a0er forpligtet til at beskytte og respektere dit privatliv.<\/p>\n<p>Denne politik sammen med vores vilk\u00e5r for brug (<a href=\"https:\/\/flydesk.com\/da\/terms\/\">https:\/\/flydesk.com\/terms\/<\/a>) og alle andre dokumenter, der henvises til i den, angiver grundlaget for, at enhver persondata, vi indsamler fra dig, eller som du giver os, vil blive behandlet af os. L\u00e6s venligst f\u00f8lgende omhyggeligt for at forst\u00e5 vores synspunkter og praksis vedr\u00f8rende dine personlige data, og hvordan vi vil behandle dem.<\/p>\n<ol>\n<li><strong>Indsamling af oplysninger\u00a0<\/strong>\n<ol>\n<li>For at kunne yde en bedre service til dig kan vi indsamle og behandle f\u00f8lgende data om dig:\n<ul>\n<li>information that you provide by filling in forms on our website\u00a0https:\/\/flydesk.com (the &#8220;<strong>websted<\/strong>&#8220;). This includes information provided at the time of registering to use our Site, subscribing to our service, posting material or\u00a0requesting further services. We may also ask you for information at other times, for example in connection with a promotion or when you report a problem with our Site;<\/li>\n<li>hvis du kontakter os, kan vi f\u00f8re en fortegnelse over denne korrespondance;<\/li>\n<li>vi kan ogs\u00e5 bede dig om at udfylde unders\u00f8gelser, som vi bruger til forskningsform\u00e5l, selvom du ikke beh\u00f8ver at svare p\u00e5 dem;<\/li>\n<li>detaljer om transaktioner, du udf\u00f8rer gennem vores websted, og om opfyldelsen af dine ordrer;<\/li>\n<li>detaljer om dine bes\u00f8g p\u00e5 vores websted og de ressourcer, du f\u00e5r adgang til.<\/li>\n<li>GPS-placering af din enhed under din tilladelse ved at bruge teknologier til registrering af geo-placering fra IP-adresse, GPS-placeringsoplysninger opn\u00e5et p\u00e5 smartphones.<\/li>\n<\/ul>\n<\/li>\n<li>Vi opbevarer kun personoplysninger, s\u00e5 l\u00e6nge det er n\u00f8dvendigt. Data kan arkiveres, s\u00e5 l\u00e6nge det form\u00e5l, som dataene blev brugt til, stadig eksisterer.<\/li>\n<\/ol>\n<\/li>\n<\/ol>\n<ol start=\"2\">\n<li><strong>Brug gjort af oplysningerne\u00a0<\/strong>\n<ol>\n<li>De form\u00e5l, hvortil oplysninger kan bruges af os i og uden for Hong Kongs s\u00e6rlige administrative region omfatter:\n<ul>\n<li>at sikre, at indhold fra vores websted pr\u00e6senteres p\u00e5 den mest effektive m\u00e5de for dig og din computer;<\/li>\n<li>at give dig advarsler, nyhedsbrev, undervisningsmateriale eller information, som du har bedt om eller tilmeldt dig;<\/li>\n<li>at udf\u00f8re vores forpligtelser, der hidr\u00f8rer fra eventuelle kontrakter indg\u00e5et mellem dig og os;<\/li>\n<li>giver dig mulighed for at deltage i interaktive funktioner i vores tjeneste, n\u00e5r du v\u00e6lger at g\u00f8re det;<\/li>\n<li>designe og udf\u00f8re unders\u00f8gelser\/sp\u00f8rgeskemaer til kundeprofilering\/segmentering, statistisk analyse, forbedring og fremme af leveringen af vores produkter og tjenester;<\/li>\n<li>at overholde love og regler, der g\u00e6lder for os eller nogen af vores tilknyttede selskaber i eller uden for Hong Kongs s\u00e6rlige administrative region;<\/li>\n<li>retssager, herunder inddrivelse af forfaldne bel\u00f8b og s\u00f8ge professionel r\u00e5dgivning;<\/li>\n<li>forskning, design og lancering af tjenester eller produkter, herunder seminarer\/begivenheder\/fora;<\/li>\n<li>promovering og markedsf\u00f8ring af tjenester og produkter, der er underlagt din ud\u00f8velse af opt-out-retten (se yderligere detaljer i paragraf 2.2 nedenfor); eller<\/li>\n<li>form\u00e5l, der er direkte forbundet med eller forbundet med ovenst\u00e5ende.<\/li>\n<\/ul>\n<\/li>\n<li>Vi har til hensigt at bruge dine data i direkte markedsf\u00f8ring, og vi kr\u00e6ver dit samtykke (som inkluderer en indikation af ingen indvendinger) til dette form\u00e5l. Bem\u00e6rk i den forbindelse, at:\n<ul>\n<li>dit navn, kontaktoplysninger (herunder adresse, kontaktnummer, e-mailadresse), oplysninger om produkter og tjenester, transaktionsm\u00f8nster og adf\u00e6rd, baggrunds- og demografiske data, som vi fra tid til anden opbevarer, kan blive brugt af os i direkte markedsf\u00f8ring;<\/li>\n<li>f\u00f8lgende kategorier af tjenester, produkter og emner kan markedsf\u00f8res i direkte markedsf\u00f8ring:\n<ul>\n<li>tjenester og produkter relateret til vores websted og\/eller vores tilknyttede selskaber (inklusive affilierede marketingprogrammer, vi er en del af);<\/li>\n<li>bel\u00f8nnings-, loyalitets- eller privilegieprogrammer, salgsfremmende tilbud og relaterede tjenester; og<\/li>\n<li>invitationer til arrangementer s\u00e5som seminarer\/webinarer\/teleseminarer, konferencer, live-programmer eller begivenheder.<\/li>\n<\/ul>\n<\/li>\n<li>Vi kan udf\u00f8re direkte markedsf\u00f8ring via fax, e-mail, direct mail, telefon og andre kommunikationsmidler eller sende e-nyhedsbreve til dig. Du kan v\u00e6lge ikke at modtage reklamemateriale ved blot at fort\u00e6lle os det (se nedenfor for kontaktoplysninger), og vi vil stoppe med at g\u00f8re det uden beregning.<\/li>\n<\/ul>\n<\/li>\n<\/ol>\n<\/li>\n<\/ol>\n<ol start=\"3\">\n<li><strong>Videregivelse af dine oplysninger\u00a0<\/strong><\/li>\n<\/ol>\n<p>Vi holder de personlige data, vi opbevarer fortrolige, men kan give oplysninger til:<\/p>\n<ul>\n<li>personale, agenter, r\u00e5dgivere, revisorer, entrepren\u00f8rer, finansielle institutioner og tjenesteudbydere i forbindelse med vores operationer eller tjenester;<\/li>\n<li>vores overs\u00f8iske kontorer, datterselskaber, forretningspartnere og modparter (hvis nogen);<\/li>\n<li>personer, der har tavshedspligt over for os;<\/li>\n<li>personer, som vi er forpligtet til at offentligg\u00f8re i henhold til g\u00e6ldende love og regler i eller uden for Hong Kongs s\u00e6rlige administrative region; eller<\/li>\n<li>faktiske eller foresl\u00e5ede overdragere eller deltagere i vores tjenester i eller uden for Hong Kongs s\u00e6rlige administrative region.<\/li>\n<\/ul>\n<ol start=\"4\">\n<li><strong>Cookies\u00a0<\/strong>\n<ol>\n<li>Vores hjemmeside bruger cookies til at skelne dig fra andre brugere af vores hjemmeside. Dette hj\u00e6lper os med at give dig en god oplevelse, n\u00e5r du gennemser vores hjemmeside og giver os ogs\u00e5 mulighed for at forbedre vores hjemmeside. Ved at forts\u00e6tte med at gennemse webstedet, accepterer du vores brug af cookies.<\/li>\n<li>A cookie is a small file of letters and numbers that we store on your browser or the hard drive of your computer if you agree. Cookies contain information that is transferred to your computer&#8217;s hard drive.<\/li>\n<li>Vi bruger f\u00f8lgende cookies:\n<ul>\n<li><strong>Strengt n\u00f8dvendige cookies.<\/strong> Disse er cookies, der er n\u00f8dvendige for driften af vores hjemmeside. De omfatter for eksempel cookies, der g\u00f8r det muligt for dig at logge ind p\u00e5 sikre omr\u00e5der af vores hjemmeside, bruge en indk\u00f8bskurv eller g\u00f8re brug af e-faktureringstjenester.<\/li>\n<li><strong>Analytiske\/performance cookies. <\/strong>De giver os mulighed for at genkende og t\u00e6lle antallet af bes\u00f8gende og se, hvordan bes\u00f8gende bev\u00e6ger sig rundt p\u00e5 vores hjemmeside, n\u00e5r de bruger den. Dette hj\u00e6lper os med at forbedre m\u00e5den, vores hjemmeside fungerer p\u00e5, for eksempel ved at sikre, at brugerne nemt finder det, de leder efter.<\/li>\n<li><strong>Funktionscookies<\/strong>. Disse bruges til at genkende dig, n\u00e5r du vender tilbage til vores hjemmeside. Dette g\u00f8r det muligt for os at tilpasse vores indhold til dig, hilse p\u00e5 dig ved navn og huske dine pr\u00e6ferencer (for eksempel dit valg af sprog eller region).<\/li>\n<li><strong>M\u00e5lretning af cookies. <\/strong>Disse cookies registrerer dit bes\u00f8g p\u00e5 vores hjemmeside, de sider du har bes\u00f8gt og the link&#39;er du har fulgt. Vi vil bruge disse oplysninger til at g\u00f8re vores hjemmeside og de annoncer, der vises p\u00e5 den, mere relevante for dine interesser. Vi kan ogs\u00e5 dele disse oplysninger med tredjeparter til dette form\u00e5l.<\/li>\n<\/ul>\n<\/li>\n<li>Bem\u00e6rk venligst, at tredjeparter (herunder for eksempel reklamenetv\u00e6rk og udbydere af eksterne tjenester som webtrafikanalysetjenester) ogs\u00e5 kan bruge cookies, som vi ikke har kontrol over. Disse cookies er sandsynligvis analytiske\/performance-cookies eller m\u00e5lrettede cookies.<\/li>\n<li>Vi kan bruge f\u00f8lgende tredjeparts webanalysetjenester p\u00e5 webstedet. Tjenesteudbyderne, der administrerer disse tjenester, bruger teknologier s\u00e5som cookies, webserverlogfiler og web-beacons til at hj\u00e6lpe os med at analysere, hvordan bes\u00f8gende bruger hjemmesiden. Oplysningerne indsamlet via disse midler (herunder IP-adresser) videregives til disse tjenesteudbydere, som bruger oplysningerne til at evaluere brugen af hjemmesiden. Disse analytiske tjenester kan bruge de indsamlede data til at kontekstualisere og personalisere markedsf\u00f8ringsmaterialerne i deres eget reklamenetv\u00e6rk.<\/li>\n<\/ol>\n<\/li>\n<\/ol>\n<ol>Google Analytics\n<li>\n<ol start=\"6\">\n<li>Google Analytics is a web analysis service provided by Google Inc. (&#8220;Google&#8221;).\u00a0Google&#8217;s ability to use and share information collected by Google Analytics is in accordance with their policies:\u00a0https:\/\/www.google.com\/policies\/privacy\/partners\/<\/li>\n<li>You can prevent Google&#8217;s collection and processing of data by using the Google Ads Settings page or downloading and installing their browser plug-in (https:\/\/tools.google.com\/dlpage\/gaoptout).<\/li>\n<li>Du blokerer cookies ved at aktivere indstillingen p\u00e5 din browser, der giver dig mulighed for at afvise indstillingen af alle eller nogle cookies. Men hvis du bruger dine browserindstillinger til at blokere alle cookies (inklusive essentielle cookies), kan du muligvis ikke f\u00e5 adgang til hele eller dele af vores websted.<\/li>\n<\/ol>\n<\/li>\n<\/ol>\n<ol start=\"5\">\n<li><strong>Sikkerhed\u00a0<\/strong>\n<ol>\n<li>Alle oplysninger, du giver os, gemmes p\u00e5 vores sikre servere. Alle betalingstransaktioner vil blive krypteret ved hj\u00e6lp af SSL-teknologi. Hvor vi har givet dig (eller hvor du har valgt) en adgangskode, som giver dig adgang til visse dele af vores websted, er du ansvarlig for at holde denne adgangskode fortrolig. Vi beder dig om ikke at dele en adgangskode med nogen.<\/li>\n<li>Desv\u00e6rre er overf\u00f8rsel af information via internettet ikke helt sikker. Selvom vi vil g\u00f8re vores bedste for at beskytte dine personlige data, kan vi ikke garantere sikkerheden af dine data, der overf\u00f8res til vores websted; enhver overf\u00f8rsel er p\u00e5 eget ansvar. N\u00e5r vi har modtaget dine oplysninger, vil vi bruge strenge procedurer og sikkerhedsfunktioner for at fors\u00f8ge at forhindre uautoriseret adgang.<\/li>\n<\/ol>\n<\/li>\n<\/ol>\n<ol start=\"6\">\n<li><strong>\u00c6ndringer i vores privatlivspolitik<\/strong><\/li>\n<\/ol>\n<p>Eventuelle \u00e6ndringer, vi m\u00e5tte foretage i vores privatlivspolitik i fremtiden, vil blive offentliggjort p\u00e5 denne side.<\/p>\n<ol start=\"7\">\n<li><strong>Dataoverf\u00f8rsler<\/strong><\/li>\n<\/ol>\n<p>Vi opbevarer muligvis dine data p\u00e5 servere i Hong Kong, Amazon Web Services, Google 1TP3700T Platform og andre omr\u00e5der, som vi finder passende fra tid til anden. Vi kan ogs\u00e5 overf\u00f8re dine data til vores overs\u00f8iske kontorer eller til personer, der er anf\u00f8rt i paragraf 3 ovenfor, som kan v\u00e6re placeret i eller uden for Hong Kongs s\u00e6rlige administrative region.<\/p>\n<ol start=\"8\">\n<li><strong>Dit samtykke og dine rettigheder<\/strong>\n<ol>\n<li>Ved at bruge vores service, lave en ans\u00f8gning eller bes\u00f8ge vores hjemmeside, giver du samtykke til indsamling og brug af dine oplysninger og andre aktiviteter som beskrevet i denne politik.<\/li>\n<li>Under the Hong Kong Personal Data (Privacy) Ordinance (the &#8220;<strong>Forordning<\/strong>&#8220;), individuals have the right:\n<ul>\n<li>for at kontrollere, om vi opbevarer personoplysninger om dig, og for at f\u00e5 adgang til s\u00e5danne data;<\/li>\n<li>at kr\u00e6ve, at vi retter, s\u00e5 hurtigt som det er praktisk muligt, alle data vedr\u00f8rende dig, der er un\u00f8jagtige;<\/li>\n<li>at finde ud af vores politikker og praksis i forhold til personlige data og den slags personlige data, som vi opbevarer; og<\/li>\n<li>at g\u00f8re indsigelse mod brugen af dine personlige data til markedsf\u00f8ringsform\u00e5l, og vi vil ikke bruge dine personlige data til markedsf\u00f8ringsform\u00e5l, efter du har meddelt os din indsigelse.<\/li>\n<\/ul>\n<\/li>\n<li>Du kan ud\u00f8ve din fravalgsret ved at give os besked, hvis du \u00f8nsker at g\u00f8re indsigelse mod brugen af dine personoplysninger til direkte markedsf\u00f8ringsform\u00e5l. Send venligst anmodninger om s\u00e5danne indsigelser, adgang til data, rettelse af data, oplysninger om politikker og praksis og typer af data, der opbevares, sp\u00f8rgsm\u00e5l eller klager til: Navn: Administrator Profindup, E-mail: hello@flydesk.com<\/li>\n<\/ol>\n<ol start=\"4\">\n<li>I overensstemmelse med betingelserne i bekendtg\u00f8relsen har vi ret til og kan opkr\u00e6ve et rimeligt gebyr for at behandle enhver anmodning om dataadgang.<\/li>\n<li>In the event that a User wishes to access or amend his or her personal information and data, the Company may request him or her to provide personal details in order to verify and confirm his or her identity. A HKID card number or passport number or business registration certificate number cannot be amended unless such data is proved to be inaccurate. The Company is required to respond to a User&#8217;s request within\u00a0seven (7)\u00a0days\u00a0of his or her request and will\u00a0endeavor to do so wherever possible.<\/li>\n<\/ol>\n<\/li>\n<\/ol>\n<ol start=\"9\">\n<li><strong>G\u00e6ldende lov og jurisdiktion\u00a0<\/strong><\/li>\n<\/ol>\n<p>Intet i denne fortrolighedspolitik begr\u00e6nser den registreredes rettigheder i henhold til bekendtg\u00f8relsen. Denne privatlivspolitik er underlagt lovene i Hong Kongs s\u00e6rlige administrative region. Du accepterer at underkaste dig den eksklusive jurisdiktion for Hong Kong-domstolene.<\/p>\n<p>&nbsp;<\/p>","protected":false},"excerpt":{"rendered":"<p>Profindup Limited (FLYDESK)\u00a0is committed to protecting and respecting your privacy. This policy, together with our Terms of Use (https:\/\/flydesk.com\/terms\/)\u00a0and any other documents referred to in it, sets out the basis on which any personal data we collect from you, or that you provide to us, will be processed by us. Please read the following carefully&hellip;<\/p>","protected":false},"author":1,"featured_media":0,"parent":0,"menu_order":0,"comment_status":"closed","ping_status":"closed","template":"","meta":{"footnotes":""},"acf":[],"yoast_head":"<!-- This site is optimized with the Yoast SEO plugin v16.8 - https:\/\/yoast.com\/wordpress\/plugins\/seo\/ -->\n<title>Privacy policy &mdash; FLYDESK<\/title>\n<meta name=\"robots\"  content=\"index, follow, max-snippet:-1, max-image-preview:large, max-video-preview:-1\" \/>\n<link rel=\"canonical\"  href=\"https:\/\/flydesk.com\/da\/privacy\/\" \/>\n<meta property=\"og:locale\"  content=\"da_DK\" \/>\n<meta property=\"og:type\"  content=\"article\" \/>\n<meta property=\"og:title\"  content=\"Privacy policy &mdash; FLYDESK\" \/>\n<meta property=\"og:description\"  content=\"Profindup Limited (FLYDESK)\u00a0is committed to protecting and respecting your privacy. This policy, together with our Terms of Use (https:\/\/flydesk.com\/terms\/)\u00a0and any other documents referred to in it, sets out the basis on which any personal data we collect from you, or that you provide to us, will be processed by us. Please read the following carefully&hellip;\" \/>\n<meta property=\"og:url\"  content=\"https:\/\/flydesk.com\/da\/privacy\/\" \/>\n<meta property=\"og:site_name\" content=\"FLYDESK\" \/>\n<meta property=\"article:modified_time\"  content=\"2021-03-02T09:27:40+00:00\" \/>\n<meta name=\"twitter:card\"  content=\"summary_large_image\" \/>\n<meta name=\"twitter:label1\"  content=\"Estimeret l\u00e6setid\" \/>\n\t<meta name=\"twitter:data1\" content=\"9 minutter\" \/>\n<!-- \/ Yoast SEO plugin. -->","yoast_head_json":{"title":"Privacy policy &mdash; FLYDESK","robots":{"index":"index","follow":"follow","max-snippet":"max-snippet:-1","max-image-preview":"max-image-preview:large","max-video-preview":"max-video-preview:-1"},"canonical":"https:\/\/flydesk.com\/da\/privacy\/","og_locale":"da_DK","og_type":"article","og_title":"Privacy policy &mdash; FLYDESK","og_description":"Profindup Limited (FLYDESK)\u00a0is committed to protecting and respecting your privacy. This policy, together with our Terms of Use (https:\/\/flydesk.com\/terms\/)\u00a0and any other documents referred to in it, sets out the basis on which any personal data we collect from you, or that you provide to us, will be processed by us. Please read the following carefully&hellip;","og_url":"https:\/\/flydesk.com\/da\/privacy\/","og_site_name":"FLYDESK","article_modified_time":"2021-03-02T09:27:40+00:00","twitter_card":"summary_large_image","twitter_misc":{"Estimeret l\u00e6setid":"9 minutter"},"schema":{"@context":"https:\/\/schema.org","@graph":[{"@type":"Organization","@id":"https:\/\/flydesk.com\/#organization","name":"FLYDESK","url":"https:\/\/flydesk.com\/","sameAs":[],"logo":{"@type":"ImageObject","@id":"https:\/\/flydesk.com\/#logo","inLanguage":"da-DK","url":"","contentUrl":"","caption":"FLYDESK"},"image":{"@id":"https:\/\/flydesk.com\/#logo"}},{"@type":"WebSite","@id":"https:\/\/flydesk.com\/#website","url":"https:\/\/flydesk.com\/","name":"FLYDESK","description":"Fly your work with style","publisher":{"@id":"https:\/\/flydesk.com\/#organization"},"potentialAction":[{"@type":"SearchAction","target":{"@type":"EntryPoint","urlTemplate":"https:\/\/flydesk.com\/?s={search_term_string}"},"query-input":"required name=search_term_string"}],"inLanguage":"da-DK"},{"@type":"WebPage","@id":"https:\/\/flydesk.com\/privacy\/#webpage","url":"https:\/\/flydesk.com\/privacy\/","name":"Privacy policy &mdash; FLYDESK","isPartOf":{"@id":"https:\/\/flydesk.com\/#website"},"datePublished":"2019-10-24T11:08:08+00:00","dateModified":"2021-03-02T09:27:40+00:00","breadcrumb":{"@id":"https:\/\/flydesk.com\/privacy\/#breadcrumb"},"inLanguage":"da-DK","potentialAction":[{"@type":"ReadAction","target":["https:\/\/flydesk.com\/privacy\/"]}]},{"@type":"BreadcrumbList","@id":"https:\/\/flydesk.com\/privacy\/#breadcrumb","itemListElement":[{"@type":"ListItem","position":1,"name":"Home","item":"https:\/\/flydesk.com\/"},{"@type":"ListItem","position":2,"name":"Privacy policy"}]}]}},"_links":{"self":[{"href":"https:\/\/flydesk.com\/da\/wp-json\/wp\/v2\/pages\/1559"}],"collection":[{"href":"https:\/\/flydesk.com\/da\/wp-json\/wp\/v2\/pages"}],"about":[{"href":"https:\/\/flydesk.com\/da\/wp-json\/wp\/v2\/types\/page"}],"author":[{"embeddable":true,"href":"https:\/\/flydesk.com\/da\/wp-json\/wp\/v2\/users\/1"}],"replies":[{"embeddable":true,"href":"https:\/\/flydesk.com\/da\/wp-json\/wp\/v2\/comments?post=1559"}],"version-history":[{"count":0,"href":"https:\/\/flydesk.com\/da\/wp-json\/wp\/v2\/pages\/1559\/revisions"}],"wp:attachment":[{"href":"https:\/\/flydesk.com\/da\/wp-json\/wp\/v2\/media?parent=1559"}],"curies":[{"name":"wp","href":"https:\/\/api.w.org\/{rel}","templated":true}]}}