{"id":2591,"date":"2019-12-10T19:57:10","date_gmt":"2019-12-10T11:57:10","guid":{"rendered":"https:\/\/flydesk.com\/?page_id=2591"},"modified":"2020-11-03T18:15:17","modified_gmt":"2020-11-03T10:15:17","slug":"workspace-certification","status":"publish","type":"page","link":"https:\/\/flydesk.com\/da\/workspace-certification\/","title":{"rendered":"Arbejdsplads certificering"},"content":{"rendered":"<img decoding=\"async\"   src=\"https:\/\/mlgucbjxeu1m.i.optimole.com\/cb:B7VA.3e989\/w:150\/h:150\/q:mauto\/rt:fill\/g:ce\/ig:avif\/f:best\/https:\/\/flydesk.com\/wp-content\/uploads\/2019\/12\/FLYDESK-Certified.png\"   alt=\"FLYDESK certificeret\"   itemprop=\"image\"   height=\"150\"   width=\"150\"   title=\"FLYDESK certificeret\"   onerror=\"this.style.display='none'\"  \/>\n\t\t<h1>Arbejdsplads certificering<\/h1>\n\t\t<p>FLYDESK er et certificeringsm\u00e6rke, der leveres til de bedste coworking-rum, servicerede kontorer og alle typer arbejdspladser.<\/p>\n<p>Certificeringen garanterer den kvalitet, stilen og den komfort, der kan forventes af vores f\u00e6llesskab af fleksible fagfolk.<\/p>\n\t\t\t<a href=\"#start\"   target=\"_self\"   role=\"button\"   rel=\"noopener noreferrer\">\n\t\t\t\t\t\t\tAngiv et mellemrum\n\t\t\t\t\t<\/a>\n\t\t<h1>FLYDESK certificeringsetiketter<\/h1>\t\t\n\t\t\t<p>4 certificeringsm\u00e6rker for at hj\u00e6lpe FLYDESK-f\u00e6llesskabet med at v\u00e6lge den bedste mulighed for fleksibelt arbejdsomr\u00e5de.<\/p>\n<p>Don&#8217;t get lost trying to differentiate proposals in this growing and unequal workspace market but trust our expertise.<\/p>\n\t\t\t\t<img decoding=\"async\"   src=\"https:\/\/mlgucbjxeu1m.i.optimole.com\/cb:B7VA.3e989\/w:200\/h:200\/q:mauto\/ig:avif\/f:best\/https:\/\/flydesk.com\/wp-content\/uploads\/2019\/12\/Premium.png\"   alt=\"Pr\u00e6mie\"   itemprop=\"image\"   height=\"200\"   width=\"200\"   title=\"Pr\u00e6mie\"   onerror=\"this.style.display='none'\"  \/>\n\t\t<h3>Premium Label<\/h3>\t\t\n\t\t\t<p>det mest prestigefyldte, design, unikke og luksuri\u00f8se arbejdsomr\u00e5de<\/p>\n\t\t\t\t<img decoding=\"async\"   src=\"https:\/\/mlgucbjxeu1m.i.optimole.com\/cb:B7VA.3e989\/w:200\/h:201\/q:mauto\/ig:avif\/f:best\/https:\/\/flydesk.com\/wp-content\/uploads\/2019\/12\/Inspiring.png\"   alt=\"Inspirerende\"   itemprop=\"image\"   height=\"201\"   width=\"200\"   title=\"Inspirerende\"   onerror=\"this.style.display='none'\"  \/>\n\t\t<h3>Inspirerende label<\/h3>\t\t\n\t\t\t<p>det mest dynamiske, stimulerende og kreative arbejdsrum<\/p>\n\t\t\t\t<img data-opt-src=\"https:\/\/mlgucbjxeu1m.i.optimole.com\/cb:B7VA.3e989\/w:200\/h:200\/q:mauto\/ig:avif\/f:best\/https:\/\/flydesk.com\/wp-content\/uploads\/2019\/12\/Business.png\"   decoding=\"async\"   src=\"https:\/\/mlgucbjxeu1m.i.optimole.com\/cb:B7VA.3e989\/w:200\/h:200\/q:eco\/ig:avif\/f:best\/https:\/\/flydesk.com\/wp-content\/uploads\/2019\/12\/Business.png\"   alt=\"Forretning\"   itemprop=\"image\"   height=\"200\"   width=\"200\"   title=\"Forretning\"   onerror=\"this.style.display='none'\"  \/>\n\t\t<h3>Virksomhedsm\u00e6rke<\/h3>\t\t\n\t\t\t<p>det mest professionelle, forretningsm\u00e6ssige og bekvemme arbejdsomr\u00e5de<\/p>\n\t\t\t\t<img data-opt-src=\"https:\/\/mlgucbjxeu1m.i.optimole.com\/cb:B7VA.3e989\/w:200\/h:200\/q:mauto\/ig:avif\/f:best\/https:\/\/flydesk.com\/wp-content\/uploads\/2019\/12\/Niche.png\"   decoding=\"async\"   src=\"https:\/\/mlgucbjxeu1m.i.optimole.com\/cb:B7VA.3e989\/w:200\/h:200\/q:eco\/ig:avif\/f:best\/https:\/\/flydesk.com\/wp-content\/uploads\/2019\/12\/Niche.png\"   alt=\"Niche\"   itemprop=\"image\"   height=\"200\"   width=\"200\"   title=\"Niche\"   onerror=\"this.style.display='none'\"  \/>\n\t\t<h3>Temaetiket<\/h3>\t\t\n\t\t\t<p>det mest s\u00e6rlige, nichede, dedikerede og originale arbejdsomr\u00e5de<\/p>\n\t\t\t<img data-opt-src=\"https:\/\/mlgucbjxeu1m.i.optimole.com\/cb:B7VA.3e989\/w:1024\/h:683\/q:mauto\/ig:avif\/f:best\/https:\/\/flydesk.com\/wp-content\/uploads\/2019\/10\/BWGroundfloor.jpg\"   decoding=\"async\"   loading='false'   src=\"https:\/\/mlgucbjxeu1m.i.optimole.com\/cb:B7VA.3e989\/w:1024\/h:683\/q:eco\/ig:avif\/f:best\/https:\/\/flydesk.com\/wp-content\/uploads\/2019\/10\/BWGroundfloor.jpg\"   alt=\"\" \/>\t\t\t\n\t\t\t\t<h2>Premium label @Banyan workspace HK<\/h2>\t\t\t\n\t\t\t<img data-opt-src=\"https:\/\/mlgucbjxeu1m.i.optimole.com\/cb:B7VA.3e989\/w:1024\/h:683\/q:mauto\/ig:avif\/f:best\/https:\/\/flydesk.com\/wp-content\/uploads\/2019\/12\/The-Hive-Carpenter-Lounge.jpg\"   decoding=\"async\"   loading='false'   src=\"https:\/\/mlgucbjxeu1m.i.optimole.com\/cb:B7VA.3e989\/w:1024\/h:683\/q:eco\/ig:avif\/f:best\/https:\/\/flydesk.com\/wp-content\/uploads\/2019\/12\/The-Hive-Carpenter-Lounge.jpg\" alt=\"\" \/>\t\t\t\n\t\t\t\t<h2>Inspirerende label @TheHive Sheung Wan HK<\/h2>\t\t\t\n\t\t\t<img data-opt-src=\"https:\/\/mlgucbjxeu1m.i.optimole.com\/cb:B7VA.3e989\/w:1024\/h:733\/q:mauto\/ig:avif\/f:best\/https:\/\/flydesk.com\/wp-content\/uploads\/2019\/12\/Lit_20191018_TheDesk_00028_op.jpg\"   decoding=\"async\"   loading='false'   src=\"https:\/\/mlgucbjxeu1m.i.optimole.com\/cb:B7VA.3e989\/w:1024\/h:733\/q:eco\/ig:avif\/f:best\/https:\/\/flydesk.com\/wp-content\/uploads\/2019\/12\/Lit_20191018_TheDesk_00028_op.jpg\" alt=\"\" \/>\t\t\t\n\t\t\t\t<h2>Virksomhedsm\u00e6rke @TheDesk Strand 50 HK<\/h2>\t\t\t\n\t\t\t<img data-opt-src=\"https:\/\/mlgucbjxeu1m.i.optimole.com\/cb:B7VA.3e989\/w:1024\/h:683\/q:mauto\/ig:avif\/f:best\/https:\/\/flydesk.com\/wp-content\/uploads\/2019\/12\/The-Hive-Studios-Shoot.jpg\"   decoding=\"async\"   loading='false'   src=\"https:\/\/mlgucbjxeu1m.i.optimole.com\/cb:B7VA.3e989\/w:1024\/h:683\/q:eco\/ig:avif\/f:best\/https:\/\/flydesk.com\/wp-content\/uploads\/2019\/12\/The-Hive-Studios-Shoot.jpg\" alt=\"\" \/>\t\t\t\n\t\t\t\t<h2>Temalabel @TheHive Studio HK<\/h2>\t\t\t\n\t\t\t\t<a href=\"#\"   aria-label=\"previous\"  role=\"button\">\n<\/a>\n\t\t\t\t<a href=\"#\"   aria-label=\"next\"   role=\"button\">\n<\/a>\n\t\t<h1>FLYDESK certificerede partnere<\/h1>\t\t\n\t\t\t\t<img data-opt-src=\"https:\/\/mlgucbjxeu1m.i.optimole.com\/cb:B7VA.3e989\/w:300\/h:300\/q:mauto\/rt:fill\/g:ce\/ig:avif\/f:best\/https:\/\/flydesk.com\/wp-content\/uploads\/2019\/12\/thehive.png\"   decoding=\"async\"   src=\"https:\/\/mlgucbjxeu1m.i.optimole.com\/cb:B7VA.3e989\/w:300\/h:300\/q:eco\/ig:avif\/f:best\/https:\/\/flydesk.com\/wp-content\/uploads\/2019\/12\/thehive.png\"   alt=\"bikuben\"   itemprop=\"image\"   height=\"300\"   width=\"300\"   title=\"bikuben\"   onerror=\"this.style.display='none'\"  \/>\n\t\t\t\t<img data-opt-src=\"https:\/\/mlgucbjxeu1m.i.optimole.com\/cb:B7VA.3e989\/w:300\/h:300\/q:mauto\/rt:fill\/g:ce\/ig:avif\/f:best\/https:\/\/flydesk.com\/wp-content\/uploads\/2019\/12\/wework.png\"   decoding=\"async\"   src=\"https:\/\/mlgucbjxeu1m.i.optimole.com\/cb:B7VA.3e989\/w:300\/h:300\/q:eco\/ig:avif\/f:best\/https:\/\/flydesk.com\/wp-content\/uploads\/2019\/12\/wework.png\"   alt=\"vi arbejder\"   itemprop=\"image\"   height=\"300\"   width=\"300\"   title=\"vi arbejder\"   onerror=\"this.style.display='none'\"  \/>\n\t\t\t\t<img data-opt-src=\"https:\/\/mlgucbjxeu1m.i.optimole.com\/cb:B7VA.3e989\/w:300\/h:300\/q:mauto\/rt:fill\/g:ce\/ig:avif\/f:best\/https:\/\/flydesk.com\/wp-content\/uploads\/2020\/06\/The-Executive-Centre.png\"   decoding=\"async\"   src=\"https:\/\/mlgucbjxeu1m.i.optimole.com\/cb:B7VA.3e989\/w:300\/h:300\/q:eco\/ig:avif\/f:best\/https:\/\/flydesk.com\/wp-content\/uploads\/2020\/06\/The-Executive-Centre.png\"   alt=\"Executive Center\"   itemprop=\"image\"   height=\"300\"   width=\"300\"   \"300\" title  =Executive Center onerror=this.style.display='none'  \/>\n\t\t\t\t<img data-opt-src=\"https:\/\/mlgucbjxeu1m.i.optimole.com\/cb:B7VA.3e989\/w:300\/h:300\/q:mauto\/rt:fill\/g:ce\/ig:avif\/f:best\/https:\/\/flydesk.com\/wp-content\/uploads\/2019\/12\/thedesk.png\"   decoding=\"async\"   src=\"https:\/\/mlgucbjxeu1m.i.optimole.com\/cb:B7VA.3e989\/w:300\/h:300\/q:eco\/ig:avif\/f:best\/https:\/\/flydesk.com\/wp-content\/uploads\/2019\/12\/thedesk.png\"   alt=\"skrivebordet\"   itemprop=\"image\"   height=\"300\"   width=\"300\"  title=\"skrivebordet\" onerror=\"this.style.display='none'\"  \/>\n\t\t\t\t<img data-opt-src=\"https:\/\/mlgucbjxeu1m.i.optimole.com\/cb:B7VA.3e989\/w:300\/h:300\/q:mauto\/rt:fill\/g:ce\/ig:avif\/f:best\/https:\/\/flydesk.com\/wp-content\/uploads\/2020\/05\/VCo.png\"   decoding=\"async\"   src=\"https:\/\/mlgucbjxeu1m.i.optimole.com\/cb:B7VA.3e989\/w:300\/h:300\/q:eco\/ig:avif\/f:best\/https:\/\/flydesk.com\/wp-content\/uploads\/2020\/05\/VCo.png\"   alt=\"VCo\"   itemprop=\"image\"   height=\"300\"  width=\"300\"  \"300\"title  =VCo onerror=this.style.display='none'  \/>\n\t\t\t\t<img data-opt-src=\"https:\/\/mlgucbjxeu1m.i.optimole.com\/cb:B7VA.3e989\/w:300\/h:300\/q:mauto\/rt:fill\/g:ce\/ig:avif\/f:best\/https:\/\/flydesk.com\/wp-content\/uploads\/2019\/12\/Eatonhouse.png\"   decoding=\"async\"   src=\"https:\/\/mlgucbjxeu1m.i.optimole.com\/cb:B7VA.3e989\/w:300\/h:300\/q:eco\/ig:avif\/f:best\/https:\/\/flydesk.com\/wp-content\/uploads\/2019\/12\/Eatonhouse.png\"   alt=\"Eatonhouse\"   itemprop=\"image\"  height=\"300\" width=\"300\" title=\"Eatonhouse\" onerror=\"this.style.display='none'\"  \/>\n\t\t\t\t<img data-opt-src=\"https:\/\/mlgucbjxeu1m.i.optimole.com\/cb:B7VA.3e989\/w:300\/h:300\/q:mauto\/rt:fill\/g:ce\/ig:avif\/f:best\/https:\/\/flydesk.com\/wp-content\/uploads\/2019\/12\/theworkproject.png\"   decoding=\"async\"   src=\"https:\/\/mlgucbjxeu1m.i.optimole.com\/cb:B7VA.3e989\/w:300\/h:300\/q:eco\/ig:avif\/f:best\/https:\/\/flydesk.com\/wp-content\/uploads\/2019\/12\/theworkproject.png\"   alt=\"arbejdsprojektet\"   itemprop=\"image\"  height=\"300\" width=\"300\" title=\"arbejdsprojektet\" onerror=\"this.style.display='none'\"  \/>\n\t<p>Vi samarbejder kun med de bedste, og vi deler en f\u00e6lles mission om at muligg\u00f8re fleksibelt arbejde.<\/p>\n\t\t\t<a href=\"#start\"   target=\"_self\"   role=\"button\"   rel=\"noopener noreferrer\">\n\t\t\t\t\t\t\tList dit arbejdsomr\u00e5de\n\t\t\t\t\t<\/a>\n\t\t\t<a href=\"https:\/\/flydesk.com\/da\/workspace\/\"   target=\"_self\"   role=\"button\"   rel=\"noopener noreferrer\">\n\t\t\t\t\t\t\tFind dit arbejdsomr\u00e5de\n\t\t\t\t\t<\/a>\n\t\t\t\t<img data-opt-src=\"https:\/\/mlgucbjxeu1m.i.optimole.com\/cb:B7VA.3e989\/w:1024\/h:683\/q:mauto\/ig:avif\/f:best\/https:\/\/flydesk.com\/wp-content\/uploads\/2019\/12\/The-Hive-Lavender-Hotdesk-Area.jpg\"   decoding=\"async\"   src=\"https:\/\/mlgucbjxeu1m.i.optimole.com\/cb:B7VA.3e989\/w:1024\/h:683\/q:eco\/ig:avif\/f:best\/https:\/\/flydesk.com\/wp-content\/uploads\/2019\/12\/The-Hive-Lavender-Hotdesk-Area.jpg\"   alt=\"The Hive Lavender Hotdesk-omr\u00e5de\"   itemprop=\"image\"   height=\"683\"   width=\"1024\"   title=\"The Hive Lavender Hotdesk-omr\u00e5de\"   onerror=\"this.style.display='none'\"  \/>\n<h2>\n\t\tWorkspace tilbud\n\t<\/h2>\n\t<p>En l\u00f8sning til ethvert fleksibelt arbejdsbehov<\/p>\n\t<p>Book dit skrivebord for dagen eller et m\u00f8delokale i en time p\u00e5 en af vores certificerede arbejdspladser.<\/p>\n<p>Sp\u00f8rg efter dit n\u00e6ste kontorflytning, tilrettel\u00e6ggelse af en begivenhed eller ops\u00e6t din virksomhedsadresse med et virtuelt kontor.<\/p>\n\t<ul>\n<li>Coworking hotdesk<\/li>\n<li>Dedikeret skrivebord<\/li>\n<li>Office til leje<\/li>\n<li>M\u00f8delokale<\/li>\n<li>Event plads<\/li>\n<li>Virtuelt kontor<\/li>\n<\/ul>\n<h6>Billedkredit til arbejdsomr\u00e5det: Hive Lavender, SG<\/h6>\n\t\t\t<a href=\"https:\/\/flydesk.com\/da\/workspace\/\"   target=\"_self\"   role=\"button\"   rel=\"noopener noreferrer\">\n\t\t\t\t\t\t\tFind det bedste tilbud\n\t\t\t\t\t<\/a>\n<h2>\n\t\tAngiv et arbejdsomr\u00e5de\n\t<\/h2>","protected":false},"excerpt":{"rendered":"<p>Workspace certification FLYDESK is a certification label delivered to the best coworking spaces, serviced offices and all types of workspace. The certification guarantees the quality, the style and the comfort that can be expected by our community of flexible professionals. List a space FLYDESK certification labels 4 certification labels to help the FLYDESK community choose&hellip;<\/p>","protected":false},"author":4,"featured_media":661,"parent":0,"menu_order":0,"comment_status":"closed","ping_status":"closed","template":"","meta":{"footnotes":""},"acf":[],"yoast_head":"<!-- This site is optimized with the Yoast SEO plugin v16.8 - https:\/\/yoast.com\/wordpress\/plugins\/seo\/ -->\n<title>Certification label for flexible workspace &mdash; FLYDESK<\/title>\n<meta name=\"description\"  content=\"Certification label that guarantees the quality, style and comfort of workspace locations empowering the community of flexible work professionals.\" \/>\n<meta name=\"robots\"  content=\"index, follow, max-snippet:-1, max-image-preview:large, max-video-preview:-1\" \/>\n<link rel=\"canonical\"  href=\"https:\/\/flydesk.com\/da\/workspace-certification\/\" \/>\n<meta property=\"og:locale\"  content=\"da_DK\" \/>\n<meta property=\"og:type\"  content=\"article\" \/>\n<meta property=\"og:title\"  content=\"Certification label for flexible workspace &mdash; FLYDESK\" \/>\n<meta property=\"og:description\"  content=\"Certification label that guarantees the quality, style and comfort of workspace locations empowering the community of flexible work professionals.\" \/>\n<meta property=\"og:url\"  content=\"https:\/\/flydesk.com\/da\/workspace-certification\/\" \/>\n<meta property=\"og:site_name\" content=\"FLYDESK\" \/>\n<meta property=\"article:modified_time\"  content=\"2020-11-03T10:15:17+00:00\" \/>\n<meta property=\"og:image\"  content=\"https:\/\/mlgucbjxeu1m.i.optimole.com\/cb:B7VA.3e989\/w:auto\/h:auto\/q:mauto\/ig:avif\/f:best\/https:\/\/flydesk.com\/wp-content\/uploads\/2019\/09\/flydesk-icon-white.png\" \/>\n\t<meta property=\"og:image:width\" content=\"512\" \/>\n\t<meta property=\"og:image:height\" content=\"512\" \/>\n<meta name=\"twitter:card\" content=\"summary_large_image\" \/>\n<meta name=\"twitter:label1\" content=\"Estimeret l\u00e6setid\" \/>\n\t<meta name=\"twitter:data1\"  content=\"1 minut\" \/>\n<!-- \/ Yoast SEO plugin. -->","yoast_head_json":{"title":"Certification label for flexible workspace &mdash; FLYDESK","description":"Certification label that guarantees the quality, style and comfort of workspace locations empowering the community of flexible work professionals.","robots":{"index":"index","follow":"follow","max-snippet":"max-snippet:-1","max-image-preview":"max-image-preview:large","max-video-preview":"max-video-preview:-1"},"canonical":"https:\/\/flydesk.com\/da\/workspace-certification\/","og_locale":"da_DK","og_type":"article","og_title":"Certification label for flexible workspace &mdash; FLYDESK","og_description":"Certification label that guarantees the quality, style and comfort of workspace locations empowering the community of flexible work professionals.","og_url":"https:\/\/flydesk.com\/da\/workspace-certification\/","og_site_name":"FLYDESK","article_modified_time":"2020-11-03T10:15:17+00:00","og_image":[{"width":512,"height":512,"url":"https:\/\/mlgucbjxeu1m.i.optimole.com\/cb:B7VA.3e989\/w:auto\/h:auto\/q:mauto\/ig:avif\/f:best\/https:\/\/flydesk.com\/wp-content\/uploads\/2019\/09\/flydesk-icon-white.png","path":"\/sites\/flydesk.com\/files\/wp-content\/uploads\/2019\/09\/flydesk-icon-white.png","size":"full","id":661,"alt":"","pixels":262144,"type":"image\/png"}],"twitter_card":"summary_large_image","twitter_misc":{"Estimeret l\u00e6setid":"1 minut"},"schema":{"@context":"https:\/\/schema.org","@graph":[{"@type":"Organization","@id":"https:\/\/flydesk.com\/#organization","name":"FLYDESK","url":"https:\/\/flydesk.com\/","sameAs":[],"logo":{"@type":"ImageObject","@id":"https:\/\/flydesk.com\/#logo","inLanguage":"da-DK","url":"","contentUrl":"","caption":"FLYDESK"},"image":{"@id":"https:\/\/flydesk.com\/#logo"}},{"@type":"WebSite","@id":"https:\/\/flydesk.com\/#website","url":"https:\/\/flydesk.com\/","name":"FLYDESK","description":"Fly your work with style","publisher":{"@id":"https:\/\/flydesk.com\/#organization"},"potentialAction":[{"@type":"SearchAction","target":{"@type":"EntryPoint","urlTemplate":"https:\/\/flydesk.com\/?s={search_term_string}"},"query-input":"required name=search_term_string"}],"inLanguage":"da-DK"},{"@type":"ImageObject","@id":"https:\/\/flydesk.com\/workspace-certification\/#primaryimage","inLanguage":"da-DK","url":"https:\/\/mlgucbjxeu1m.i.optimole.com\/cb:B7VA.3e989\/w:auto\/h:auto\/q:mauto\/ig:avif\/f:best\/https:\/\/flydesk.com\/wp-content\/uploads\/2019\/09\/flydesk-icon-white.png","contentUrl":"https:\/\/mlgucbjxeu1m.i.optimole.com\/cb:B7VA.3e989\/w:auto\/h:auto\/q:mauto\/ig:avif\/f:best\/https:\/\/flydesk.com\/wp-content\/uploads\/2019\/09\/flydesk-icon-white.png","width":512,"height":512,"caption":"flydesk-icon-white"},{"@type":"WebPage","@id":"https:\/\/flydesk.com\/workspace-certification\/#webpage","url":"https:\/\/flydesk.com\/workspace-certification\/","name":"Certification label for flexible workspace &mdash; FLYDESK","isPartOf":{"@id":"https:\/\/flydesk.com\/#website"},"primaryImageOfPage":{"@id":"https:\/\/flydesk.com\/workspace-certification\/#primaryimage"},"datePublished":"2019-12-10T11:57:10+00:00","dateModified":"2020-11-03T10:15:17+00:00","description":"Certification label that guarantees the quality, style and comfort of workspace locations empowering the community of flexible work professionals.","breadcrumb":{"@id":"https:\/\/flydesk.com\/workspace-certification\/#breadcrumb"},"inLanguage":"da-DK","potentialAction":[{"@type":"ReadAction","target":["https:\/\/flydesk.com\/workspace-certification\/"]}]},{"@type":"BreadcrumbList","@id":"https:\/\/flydesk.com\/workspace-certification\/#breadcrumb","itemListElement":[{"@type":"ListItem","position":1,"name":"Home","item":"https:\/\/flydesk.com\/"},{"@type":"ListItem","position":2,"name":"Workspace certification"}]}]}},"_links":{"self":[{"href":"https:\/\/flydesk.com\/da\/wp-json\/wp\/v2\/pages\/2591"}],"collection":[{"href":"https:\/\/flydesk.com\/da\/wp-json\/wp\/v2\/pages"}],"about":[{"href":"https:\/\/flydesk.com\/da\/wp-json\/wp\/v2\/types\/page"}],"author":[{"embeddable":true,"href":"https:\/\/flydesk.com\/da\/wp-json\/wp\/v2\/users\/4"}],"replies":[{"embeddable":true,"href":"https:\/\/flydesk.com\/da\/wp-json\/wp\/v2\/comments?post=2591"}],"version-history":[{"count":0,"href":"https:\/\/flydesk.com\/da\/wp-json\/wp\/v2\/pages\/2591\/revisions"}],"wp:featuredmedia":[{"embeddable":true,"href":"https:\/\/flydesk.com\/da\/wp-json\/wp\/v2\/media\/661"}],"wp:attachment":[{"href":"https:\/\/flydesk.com\/da\/wp-json\/wp\/v2\/media?parent=2591"}],"curies":[{"name":"wp","href":"https:\/\/api.w.org\/{rel}","templated":true}]}}