{"id":35978,"date":"2021-11-04T12:56:39","date_gmt":"2021-11-04T04:56:39","guid":{"rendered":"https:\/\/flydesk.com\/membership-join\/"},"modified":"2022-08-16T22:13:53","modified_gmt":"2022-08-16T14:13:53","slug":"membership-join","status":"publish","type":"page","link":"https:\/\/flydesk.com\/da\/membership-join\/","title":{"rendered":"Kom med os"},"content":{"rendered":"<p style=\"color:red;font-weight:bold;\" >Denne side og indholdet er automatisk genereret til dig for at give dig en grundl\u00e6ggende id\u00e9 om, hvordan en &quot;Bliv medlem&quot;-side skal se ud. Du kan tilpasse denne side, som du kan lide den, ved at redigere denne side fra din WordPress-sideeditor.<\/p>\n<p style=\"font-weight:bold;\">Hvis du ender med at \u00e6ndre URL&#39;en p\u00e5 denne side, skal du s\u00f8rge for at opdatere URL-v\u00e6rdien i indstillingsmenuen for plugin&#39;et.<\/p>\n<p style=\"border-top:1px solid #ccc;padding-top:10px;margin-top:10px;\">\n<p>\t\t\t<strong>Gratis medlemskab<\/strong><br \/>\n\t\t\t<br \/>\n\t\t\tDu f\u00e5r ubegr\u00e6nset adgang til gratis medlemsindhold<br \/>\n\t\t\t<br \/>\n\t\t\t<em><strong>Pris: Gratis!<\/strong><\/em><\/p>\n<p>Link f\u00f8lgende billede for at g\u00e5 til registreringssiden, hvis du \u00f8nsker, at dine bes\u00f8gende skal kunne oprette en gratis medlemskonto<\/p>\n<p style=\"border-bottom:1px solid #ccc;padding-bottom:10px;margin-bottom:10px;\">\n<p><strong>Du kan tilmelde dig et gratis medlemskab eller betale for en af f\u00f8lgende medlemsmuligheder<\/strong><\/p>\n<p style=\"border-top:1px solid #ccc;padding-top:10px;margin-top:10px;\">\n<p>\t\t\t[ ==&gt; Inds\u00e6t betalingsknap for dine betalte medlemsniveauer her <== ]\n\t\t\t\n\n<p style=\"border-bottom:1px solid #ccc;padding-bottom:10px;margin-bottom:10px;\"><\/p>","protected":false},"excerpt":{"rendered":"<p>This page and the content has been automatically generated for you to give you a basic idea of how a &#8220;Join Us&#8221; page should look like. You can customize this page however you like it by editing this page from your WordPress page editor. If you end up changing the URL of this page then&hellip;<\/p>","protected":false},"author":3,"featured_media":0,"parent":0,"menu_order":0,"comment_status":"closed","ping_status":"closed","template":"","meta":{"footnotes":""},"acf":[],"yoast_head":"<!-- This site is optimized with the Yoast SEO plugin v16.8 - https:\/\/yoast.com\/wordpress\/plugins\/seo\/ -->\n<title>Join Us &mdash; FLYDESK<\/title>\n<meta name=\"robots\"  content=\"index, follow, max-snippet:-1, max-image-preview:large, max-video-preview:-1\" \/>\n<link rel=\"canonical\"  href=\"https:\/\/flydesk.com\/da\/membership-join\/\" \/>\n<meta property=\"og:locale\"  content=\"da_DK\" \/>\n<meta property=\"og:type\"  content=\"article\" \/>\n<meta property=\"og:title\"  content=\"Join Us &mdash; FLYDESK\" \/>\n<meta property=\"og:description\"  content=\"This page and the content has been automatically generated for you to give you a basic idea of how a &#8220;Join Us&#8221; page should look like. You can customize this page however you like it by editing this page from your WordPress page editor. If you end up changing the URL of this page then&hellip;\" \/>\n<meta property=\"og:url\"  content=\"https:\/\/flydesk.com\/da\/membership-join\/\" \/>\n<meta property=\"og:site_name\" content=\"FLYDESK\" \/>\n<meta property=\"article:modified_time\"  content=\"2022-08-16T14:13:53+00:00\" \/>\n<meta name=\"twitter:card\"  content=\"summary_large_image\" \/>\n<meta name=\"twitter:label1\"  content=\"Estimeret l\u00e6setid\" \/>\n\t<meta name=\"twitter:data1\" content=\"1 minut\" \/>\n<!-- \/ Yoast SEO plugin. -->","yoast_head_json":{"title":"Join Us &mdash; FLYDESK","robots":{"index":"index","follow":"follow","max-snippet":"max-snippet:-1","max-image-preview":"max-image-preview:large","max-video-preview":"max-video-preview:-1"},"canonical":"https:\/\/flydesk.com\/da\/membership-join\/","og_locale":"da_DK","og_type":"article","og_title":"Join Us &mdash; FLYDESK","og_description":"This page and the content has been automatically generated for you to give you a basic idea of how a &#8220;Join Us&#8221; page should look like. You can customize this page however you like it by editing this page from your WordPress page editor. If you end up changing the URL of this page then&hellip;","og_url":"https:\/\/flydesk.com\/da\/membership-join\/","og_site_name":"FLYDESK","article_modified_time":"2022-08-16T14:13:53+00:00","twitter_card":"summary_large_image","twitter_misc":{"Estimeret l\u00e6setid":"1 minut"},"schema":{"@context":"https:\/\/schema.org","@graph":[{"@type":"Organization","@id":"https:\/\/flydesk.com\/#organization","name":"FLYDESK","url":"https:\/\/flydesk.com\/","sameAs":[],"logo":{"@type":"ImageObject","@id":"https:\/\/flydesk.com\/#logo","inLanguage":"da-DK","url":"","contentUrl":"","caption":"FLYDESK"},"image":{"@id":"https:\/\/flydesk.com\/#logo"}},{"@type":"WebSite","@id":"https:\/\/flydesk.com\/#website","url":"https:\/\/flydesk.com\/","name":"FLYDESK","description":"Fly your work with style","publisher":{"@id":"https:\/\/flydesk.com\/#organization"},"potentialAction":[{"@type":"SearchAction","target":{"@type":"EntryPoint","urlTemplate":"https:\/\/flydesk.com\/?s={search_term_string}"},"query-input":"required name=search_term_string"}],"inLanguage":"da-DK"},{"@type":"WebPage","@id":"https:\/\/flydesk.com\/membership-join\/#webpage","url":"https:\/\/flydesk.com\/membership-join\/","name":"Join Us &mdash; FLYDESK","isPartOf":{"@id":"https:\/\/flydesk.com\/#website"},"datePublished":"2021-11-04T04:56:39+00:00","dateModified":"2022-08-16T14:13:53+00:00","breadcrumb":{"@id":"https:\/\/flydesk.com\/membership-join\/#breadcrumb"},"inLanguage":"da-DK","potentialAction":[{"@type":"ReadAction","target":["https:\/\/flydesk.com\/membership-join\/"]}]},{"@type":"BreadcrumbList","@id":"https:\/\/flydesk.com\/membership-join\/#breadcrumb","itemListElement":[{"@type":"ListItem","position":1,"name":"Home","item":"https:\/\/flydesk.com\/"},{"@type":"ListItem","position":2,"name":"Join Us"}]}]}},"_links":{"self":[{"href":"https:\/\/flydesk.com\/da\/wp-json\/wp\/v2\/pages\/35978"}],"collection":[{"href":"https:\/\/flydesk.com\/da\/wp-json\/wp\/v2\/pages"}],"about":[{"href":"https:\/\/flydesk.com\/da\/wp-json\/wp\/v2\/types\/page"}],"author":[{"embeddable":true,"href":"https:\/\/flydesk.com\/da\/wp-json\/wp\/v2\/users\/3"}],"replies":[{"embeddable":true,"href":"https:\/\/flydesk.com\/da\/wp-json\/wp\/v2\/comments?post=35978"}],"version-history":[{"count":0,"href":"https:\/\/flydesk.com\/da\/wp-json\/wp\/v2\/pages\/35978\/revisions"}],"wp:attachment":[{"href":"https:\/\/flydesk.com\/da\/wp-json\/wp\/v2\/media?parent=35978"}],"curies":[{"name":"wp","href":"https:\/\/api.w.org\/{rel}","templated":true}]}}