{"id":2591,"date":"2019-12-10T19:57:10","date_gmt":"2019-12-10T11:57:10","guid":{"rendered":"https:\/\/flydesk.com\/?page_id=2591"},"modified":"2020-11-03T18:15:17","modified_gmt":"2020-11-03T10:15:17","slug":"workspace-certification","status":"publish","type":"page","link":"https:\/\/flydesk.com\/de\/workspace-certification\/","title":{"rendered":"Workspace-Zertifizierung"},"content":{"rendered":"<img decoding=\"async\"   src=\"https:\/\/mlgucbjxeu1m.i.optimole.com\/cb:B7VA.3e989\/w:150\/h:150\/q:mauto\/rt:fill\/g:ce\/ig:avif\/f:best\/https:\/\/flydesk.com\/wp-content\/uploads\/2019\/12\/FLYDESK-Certified.png\"   alt=\"FLYDESK-zertifiziert\"   itemprop=\"image\"   height=\"150\"   width=\"150\"   title=\"FLYDESK-zertifiziert\"   onerror=\"this.style.display='none'\"  \/>\n\t\t<h1>Workspace-Zertifizierung<\/h1>\n\t\t<p>FLYDESK ist ein Zertifizierungslabel, das an die besten Coworking Spaces, Serviced Offices und alle Arten von Arbeitsbereichen vergeben wird.<\/p>\n<p>Die Zertifizierung garantiert die Qualit\u00e4t, den Stil und den Komfort, die von unserer Gemeinschaft flexibler Profis erwartet werden k\u00f6nnen.<\/p>\n\t\t\t<a href=\"#start\"   target=\"_self\"   role=\"button\"   rel=\"noopener noreferrer\">\n\t\t\t\t\t\t\tListen Sie einen Raum auf\n\t\t\t\t\t<\/a>\n\t\t<h1>FLYDESK-Zertifizierungsetiketten<\/h1>\t\t\n\t\t\t<p>4 Zertifizierungssiegel, die der FLYDESK-Community helfen, die beste verf\u00fcgbare Option f\u00fcr einen flexiblen Arbeitsplatz auszuw\u00e4hlen.<\/p>\n<p>Don&#8217;t get lost trying to differentiate proposals in this growing and unequal workspace market but trust our expertise.<\/p>\n\t\t\t\t<img decoding=\"async\"   src=\"https:\/\/mlgucbjxeu1m.i.optimole.com\/cb:B7VA.3e989\/w:200\/h:200\/q:mauto\/ig:avif\/f:best\/https:\/\/flydesk.com\/wp-content\/uploads\/2019\/12\/Premium.png\"   alt=\"Pr\u00e4mie\"   itemprop=\"image\"   height=\"200\"   width=\"200\"   title=\"Pr\u00e4mie\"   onerror=\"this.style.display='none'\"  \/>\n\t\t<h3>Premium-Label<\/h3>\t\t\n\t\t\t<p>der prestigetr\u00e4chtigste, einzigartigste und luxuri\u00f6seste Arbeitsplatz<\/p>\n\t\t\t\t<img decoding=\"async\"   src=\"https:\/\/mlgucbjxeu1m.i.optimole.com\/cb:B7VA.3e989\/w:200\/h:201\/q:mauto\/ig:avif\/f:best\/https:\/\/flydesk.com\/wp-content\/uploads\/2019\/12\/Inspiring.png\"   alt=\"Inspirierend\"   itemprop=\"image\"   height=\"201\"   width=\"200\"   title=\"Inspirierend\"   onerror=\"this.style.display='none'\"  \/>\n\t\t<h3>Inspirierendes Etikett<\/h3>\t\t\n\t\t\t<p>der dynamischste, anregendste und kreativste Arbeitsplatz<\/p>\n\t\t\t\t<img data-opt-src=\"https:\/\/mlgucbjxeu1m.i.optimole.com\/cb:B7VA.3e989\/w:200\/h:200\/q:mauto\/ig:avif\/f:best\/https:\/\/flydesk.com\/wp-content\/uploads\/2019\/12\/Business.png\"   decoding=\"async\"   src=\"https:\/\/mlgucbjxeu1m.i.optimole.com\/cb:B7VA.3e989\/w:200\/h:200\/q:eco\/ig:avif\/f:best\/https:\/\/flydesk.com\/wp-content\/uploads\/2019\/12\/Business.png\"   alt=\"Unternehmen\"   itemprop=\"image\"   height=\"200\"   width=\"200\"   title=\"Unternehmen\"   onerror=\"this.style.display='none'\"  \/>\n\t\t<h3>Gesch\u00e4ftsetikett<\/h3>\t\t\n\t\t\t<p>der professionellste, unternehmerischste und bequemste Arbeitsplatz<\/p>\n\t\t\t\t<img data-opt-src=\"https:\/\/mlgucbjxeu1m.i.optimole.com\/cb:B7VA.3e989\/w:200\/h:200\/q:mauto\/ig:avif\/f:best\/https:\/\/flydesk.com\/wp-content\/uploads\/2019\/12\/Niche.png\"   decoding=\"async\"   src=\"https:\/\/mlgucbjxeu1m.i.optimole.com\/cb:B7VA.3e989\/w:200\/h:200\/q:eco\/ig:avif\/f:best\/https:\/\/flydesk.com\/wp-content\/uploads\/2019\/12\/Niche.png\"   alt=\"Nische\"   itemprop=\"image\"   height=\"200\"   width=\"200\"   title=\"Nische\"   onerror=\"this.style.display='none'\"  \/>\n\t\t<h3>Themenetikett<\/h3>\t\t\n\t\t\t<p>der speziellste, Nischen-, engagierteste und originellste Arbeitsbereich<\/p>\n\t\t\t<img data-opt-src=\"https:\/\/mlgucbjxeu1m.i.optimole.com\/cb:B7VA.3e989\/w:1024\/h:683\/q:mauto\/ig:avif\/f:best\/https:\/\/flydesk.com\/wp-content\/uploads\/2019\/10\/BWGroundfloor.jpg\"   decoding=\"async\"   loading='false'   src=\"https:\/\/mlgucbjxeu1m.i.optimole.com\/cb:B7VA.3e989\/w:1024\/h:683\/q:eco\/ig:avif\/f:best\/https:\/\/flydesk.com\/wp-content\/uploads\/2019\/10\/BWGroundfloor.jpg\"   alt=\"\" \/>\t\t\t\n\t\t\t\t<h2>Premium-Label @Banyan Workspace HK<\/h2>\t\t\t\n\t\t\t<img data-opt-src=\"https:\/\/mlgucbjxeu1m.i.optimole.com\/cb:B7VA.3e989\/w:1024\/h:683\/q:mauto\/ig:avif\/f:best\/https:\/\/flydesk.com\/wp-content\/uploads\/2019\/12\/The-Hive-Carpenter-Lounge.jpg\"   decoding=\"async\"   loading='false'   src=\"https:\/\/mlgucbjxeu1m.i.optimole.com\/cb:B7VA.3e989\/w:1024\/h:683\/q:eco\/ig:avif\/f:best\/https:\/\/flydesk.com\/wp-content\/uploads\/2019\/12\/The-Hive-Carpenter-Lounge.jpg\" alt=\"\" \/>\t\t\t\n\t\t\t\t<h2>Inspirierendes Label @TheHive Sheung Wan HK<\/h2>\t\t\t\n\t\t\t<img data-opt-src=\"https:\/\/mlgucbjxeu1m.i.optimole.com\/cb:B7VA.3e989\/w:1024\/h:733\/q:mauto\/ig:avif\/f:best\/https:\/\/flydesk.com\/wp-content\/uploads\/2019\/12\/Lit_20191018_TheDesk_00028_op.jpg\"   decoding=\"async\"   loading='false'   src=\"https:\/\/mlgucbjxeu1m.i.optimole.com\/cb:B7VA.3e989\/w:1024\/h:733\/q:eco\/ig:avif\/f:best\/https:\/\/flydesk.com\/wp-content\/uploads\/2019\/12\/Lit_20191018_TheDesk_00028_op.jpg\" alt=\"\" \/>\t\t\t\n\t\t\t\t<h2>Gesch\u00e4ftsbezeichnung @TheDesk Strand 50 HK<\/h2>\t\t\t\n\t\t\t<img data-opt-src=\"https:\/\/mlgucbjxeu1m.i.optimole.com\/cb:B7VA.3e989\/w:1024\/h:683\/q:mauto\/ig:avif\/f:best\/https:\/\/flydesk.com\/wp-content\/uploads\/2019\/12\/The-Hive-Studios-Shoot.jpg\"   decoding=\"async\"   loading='false'   src=\"https:\/\/mlgucbjxeu1m.i.optimole.com\/cb:B7VA.3e989\/w:1024\/h:683\/q:eco\/ig:avif\/f:best\/https:\/\/flydesk.com\/wp-content\/uploads\/2019\/12\/The-Hive-Studios-Shoot.jpg\" alt=\"\" \/>\t\t\t\n\t\t\t\t<h2>Themenlabel @TheHive Studio HK<\/h2>\t\t\t\n\t\t\t\t<a href=\"#\"   aria-label=\"previous\"  role=\"button\">\n<\/a>\n\t\t\t\t<a href=\"#\"   aria-label=\"next\"   role=\"button\">\n<\/a>\n\t\t<h1>FLYDESK-zertifizierte Partner<\/h1>\t\t\n\t\t\t\t<img data-opt-src=\"https:\/\/mlgucbjxeu1m.i.optimole.com\/cb:B7VA.3e989\/w:300\/h:300\/q:mauto\/rt:fill\/g:ce\/ig:avif\/f:best\/https:\/\/flydesk.com\/wp-content\/uploads\/2019\/12\/thehive.png\"   decoding=\"async\"   src=\"https:\/\/mlgucbjxeu1m.i.optimole.com\/cb:B7VA.3e989\/w:300\/h:300\/q:eco\/ig:avif\/f:best\/https:\/\/flydesk.com\/wp-content\/uploads\/2019\/12\/thehive.png\"   alt=\"der Bienenstock\"   itemprop=\"image\"   height=\"300\"   width=\"300\"   title=\"der Bienenstock\"   onerror=\"this.style.display='none'\"  \/>\n\t\t\t\t<img data-opt-src=\"https:\/\/mlgucbjxeu1m.i.optimole.com\/cb:B7VA.3e989\/w:300\/h:300\/q:mauto\/rt:fill\/g:ce\/ig:avif\/f:best\/https:\/\/flydesk.com\/wp-content\/uploads\/2019\/12\/wework.png\"   decoding=\"async\"   src=\"https:\/\/mlgucbjxeu1m.i.optimole.com\/cb:B7VA.3e989\/w:300\/h:300\/q:eco\/ig:avif\/f:best\/https:\/\/flydesk.com\/wp-content\/uploads\/2019\/12\/wework.png\"   alt=\"wir arbeiten\"   itemprop=\"image\"   height=\"300\"   width=\"300\"   title=\"wir arbeiten\"   onerror=\"this.style.display='none'\"  \/>\n\t\t\t\t<img data-opt-src=\"https:\/\/mlgucbjxeu1m.i.optimole.com\/cb:B7VA.3e989\/w:300\/h:300\/q:mauto\/rt:fill\/g:ce\/ig:avif\/f:best\/https:\/\/flydesk.com\/wp-content\/uploads\/2020\/06\/The-Executive-Centre.png\"   decoding=\"async\"   src=\"https:\/\/mlgucbjxeu1m.i.optimole.com\/cb:B7VA.3e989\/w:300\/h:300\/q:eco\/ig:avif\/f:best\/https:\/\/flydesk.com\/wp-content\/uploads\/2020\/06\/The-Executive-Centre.png\"   alt=\"Das Exekutivzentrum\"   itemprop=\"image\"   height=\"300\"   width=\"300\"   \"300\" title  =Das Exekutivzentrum onerror=this.style.display='none'  \/>\n\t\t\t\t<img data-opt-src=\"https:\/\/mlgucbjxeu1m.i.optimole.com\/cb:B7VA.3e989\/w:300\/h:300\/q:mauto\/rt:fill\/g:ce\/ig:avif\/f:best\/https:\/\/flydesk.com\/wp-content\/uploads\/2019\/12\/thedesk.png\"   decoding=\"async\"   src=\"https:\/\/mlgucbjxeu1m.i.optimole.com\/cb:B7VA.3e989\/w:300\/h:300\/q:eco\/ig:avif\/f:best\/https:\/\/flydesk.com\/wp-content\/uploads\/2019\/12\/thedesk.png\"   alt=\"der Schreibtisch\"   itemprop=\"image\"   height=\"300\"   width=\"300\"  title=\"der Schreibtisch\" onerror=\"this.style.display='none'\"  \/>\n\t\t\t\t<img data-opt-src=\"https:\/\/mlgucbjxeu1m.i.optimole.com\/cb:B7VA.3e989\/w:300\/h:300\/q:mauto\/rt:fill\/g:ce\/ig:avif\/f:best\/https:\/\/flydesk.com\/wp-content\/uploads\/2020\/05\/VCo.png\"   decoding=\"async\"   src=\"https:\/\/mlgucbjxeu1m.i.optimole.com\/cb:B7VA.3e989\/w:300\/h:300\/q:eco\/ig:avif\/f:best\/https:\/\/flydesk.com\/wp-content\/uploads\/2020\/05\/VCo.png\"   alt=\"VCo\"   itemprop=\"image\"  height=\"300\"  width=\"300\"  \"300\"title  =VCo onerror=this.style.display='none'  \/>\n\t\t\t\t<img data-opt-src=\"https:\/\/mlgucbjxeu1m.i.optimole.com\/cb:B7VA.3e989\/w:300\/h:300\/q:mauto\/rt:fill\/g:ce\/ig:avif\/f:best\/https:\/\/flydesk.com\/wp-content\/uploads\/2019\/12\/Eatonhouse.png\"   decoding=\"async\"   src=\"https:\/\/mlgucbjxeu1m.i.optimole.com\/cb:B7VA.3e989\/w:300\/h:300\/q:eco\/ig:avif\/f:best\/https:\/\/flydesk.com\/wp-content\/uploads\/2019\/12\/Eatonhouse.png\"   alt=\"Eatonhouse\"   itemprop=\"image\"  height=\"300\" width=\"300\" title=\"Eatonhouse\" onerror=\"this.style.display='none'\"  \/>\n\t\t\t\t<img data-opt-src=\"https:\/\/mlgucbjxeu1m.i.optimole.com\/cb:B7VA.3e989\/w:300\/h:300\/q:mauto\/rt:fill\/g:ce\/ig:avif\/f:best\/https:\/\/flydesk.com\/wp-content\/uploads\/2019\/12\/theworkproject.png\"   decoding=\"async\"   src=\"https:\/\/mlgucbjxeu1m.i.optimole.com\/cb:B7VA.3e989\/w:300\/h:300\/q:eco\/ig:avif\/f:best\/https:\/\/flydesk.com\/wp-content\/uploads\/2019\/12\/theworkproject.png\"   alt=\"das Arbeitsprojekt\"   itemprop=\"image\"  height=\"300\" width=\"300\" title=\"das Arbeitsprojekt\" onerror=\"this.style.display='none'\"  \/>\n\t<p>Wir arbeiten nur mit den Besten zusammen und teilen die gemeinsame Mission, flexibles Arbeiten zu erm\u00f6glichen.<\/p>\n\t\t\t<a href=\"#start\"   target=\"_self\"   role=\"button\"   rel=\"noopener noreferrer\">\n\t\t\t\t\t\t\tListen Sie Ihren Arbeitsbereich auf\n\t\t\t\t\t<\/a>\n\t\t\t<a href=\"https:\/\/flydesk.com\/de\/workspace\/\"   target=\"_self\"   role=\"button\"   rel=\"noopener noreferrer\">\n\t\t\t\t\t\t\tFinden Sie Ihren Arbeitsplatz\n\t\t\t\t\t<\/a>\n\t\t\t\t<img data-opt-src=\"https:\/\/mlgucbjxeu1m.i.optimole.com\/cb:B7VA.3e989\/w:1024\/h:683\/q:mauto\/ig:avif\/f:best\/https:\/\/flydesk.com\/wp-content\/uploads\/2019\/12\/The-Hive-Lavender-Hotdesk-Area.jpg\"   decoding=\"async\"   src=\"https:\/\/mlgucbjxeu1m.i.optimole.com\/cb:B7VA.3e989\/w:1024\/h:683\/q:eco\/ig:avif\/f:best\/https:\/\/flydesk.com\/wp-content\/uploads\/2019\/12\/The-Hive-Lavender-Hotdesk-Area.jpg\"   alt=\"The Hive Lavender Hotdesk-Bereich\"   itemprop=\"image\"   height=\"683\"   width=\"1024\"   title=\"The Hive Lavender Hotdesk-Bereich\"   onerror=\"this.style.display='none'\"  \/>\n<h2>\n\t\tWorkspace-Angebote\n\t<\/h2>\n\t<p>Eine L\u00f6sung f\u00fcr alle flexiblen Arbeitsanforderungen<\/p>\n\t<p>Buchen Sie Ihren Schreibtisch f\u00fcr den Tag oder einen Besprechungsraum f\u00fcr eine Stunde in einem unserer zertifizierten Workspace-Standorte.<\/p>\n<p>Fragen Sie f\u00fcr Ihren n\u00e4chsten B\u00fcroumzug, die Organisation einer Veranstaltung an oder richten Sie Ihre Gesch\u00e4ftsadresse mit einem virtuellen B\u00fcro ein.<\/p>\n\t<ul>\n<li>Coworking-Hotdesk<\/li>\n<li>Dedizierter Schreibtisch<\/li>\n<li>B\u00fcro zu vermieten<\/li>\n<li>Konferenzraum<\/li>\n<li>Veranstaltungsfl\u00e4che<\/li>\n<li>Virtuelles B\u00fcro<\/li>\n<\/ul>\n<h6>Workspace-Bildnachweis: The Hive Lavender, SG<\/h6>\n\t\t\t<a href=\"https:\/\/flydesk.com\/de\/workspace\/\"   target=\"_self\"   role=\"button\"   rel=\"noopener noreferrer\">\n\t\t\t\t\t\t\tFinden Sie das beste Angebot\n\t\t\t\t\t<\/a>\n<h2>\n\t\tListen Sie einen Arbeitsbereich auf\n\t<\/h2>","protected":false},"excerpt":{"rendered":"<p>Workspace certification FLYDESK is a certification label delivered to the best coworking spaces, serviced offices and all types of workspace. The certification guarantees the quality, the style and the comfort that can be expected by our community of flexible professionals. List a space FLYDESK certification labels 4 certification labels to help the FLYDESK community choose&hellip;<\/p>","protected":false},"author":4,"featured_media":661,"parent":0,"menu_order":0,"comment_status":"closed","ping_status":"closed","template":"","meta":{"footnotes":""},"acf":[],"yoast_head":"<!-- This site is optimized with the Yoast SEO plugin v16.8 - https:\/\/yoast.com\/wordpress\/plugins\/seo\/ -->\n<title>Certification label for flexible workspace &mdash; FLYDESK<\/title>\n<meta name=\"description\"  content=\"Certification label that guarantees the quality, style and comfort of workspace locations empowering the community of flexible work professionals.\" \/>\n<meta name=\"robots\"  content=\"index, follow, max-snippet:-1, max-image-preview:large, max-video-preview:-1\" \/>\n<link rel=\"canonical\"  href=\"https:\/\/flydesk.com\/de\/workspace-certification\/\" \/>\n<meta property=\"og:locale\"  content=\"de_DE\" \/>\n<meta property=\"og:type\"  content=\"article\" \/>\n<meta property=\"og:title\"  content=\"Certification label for flexible workspace &mdash; FLYDESK\" \/>\n<meta property=\"og:description\"  content=\"Certification label that guarantees the quality, style and comfort of workspace locations empowering the community of flexible work professionals.\" \/>\n<meta property=\"og:url\"  content=\"https:\/\/flydesk.com\/de\/workspace-certification\/\" \/>\n<meta property=\"og:site_name\" content=\"FLYDESK\" \/>\n<meta property=\"article:modified_time\"  content=\"2020-11-03T10:15:17+00:00\" \/>\n<meta property=\"og:image\"  content=\"https:\/\/mlgucbjxeu1m.i.optimole.com\/cb:B7VA.3e989\/w:auto\/h:auto\/q:mauto\/ig:avif\/f:best\/https:\/\/flydesk.com\/wp-content\/uploads\/2019\/09\/flydesk-icon-white.png\" \/>\n\t<meta property=\"og:image:width\" content=\"512\" \/>\n\t<meta property=\"og:image:height\" content=\"512\" \/>\n<meta name=\"twitter:card\" content=\"summary_large_image\" \/>\n<meta name=\"twitter:label1\" content=\"Gesch\u00e4tzte Lesezeit\" \/>\n\t<meta name=\"twitter:data1\" content=\"1\u00a0Minute\" \/>\n<!-- \/ Yoast SEO plugin. -->","yoast_head_json":{"title":"Certification label for flexible workspace &mdash; FLYDESK","description":"Certification label that guarantees the quality, style and comfort of workspace locations empowering the community of flexible work professionals.","robots":{"index":"index","follow":"follow","max-snippet":"max-snippet:-1","max-image-preview":"max-image-preview:large","max-video-preview":"max-video-preview:-1"},"canonical":"https:\/\/flydesk.com\/de\/workspace-certification\/","og_locale":"de_DE","og_type":"article","og_title":"Certification label for flexible workspace &mdash; FLYDESK","og_description":"Certification label that guarantees the quality, style and comfort of workspace locations empowering the community of flexible work professionals.","og_url":"https:\/\/flydesk.com\/de\/workspace-certification\/","og_site_name":"FLYDESK","article_modified_time":"2020-11-03T10:15:17+00:00","og_image":[{"width":512,"height":512,"url":"https:\/\/mlgucbjxeu1m.i.optimole.com\/cb:B7VA.3e989\/w:auto\/h:auto\/q:mauto\/ig:avif\/f:best\/https:\/\/flydesk.com\/wp-content\/uploads\/2019\/09\/flydesk-icon-white.png","path":"\/sites\/flydesk.com\/files\/wp-content\/uploads\/2019\/09\/flydesk-icon-white.png","size":"full","id":661,"alt":"","pixels":262144,"type":"image\/png"}],"twitter_card":"summary_large_image","twitter_misc":{"Gesch\u00e4tzte Lesezeit":"1\u00a0Minute"},"schema":{"@context":"https:\/\/schema.org","@graph":[{"@type":"Organization","@id":"https:\/\/flydesk.com\/#organization","name":"FLYDESK","url":"https:\/\/flydesk.com\/","sameAs":[],"logo":{"@type":"ImageObject","@id":"https:\/\/flydesk.com\/#logo","inLanguage":"de","url":"","contentUrl":"","caption":"FLYDESK"},"image":{"@id":"https:\/\/flydesk.com\/#logo"}},{"@type":"WebSite","@id":"https:\/\/flydesk.com\/#website","url":"https:\/\/flydesk.com\/","name":"FLYDESK","description":"Fly your work with style","publisher":{"@id":"https:\/\/flydesk.com\/#organization"},"potentialAction":[{"@type":"SearchAction","target":{"@type":"EntryPoint","urlTemplate":"https:\/\/flydesk.com\/?s={search_term_string}"},"query-input":"required name=search_term_string"}],"inLanguage":"de"},{"@type":"ImageObject","@id":"https:\/\/flydesk.com\/workspace-certification\/#primaryimage","inLanguage":"de","url":"https:\/\/mlgucbjxeu1m.i.optimole.com\/cb:B7VA.3e989\/w:auto\/h:auto\/q:mauto\/ig:avif\/f:best\/https:\/\/flydesk.com\/wp-content\/uploads\/2019\/09\/flydesk-icon-white.png","contentUrl":"https:\/\/mlgucbjxeu1m.i.optimole.com\/cb:B7VA.3e989\/w:auto\/h:auto\/q:mauto\/ig:avif\/f:best\/https:\/\/flydesk.com\/wp-content\/uploads\/2019\/09\/flydesk-icon-white.png","width":512,"height":512,"caption":"flydesk-icon-white"},{"@type":"WebPage","@id":"https:\/\/flydesk.com\/workspace-certification\/#webpage","url":"https:\/\/flydesk.com\/workspace-certification\/","name":"Certification label for flexible workspace &mdash; FLYDESK","isPartOf":{"@id":"https:\/\/flydesk.com\/#website"},"primaryImageOfPage":{"@id":"https:\/\/flydesk.com\/workspace-certification\/#primaryimage"},"datePublished":"2019-12-10T11:57:10+00:00","dateModified":"2020-11-03T10:15:17+00:00","description":"Certification label that guarantees the quality, style and comfort of workspace locations empowering the community of flexible work professionals.","breadcrumb":{"@id":"https:\/\/flydesk.com\/workspace-certification\/#breadcrumb"},"inLanguage":"de","potentialAction":[{"@type":"ReadAction","target":["https:\/\/flydesk.com\/workspace-certification\/"]}]},{"@type":"BreadcrumbList","@id":"https:\/\/flydesk.com\/workspace-certification\/#breadcrumb","itemListElement":[{"@type":"ListItem","position":1,"name":"Home","item":"https:\/\/flydesk.com\/"},{"@type":"ListItem","position":2,"name":"Workspace certification"}]}]}},"_links":{"self":[{"href":"https:\/\/flydesk.com\/de\/wp-json\/wp\/v2\/pages\/2591"}],"collection":[{"href":"https:\/\/flydesk.com\/de\/wp-json\/wp\/v2\/pages"}],"about":[{"href":"https:\/\/flydesk.com\/de\/wp-json\/wp\/v2\/types\/page"}],"author":[{"embeddable":true,"href":"https:\/\/flydesk.com\/de\/wp-json\/wp\/v2\/users\/4"}],"replies":[{"embeddable":true,"href":"https:\/\/flydesk.com\/de\/wp-json\/wp\/v2\/comments?post=2591"}],"version-history":[{"count":0,"href":"https:\/\/flydesk.com\/de\/wp-json\/wp\/v2\/pages\/2591\/revisions"}],"wp:featuredmedia":[{"embeddable":true,"href":"https:\/\/flydesk.com\/de\/wp-json\/wp\/v2\/media\/661"}],"wp:attachment":[{"href":"https:\/\/flydesk.com\/de\/wp-json\/wp\/v2\/media?parent=2591"}],"curies":[{"name":"wp","href":"https:\/\/api.w.org\/{rel}","templated":true}]}}