{"id":14469,"date":"2020-06-02T12:54:46","date_gmt":"2020-06-02T04:54:46","guid":{"rendered":"https:\/\/dev.flydesk.com\/credits\/"},"modified":"2023-09-07T12:10:56","modified_gmt":"2023-09-07T04:10:56","slug":"credit","status":"publish","type":"page","link":"https:\/\/flydesk.com\/es\/credit\/","title":{"rendered":"Cr\u00e9dito"},"content":{"rendered":"<h1>\r\n\t\tComprar cr\u00e9ditos FLYDESK\r\n\t<\/h1>\r\n\t<div class=\"dp_currency_select\"><select class=\"fd-currency-select-normal\"><option value=\"HKD\"   selected data-symbol=\"$\">HKD<\/option><option value=\"SGD\"    data-symbol=\"$\">SGD<\/option><option value=\"USD\"    data-symbol=\"$\">D\u00f3lar estadounidense<\/option><option value=\"EUR\"    data-symbol=\"$\">EUR<\/option><option value=\"GBP\"    data-symbol=\"$\">GBP<\/option><option value=\"CHF\"    data-symbol=\"$\">CHF<\/option><option value=\"IDR\"    data-symbol=\"$\">IDR<\/option><option value=\"INR\"    data-symbol=\"$\">INR<\/option><option value=\"PHP\"    data-symbol=\"$\">PHP<\/option><option value=\"MGA\"    data-symbol=\"$\">MGA<\/option><option value=\"NZD\"    data-symbol=\"$\">NZD<\/option><option value=\"PKR\"    data-symbol=\"$\">PKR<\/option><\/select><\/div>\r\n<h6>\r\n\t\tFLYDESK RECOMIENDA\r\n\t<\/h6>\r\n<h4><b>Paquete de Cr\u00e9ditos<\/b><\/h4>\r\n<p>Compre cr\u00e9ditos para una experiencia de reserva m\u00e1s r\u00e1pida y econ\u00f3mica para acceder a los espacios de trabajo FLYDESK.<\/p>\r\n<h4><b><small>$<\/small>2,000+<\/b><\/h4>\r\n<p>desde 10% de descuento <img decoding=\"async\"   src=\"https:\/\/d3l13r1yn9peim.cloudfront.net\/2021\/04\/22110535\/Host.png\"   alt=\"\"   width=\"15\" height=\"14\" \/> espacios de trabajo<\/p>\r\n\t\t\t<a href=\"https:\/\/flydesk.com\/es\/cart\/?add-to-cart=14496&#038;v=2000\/\"   target=\"_self\"   role=\"button\"   rel=\"noopener\">\r\n\t\t\t\t\t\t\tComprar ahora\r\n\t\t\t\t\t<\/a>\r\n<h6>\r\n\t\t&#8211;\r\n\t<\/h6>\r\n<h4><b>Paga lo que consumas<\/b><\/h4>\r\n<p>Reserve al instante y pague la tarifa exacta para acceder al espacio de trabajo que elija.<\/p>\r\n<h4><b>Sin m\u00ednimo<\/b><\/h4>\r\n<p>Sin descuento<\/p>\r\n\t\t\t<a href=\"\/es\/workspace\/\"   target=\"_self\"   role=\"button\"   rel=\"noopener\">\r\n\t\t\t\t\t\t\tReservar ahora\r\n\t\t\t\t\t<\/a>\r\n<h2>\r\n\t\tPreguntas frecuentes\r\n\t<\/h2>\r\n\t\t\t<a href=\"#\"   id=\"fl-accordion--label-0\"   tabindex=\"0\"   aria-controls=\"fl-accordion--panel-0\">\u00bfQu\u00e9 son los Cr\u00e9ditos FLYDESK?<\/a>\r\n\t\t\t\t\t\t\t<a href=\"#\"   id=\"fl-accordion--icon-0\"   tabindex=\"0\"   aria-controls=\"fl-accordion--panel-0\"><i>Expandir<\/i><\/a>\r\n\t\t<p>Con los Cr\u00e9ditos FLYDESK, puede reservar salas de reuniones o escritorios disponibles bajo demanda dentro de la Red de espacios de trabajo FLYDESK. FLYDESK Workspace Partners marcados con un <img decoding=\"async\"   src=\"https:\/\/d3l13r1yn9peim.cloudfront.net\/2021\/04\/22110535\/Host.png\" alt=\"\" width=\"15\" height=\"14\" \/> en el mapa y la lista ofrecer\u00e1n descuentos en reservas de salas de reuniones y hot desk realizadas con cr\u00e9ditos FLYDESK.<\/p>\r\n\t\t\t<a href=\"#\"   id=\"fl-accordion--label-1\"   tabindex=\"0\"   aria-controls=\"fl-accordion--panel-1\">\u00bfNecesito una suscripci\u00f3n FLYDESK para usar los cr\u00e9ditos FLYDESK?<\/a>\r\n\t\t\t\t\t\t\t<a href=\"#\"   id=\"fl-accordion--icon-1\"   tabindex=\"0\"   aria-controls=\"fl-accordion--panel-1\"><i>Expandir<\/i><\/a>\r\n\t\t<p>No, no necesita una suscripci\u00f3n FLYDESK para usar los cr\u00e9ditos FLYDESK, pero deber\u00e1 registrarse para obtener una cuenta de usuario gratuita en nuestro sitio web o en nuestra aplicaci\u00f3n FLYDESK. Para obtener m\u00e1s informaci\u00f3n sobre la suscripci\u00f3n paga, puede consultar nuestro <a href=\"https:\/\/flydesk.com\/es\/pricing\/\">Planes de precios FLYDESK aqu\u00ed<\/a>.<\/p>\r\n\t\t\t<a href=\"#\"   id=\"fl-accordion--label-2\"   tabindex=\"0\"   aria-controls=\"fl-accordion--panel-2\">\u00bfC\u00f3mo puedo comprar Cr\u00e9ditos FLYDESK?<\/a>\r\n\t\t\t\t\t\t\t<a href=\"#\"   id=\"fl-accordion--icon-2\"   tabindex=\"0\"   aria-controls=\"fl-accordion--panel-2\"><i>Expandir<\/i><\/a>\r\n\t\t<p>Los cr\u00e9ditos FLYDESK se pueden comprar instant\u00e1neamente con tarjeta de cr\u00e9dito o mediante transferencia bancaria para acceder a la red de espacios de trabajo FLYDESK. Una vez comprado, puede comenzar a reservar un espacio de trabajo en nuestra red de espacios de trabajo FLYDESK y pagar con cr\u00e9ditos FLYDESK. Pagar con FLYDESK puede permitir descuentos en algunos espacios de trabajo.<\/p>\r\n\t\t\t<a href=\"#\"   id=\"fl-accordion--label-3\"   tabindex=\"0\"   aria-controls=\"fl-accordion--panel-3\">\u00bfPuedo usar mis Cr\u00e9ditos en otro pa\u00eds?<\/a>\r\n\t\t\t\t\t\t\t<a href=\"#\"   id=\"fl-accordion--icon-3\"   tabindex=\"0\"   aria-controls=\"fl-accordion--panel-3\"><i>Expandir<\/i><\/a>\r\n\t\t<p>Si desea reservar un espacio de trabajo en un pa\u00eds que acepta una moneda diferente a la que compr\u00f3 sus Cr\u00e9ditos, FLYDESK convertir\u00e1 la cantidad local a la moneda de su Cr\u00e9dito despu\u00e9s de incluir una tarifa de 3% en la tasa de cambio de moneda actual.<\/p>\r\n\t\t\t<a href=\"#\"   id=\"fl-accordion--label-4\"   tabindex=\"0\"   aria-controls=\"fl-accordion--panel-4\">\u00bfQu\u00e9 sucede con mis Cr\u00e9ditos en caso de cancelaci\u00f3n de la reserva?<\/a>\r\n\t\t\t\t\t\t\t<a href=\"#\"   id=\"fl-accordion--icon-4\"   tabindex=\"0\"   aria-controls=\"fl-accordion--panel-4\"><i>Expandir<\/i><\/a>\r\n\t\t<p>En caso de cancelaci\u00f3n de la reserva del espacio de trabajo, los cr\u00e9ditos utilizados para la reserva pueden reembolsarse seg\u00fan las condiciones establecidas por el socio del espacio de trabajo.<\/p>\r\n\t\t\t<a href=\"#\"   id=\"fl-accordion--label-5\"   tabindex=\"0\"   aria-controls=\"fl-accordion--panel-5\">\u00bfPueden expirar los cr\u00e9ditos FLYDESK?<\/a>\r\n\t\t\t\t\t\t\t<a href=\"#\"   id=\"fl-accordion--icon-5\"   tabindex=\"0\"   aria-controls=\"fl-accordion--panel-5\"><i>Expandir<\/i><\/a>\r\n\t\t<p>Los cr\u00e9ditos FLYDESK no tienen fecha de caducidad siempre que tenga una cuenta FLYDESK.<\/p>\r\n\t\t\t<a href=\"#\"   id=\"fl-accordion--label-6\"   tabindex=\"0\"   aria-controls=\"fl-accordion--panel-6\">\u00bfSe pueden reembolsar mis cr\u00e9ditos FLYDESK?<\/a>\r\n\t\t\t\t\t\t\t<a href=\"#\"   id=\"fl-accordion--icon-6\"   tabindex=\"0\"   aria-controls=\"fl-accordion--panel-6\"><i>Expandir<\/i><\/a>\r\n\t\t<p>S\u00ed, es posible. Si desea un reembolso de su saldo de cr\u00e9dito a su cuenta bancaria, aplicaremos una tarifa de reembolso de 10% sobre el cr\u00e9dito restante m\u00e1s cualquier tarifa de transferencia bancaria.<\/p>\r\n\t\t\t<a href=\"https:\/\/flydesk.com\/es\/pricing\/\"   target=\"_self\"   role=\"button\"   rel=\"noopener\">\r\n\t\t\t\t\t\t\tElija un plan de licencia FLYDESK\r\n\t\t\t\t\t<\/a>","protected":false},"excerpt":{"rendered":"<p>Compre cr\u00e9ditos FLYDESK Paquete de cr\u00e9ditos FLYDESK RECOMMENDS Compre cr\u00e9ditos para una experiencia de reserva m\u00e1s r\u00e1pida y econ\u00f3mica para acceder a los espacios de trabajo FLYDESK. $2,000+ de 10% espacios de trabajo con descuento Compre ahora: pague lo que consuma Reserve al instante y pague la tarifa exacta para acceder al espacio de trabajo elegido. Sin m\u00ednimo Sin descuento Reserve ahora Preguntas frecuentes \u00bfQu\u00e9 son\u2026<\/p>","protected":false},"author":13,"featured_media":0,"parent":0,"menu_order":0,"comment_status":"closed","ping_status":"closed","template":"","meta":{"footnotes":""},"acf":[],"yoast_head":"<!-- This site is optimized with the Yoast SEO plugin v16.8 - https:\/\/yoast.com\/wordpress\/plugins\/seo\/ -->\n<title>Buy FLYDESK Credits &mdash; FLYDESK<\/title>\n<meta name=\"description\"  content=\"Buy credits for a faster and cheaper booking experience to access the FLYDESK certified workspace network globally. Book your space today!\" \/>\n<meta name=\"robots\"  content=\"index, follow, max-snippet:-1, max-image-preview:large, max-video-preview:-1\" \/>\n<link rel=\"canonical\"  href=\"https:\/\/flydesk.com\/es\/credit\/\" \/>\n<meta property=\"og:locale\"  content=\"es_ES\" \/>\n<meta property=\"og:type\"  content=\"article\" \/>\n<meta property=\"og:title\"  content=\"Buy FLYDESK Credits &mdash; FLYDESK\" \/>\n<meta property=\"og:description\"  content=\"Buy credits for a faster and cheaper booking experience to access the FLYDESK certified workspace network globally. Book your space today!\" \/>\n<meta property=\"og:url\"  content=\"https:\/\/flydesk.com\/es\/credit\/\" \/>\n<meta property=\"og:site_name\" content=\"FLYDESK\" \/>\n<meta property=\"article:modified_time\"  content=\"2023-09-07T04:10:56+00:00\" \/>\n<meta property=\"og:image\"  content=\"https:\/\/d3l13r1yn9peim.cloudfront.net\/2021\/04\/22110535\/Host.png\" \/>\n<meta name=\"twitter:card\" content=\"summary_large_image\" \/>\n<meta name=\"twitter:label1\" content=\"Tiempo de lectura\" \/>\n\t<meta name=\"twitter:data1\" content=\"2 minutos\" \/>\n<!-- \/ Yoast SEO plugin. -->","yoast_head_json":{"title":"Buy FLYDESK Credits &mdash; FLYDESK","description":"Buy credits for a faster and cheaper booking experience to access the FLYDESK certified workspace network globally. Book your space today!","robots":{"index":"index","follow":"follow","max-snippet":"max-snippet:-1","max-image-preview":"max-image-preview:large","max-video-preview":"max-video-preview:-1"},"canonical":"https:\/\/flydesk.com\/es\/credit\/","og_locale":"es_ES","og_type":"article","og_title":"Buy FLYDESK Credits &mdash; FLYDESK","og_description":"Buy credits for a faster and cheaper booking experience to access the FLYDESK certified workspace network globally. Book your space today!","og_url":"https:\/\/flydesk.com\/es\/credit\/","og_site_name":"FLYDESK","article_modified_time":"2023-09-07T04:10:56+00:00","og_image":[{"url":"https:\/\/d3l13r1yn9peim.cloudfront.net\/2021\/04\/22110535\/Host.png"}],"twitter_card":"summary_large_image","twitter_misc":{"Tiempo de lectura":"2 minutos"},"schema":{"@context":"https:\/\/schema.org","@graph":[{"@type":"Organization","@id":"https:\/\/flydesk.com\/#organization","name":"FLYDESK","url":"https:\/\/flydesk.com\/","sameAs":[],"logo":{"@type":"ImageObject","@id":"https:\/\/flydesk.com\/#logo","inLanguage":"es","url":"","contentUrl":"","caption":"FLYDESK"},"image":{"@id":"https:\/\/flydesk.com\/#logo"}},{"@type":"WebSite","@id":"https:\/\/flydesk.com\/#website","url":"https:\/\/flydesk.com\/","name":"FLYDESK","description":"Fly your work with style","publisher":{"@id":"https:\/\/flydesk.com\/#organization"},"potentialAction":[{"@type":"SearchAction","target":{"@type":"EntryPoint","urlTemplate":"https:\/\/flydesk.com\/?s={search_term_string}"},"query-input":"required name=search_term_string"}],"inLanguage":"es"},{"@type":"ImageObject","@id":"https:\/\/flydesk.com\/credit\/#primaryimage","inLanguage":"es","url":"https:\/\/d3l13r1yn9peim.cloudfront.net\/2021\/04\/22110535\/Host.png","contentUrl":"https:\/\/d3l13r1yn9peim.cloudfront.net\/2021\/04\/22110535\/Host.png"},{"@type":"WebPage","@id":"https:\/\/flydesk.com\/credit\/#webpage","url":"https:\/\/flydesk.com\/credit\/","name":"Buy FLYDESK Credits &mdash; FLYDESK","isPartOf":{"@id":"https:\/\/flydesk.com\/#website"},"primaryImageOfPage":{"@id":"https:\/\/flydesk.com\/credit\/#primaryimage"},"datePublished":"2020-06-02T04:54:46+00:00","dateModified":"2023-09-07T04:10:56+00:00","description":"Buy credits for a faster and cheaper booking experience to access the FLYDESK certified workspace network globally. Book your space today!","breadcrumb":{"@id":"https:\/\/flydesk.com\/credit\/#breadcrumb"},"inLanguage":"es","potentialAction":[{"@type":"ReadAction","target":["https:\/\/flydesk.com\/credit\/"]}]},{"@type":"BreadcrumbList","@id":"https:\/\/flydesk.com\/credit\/#breadcrumb","itemListElement":[{"@type":"ListItem","position":1,"name":"Home","item":"https:\/\/flydesk.com\/"},{"@type":"ListItem","position":2,"name":"Credit"}]}]}},"_links":{"self":[{"href":"https:\/\/flydesk.com\/es\/wp-json\/wp\/v2\/pages\/14469"}],"collection":[{"href":"https:\/\/flydesk.com\/es\/wp-json\/wp\/v2\/pages"}],"about":[{"href":"https:\/\/flydesk.com\/es\/wp-json\/wp\/v2\/types\/page"}],"author":[{"embeddable":true,"href":"https:\/\/flydesk.com\/es\/wp-json\/wp\/v2\/users\/13"}],"replies":[{"embeddable":true,"href":"https:\/\/flydesk.com\/es\/wp-json\/wp\/v2\/comments?post=14469"}],"version-history":[{"count":1,"href":"https:\/\/flydesk.com\/es\/wp-json\/wp\/v2\/pages\/14469\/revisions"}],"predecessor-version":[{"id":90923,"href":"https:\/\/flydesk.com\/es\/wp-json\/wp\/v2\/pages\/14469\/revisions\/90923"}],"wp:attachment":[{"href":"https:\/\/flydesk.com\/es\/wp-json\/wp\/v2\/media?parent=14469"}],"curies":[{"name":"wp","href":"https:\/\/api.w.org\/{rel}","templated":true}]}}