{"id":1559,"date":"2019-10-24T19:08:08","date_gmt":"2019-10-24T11:08:08","guid":{"rendered":"https:\/\/flydesk.com\/?page_id=1559"},"modified":"2021-03-02T17:27:40","modified_gmt":"2021-03-02T09:27:40","slug":"privacy","status":"publish","type":"page","link":"https:\/\/flydesk.com\/es\/privacy\/","title":{"rendered":"Pol\u00edtica de privacidad"},"content":{"rendered":"<h1>\n\t<\/h1>\n\t<p><strong>Profindup Limited (FLYDESK)<\/strong>\u00a0se compromete a proteger y respetar su privacidad.<\/p>\n<p>Esta pol\u00edtica, junto con nuestros T\u00e9rminos de uso (<a href=\"https:\/\/flydesk.com\/es\/terms\/\">https:\/\/flydesk.com\/terms\/<\/a>) y cualquier otro documento mencionado en \u00e9l, establece la base sobre la cual procesaremos los datos personales que recopilemos de usted o que nos proporcione. Lea atentamente lo siguiente para comprender nuestras opiniones y pr\u00e1cticas con respecto a sus datos personales y c\u00f3mo los trataremos.<\/p>\n<ol>\n<li><strong>Recopilaci\u00f3n de informaci\u00f3n\u00a0<\/strong>\n<ol>\n<li>Con el fin de brindarle un mejor servicio, podemos recopilar y procesar los siguientes datos sobre usted:\n<ul>\n<li>informaci\u00f3n que proporciona al completar formularios en nuestro sitio web https:\/\/flydesk.com (el &quot;<strong>Sitio<\/strong>\u201c). Esto incluye la informaci\u00f3n proporcionada en el momento de registrarse para usar nuestro Sitio, suscribirse a nuestro servicio, publicar material o solicitar servicios adicionales. Tambi\u00e9n podemos pedirle informaci\u00f3n en otros momentos, por ejemplo, en relaci\u00f3n con una promoci\u00f3n o cuando informa un problema con nuestro Sitio;<\/li>\n<li>si se comunica con nosotros, podemos mantener un registro de esa correspondencia;<\/li>\n<li>tambi\u00e9n podemos pedirle que complete encuestas que utilizamos con fines de investigaci\u00f3n, aunque no es necesario que las responda;<\/li>\n<li>detalles de las transacciones que realiza a trav\u00e9s de nuestro Sitio y del cumplimiento de sus pedidos;<\/li>\n<li>detalles de sus visitas a nuestro Sitio y los recursos a los que accede.<\/li>\n<li>Ubicaci\u00f3n GPS de su dispositivo bajo su permiso mediante el uso de tecnolog\u00edas de detecci\u00f3n de ubicaci\u00f3n geogr\u00e1fica a partir de la direcci\u00f3n IP, informaci\u00f3n de ubicaci\u00f3n GPS obtenida en tel\u00e9fonos inteligentes.<\/li>\n<\/ul>\n<\/li>\n<li>Solo conservamos los datos personales durante el tiempo que sea necesario. Los datos se pueden archivar siempre que exista el prop\u00f3sito para el que se utilizaron.<\/li>\n<\/ol>\n<\/li>\n<\/ol>\n<ol start=\"2\">\n<li><strong>Usos de la informaci\u00f3n\u00a0<\/strong>\n<ol>\n<li>Los fines para los cuales podemos utilizar la informaci\u00f3n dentro y fuera de la Regi\u00f3n Administrativa Especial de Hong Kong incluyen:\n<ul>\n<li>garantizar que el contenido de nuestro Sitio se presente de la manera m\u00e1s eficaz para usted y su computadora;<\/li>\n<li>proporcionarle alertas, boletines informativos, materiales educativos o informaci\u00f3n que solicit\u00f3 o suscribi\u00f3;<\/li>\n<li>cumplir con nuestras obligaciones derivadas de cualquier contrato celebrado entre usted y nosotros;<\/li>\n<li>permitirle participar en las funciones interactivas de nuestro servicio, cuando as\u00ed lo desee;<\/li>\n<li>dise\u00f1ar y realizar encuestas \/ cuestionarios para la elaboraci\u00f3n de perfiles \/ segmentaci\u00f3n de clientes, an\u00e1lisis estad\u00edstico, mejorar y promover la provisi\u00f3n de nuestros productos y servicios;<\/li>\n<li>Cumplir con las leyes y regulaciones aplicables a nosotros oa cualquiera de nuestras afiliadas dentro o fuera de la Regi\u00f3n Administrativa Especial de Hong Kong;<\/li>\n<li>procedimientos legales, incluida la recaudaci\u00f3n de cantidades vencidas y la b\u00fasqueda de asesoramiento profesional;<\/li>\n<li>investigar, dise\u00f1ar y lanzar servicios o productos, incluidos seminarios \/ eventos \/ foros;<\/li>\n<li>promover y comercializar servicios y productos sujetos a su ejercicio del derecho de exclusi\u00f3n voluntaria (consulte m\u00e1s detalles en la Cl\u00e1usula 2.2 a continuaci\u00f3n); o<\/li>\n<li>fines directamente relacionados o incidentales a lo anterior.<\/li>\n<\/ul>\n<\/li>\n<li>Tenemos la intenci\u00f3n de utilizar sus datos en marketing directo y requerimos su consentimiento (que incluye una indicaci\u00f3n de no objeci\u00f3n) para ese prop\u00f3sito. A este respecto, tenga en cuenta que:\n<ul>\n<li>su nombre, detalles de contacto (incluyendo direcci\u00f3n, n\u00famero de contacto, direcci\u00f3n de correo electr\u00f3nico), informaci\u00f3n de productos y servicios, patr\u00f3n de transacci\u00f3n y comportamiento, antecedentes y datos demogr\u00e1ficos que tenemos de vez en cuando pueden ser utilizados por nosotros en marketing directo;<\/li>\n<li>Las siguientes clases de servicios, productos y materias pueden comercializarse en marketing directo:\n<ul>\n<li>servicios y productos relacionados con nuestro Sitio y \/ o nuestros afiliados (incluidos los programas de afiliados de marketing de los que somos parte);<\/li>\n<li>programas de recompensas, lealtad o privilegios, ofertas promocionales y servicios relacionados; y<\/li>\n<li>invitaciones a eventos como seminarios \/ webinars \/ tele-seminarios, conferencias, programas en vivo o eventos.<\/li>\n<\/ul>\n<\/li>\n<li>Podemos realizar marketing directo por fax, correo electr\u00f3nico, correo directo, tel\u00e9fono y otros medios de comunicaci\u00f3n o enviarle boletines electr\u00f3nicos. Puede optar por no recibir materiales promocionales, simplemente indic\u00e1ndonos (consulte los detalles de contacto a continuaci\u00f3n), y dejaremos de hacerlo sin cargo.<\/li>\n<\/ul>\n<\/li>\n<\/ol>\n<\/li>\n<\/ol>\n<ol start=\"3\">\n<li><strong>Divulgaci\u00f3n de su informaci\u00f3n\u00a0<\/strong><\/li>\n<\/ol>\n<p>Mantendremos la confidencialidad de los datos personales que tenemos, pero podemos proporcionar informaci\u00f3n a:<\/p>\n<ul>\n<li>personal, agentes, asesores, auditores, contratistas, instituciones financieras y proveedores de servicios en relaci\u00f3n con nuestras operaciones o servicios;<\/li>\n<li>nuestras oficinas en el extranjero, afiliadas, socios comerciales y contrapartes (si las hubiera);<\/li>\n<li>personas bajo el deber de confidencialidad hacia nosotros;<\/li>\n<li>personas a las que estamos obligados a hacer divulgaci\u00f3n seg\u00fan las leyes y regulaciones aplicables dentro o fuera de la Regi\u00f3n Administrativa Especial de Hong Kong; o<\/li>\n<li>transferidos o participantes reales o propuestos de nuestros servicios dentro o fuera de la Regi\u00f3n Administrativa Especial de Hong Kong.<\/li>\n<\/ul>\n<ol start=\"4\">\n<li><strong>Galletas\u00a0<\/strong>\n<ol>\n<li>Nuestro sitio web utiliza cookies para distinguirlo de otros usuarios de nuestro sitio web. Esto nos ayuda a brindarle una buena experiencia cuando navega por nuestro sitio web y tambi\u00e9n nos permite mejorarlo. Si contin\u00faa navegando por el Sitio, acepta nuestro uso de cookies.<\/li>\n<li>Una cookie es un peque\u00f1o archivo de letras y n\u00fameros que almacenamos en su navegador o en el disco duro de su computadora si est\u00e1 de acuerdo. Las cookies contienen informaci\u00f3n que se transfiere al disco duro de su computadora.<\/li>\n<li>Usamos las siguientes cookies:\n<ul>\n<li><strong>Cookies estrictamente necesarias.<\/strong> Se trata de cookies necesarias para el funcionamiento de nuestro sitio web. Incluyen, por ejemplo, cookies que le permiten iniciar sesi\u00f3n en \u00e1reas seguras de nuestro sitio web, usar un carrito de compras o hacer uso de servicios de facturaci\u00f3n electr\u00f3nica.<\/li>\n<li><strong>Cookies anal\u00edticas \/ de rendimiento. <\/strong>Nos permiten reconocer y contar el n\u00famero de visitantes y ver c\u00f3mo los visitantes se mueven por nuestro sitio web cuando lo utilizan. Esto nos ayuda a mejorar el funcionamiento de nuestro sitio web, por ejemplo, garantizando que los usuarios encuentren lo que buscan f\u00e1cilmente.<\/li>\n<li><strong>Cookies de funcionalidad<\/strong>. Estos se utilizan para reconocerlo cuando regresa a nuestro sitio web. Esto nos permite personalizar nuestro contenido para usted, saludarlo por su nombre y recordar sus preferencias (por ejemplo, su elecci\u00f3n de idioma o regi\u00f3n).<\/li>\n<li><strong>Orientaci\u00f3n a las cookies. <\/strong>Estas cookies registran su visita a nuestro sitio web, las p\u00e1ginas que ha visitado y los enlaces que ha seguido. Usaremos esta informaci\u00f3n para hacer que nuestro sitio web y la publicidad que se muestra en \u00e9l sean m\u00e1s relevantes para sus intereses. Tambi\u00e9n podemos compartir esta informaci\u00f3n con terceros para este prop\u00f3sito.<\/li>\n<\/ul>\n<\/li>\n<li>Tenga en cuenta que los terceros (incluidos, por ejemplo, las redes de publicidad y los proveedores de servicios externos como los servicios de an\u00e1lisis de tr\u00e1fico web) tambi\u00e9n pueden utilizar cookies, sobre las que no tenemos control. Es probable que estas cookies sean cookies anal\u00edticas \/ de rendimiento o cookies de orientaci\u00f3n.<\/li>\n<li>Podemos utilizar los siguientes servicios de an\u00e1lisis web de terceros en el sitio web. Los proveedores de servicios que administran estos servicios utilizan tecnolog\u00edas como cookies, registros del servidor web y balizas web para ayudarnos a analizar c\u00f3mo los visitantes utilizan el sitio web. La informaci\u00f3n recopilada a trav\u00e9s de estos medios (incluida la direcci\u00f3n IP) se divulga a estos proveedores de servicios, quienes utilizan la informaci\u00f3n para evaluar el uso del sitio web. Estos servicios anal\u00edticos pueden utilizar los datos recopilados para contextualizar y personalizar los materiales de marketing de su propia red publicitaria.<\/li>\n<\/ol>\n<\/li>\n<\/ol>\n<ol>Google analitico\n<li>\n<ol start=\"6\">\n<li>Google Analytics es un servicio de an\u00e1lisis web proporcionado por Google Inc. (&quot;Google&quot;). La capacidad de Google para usar y compartir la informaci\u00f3n recopilada por Google Analytics est\u00e1 de acuerdo con sus pol\u00edticas: https:\/\/www.google.com\/policies\/privacy\/partners\/<\/li>\n<li>Puede evitar que Google recopile y procese datos utilizando la p\u00e1gina de configuraci\u00f3n de anuncios de Google o descargando e instalando el complemento de su navegador (https:\/\/tools.google.com\/dlpage\/gaoptout).<\/li>\n<li>Usted bloquea las cookies activando la configuraci\u00f3n en su navegador que le permite rechazar la configuraci\u00f3n de todas o algunas cookies. Sin embargo, si utiliza la configuraci\u00f3n de su navegador para bloquear todas las cookies (incluidas las cookies esenciales), es posible que no pueda acceder a todo o parte de nuestro Sitio.<\/li>\n<\/ol>\n<\/li>\n<\/ol>\n<ol start=\"5\">\n<li><strong>Seguridad\u00a0<\/strong>\n<ol>\n<li>Toda la informaci\u00f3n que nos proporciona se almacena en nuestros servidores seguros. Todas las transacciones de pago se cifrar\u00e1n mediante tecnolog\u00eda SSL. Cuando le hayamos proporcionado (o donde haya elegido) una contrase\u00f1a que le permita acceder a determinadas partes de nuestro Sitio, usted es responsable de mantener la confidencialidad de esta contrase\u00f1a. Le pedimos que no comparta una contrase\u00f1a con nadie.<\/li>\n<li>Desafortunadamente, la transmisi\u00f3n de informaci\u00f3n a trav\u00e9s de Internet no es completamente segura. Aunque haremos todo lo posible para proteger sus datos personales, no podemos garantizar la seguridad de sus datos transmitidos a nuestro Sitio; cualquier transmisi\u00f3n es bajo su propio riesgo. Una vez que hayamos recibido su informaci\u00f3n, utilizaremos procedimientos estrictos y funciones de seguridad para tratar de evitar el acceso no autorizado.<\/li>\n<\/ol>\n<\/li>\n<\/ol>\n<ol start=\"6\">\n<li><strong>Cambios a nuestra pol\u00edtica de privacidad<\/strong><\/li>\n<\/ol>\n<p>Cualquier cambio que podamos hacer a nuestra Pol\u00edtica de privacidad en el futuro se publicar\u00e1 en esta p\u00e1gina.<\/p>\n<ol start=\"7\">\n<li><strong>Transferencias de datos<\/strong><\/li>\n<\/ol>\n<p>Es posible que retengamos sus datos en servidores en Hong Kong, Amazon Web Services, Google Cloud Platform y cualquier otro territorio que consideremos oportuno de vez en cuando. Tambi\u00e9n podemos transferir sus datos a nuestras oficinas en el extranjero oa cualquier persona mencionada en la Cl\u00e1usula 3 anterior, que puede estar ubicada dentro o fuera de la Regi\u00f3n Administrativa Especial de Hong Kong.<\/p>\n<ol start=\"8\">\n<li><strong>Tu consentimiento y derechos<\/strong>\n<ol>\n<li>Al utilizar nuestro servicio, realizar una solicitud o visitar nuestro sitio web, usted acepta la recopilaci\u00f3n y el uso de su informaci\u00f3n y otras actividades como se describe en esta pol\u00edtica.<\/li>\n<li>Seg\u00fan la Ordenanza (privacidad) de datos personales de Hong Kong (la &quot;<strong>Ordenanza<\/strong>\u201c), Las personas tienen derecho a:\n<ul>\n<li>para verificar si tenemos datos personales sobre usted y para acceder a dichos datos;<\/li>\n<li>para exigirnos que corrijamos tan pronto como sea razonablemente posible cualquier dato relacionado con usted que sea inexacto;<\/li>\n<li>para conocer nuestras pol\u00edticas y pr\u00e1cticas en relaci\u00f3n con los datos personales y el tipo de datos personales que tenemos; y<\/li>\n<li>oponerse al uso de sus datos personales con fines de marketing y no utilizaremos sus datos personales con fines de marketing despu\u00e9s de que nos comunique su objeci\u00f3n.<\/li>\n<\/ul>\n<\/li>\n<li>Puede ejercer su derecho de exclusi\u00f3n voluntaria notific\u00e1ndonos si desea oponerse al uso de sus datos personales con fines de marketing directo. Env\u00ede solicitudes de objeciones, acceso a datos, correcci\u00f3n de datos, informaci\u00f3n sobre pol\u00edticas y pr\u00e1cticas y tipos de datos retenidos, preguntas o quejas a: Nombre: Administrador Profindup, Correo electr\u00f3nico: hello@flydesk.com<\/li>\n<\/ol>\n<ol start=\"4\">\n<li>De acuerdo con los t\u00e9rminos de la Ordenanza, tenemos el derecho y podemos cobrar una tarifa razonable por procesar cualquier solicitud de acceso a datos.<\/li>\n<li>En el caso de que un Usuario desee acceder o modificar su informaci\u00f3n y datos personales, la Compa\u00f1\u00eda puede solicitarle que proporcione datos personales para verificar y confirmar su identidad. Un n\u00famero de tarjeta HKID o n\u00famero de pasaporte o n\u00famero de certificado de registro comercial no se puede modificar a menos que se demuestre que dichos datos son inexactos. La Compa\u00f1\u00eda est\u00e1 obligada a responder a la solicitud de un Usuario dentro de los siete (7) d\u00edas posteriores a su solicitud y se esforzar\u00e1 por hacerlo siempre que sea posible.<\/li>\n<\/ol>\n<\/li>\n<\/ol>\n<ol start=\"9\">\n<li><strong>Ley aplicable y jurisdicci\u00f3n\u00a0<\/strong><\/li>\n<\/ol>\n<p>Nada en esta Pol\u00edtica de Privacidad limitar\u00e1 los derechos del sujeto de datos bajo la Ordenanza. Esta Pol\u00edtica de Privacidad se regir\u00e1 por las leyes de la Regi\u00f3n Administrativa Especial de Hong Kong. Acepta someterse a la jurisdicci\u00f3n exclusiva de los tribunales de Hong Kong.<\/p>\n<p>&nbsp;<\/p>","protected":false},"excerpt":{"rendered":"<p>Profindup Limited (FLYDESK) se compromete a proteger y respetar su privacidad. Esta pol\u00edtica, junto con nuestros T\u00e9rminos de uso (https:\/\/flydesk.com\/terms\/) y cualquier otro documento mencionado en ella, establece la base sobre la cual los datos personales que recopilamos de usted o que usted nos proporciona. , ser\u00e1 procesado por nosotros. Lea atentamente lo siguiente ...<\/p>","protected":false},"author":1,"featured_media":0,"parent":0,"menu_order":0,"comment_status":"closed","ping_status":"closed","template":"","meta":{"footnotes":""},"acf":[],"yoast_head":"<!-- This site is optimized with the Yoast SEO plugin v16.8 - https:\/\/yoast.com\/wordpress\/plugins\/seo\/ -->\n<title>Privacy policy &mdash; FLYDESK<\/title>\n<meta name=\"robots\"  content=\"index, follow, max-snippet:-1, max-image-preview:large, max-video-preview:-1\" \/>\n<link rel=\"canonical\"  href=\"https:\/\/flydesk.com\/es\/privacy\/\" \/>\n<meta property=\"og:locale\"  content=\"es_ES\" \/>\n<meta property=\"og:type\"  content=\"article\" \/>\n<meta property=\"og:title\"  content=\"Privacy policy &mdash; FLYDESK\" \/>\n<meta property=\"og:description\"  content=\"Profindup Limited (FLYDESK)\u00a0is committed to protecting and respecting your privacy. This policy, together with our Terms of Use (https:\/\/flydesk.com\/terms\/)\u00a0and any other documents referred to in it, sets out the basis on which any personal data we collect from you, or that you provide to us, will be processed by us. Please read the following carefully&hellip;\" \/>\n<meta property=\"og:url\"  content=\"https:\/\/flydesk.com\/es\/privacy\/\" \/>\n<meta property=\"og:site_name\" content=\"FLYDESK\" \/>\n<meta property=\"article:modified_time\"  content=\"2021-03-02T09:27:40+00:00\" \/>\n<meta name=\"twitter:card\"  content=\"summary_large_image\" \/>\n<meta name=\"twitter:label1\" content=\"Tiempo de lectura\" \/>\n\t<meta name=\"twitter:data1\" content=\"9 minutos\" \/>\n<!-- \/ Yoast SEO plugin. -->","yoast_head_json":{"title":"Privacy policy &mdash; FLYDESK","robots":{"index":"index","follow":"follow","max-snippet":"max-snippet:-1","max-image-preview":"max-image-preview:large","max-video-preview":"max-video-preview:-1"},"canonical":"https:\/\/flydesk.com\/es\/privacy\/","og_locale":"es_ES","og_type":"article","og_title":"Privacy policy &mdash; FLYDESK","og_description":"Profindup Limited (FLYDESK)\u00a0is committed to protecting and respecting your privacy. This policy, together with our Terms of Use (https:\/\/flydesk.com\/terms\/)\u00a0and any other documents referred to in it, sets out the basis on which any personal data we collect from you, or that you provide to us, will be processed by us. Please read the following carefully&hellip;","og_url":"https:\/\/flydesk.com\/es\/privacy\/","og_site_name":"FLYDESK","article_modified_time":"2021-03-02T09:27:40+00:00","twitter_card":"summary_large_image","twitter_misc":{"Tiempo de lectura":"9 minutos"},"schema":{"@context":"https:\/\/schema.org","@graph":[{"@type":"Organization","@id":"https:\/\/flydesk.com\/#organization","name":"FLYDESK","url":"https:\/\/flydesk.com\/","sameAs":[],"logo":{"@type":"ImageObject","@id":"https:\/\/flydesk.com\/#logo","inLanguage":"es","url":"","contentUrl":"","caption":"FLYDESK"},"image":{"@id":"https:\/\/flydesk.com\/#logo"}},{"@type":"WebSite","@id":"https:\/\/flydesk.com\/#website","url":"https:\/\/flydesk.com\/","name":"FLYDESK","description":"Fly your work with style","publisher":{"@id":"https:\/\/flydesk.com\/#organization"},"potentialAction":[{"@type":"SearchAction","target":{"@type":"EntryPoint","urlTemplate":"https:\/\/flydesk.com\/?s={search_term_string}"},"query-input":"required name=search_term_string"}],"inLanguage":"es"},{"@type":"WebPage","@id":"https:\/\/flydesk.com\/privacy\/#webpage","url":"https:\/\/flydesk.com\/privacy\/","name":"Privacy policy &mdash; FLYDESK","isPartOf":{"@id":"https:\/\/flydesk.com\/#website"},"datePublished":"2019-10-24T11:08:08+00:00","dateModified":"2021-03-02T09:27:40+00:00","breadcrumb":{"@id":"https:\/\/flydesk.com\/privacy\/#breadcrumb"},"inLanguage":"es","potentialAction":[{"@type":"ReadAction","target":["https:\/\/flydesk.com\/privacy\/"]}]},{"@type":"BreadcrumbList","@id":"https:\/\/flydesk.com\/privacy\/#breadcrumb","itemListElement":[{"@type":"ListItem","position":1,"name":"Home","item":"https:\/\/flydesk.com\/"},{"@type":"ListItem","position":2,"name":"Privacy policy"}]}]}},"_links":{"self":[{"href":"https:\/\/flydesk.com\/es\/wp-json\/wp\/v2\/pages\/1559"}],"collection":[{"href":"https:\/\/flydesk.com\/es\/wp-json\/wp\/v2\/pages"}],"about":[{"href":"https:\/\/flydesk.com\/es\/wp-json\/wp\/v2\/types\/page"}],"author":[{"embeddable":true,"href":"https:\/\/flydesk.com\/es\/wp-json\/wp\/v2\/users\/1"}],"replies":[{"embeddable":true,"href":"https:\/\/flydesk.com\/es\/wp-json\/wp\/v2\/comments?post=1559"}],"version-history":[{"count":0,"href":"https:\/\/flydesk.com\/es\/wp-json\/wp\/v2\/pages\/1559\/revisions"}],"wp:attachment":[{"href":"https:\/\/flydesk.com\/es\/wp-json\/wp\/v2\/media?parent=1559"}],"curies":[{"name":"wp","href":"https:\/\/api.w.org\/{rel}","templated":true}]}}