{"id":23932,"date":"2020-10-28T22:03:44","date_gmt":"2020-10-28T14:03:44","guid":{"rendered":"https:\/\/flydesk.com\/?page_id=23932"},"modified":"2021-06-02T09:58:44","modified_gmt":"2021-06-02T01:58:44","slug":"design-shared-office","status":"publish","type":"page","link":"https:\/\/flydesk.com\/es\/design-shared-office\/","title":{"rendered":"Dise\u00f1a una oficina flexible y compartida"},"content":{"rendered":"<h1>\n\t\tDise\u00f1e su espacio de oficina flexible y compartido\n\t<\/h1>\n\t<p>Le ayudamos a encontrar, dise\u00f1ar y equipar su espacio de oficina flexible y compartido para sus futuros inquilinos o su propio equipo.<\/p>\n\t\t\t<a href=\"#start\"   target=\"_self\"   role=\"button\"   rel=\"noopener noreferrer\">\n\t\t\t\t\t\t\tComience su proyecto\n\t\t\t\t\t<\/a>\n\t<p>Crea un espacio de oficina adaptado al estilo de trabajo moderno<\/p>\n\t\t<h2>Transformamos su espacio de oficina en un espacio de trabajo flexible<\/h2>\t\t\n\t\t\t<p>FLYDESK acompa\u00f1a las empresas durante todo el proceso de transformaci\u00f3n de la oficina con el fin de aportar m\u00e1s flexibilidad y modernismo a su espacio de trabajo mediante la creaci\u00f3n de un entorno de trabajo inspirador.<\/p>\n\t\t<h3>Busqueda<\/h3>\t\t\n\t\t\t\t<img decoding=\"async\"   src=\"https:\/\/mlgucbjxeu1m.i.optimole.com\/cb:B7VA.3e989\/w:200\/h:201\/q:mauto\/ig:avif\/f:best\/https:\/\/flydesk.com\/wp-content\/uploads\/2019\/10\/Transform-PNG.png\"   alt=\"Transformar PNG\"   itemprop=\"image\"   height=\"201\"   width=\"200\"   title=\"Transformar PNG\"   onerror=\"this.style.display='none'\"  \/>\n\t\t<h3><\/h3>\t\t\n\t\t\t<p>Encontramos el espacio perfecto para crear su espacio de oficina flexible<\/p>\n\t\t<h3>Dise\u00f1o<\/h3>\t\t\n\t\t\t\t<img decoding=\"async\"   src=\"https:\/\/mlgucbjxeu1m.i.optimole.com\/cb:B7VA.3e989\/w:200\/h:199\/q:mauto\/ig:avif\/f:best\/https:\/\/flydesk.com\/wp-content\/uploads\/2019\/10\/comfort-workspace-PNG.png\"   alt=\"comodidad - espacio de trabajo PNG\"   itemprop=\"image\"   height=\"199\"   width=\"200\"   title=\"comodidad - espacio de trabajo PNG\"   onerror=\"this.style.display='none'\"  \/>\n\t\t<h3><\/h3>\t\t\n\t\t\t<p>Imaginamos, dise\u00f1amos y equipamos su espacio de oficina flexible<\/p>\n\t\t<h3>Tecnolog\u00eda<\/h3>\t\t\n\t\t\t\t<img decoding=\"async\"   src=\"https:\/\/mlgucbjxeu1m.i.optimole.com\/cb:B7VA.3e989\/w:200\/h:200\/q:mauto\/ig:avif\/f:best\/https:\/\/flydesk.com\/wp-content\/uploads\/2019\/10\/Networking-Management-PNG.png\"   alt=\"Redes - Gesti\u00f3n PNG\"   itemprop=\"image\"   height=\"200\"   width=\"200\"   title=\"Redes - Gesti\u00f3n PNG\"   onerror=\"this.style.display='none'\"  \/>\n\t\t<h3><\/h3>\t\t\n\t\t\t<p>Configuramos la tecnolog\u00eda para administrar su espacio de oficina compartido<\/p>\n<h2>\n\t\tEncontrar el espacio perfecto para construir su oficina flexible\n\t<\/h2>\n<h3>\n\t\tExplore la red de espacios de trabajo de FLYDESK\n\t<\/h3>\n\t\t\t\t<img data-opt-src=\"https:\/\/mlgucbjxeu1m.i.optimole.com\/cb:B7VA.3e989\/w:auto\/h:auto\/q:mauto\/ig:avif\/f:best\/https:\/\/flydesk.com\/wp-content\/uploads\/2020\/10\/Flydesk-Workspace.png\"   decoding=\"async\"   src=\"https:\/\/mlgucbjxeu1m.i.optimole.com\/cb:B7VA.3e989\/w:auto\/h:auto\/q:eco\/ig:avif\/f:best\/https:\/\/flydesk.com\/wp-content\/uploads\/2020\/10\/Flydesk-Workspace.png\"   alt=\"Espacio de trabajo de Flydesk\"   itemprop=\"image\"   height=\"763\"   width=\"1292\"   title=\"Espacio de trabajo de Flydesk\"   onerror=\"this.style.display='none'\"  \/>\n\t\t<h3><\/h3>\t\t\n\t\t\t<p>Hemos creado una aplicaci\u00f3n similar a AirBnB para encontrar un espacio de trabajo perfecto administrado por nuestros colaboradores. Con FLYDESK, obtenemos acceso a una red global de oficinas, escritorios o salas de reuniones con servicios disponibles bajo demanda.<\/p>\n\t\t\t<a href=\"https:\/\/flydesk.com\/es\/workspace\/\"   target=\"_self\"   role=\"button\"   rel=\"noopener noreferrer\">\n\t\t\t\t\t\t\tEncuentre un espacio de trabajo\n\t\t\t\t\t<\/a>\n\t\t<h3><\/h3>\t\t\n\t\t\t<p>O<\/p>\n<h3>\n\t\tEncuentre un nuevo espacio para personalizar su oficina\n\t<\/h3>\n\t\t\t\t<img data-opt-src=\"https:\/\/mlgucbjxeu1m.i.optimole.com\/cb:B7VA.3e989\/w:1024\/h:706\/q:mauto\/ig:avif\/f:best\/https:\/\/flydesk.com\/wp-content\/uploads\/2020\/10\/Office-search-design.png\"   decoding=\"async\"   src=\"https:\/\/mlgucbjxeu1m.i.optimole.com\/cb:B7VA.3e989\/w:1024\/h:706\/q:eco\/ig:avif\/f:best\/https:\/\/flydesk.com\/wp-content\/uploads\/2020\/10\/Office-search-design.png\"   alt=\"B\u00fasqueda y dise\u00f1o de oficinas\"   itemprop=\"image\"   height=\"706\"   width=\"1024\"   title=\"B\u00fasqueda y dise\u00f1o de oficinas\"   onerror=\"this.style.display='none'\"  \/>\n\t\t<h3><\/h3>\t\t\n\t\t\t<p>Nuestros expertos, desde agentes inmobiliarios hasta dise\u00f1adores, encontrar\u00e1n el mejor espacio disponible en el mercado que se ajuste a su presupuesto y necesidades. Nuestro equipo es reconocido por dise\u00f1ar entre los mejores espacios de coworking del mundo.<\/p>\n\t\t\t<a href=\"#start\"   target=\"_self\"   role=\"button\"   rel=\"noopener noreferrer\">\n\t\t\t\t\t\t\tBusque un nuevo espacio\n\t\t\t\t\t<\/a>\n<h2>\n\t\tNuestros expertos en dise\u00f1o respaldan la transformaci\u00f3n completa de su oficina\n\t<\/h2>\n\t\t\t\t<img data-opt-src=\"https:\/\/mlgucbjxeu1m.i.optimole.com\/cb:B7VA.3e989\/w:auto\/h:auto\/q:mauto\/ig:avif\/f:best\/https:\/\/flydesk.com\/wp-content\/uploads\/2020\/10\/From-design-to-delivery.png\"   decoding=\"async\"   src=\"https:\/\/mlgucbjxeu1m.i.optimole.com\/cb:B7VA.3e989\/w:auto\/h:auto\/q:eco\/ig:avif\/f:best\/https:\/\/flydesk.com\/wp-content\/uploads\/2020\/10\/From-design-to-delivery.png\"   alt=\"Desde el dise\u00f1o hasta la entrega\"   itemprop=\"image\"   height=\"619\"   width=\"3432\"   title=\"Desde el dise\u00f1o hasta la entrega\"   onerror=\"this.style.display='none'\"  \/>\n\t\t<h3>1 inicio<\/h3>\t\t\n\t\t\t<ul>\n<li>Descripci\u00f3n del proyecto<\/li>\n<li>Colaboraci\u00f3n con nuestros consultores<\/li>\n<li>Inspecci\u00f3n y auditor\u00eda del sitio<\/li>\n<li>Planificaci\u00f3n y programaci\u00f3n<\/li>\n<\/ul>\n\t\t<h3>2 Dise\u00f1o<\/h3>\t\t\n\t\t\t<ul>\n<li>Disposici\u00f3n del espacio final<\/li>\n<li>Esquema de dise\u00f1o de interiores<\/li>\n<li>Dise\u00f1o de servicios<\/li>\n<li>Coste estimado<\/li>\n<\/ul>\n\t\t<h3>3 Contrato<\/h3>\t\t\n\t\t\t<ul>\n<li>Formalizaci\u00f3n de contrato<\/li>\n<li>Seguimiento y control de calidad<\/li>\n<li>Inspecci\u00f3n y rectificaci\u00f3n<\/li>\n<li>Traspaso del sitio<\/li>\n<\/ul>\n\t\t<h3>4 Cierre<\/h3>\t\t\n\t\t\t<ul>\n<li>Pago final del contrato<\/li>\n<li>Evaluacion de proyecto<\/li>\n<li>Comentarios de los clientes<\/li>\n<li>Historia de \u00e9xito del cliente<\/li>\n<\/ul>\n\t\t\t<a href=\"#start\"   target=\"_self\"   role=\"button\"   rel=\"noopener noreferrer\">\n\t\t\t\t\t\t\tComparta sus requisitos de dise\u00f1o \n\t\t\t\t\t<\/a>\n\t\t\t\t<img data-opt-src=\"https:\/\/mlgucbjxeu1m.i.optimole.com\/cb:B7VA.3e989\/w:892\/h:1080\/q:mauto\/ig:avif\/f:best\/https:\/\/flydesk.com\/wp-content\/uploads\/2021\/06\/FLYDESK-App-Overview-3-black.png\"   decoding=\"async\"   src=\"https:\/\/mlgucbjxeu1m.i.optimole.com\/cb:B7VA.3e989\/w:892\/h:1080\/q:eco\/ig:avif\/f:best\/https:\/\/flydesk.com\/wp-content\/uploads\/2021\/06\/FLYDESK-App-Overview-3-black.png\"   alt=\"Aplicaci\u00f3n FLYDESK - Descripci\u00f3n general 3 negro\"   itemprop=\"image\"   height=\"2048\"   width=\"1692\"   title=\"Aplicaci\u00f3n FLYDESK - Descripci\u00f3n general 3 negro\"   onerror=\"this.style.display='none'\"  \/>\n<h2>\n\t\tAdministre su espacio de oficina con la aplicaci\u00f3n FLYDESK\n\t<\/h2>\n\t<p>Una soluci\u00f3n de reserva para su oficina compartida<\/p>\n\t<p>Un espacio de oficina compartido significa que no todos tendr\u00e1n acceso a un escritorio en todo momento. La aplicaci\u00f3n FLYDESK garantiza que su equipo siempre pueda acceder a un escritorio cuando sea necesario.<\/p>\n\t<p>Check-in del equipo para mayor visibilidad<\/p>\n\t<p>Adem\u00e1s de optimizar el espacio de su oficina, nuestra funci\u00f3n Check-in permite a los miembros de su equipo monitorear sus horas de trabajo donde sea que trabajen.<\/p>\n\t<p>Una extensi\u00f3n de su oficina dentro de nuestra red<\/p>\n\t<p>Si ha alcanzado la capacidad m\u00e1xima de su espacio de oficina o si necesita un acceso \u00fanico a un escritorio o sala de reuniones en cualquier parte del mundo, simplemente reserve un espacio a trav\u00e9s de nuestra aplicaci\u00f3n.<\/p>\n\t\t\t\t<img data-opt-src=\"https:\/\/mlgucbjxeu1m.i.optimole.com\/cb:B7VA.3e989\/w:auto\/h:auto\/q:mauto\/ig:avif\/f:best\/https:\/\/flydesk.com\/wp-content\/uploads\/2021\/06\/FLYDESK-App-Overview-4.png\"   decoding=\"async\"   src=\"https:\/\/mlgucbjxeu1m.i.optimole.com\/cb:B7VA.3e989\/w:auto\/h:auto\/q:eco\/ig:avif\/f:best\/https:\/\/flydesk.com\/wp-content\/uploads\/2021\/06\/FLYDESK-App-Overview-4.png\"   alt=\"Aplicaci\u00f3n FLYDESK - Descripci\u00f3n general 4\"   itemprop=\"image\"   height=\"2212\"   width=\"2958\"   title=\"Aplicaci\u00f3n FLYDESK - Descripci\u00f3n general 4\"   onerror=\"this.style.display='none'\"  \/>\n\t\t\t<a href=\"#start\"   target=\"_self\"   role=\"button\"   rel=\"noopener noreferrer\">\n\t\t\t\t\t\t\tSolicite una demostraci\u00f3n\n\t\t\t\t\t<\/a>\n<h2>\n\t\tUna gama completa de servicios proporcionados por los expertos de FLYDESK\n\t<\/h2>\n\t\t\t\t<img data-opt-src=\"https:\/\/mlgucbjxeu1m.i.optimole.com\/cb:B7VA.3e989\/w:auto\/h:auto\/q:mauto\/ig:avif\/f:best\/https:\/\/flydesk.com\/wp-content\/uploads\/2020\/10\/FLYDESK-Experts.png\"   decoding=\"async\"   src=\"https:\/\/mlgucbjxeu1m.i.optimole.com\/cb:B7VA.3e989\/w:auto\/h:auto\/q:eco\/ig:avif\/f:best\/https:\/\/flydesk.com\/wp-content\/uploads\/2020\/10\/FLYDESK-Experts.png\"   alt=\"Expertos de FLYDESK\"   itemprop=\"image\"   height=\"544\"   width=\"1372\"   title=\"Expertos de FLYDESK\"   onerror=\"this.style.display='none'\"  \/>\n\t\t<h3>Consultoria<\/h3>\t\t\n\t\t\t<p>Planifique su transformaci\u00f3n laboral hacia un modelo flexible<\/p>\n\t\t<h3>Oficina<\/h3>\t\t\n\t\t\t<p>Encuentre el mejor espacio de trabajo flexible para su equipo<\/p>\n\t\t<h3>Tecnolog\u00eda<\/h3>\t\t\n\t\t\t<p>Implemente la tecnolog\u00eda necesaria\npara administrar su espacio flexible y su equipo<\/p>\n\t\t\t<a href=\"#start\"   target=\"_self\"   role=\"button\"   rel=\"noopener noreferrer\">\n\t\t\t\t\t\t\tH\u00e1blenos de su proyecto\n\t\t\t\t\t<\/a>\n\tEtiquetas de registro para administrar<br \/>\noficina compartida y equipos remotos\n<h2>\n\t\tCu\u00e9ntenos cuales son las necesidades particulares de su negocio\n\t<\/h2>","protected":false},"excerpt":{"rendered":"<p>Dise\u00f1e su espacio de oficina flexible y compartido Le ayudamos a encontrar, dise\u00f1ar y equipar su espacio de oficina flexible y compartido para sus futuros inquilinos o su propio equipo. Inicie su proyecto Cree un espacio de oficina adaptado al estilo de trabajo moderno Transformamos su espacio de oficina en un espacio de trabajo flexible FLYDESK soporta toda la oficina\u2026<\/p>","protected":false},"author":4,"featured_media":23935,"parent":0,"menu_order":0,"comment_status":"closed","ping_status":"closed","template":"","meta":{"footnotes":""},"acf":[],"yoast_head":"<!-- This site is optimized with the Yoast SEO plugin v16.8 - https:\/\/yoast.com\/wordpress\/plugins\/seo\/ -->\n<title>Design a flexible and shared office &mdash; FLYDESK<\/title>\n<meta name=\"description\"  content=\"Design a flexbile &amp; shared workspace for your team or tenants. FLYDESK supports the search, design and technology setup of your workspace.\" \/>\n<meta name=\"robots\"  content=\"index, follow, max-snippet:-1, max-image-preview:large, max-video-preview:-1\" \/>\n<link rel=\"canonical\"  href=\"https:\/\/flydesk.com\/es\/design-shared-office\/\" \/>\n<meta property=\"og:locale\"  content=\"es_ES\" \/>\n<meta property=\"og:type\"  content=\"article\" \/>\n<meta property=\"og:title\"  content=\"Design a flexible and shared office &mdash; FLYDESK\" \/>\n<meta property=\"og:description\"  content=\"Design a flexbile &amp; shared workspace for your team or tenants. FLYDESK supports the search, design and technology setup of your workspace.\" \/>\n<meta property=\"og:url\"  content=\"https:\/\/flydesk.com\/es\/design-shared-office\/\" \/>\n<meta property=\"og:site_name\" content=\"FLYDESK\" \/>\n<meta property=\"article:modified_time\"  content=\"2021-06-02T01:58:44+00:00\" \/>\n<meta property=\"og:image\"  content=\"https:\/\/mlgucbjxeu1m.i.optimole.com\/cb:B7VA.3e989\/w:auto\/h:auto\/q:mauto\/ig:avif\/f:best\/https:\/\/flydesk.com\/wp-content\/uploads\/2020\/10\/daniel-mccullough-HtBlQdxfG9k-unsplash-scaled.jpg\" \/>\n\t<meta property=\"og:image:width\" content=\"2560\" \/>\n\t<meta property=\"og:image:height\" content=\"1440\" \/>\n<meta name=\"twitter:card\" content=\"summary_large_image\" \/>\n<meta name=\"twitter:label1\" content=\"Tiempo de lectura\" \/>\n\t<meta name=\"twitter:data1\"  content=\"2 minutos\"  \/>\n<!-- \/ Yoast SEO plugin. -->","yoast_head_json":{"title":"Design a flexible and shared office &mdash; FLYDESK","description":"Design a flexbile & shared workspace for your team or tenants. FLYDESK supports the search, design and technology setup of your workspace.","robots":{"index":"index","follow":"follow","max-snippet":"max-snippet:-1","max-image-preview":"max-image-preview:large","max-video-preview":"max-video-preview:-1"},"canonical":"https:\/\/flydesk.com\/es\/design-shared-office\/","og_locale":"es_ES","og_type":"article","og_title":"Design a flexible and shared office &mdash; FLYDESK","og_description":"Design a flexbile & shared workspace for your team or tenants. FLYDESK supports the search, design and technology setup of your workspace.","og_url":"https:\/\/flydesk.com\/es\/design-shared-office\/","og_site_name":"FLYDESK","article_modified_time":"2021-06-02T01:58:44+00:00","og_image":[{"width":2560,"height":1440,"url":"https:\/\/mlgucbjxeu1m.i.optimole.com\/cb:B7VA.3e989\/w:auto\/h:auto\/q:mauto\/ig:avif\/f:best\/https:\/\/flydesk.com\/wp-content\/uploads\/2020\/10\/daniel-mccullough-HtBlQdxfG9k-unsplash-scaled.jpg","path":"\/sites\/flydesk.com\/files\/wp-content\/uploads\/2020\/10\/daniel-mccullough-HtBlQdxfG9k-unsplash-scaled.jpg","size":"full","id":23935,"alt":"","pixels":3686400,"type":"image\/jpeg"}],"twitter_card":"summary_large_image","twitter_misc":{"Tiempo de lectura":"2 minutos"},"schema":{"@context":"https:\/\/schema.org","@graph":[{"@type":"Organization","@id":"https:\/\/flydesk.com\/#organization","name":"FLYDESK","url":"https:\/\/flydesk.com\/","sameAs":[],"logo":{"@type":"ImageObject","@id":"https:\/\/flydesk.com\/#logo","inLanguage":"es","url":"","contentUrl":"","caption":"FLYDESK"},"image":{"@id":"https:\/\/flydesk.com\/#logo"}},{"@type":"WebSite","@id":"https:\/\/flydesk.com\/#website","url":"https:\/\/flydesk.com\/","name":"FLYDESK","description":"Fly your work with style","publisher":{"@id":"https:\/\/flydesk.com\/#organization"},"potentialAction":[{"@type":"SearchAction","target":{"@type":"EntryPoint","urlTemplate":"https:\/\/flydesk.com\/?s={search_term_string}"},"query-input":"required name=search_term_string"}],"inLanguage":"es"},{"@type":"ImageObject","@id":"https:\/\/flydesk.com\/ru\/design-shared-office\/#primaryimage","inLanguage":"es","url":"https:\/\/mlgucbjxeu1m.i.optimole.com\/cb:B7VA.3e989\/w:auto\/h:auto\/q:mauto\/ig:avif\/f:best\/https:\/\/flydesk.com\/wp-content\/uploads\/2020\/10\/daniel-mccullough-HtBlQdxfG9k-unsplash-scaled.jpg","contentUrl":"https:\/\/mlgucbjxeu1m.i.optimole.com\/cb:B7VA.3e989\/w:auto\/h:auto\/q:mauto\/ig:avif\/f:best\/https:\/\/flydesk.com\/wp-content\/uploads\/2020\/10\/daniel-mccullough-HtBlQdxfG9k-unsplash-scaled.jpg","width":2560,"height":1440,"caption":"Design a flexible and shared office"},{"@type":"WebPage","@id":"https:\/\/flydesk.com\/ru\/design-shared-office\/#webpage","url":"https:\/\/flydesk.com\/ru\/design-shared-office\/","name":"Design a flexible and shared office &mdash; FLYDESK","isPartOf":{"@id":"https:\/\/flydesk.com\/#website"},"primaryImageOfPage":{"@id":"https:\/\/flydesk.com\/ru\/design-shared-office\/#primaryimage"},"datePublished":"2020-10-28T14:03:44+00:00","dateModified":"2021-06-02T01:58:44+00:00","description":"Design a flexbile & shared workspace for your team or tenants. FLYDESK supports the search, design and technology setup of your workspace.","breadcrumb":{"@id":"https:\/\/flydesk.com\/ru\/design-shared-office\/#breadcrumb"},"inLanguage":"es","potentialAction":[{"@type":"ReadAction","target":["https:\/\/flydesk.com\/ru\/design-shared-office\/"]}]},{"@type":"BreadcrumbList","@id":"https:\/\/flydesk.com\/ru\/design-shared-office\/#breadcrumb","itemListElement":[{"@type":"ListItem","position":1,"name":"Home","item":"https:\/\/flydesk.com\/"},{"@type":"ListItem","position":2,"name":"Design a flexible and shared office"}]}]}},"_links":{"self":[{"href":"https:\/\/flydesk.com\/es\/wp-json\/wp\/v2\/pages\/23932"}],"collection":[{"href":"https:\/\/flydesk.com\/es\/wp-json\/wp\/v2\/pages"}],"about":[{"href":"https:\/\/flydesk.com\/es\/wp-json\/wp\/v2\/types\/page"}],"author":[{"embeddable":true,"href":"https:\/\/flydesk.com\/es\/wp-json\/wp\/v2\/users\/4"}],"replies":[{"embeddable":true,"href":"https:\/\/flydesk.com\/es\/wp-json\/wp\/v2\/comments?post=23932"}],"version-history":[{"count":0,"href":"https:\/\/flydesk.com\/es\/wp-json\/wp\/v2\/pages\/23932\/revisions"}],"wp:featuredmedia":[{"embeddable":true,"href":"https:\/\/flydesk.com\/es\/wp-json\/wp\/v2\/media\/23935"}],"wp:attachment":[{"href":"https:\/\/flydesk.com\/es\/wp-json\/wp\/v2\/media?parent=23932"}],"curies":[{"name":"wp","href":"https:\/\/api.w.org\/{rel}","templated":true}]}}