{"id":2591,"date":"2019-12-10T19:57:10","date_gmt":"2019-12-10T11:57:10","guid":{"rendered":"https:\/\/flydesk.com\/?page_id=2591"},"modified":"2020-11-03T18:15:17","modified_gmt":"2020-11-03T10:15:17","slug":"workspace-certification","status":"publish","type":"page","link":"https:\/\/flydesk.com\/es\/workspace-certification\/","title":{"rendered":"Espacios Certificados"},"content":{"rendered":"<img decoding=\"async\"   src=\"https:\/\/mlgucbjxeu1m.i.optimole.com\/cb:B7VA.3e989\/w:150\/h:150\/q:mauto\/rt:fill\/g:ce\/ig:avif\/f:best\/https:\/\/flydesk.com\/wp-content\/uploads\/2019\/12\/FLYDESK-Certified.png\"   alt=\"Certificado FLYDESK\"   itemprop=\"image\"   height=\"150\"   width=\"150\"   title=\"Certificado FLYDESK\"   onerror=\"this.style.display='none'\"  \/>\n\t\t<h1>Espacios Certificados<\/h1>\n\t\t<p>FLYDESK otorga una etiqueta de certificaci\u00f3n a los mejores espacios de coworking, oficinas con servicios y todo tipo de espacios de trabajo.<\/p>\n<p>La certificaci\u00f3n garantiza la calidad, el estilo y la comodidad que puede esperar nuestra comunidad de profesionales flexibles.<\/p>\n\t\t\t<a href=\"#start\"   target=\"_self\"   role=\"button\"   rel=\"noopener noreferrer\">\n\t\t\t\t\t\t\tListar un espacio\n\t\t\t\t\t<\/a>\n\t\t<h1>Certificaci\u00f3n FLYDESK<\/h1>\t\t\n\t\t\t<p>4 etiquetas de certificaci\u00f3n para ayudar a la comunidad FLYDESK a elegir la mejor opci\u00f3n de espacio de trabajo flexible disponible.<\/p>\n<p>No se pierda tratando de diferenciar propuestas en este mercado de espacios de trabajo creciente y desigual, pero conf\u00ede en nuestra experiencia.<\/p>\n\t\t\t\t<img decoding=\"async\"   src=\"https:\/\/mlgucbjxeu1m.i.optimole.com\/cb:B7VA.3e989\/w:200\/h:200\/q:mauto\/ig:avif\/f:best\/https:\/\/flydesk.com\/wp-content\/uploads\/2019\/12\/Premium.png\"   alt=\"Prima\"   itemprop=\"image\"   height=\"200\"   width=\"200\"   title=\"Prima\"   onerror=\"this.style.display='none'\"  \/>\n\t\t<h3>Premium<\/h3>\t\t\n\t\t\t<p>el espacio de trabajo m\u00e1s prestigioso, de dise\u00f1o, \u00fanico y lujoso<\/p>\n\t\t\t\t<img decoding=\"async\"   src=\"https:\/\/mlgucbjxeu1m.i.optimole.com\/cb:B7VA.3e989\/w:200\/h:201\/q:mauto\/ig:avif\/f:best\/https:\/\/flydesk.com\/wp-content\/uploads\/2019\/12\/Inspiring.png\"   alt=\"Inspirador\"   itemprop=\"image\"   height=\"201\"   width=\"200\"   title=\"Inspirador\"   onerror=\"this.style.display='none'\"  \/>\n\t\t<h3>INSPIRADOR<\/h3>\t\t\n\t\t\t<p>el espacio de trabajo m\u00e1s din\u00e1mico, estimulante y creativo<\/p>\n\t\t\t\t<img data-opt-src=\"https:\/\/mlgucbjxeu1m.i.optimole.com\/cb:B7VA.3e989\/w:200\/h:200\/q:mauto\/ig:avif\/f:best\/https:\/\/flydesk.com\/wp-content\/uploads\/2019\/12\/Business.png\"   decoding=\"async\"   src=\"https:\/\/mlgucbjxeu1m.i.optimole.com\/cb:B7VA.3e989\/w:200\/h:200\/q:eco\/ig:avif\/f:best\/https:\/\/flydesk.com\/wp-content\/uploads\/2019\/12\/Business.png\"   alt=\"Negocio\"   itemprop=\"image\"   height=\"200\"   width=\"200\"   title=\"Negocio\"   onerror=\"this.style.display='none'\"  \/>\n\t\t<h3>BUSINESS<\/h3>\t\t\n\t\t\t<p>el espacio de trabajo m\u00e1s profesional, empresarial y conveniente<\/p>\n\t\t\t\t<img data-opt-src=\"https:\/\/mlgucbjxeu1m.i.optimole.com\/cb:B7VA.3e989\/w:200\/h:200\/q:mauto\/ig:avif\/f:best\/https:\/\/flydesk.com\/wp-content\/uploads\/2019\/12\/Niche.png\"   decoding=\"async\"   src=\"https:\/\/mlgucbjxeu1m.i.optimole.com\/cb:B7VA.3e989\/w:200\/h:200\/q:eco\/ig:avif\/f:best\/https:\/\/flydesk.com\/wp-content\/uploads\/2019\/12\/Niche.png\"   alt=\"Nicho\"   itemprop=\"image\"   height=\"200\"   width=\"200\"   title=\"Nicho\"   onerror=\"this.style.display='none'\"  \/>\n\t\t<h3>TEMATICOS<\/h3>\t\t\n\t\t\t<p>el espacio de trabajo m\u00e1s particular, especializado, dedicado y original<\/p>\n\t\t\t<img data-opt-src=\"https:\/\/mlgucbjxeu1m.i.optimole.com\/cb:B7VA.3e989\/w:1024\/h:683\/q:mauto\/ig:avif\/f:best\/https:\/\/flydesk.com\/wp-content\/uploads\/2019\/10\/BWGroundfloor.jpg\"   decoding=\"async\"   loading='false'   src=\"https:\/\/mlgucbjxeu1m.i.optimole.com\/cb:B7VA.3e989\/w:1024\/h:683\/q:eco\/ig:avif\/f:best\/https:\/\/flydesk.com\/wp-content\/uploads\/2019\/10\/BWGroundfloor.jpg\"  alt=\"\" \/>\t\t\t\n\t\t\t\t<h2>Etiqueta premium @Banyan espacio de trabajo HK<\/h2>\t\t\t\n\t\t\t<img data-opt-src=\"https:\/\/mlgucbjxeu1m.i.optimole.com\/cb:B7VA.3e989\/w:1024\/h:683\/q:mauto\/ig:avif\/f:best\/https:\/\/flydesk.com\/wp-content\/uploads\/2019\/12\/The-Hive-Carpenter-Lounge.jpg\"   decoding=\"async\"   loading='false'   src=\"https:\/\/mlgucbjxeu1m.i.optimole.com\/cb:B7VA.3e989\/w:1024\/h:683\/q:eco\/ig:avif\/f:best\/https:\/\/flydesk.com\/wp-content\/uploads\/2019\/12\/The-Hive-Carpenter-Lounge.jpg\" alt=\"\" \/>\t\t\t\n\t\t\t\t<h2>Espacio 'inspirador' @TheHive Sheung Wan HK<\/h2>\t\t\t\n\t\t\t<img data-opt-src=\"https:\/\/mlgucbjxeu1m.i.optimole.com\/cb:B7VA.3e989\/w:1024\/h:733\/q:mauto\/ig:avif\/f:best\/https:\/\/flydesk.com\/wp-content\/uploads\/2019\/12\/Lit_20191018_TheDesk_00028_op.jpg\"   decoding=\"async\"   loading='false'   src=\"https:\/\/mlgucbjxeu1m.i.optimole.com\/cb:B7VA.3e989\/w:1024\/h:733\/q:eco\/ig:avif\/f:best\/https:\/\/flydesk.com\/wp-content\/uploads\/2019\/12\/Lit_20191018_TheDesk_00028_op.jpg\" alt=\"\" \/>\t\t\t\n\t\t\t\t<h2>Etiqueta comercial @TheDesk Strand 50 HK<\/h2>\t\t\t\n\t\t\t<img data-opt-src=\"https:\/\/mlgucbjxeu1m.i.optimole.com\/cb:B7VA.3e989\/w:1024\/h:683\/q:mauto\/ig:avif\/f:best\/https:\/\/flydesk.com\/wp-content\/uploads\/2019\/12\/The-Hive-Studios-Shoot.jpg\"   decoding=\"async\"   loading='false'   src=\"https:\/\/mlgucbjxeu1m.i.optimole.com\/cb:B7VA.3e989\/w:1024\/h:683\/q:eco\/ig:avif\/f:best\/https:\/\/flydesk.com\/wp-content\/uploads\/2019\/12\/The-Hive-Studios-Shoot.jpg\" alt=\"\" \/>\t\t\t\n\t\t\t\t<h2>Etiqueta del tema @TheHive Studio HK<\/h2>\t\t\t\n\t\t\t\t<a href=\"#\"   aria-label=\"previous\"  role=\"button\">\n<\/a>\n\t\t\t\t<a href=\"#\"   aria-label=\"next\"   role=\"button\">\n<\/a>\n\t\t<h1>Colaboradores certificados de FLYDESK<\/h1>\t\t\n\t\t\t\t<img data-opt-src=\"https:\/\/mlgucbjxeu1m.i.optimole.com\/cb:B7VA.3e989\/w:300\/h:300\/q:mauto\/rt:fill\/g:ce\/ig:avif\/f:best\/https:\/\/flydesk.com\/wp-content\/uploads\/2019\/12\/thehive.png\"   decoding=\"async\"   src=\"https:\/\/mlgucbjxeu1m.i.optimole.com\/cb:B7VA.3e989\/w:300\/h:300\/q:eco\/ig:avif\/f:best\/https:\/\/flydesk.com\/wp-content\/uploads\/2019\/12\/thehive.png\"   alt=\"la colmena\"   itemprop=\"image\"   height=\"300\"   width=\"300\"   title=\"la colmena\"   onerror=\"this.style.display='none'\"  \/>\n\t\t\t\t<img data-opt-src=\"https:\/\/mlgucbjxeu1m.i.optimole.com\/cb:B7VA.3e989\/w:300\/h:300\/q:mauto\/rt:fill\/g:ce\/ig:avif\/f:best\/https:\/\/flydesk.com\/wp-content\/uploads\/2019\/12\/wework.png\"   decoding=\"async\"   src=\"https:\/\/mlgucbjxeu1m.i.optimole.com\/cb:B7VA.3e989\/w:300\/h:300\/q:eco\/ig:avif\/f:best\/https:\/\/flydesk.com\/wp-content\/uploads\/2019\/12\/wework.png\"   alt=\"nosotros trabajamos\"   itemprop=\"image\"   height=\"300\"   width=\"300\"   title=\"nosotros trabajamos\"   onerror=\"this.style.display='none'\"  \/>\n\t\t\t\t<img data-opt-src=\"https:\/\/mlgucbjxeu1m.i.optimole.com\/cb:B7VA.3e989\/w:300\/h:300\/q:mauto\/rt:fill\/g:ce\/ig:avif\/f:best\/https:\/\/flydesk.com\/wp-content\/uploads\/2020\/06\/The-Executive-Centre.png\"   decoding=\"async\"   src=\"https:\/\/mlgucbjxeu1m.i.optimole.com\/cb:B7VA.3e989\/w:300\/h:300\/q:eco\/ig:avif\/f:best\/https:\/\/flydesk.com\/wp-content\/uploads\/2020\/06\/The-Executive-Centre.png\"   alt=\"El Centro Ejecutivo\"   itemprop=\"image\"   height=\"300\"   width=\"300\"   \"300\" title  =El Centro Ejecutivo onerror=this.style.display='none'  \/>\n\t\t\t\t<img data-opt-src=\"https:\/\/mlgucbjxeu1m.i.optimole.com\/cb:B7VA.3e989\/w:300\/h:300\/q:mauto\/rt:fill\/g:ce\/ig:avif\/f:best\/https:\/\/flydesk.com\/wp-content\/uploads\/2019\/12\/thedesk.png\"   decoding=\"async\"   src=\"https:\/\/mlgucbjxeu1m.i.optimole.com\/cb:B7VA.3e989\/w:300\/h:300\/q:eco\/ig:avif\/f:best\/https:\/\/flydesk.com\/wp-content\/uploads\/2019\/12\/thedesk.png\"   alt=\"el escritorio\"   itemprop=\"image\"   height=\"300\"   width=\"300\"  title=\"el escritorio\" onerror=\"this.style.display='none'\"  \/>\n\t\t\t\t<img data-opt-src=\"https:\/\/mlgucbjxeu1m.i.optimole.com\/cb:B7VA.3e989\/w:300\/h:300\/q:mauto\/rt:fill\/g:ce\/ig:avif\/f:best\/https:\/\/flydesk.com\/wp-content\/uploads\/2020\/05\/VCo.png\"   decoding=\"async\"   src=\"https:\/\/mlgucbjxeu1m.i.optimole.com\/cb:B7VA.3e989\/w:300\/h:300\/q:eco\/ig:avif\/f:best\/https:\/\/flydesk.com\/wp-content\/uploads\/2020\/05\/VCo.png\"   alt=\"VCo\"   itemprop=\"image\"  height=\"300\"  width=\"300\"  \"300\"title  =VCo onerror=this.style.display='none'  \/>\n\t\t\t\t<img data-opt-src=\"https:\/\/mlgucbjxeu1m.i.optimole.com\/cb:B7VA.3e989\/w:300\/h:300\/q:mauto\/rt:fill\/g:ce\/ig:avif\/f:best\/https:\/\/flydesk.com\/wp-content\/uploads\/2019\/12\/Eatonhouse.png\"   decoding=\"async\"   src=\"https:\/\/mlgucbjxeu1m.i.optimole.com\/cb:B7VA.3e989\/w:300\/h:300\/q:eco\/ig:avif\/f:best\/https:\/\/flydesk.com\/wp-content\/uploads\/2019\/12\/Eatonhouse.png\"   alt=\"Eatonhouse\"   itemprop=\"image\"  height=\"300\" width=\"300\" title=\"Eatonhouse\" onerror=\"this.style.display='none'\"  \/>\n\t\t\t\t<img data-opt-src=\"https:\/\/mlgucbjxeu1m.i.optimole.com\/cb:B7VA.3e989\/w:300\/h:300\/q:mauto\/rt:fill\/g:ce\/ig:avif\/f:best\/https:\/\/flydesk.com\/wp-content\/uploads\/2019\/12\/theworkproject.png\"   decoding=\"async\"   src=\"https:\/\/mlgucbjxeu1m.i.optimole.com\/cb:B7VA.3e989\/w:300\/h:300\/q:eco\/ig:avif\/f:best\/https:\/\/flydesk.com\/wp-content\/uploads\/2019\/12\/theworkproject.png\"   alt=\"el proyecto de trabajo\"   itemprop=\"image\"  height=\"300\" width=\"300\" title=\"el proyecto de trabajo\" onerror=\"this.style.display='none'\"  \/>\n\t<p>Solo nos asociamos con los mejores y compartimos una misi\u00f3n com\u00fan para potenciar el trabajo flexible.<\/p>\n\t\t\t<a href=\"#start\"   target=\"_self\"   role=\"button\"   rel=\"noopener noreferrer\">\n\t\t\t\t\t\t\tIncluya su espacio de trabajo\n\t\t\t\t\t<\/a>\n\t\t\t<a href=\"https:\/\/flydesk.com\/es\/workspace\/\"   target=\"_self\"   role=\"button\"   rel=\"noopener noreferrer\">\n\t\t\t\t\t\t\tEncuentre su espacio de trabajo\n\t\t\t\t\t<\/a>\n\t\t\t\t<img data-opt-src=\"https:\/\/mlgucbjxeu1m.i.optimole.com\/cb:B7VA.3e989\/w:1024\/h:683\/q:mauto\/ig:avif\/f:best\/https:\/\/flydesk.com\/wp-content\/uploads\/2019\/12\/The-Hive-Lavender-Hotdesk-Area.jpg\"   decoding=\"async\"   src=\"https:\/\/mlgucbjxeu1m.i.optimole.com\/cb:B7VA.3e989\/w:1024\/h:683\/q:eco\/ig:avif\/f:best\/https:\/\/flydesk.com\/wp-content\/uploads\/2019\/12\/The-Hive-Lavender-Hotdesk-Area.jpg\"   alt=\"El \u00e1rea de Hotdesk de Hive Lavender\"   itemprop=\"image\"   height=\"683\"   width=\"1024\"   title=\"El \u00e1rea de Hotdesk de Hive Lavender\"   onerror=\"this.style.display='none'\"  \/>\n<h2>\n\t\tOfertas de espacio de trabajo\n\t<\/h2>\n\t<p>Una soluci\u00f3n para cada necesidad.<\/p>\n\t<p>Reserve su escritorio para el d\u00eda o una sala de reuniones durante una hora en uno de nuestros espacios de trabajo certificados.<\/p>\n<p>Pregunte por su pr\u00f3xima mudanza de oficina, la organizaci\u00f3n de un evento o configure su direcci\u00f3n comercial con una oficina virtual.<\/p>\n\t<ul>\n<li>Escritorio compartido en hot desk<\/li>\n<li>Escritorio dedicado<\/li>\n<li>Oficina en alquiler<\/li>\n<li>Sala de Reuniones<\/li>\n<li>Sala de eventos<\/li>\n<li>Oficina Virtual<\/li>\n<\/ul>\n<h6>Cr\u00e9ditos de imagen: The Hive Lavender, SG<\/h6>\n\t\t\t<a href=\"https:\/\/flydesk.com\/es\/workspace\/\"   target=\"_self\"   role=\"button\"   rel=\"noopener noreferrer\">\n\t\t\t\t\t\t\tEncuentre la mejor oferta\n\t\t\t\t\t<\/a>\n<h2>\n\t\tListar un espacio de trabajo\n\t<\/h2>","protected":false},"excerpt":{"rendered":"<p>Certificaci\u00f3n de espacio de trabajo FLYDESK es una etiqueta de certificaci\u00f3n que se entrega a los mejores espacios de coworking, oficinas con servicios y todo tipo de espacio de trabajo. La certificaci\u00f3n garantiza la calidad, el estilo y la comodidad que puede esperar nuestra comunidad de profesionales flexibles. Enumere un espacio Etiquetas de certificaci\u00f3n FLYDESK 4 etiquetas de certificaci\u00f3n para ayudar a la comunidad FLYDESK a elegir ...<\/p>","protected":false},"author":4,"featured_media":661,"parent":0,"menu_order":0,"comment_status":"closed","ping_status":"closed","template":"","meta":{"footnotes":""},"acf":[],"yoast_head":"<!-- This site is optimized with the Yoast SEO plugin v16.8 - https:\/\/yoast.com\/wordpress\/plugins\/seo\/ -->\n<title>Certification label for flexible workspace &mdash; FLYDESK<\/title>\n<meta name=\"description\"  content=\"Certification label that guarantees the quality, style and comfort of workspace locations empowering the community of flexible work professionals.\" \/>\n<meta name=\"robots\"  content=\"index, follow, max-snippet:-1, max-image-preview:large, max-video-preview:-1\" \/>\n<link rel=\"canonical\"  href=\"https:\/\/flydesk.com\/es\/workspace-certification\/\" \/>\n<meta property=\"og:locale\"  content=\"es_ES\" \/>\n<meta property=\"og:type\"  content=\"article\" \/>\n<meta property=\"og:title\"  content=\"Certification label for flexible workspace &mdash; FLYDESK\" \/>\n<meta property=\"og:description\"  content=\"Certification label that guarantees the quality, style and comfort of workspace locations empowering the community of flexible work professionals.\" \/>\n<meta property=\"og:url\"  content=\"https:\/\/flydesk.com\/es\/workspace-certification\/\" \/>\n<meta property=\"og:site_name\" content=\"FLYDESK\" \/>\n<meta property=\"article:modified_time\"  content=\"2020-11-03T10:15:17+00:00\" \/>\n<meta property=\"og:image\"  content=\"https:\/\/mlgucbjxeu1m.i.optimole.com\/cb:B7VA.3e989\/w:auto\/h:auto\/q:mauto\/ig:avif\/f:best\/https:\/\/flydesk.com\/wp-content\/uploads\/2019\/09\/flydesk-icon-white.png\" \/>\n\t<meta property=\"og:image:width\" content=\"512\" \/>\n\t<meta property=\"og:image:height\" content=\"512\" \/>\n<meta name=\"twitter:card\" content=\"summary_large_image\" \/>\n<meta name=\"twitter:label1\" content=\"Tiempo de lectura\" \/>\n\t<meta name=\"twitter:data1\"  content=\"1 minuto\"  \/>\n<!-- \/ Yoast SEO plugin. -->","yoast_head_json":{"title":"Certification label for flexible workspace &mdash; FLYDESK","description":"Certification label that guarantees the quality, style and comfort of workspace locations empowering the community of flexible work professionals.","robots":{"index":"index","follow":"follow","max-snippet":"max-snippet:-1","max-image-preview":"max-image-preview:large","max-video-preview":"max-video-preview:-1"},"canonical":"https:\/\/flydesk.com\/es\/workspace-certification\/","og_locale":"es_ES","og_type":"article","og_title":"Certification label for flexible workspace &mdash; FLYDESK","og_description":"Certification label that guarantees the quality, style and comfort of workspace locations empowering the community of flexible work professionals.","og_url":"https:\/\/flydesk.com\/es\/workspace-certification\/","og_site_name":"FLYDESK","article_modified_time":"2020-11-03T10:15:17+00:00","og_image":[{"width":512,"height":512,"url":"https:\/\/mlgucbjxeu1m.i.optimole.com\/cb:B7VA.3e989\/w:auto\/h:auto\/q:mauto\/ig:avif\/f:best\/https:\/\/flydesk.com\/wp-content\/uploads\/2019\/09\/flydesk-icon-white.png","path":"\/sites\/flydesk.com\/files\/wp-content\/uploads\/2019\/09\/flydesk-icon-white.png","size":"full","id":661,"alt":"","pixels":262144,"type":"image\/png"}],"twitter_card":"summary_large_image","twitter_misc":{"Tiempo de lectura":"1 minuto"},"schema":{"@context":"https:\/\/schema.org","@graph":[{"@type":"Organization","@id":"https:\/\/flydesk.com\/#organization","name":"FLYDESK","url":"https:\/\/flydesk.com\/","sameAs":[],"logo":{"@type":"ImageObject","@id":"https:\/\/flydesk.com\/#logo","inLanguage":"es","url":"","contentUrl":"","caption":"FLYDESK"},"image":{"@id":"https:\/\/flydesk.com\/#logo"}},{"@type":"WebSite","@id":"https:\/\/flydesk.com\/#website","url":"https:\/\/flydesk.com\/","name":"FLYDESK","description":"Fly your work with style","publisher":{"@id":"https:\/\/flydesk.com\/#organization"},"potentialAction":[{"@type":"SearchAction","target":{"@type":"EntryPoint","urlTemplate":"https:\/\/flydesk.com\/?s={search_term_string}"},"query-input":"required name=search_term_string"}],"inLanguage":"es"},{"@type":"ImageObject","@id":"https:\/\/flydesk.com\/workspace-certification\/#primaryimage","inLanguage":"es","url":"https:\/\/mlgucbjxeu1m.i.optimole.com\/cb:B7VA.3e989\/w:auto\/h:auto\/q:mauto\/ig:avif\/f:best\/https:\/\/flydesk.com\/wp-content\/uploads\/2019\/09\/flydesk-icon-white.png","contentUrl":"https:\/\/mlgucbjxeu1m.i.optimole.com\/cb:B7VA.3e989\/w:auto\/h:auto\/q:mauto\/ig:avif\/f:best\/https:\/\/flydesk.com\/wp-content\/uploads\/2019\/09\/flydesk-icon-white.png","width":512,"height":512,"caption":"flydesk-icon-white"},{"@type":"WebPage","@id":"https:\/\/flydesk.com\/workspace-certification\/#webpage","url":"https:\/\/flydesk.com\/workspace-certification\/","name":"Certification label for flexible workspace &mdash; FLYDESK","isPartOf":{"@id":"https:\/\/flydesk.com\/#website"},"primaryImageOfPage":{"@id":"https:\/\/flydesk.com\/workspace-certification\/#primaryimage"},"datePublished":"2019-12-10T11:57:10+00:00","dateModified":"2020-11-03T10:15:17+00:00","description":"Certification label that guarantees the quality, style and comfort of workspace locations empowering the community of flexible work professionals.","breadcrumb":{"@id":"https:\/\/flydesk.com\/workspace-certification\/#breadcrumb"},"inLanguage":"es","potentialAction":[{"@type":"ReadAction","target":["https:\/\/flydesk.com\/workspace-certification\/"]}]},{"@type":"BreadcrumbList","@id":"https:\/\/flydesk.com\/workspace-certification\/#breadcrumb","itemListElement":[{"@type":"ListItem","position":1,"name":"Home","item":"https:\/\/flydesk.com\/"},{"@type":"ListItem","position":2,"name":"Workspace certification"}]}]}},"_links":{"self":[{"href":"https:\/\/flydesk.com\/es\/wp-json\/wp\/v2\/pages\/2591"}],"collection":[{"href":"https:\/\/flydesk.com\/es\/wp-json\/wp\/v2\/pages"}],"about":[{"href":"https:\/\/flydesk.com\/es\/wp-json\/wp\/v2\/types\/page"}],"author":[{"embeddable":true,"href":"https:\/\/flydesk.com\/es\/wp-json\/wp\/v2\/users\/4"}],"replies":[{"embeddable":true,"href":"https:\/\/flydesk.com\/es\/wp-json\/wp\/v2\/comments?post=2591"}],"version-history":[{"count":0,"href":"https:\/\/flydesk.com\/es\/wp-json\/wp\/v2\/pages\/2591\/revisions"}],"wp:featuredmedia":[{"embeddable":true,"href":"https:\/\/flydesk.com\/es\/wp-json\/wp\/v2\/media\/661"}],"wp:attachment":[{"href":"https:\/\/flydesk.com\/es\/wp-json\/wp\/v2\/media?parent=2591"}],"curies":[{"name":"wp","href":"https:\/\/api.w.org\/{rel}","templated":true}]}}