{"id":35978,"date":"2021-11-04T12:56:39","date_gmt":"2021-11-04T04:56:39","guid":{"rendered":"https:\/\/flydesk.com\/membership-join\/"},"modified":"2022-08-16T22:13:53","modified_gmt":"2022-08-16T14:13:53","slug":"membership-join","status":"publish","type":"page","link":"https:\/\/flydesk.com\/es\/membership-join\/","title":{"rendered":"\u00danete a nosotros"},"content":{"rendered":"<p style=\"color:red;font-weight:bold;\" >Esta p\u00e1gina y el contenido se han generado autom\u00e1ticamente para que usted tenga una idea b\u00e1sica de c\u00f3mo deber\u00eda verse una p\u00e1gina &quot;\u00danase a nosotros&quot;. Puede personalizar esta p\u00e1gina como desee editando esta p\u00e1gina desde su editor de p\u00e1ginas de WordPress.<\/p>\n<p style=\"font-weight:bold;\">Si termina cambiando la URL de esta p\u00e1gina, aseg\u00farese de actualizar el valor de la URL en el men\u00fa de configuraci\u00f3n del complemento.<\/p>\n<p style=\"border-top:1px solid #ccc;padding-top:10px;margin-top:10px;\">\n<p>\t\t\t<strong>Membres\u00eda gratis<\/strong><br \/>\n\t\t\t<br \/>\n\t\t\tObtienes acceso ilimitado a contenido de membres\u00eda gratuito<br \/>\n\t\t\t<br \/>\n\t\t\t<em><strong>Precio: \u00a1Gratis!<\/strong><\/em><\/p>\n<p>Vincula la siguiente imagen para ir a la p\u00e1gina de registro si deseas que tus visitantes puedan crear una cuenta de membres\u00eda gratuita.<\/p>\n<p style=\"border-bottom:1px solid #ccc;padding-bottom:10px;margin-bottom:10px;\">\n<p><strong>Puede registrarse para obtener una membres\u00eda gratuita o pagar una de las siguientes opciones de membres\u00eda<\/strong><\/p>\n<p style=\"border-top:1px solid #ccc;padding-top:10px;margin-top:10px;\">\n<p>\t\t\t[==&gt; Inserte aqu\u00ed el bot\u00f3n de pago para sus niveles de membres\u00eda pagada <== ]\n\t\t\t\n\n<p style=\"border-bottom:1px solid #ccc;padding-bottom:10px;margin-bottom:10px;\"><\/p>","protected":false},"excerpt":{"rendered":"<p>This page and the content has been automatically generated for you to give you a basic idea of how a &#8220;Join Us&#8221; page should look like. You can customize this page however you like it by editing this page from your WordPress page editor. If you end up changing the URL of this page then&hellip;<\/p>","protected":false},"author":3,"featured_media":0,"parent":0,"menu_order":0,"comment_status":"closed","ping_status":"closed","template":"","meta":{"footnotes":""},"acf":[],"yoast_head":"<!-- This site is optimized with the Yoast SEO plugin v16.8 - https:\/\/yoast.com\/wordpress\/plugins\/seo\/ -->\n<title>Join Us &mdash; FLYDESK<\/title>\n<meta name=\"robots\"  content=\"index, follow, max-snippet:-1, max-image-preview:large, max-video-preview:-1\"  \/>\n<link rel=\"canonical\"  href=\"https:\/\/flydesk.com\/es\/membership-join\/\" \/>\n<meta property=\"og:locale\"  content=\"es_ES\" \/>\n<meta property=\"og:type\"  content=\"article\" \/>\n<meta property=\"og:title\"  content=\"Join Us &mdash; FLYDESK\" \/>\n<meta property=\"og:description\"  content=\"This page and the content has been automatically generated for you to give you a basic idea of how a &#8220;Join Us&#8221; page should look like. You can customize this page however you like it by editing this page from your WordPress page editor. If you end up changing the URL of this page then&hellip;\" \/>\n<meta property=\"og:url\"  content=\"https:\/\/flydesk.com\/es\/membership-join\/\" \/>\n<meta property=\"og:site_name\" content=\"FLYDESK\" \/>\n<meta property=\"article:modified_time\"  content=\"2022-08-16T14:13:53+00:00\" \/>\n<meta name=\"twitter:card\"  content=\"summary_large_image\" \/>\n<meta name=\"twitter:label1\"  content=\"Tiempo de lectura\" \/>\n\t<meta name=\"twitter:data1\" content=\"1 minuto\" \/>\n<!-- \/ Yoast SEO plugin. -->","yoast_head_json":{"title":"Join Us &mdash; FLYDESK","robots":{"index":"index","follow":"follow","max-snippet":"max-snippet:-1","max-image-preview":"max-image-preview:large","max-video-preview":"max-video-preview:-1"},"canonical":"https:\/\/flydesk.com\/es\/membership-join\/","og_locale":"es_ES","og_type":"article","og_title":"Join Us &mdash; FLYDESK","og_description":"This page and the content has been automatically generated for you to give you a basic idea of how a &#8220;Join Us&#8221; page should look like. You can customize this page however you like it by editing this page from your WordPress page editor. If you end up changing the URL of this page then&hellip;","og_url":"https:\/\/flydesk.com\/es\/membership-join\/","og_site_name":"FLYDESK","article_modified_time":"2022-08-16T14:13:53+00:00","twitter_card":"summary_large_image","twitter_misc":{"Tiempo de lectura":"1 minuto"},"schema":{"@context":"https:\/\/schema.org","@graph":[{"@type":"Organization","@id":"https:\/\/flydesk.com\/#organization","name":"FLYDESK","url":"https:\/\/flydesk.com\/","sameAs":[],"logo":{"@type":"ImageObject","@id":"https:\/\/flydesk.com\/#logo","inLanguage":"es","url":"","contentUrl":"","caption":"FLYDESK"},"image":{"@id":"https:\/\/flydesk.com\/#logo"}},{"@type":"WebSite","@id":"https:\/\/flydesk.com\/#website","url":"https:\/\/flydesk.com\/","name":"FLYDESK","description":"Fly your work with style","publisher":{"@id":"https:\/\/flydesk.com\/#organization"},"potentialAction":[{"@type":"SearchAction","target":{"@type":"EntryPoint","urlTemplate":"https:\/\/flydesk.com\/?s={search_term_string}"},"query-input":"required name=search_term_string"}],"inLanguage":"es"},{"@type":"WebPage","@id":"https:\/\/flydesk.com\/membership-join\/#webpage","url":"https:\/\/flydesk.com\/membership-join\/","name":"Join Us &mdash; FLYDESK","isPartOf":{"@id":"https:\/\/flydesk.com\/#website"},"datePublished":"2021-11-04T04:56:39+00:00","dateModified":"2022-08-16T14:13:53+00:00","breadcrumb":{"@id":"https:\/\/flydesk.com\/membership-join\/#breadcrumb"},"inLanguage":"es","potentialAction":[{"@type":"ReadAction","target":["https:\/\/flydesk.com\/membership-join\/"]}]},{"@type":"BreadcrumbList","@id":"https:\/\/flydesk.com\/membership-join\/#breadcrumb","itemListElement":[{"@type":"ListItem","position":1,"name":"Home","item":"https:\/\/flydesk.com\/"},{"@type":"ListItem","position":2,"name":"Join Us"}]}]}},"_links":{"self":[{"href":"https:\/\/flydesk.com\/es\/wp-json\/wp\/v2\/pages\/35978"}],"collection":[{"href":"https:\/\/flydesk.com\/es\/wp-json\/wp\/v2\/pages"}],"about":[{"href":"https:\/\/flydesk.com\/es\/wp-json\/wp\/v2\/types\/page"}],"author":[{"embeddable":true,"href":"https:\/\/flydesk.com\/es\/wp-json\/wp\/v2\/users\/3"}],"replies":[{"embeddable":true,"href":"https:\/\/flydesk.com\/es\/wp-json\/wp\/v2\/comments?post=35978"}],"version-history":[{"count":0,"href":"https:\/\/flydesk.com\/es\/wp-json\/wp\/v2\/pages\/35978\/revisions"}],"wp:attachment":[{"href":"https:\/\/flydesk.com\/es\/wp-json\/wp\/v2\/media?parent=35978"}],"curies":[{"name":"wp","href":"https:\/\/api.w.org\/{rel}","templated":true}]}}