{"id":14469,"date":"2020-06-02T12:54:46","date_gmt":"2020-06-02T04:54:46","guid":{"rendered":"https:\/\/dev.flydesk.com\/credits\/"},"modified":"2023-09-07T12:10:56","modified_gmt":"2023-09-07T04:10:56","slug":"credit","status":"publish","type":"page","link":"https:\/\/flydesk.com\/fi\/credit\/","title":{"rendered":"Luotto"},"content":{"rendered":"<h1>\r\n\t\tOsta FLYDESK-krediittej\u00e4\r\n\t<\/h1>\r\n\t<div class=\"dp_currency_select\"><select class=\"fd-currency-select-normal\"><option value=\"HKD\"   selected data-symbol=\"$\">HKD<\/option><option value=\"SGD\"    data-symbol=\"$\">SGD<\/option><option value=\"USD\"    data-symbol=\"$\">USD<\/option><option value=\"EUR\"    data-symbol=\"$\">euroa<\/option><option value=\"GBP\"    data-symbol=\"$\">GBP<\/option><option value=\"CHF\"    data-symbol=\"$\">CHF<\/option><option value=\"IDR\"    data-symbol=\"$\">IDR<\/option><option value=\"INR\"    data-symbol=\"$\">INR<\/option><option value=\"PHP\"    data-symbol=\"$\">PHP<\/option><option value=\"MGA\"    data-symbol=\"$\">MGA<\/option><option value=\"NZD\"    data-symbol=\"$\">NZD<\/option><option value=\"PKR\"    data-symbol=\"$\">PKR<\/option><\/select><\/div>\r\n<h6>\r\n\t\tFLYDESK SUOSITTELEE\r\n\t<\/h6>\r\n<h4><b>Luottopaketti<\/b><\/h4>\r\n<p>Osta krediittej\u00e4 saadaksesi nopeamman ja edullisemman varauskokemuksen, jotta p\u00e4\u00e4set k\u00e4ytt\u00e4m\u00e4\u00e4n FLYDESK-ty\u00f6tiloja.<\/p>\r\n<h4><b><small>$<\/small>2,000+<\/b><\/h4>\r\n<p>alkaen 10% alennus <img decoding=\"async\"   src=\"https:\/\/d3l13r1yn9peim.cloudfront.net\/2021\/04\/22110535\/Host.png\"   alt=\"\"   width=\"15\" height=\"14\" \/> ty\u00f6tilat<\/p>\r\n\t\t\t<a href=\"https:\/\/flydesk.com\/fi\/cart\/?add-to-cart=14496&#038;v=2000\/\"   target=\"_self\"   role=\"button\"   rel=\"noopener\">\r\n\t\t\t\t\t\t\tOsta nyt\r\n\t\t\t\t\t<\/a>\r\n<h6>\r\n\t\t&#8211;\r\n\t<\/h6>\r\n<h4><b>Pay as You Go<\/b><\/h4>\r\n<p>Varaa heti ja maksa tarkka hinta p\u00e4\u00e4st\u00e4ksesi valitsemaasi ty\u00f6tilaan.<\/p>\r\n<h4><b>Ei minimi\u00e4<\/b><\/h4>\r\n<p>Ei alennusta<\/p>\r\n\t\t\t<a href=\"\/fi\/workspace\/\"   target=\"_self\"   role=\"button\"   rel=\"noopener\">\r\n\t\t\t\t\t\t\tVaraa nyt\r\n\t\t\t\t\t<\/a>\r\n<h2>\r\n\t\tUsein Kysytyt Kysymykset\r\n\t<\/h2>\r\n\t\t\t<a href=\"#\"   id=\"fl-accordion--label-0\"   tabindex=\"0\"   aria-controls=\"fl-accordion--panel-0\">Mit\u00e4 ovat FLYDESK-pisteet?<\/a>\r\n\t\t\t\t\t\t\t<a href=\"#\"   id=\"fl-accordion--icon-0\"   tabindex=\"0\"   aria-controls=\"fl-accordion--panel-0\"><i>Laajentaa<\/i><\/a>\r\n\t\t<p>FLYDESK-krediiteill\u00e4 voit varata kokoushuoneita tai ty\u00f6p\u00f6yt\u00e4\u00e4 pyynn\u00f6st\u00e4 saatavilla FLYDESK Workspace Networkissa. FLYDESK-ty\u00f6tilakumppanit, jotka on merkitty an <img decoding=\"async\"   src=\"https:\/\/d3l13r1yn9peim.cloudfront.net\/2021\/04\/22110535\/Host.png\" alt=\"\" width=\"15\" height=\"14\" \/> kartalla ja listauksessa tarjoaa alennuksia kokoushuone- ja hot desk -varauksista, jotka on tehty FLYDESK-krediiteill\u00e4.<\/p>\r\n\t\t\t<a href=\"#\"   id=\"fl-accordion--label-1\"   tabindex=\"0\"   aria-controls=\"fl-accordion--panel-1\">Tarvitsenko FLYDESK-tilauksen k\u00e4ytt\u00e4\u00e4kseni FLYDESK-krediittej\u00e4?<\/a>\r\n\t\t\t\t\t\t\t<a href=\"#\"   id=\"fl-accordion--icon-1\"   tabindex=\"0\"   aria-controls=\"fl-accordion--panel-1\"><i>Laajentaa<\/i><\/a>\r\n\t\t<p>Ei, sinun ei tarvitse FLYDESK-tilausta k\u00e4ytt\u00e4\u00e4ksesi FLYDESK-krediittej\u00e4, mutta sinun on rekister\u00f6it\u00e4v\u00e4 ilmainen k\u00e4ytt\u00e4j\u00e4tili verkkosivustollamme tai FLYDESK-sovelluksessamme. Saat lis\u00e4tietoja maksullisesta tilauksesta tutustumalla meid\u00e4n <a href=\"https:\/\/flydesk.com\/fi\/pricing\/\">FLYDESK-hinnoittelusuunnitelmat t\u00e4\u00e4ll\u00e4<\/a>.<\/p>\r\n\t\t\t<a href=\"#\"   id=\"fl-accordion--label-2\"   tabindex=\"0\"   aria-controls=\"fl-accordion--panel-2\">Kuinka voin ostaa FLYDESK-krediittej\u00e4?<\/a>\r\n\t\t\t\t\t\t\t<a href=\"#\"   id=\"fl-accordion--icon-2\"   tabindex=\"0\"   aria-controls=\"fl-accordion--panel-2\"><i>Laajentaa<\/i><\/a>\r\n\t\t<p>FLYDESK-krediittej\u00e4 voi ostaa v\u00e4litt\u00f6m\u00e4sti luottokortilla tai pankkisiirrolla p\u00e4\u00e4st\u00e4ksesi FLYDESK Workspace Network -verkkoon. Kun olet ostanut, voit alkaa varata ty\u00f6tilaa FLYDESK Workspace Network -verkostossamme ja maksaa FLYDESK-krediiteill\u00e4. FLYDESK:ll\u00e4 maksaminen voi sallia alennuksia joissakin ty\u00f6tiloissa.<\/p>\r\n\t\t\t<a href=\"#\"   id=\"fl-accordion--label-3\"   tabindex=\"0\"   aria-controls=\"fl-accordion--panel-3\">Voinko k\u00e4ytt\u00e4\u00e4 krediittej\u00e4ni toisessa maassa?<\/a>\r\n\t\t\t\t\t\t\t<a href=\"#\"   id=\"fl-accordion--icon-3\"   tabindex=\"0\"   aria-controls=\"fl-accordion--panel-3\"><i>Laajentaa<\/i><\/a>\r\n\t\t<p>Jos haluat varata ty\u00f6tilan maasta, joka hyv\u00e4ksyy eri valuutan kuin se, jossa ostit krediittej\u00e4, FLYDESK muuntaa paikallisen summan luottovaluutaksi sis\u00e4llytetty\u00e4\u00e4n 3% maksun nykyiseen valuuttakurssiin.<\/p>\r\n\t\t\t<a href=\"#\"   id=\"fl-accordion--label-4\"   tabindex=\"0\"   aria-controls=\"fl-accordion--panel-4\">Mit\u00e4 krediiteilleni tapahtuu, jos varaus peruuntuu?<\/a>\r\n\t\t\t\t\t\t\t<a href=\"#\"   id=\"fl-accordion--icon-4\"   tabindex=\"0\"   aria-controls=\"fl-accordion--panel-4\"><i>Laajentaa<\/i><\/a>\r\n\t\t<p>Mik\u00e4li ty\u00f6tilavaraus peruuntuu, varaukseen k\u00e4ytetyt hyvitykset voidaan palauttaa ty\u00f6tilakumppanin asettamien ehtojen mukaan.<\/p>\r\n\t\t\t<a href=\"#\"   id=\"fl-accordion--label-5\"   tabindex=\"0\"   aria-controls=\"fl-accordion--panel-5\">Voivatko FLYDESK-pisteet vanhentua?<\/a>\r\n\t\t\t\t\t\t\t<a href=\"#\"   id=\"fl-accordion--icon-5\"   tabindex=\"0\"   aria-controls=\"fl-accordion--panel-5\"><i>Laajentaa<\/i><\/a>\r\n\t\t<p>FLYDESK-krediiteill\u00e4 ei ole vanhentumisp\u00e4iv\u00e4\u00e4 niin kauan kuin sinulla on FLYDESK-tili.<\/p>\r\n\t\t\t<a href=\"#\"   id=\"fl-accordion--label-6\"   tabindex=\"0\"   aria-controls=\"fl-accordion--panel-6\">Voidaanko FLYDESK-krediittini palauttaa?<\/a>\r\n\t\t\t\t\t\t\t<a href=\"#\"   id=\"fl-accordion--icon-6\"   tabindex=\"0\"   aria-controls=\"fl-accordion--panel-6\"><i>Laajentaa<\/i><\/a>\r\n\t\t<p>Kyll\u00e4 se on mahdollista. Jos haluat hyvityksen pankkitilillesi, pid\u00e4t\u00e4mme hyvitysmaksun 10% j\u00e4ljell\u00e4 olevasta luotosta plus mahdolliset pankkisiirtomaksut.<\/p>\r\n\t\t\t<a href=\"https:\/\/flydesk.com\/fi\/pricing\/\"   target=\"_self\"   role=\"button\"   rel=\"noopener\">\r\n\t\t\t\t\t\t\tValitse FLYDESK-lisenssisuunnitelma\r\n\t\t\t\t\t<\/a>","protected":false},"excerpt":{"rendered":"<p>Buy FLYDESK Credits FLYDESK RECOMMENDS Credit Pack Buy credits for a faster &amp; cheaper booking experience to access FLYDESK workspaces. $2,000+ from 10% discount workspaces Buy now &#8211; Pay As You Go Book instantly and pay the exact fare to access your chosen workspace. No minimum No discount Book now Frequently Asked Questions What are&hellip;<\/p>","protected":false},"author":13,"featured_media":0,"parent":0,"menu_order":0,"comment_status":"closed","ping_status":"closed","template":"","meta":{"footnotes":""},"acf":[],"yoast_head":"<!-- This site is optimized with the Yoast SEO plugin v16.8 - https:\/\/yoast.com\/wordpress\/plugins\/seo\/ -->\n<title>Buy FLYDESK Credits &mdash; FLYDESK<\/title>\n<meta name=\"description\"  content=\"Buy credits for a faster and cheaper booking experience to access the FLYDESK certified workspace network globally. Book your space today!\" \/>\n<meta name=\"robots\"  content=\"index, follow, max-snippet:-1, max-image-preview:large, max-video-preview:-1\" \/>\n<link rel=\"canonical\"  href=\"https:\/\/flydesk.com\/fi\/credit\/\" \/>\n<meta property=\"og:locale\"  content=\"fi_FI\" \/>\n<meta property=\"og:type\"  content=\"article\" \/>\n<meta property=\"og:title\"  content=\"Buy FLYDESK Credits &mdash; FLYDESK\" \/>\n<meta property=\"og:description\"  content=\"Buy credits for a faster and cheaper booking experience to access the FLYDESK certified workspace network globally. Book your space today!\" \/>\n<meta property=\"og:url\"  content=\"https:\/\/flydesk.com\/fi\/credit\/\" \/>\n<meta property=\"og:site_name\" content=\"FLYDESK\" \/>\n<meta property=\"article:modified_time\"  content=\"2023-09-07T04:10:56+00:00\" \/>\n<meta property=\"og:image\"  content=\"https:\/\/d3l13r1yn9peim.cloudfront.net\/2021\/04\/22110535\/Host.png\" \/>\n<meta name=\"twitter:card\" content=\"summary_large_image\" \/>\n<meta name=\"twitter:label1\" content=\"Arvioitu lukuaika\" \/>\n\t<meta name=\"twitter:data1\" content=\"2 minuuttia\" \/>\n<!-- \/ Yoast SEO plugin. -->","yoast_head_json":{"title":"Buy FLYDESK Credits &mdash; FLYDESK","description":"Buy credits for a faster and cheaper booking experience to access the FLYDESK certified workspace network globally. Book your space today!","robots":{"index":"index","follow":"follow","max-snippet":"max-snippet:-1","max-image-preview":"max-image-preview:large","max-video-preview":"max-video-preview:-1"},"canonical":"https:\/\/flydesk.com\/fi\/credit\/","og_locale":"fi_FI","og_type":"article","og_title":"Buy FLYDESK Credits &mdash; FLYDESK","og_description":"Buy credits for a faster and cheaper booking experience to access the FLYDESK certified workspace network globally. Book your space today!","og_url":"https:\/\/flydesk.com\/fi\/credit\/","og_site_name":"FLYDESK","article_modified_time":"2023-09-07T04:10:56+00:00","og_image":[{"url":"https:\/\/d3l13r1yn9peim.cloudfront.net\/2021\/04\/22110535\/Host.png"}],"twitter_card":"summary_large_image","twitter_misc":{"Arvioitu lukuaika":"2 minuuttia"},"schema":{"@context":"https:\/\/schema.org","@graph":[{"@type":"Organization","@id":"https:\/\/flydesk.com\/#organization","name":"FLYDESK","url":"https:\/\/flydesk.com\/","sameAs":[],"logo":{"@type":"ImageObject","@id":"https:\/\/flydesk.com\/#logo","inLanguage":"fi","url":"","contentUrl":"","caption":"FLYDESK"},"image":{"@id":"https:\/\/flydesk.com\/#logo"}},{"@type":"WebSite","@id":"https:\/\/flydesk.com\/#website","url":"https:\/\/flydesk.com\/","name":"FLYDESK","description":"Fly your work with style","publisher":{"@id":"https:\/\/flydesk.com\/#organization"},"potentialAction":[{"@type":"SearchAction","target":{"@type":"EntryPoint","urlTemplate":"https:\/\/flydesk.com\/?s={search_term_string}"},"query-input":"required name=search_term_string"}],"inLanguage":"fi"},{"@type":"ImageObject","@id":"https:\/\/flydesk.com\/credit\/#primaryimage","inLanguage":"fi","url":"https:\/\/d3l13r1yn9peim.cloudfront.net\/2021\/04\/22110535\/Host.png","contentUrl":"https:\/\/d3l13r1yn9peim.cloudfront.net\/2021\/04\/22110535\/Host.png"},{"@type":"WebPage","@id":"https:\/\/flydesk.com\/credit\/#webpage","url":"https:\/\/flydesk.com\/credit\/","name":"Buy FLYDESK Credits &mdash; FLYDESK","isPartOf":{"@id":"https:\/\/flydesk.com\/#website"},"primaryImageOfPage":{"@id":"https:\/\/flydesk.com\/credit\/#primaryimage"},"datePublished":"2020-06-02T04:54:46+00:00","dateModified":"2023-09-07T04:10:56+00:00","description":"Buy credits for a faster and cheaper booking experience to access the FLYDESK certified workspace network globally. Book your space today!","breadcrumb":{"@id":"https:\/\/flydesk.com\/credit\/#breadcrumb"},"inLanguage":"fi","potentialAction":[{"@type":"ReadAction","target":["https:\/\/flydesk.com\/credit\/"]}]},{"@type":"BreadcrumbList","@id":"https:\/\/flydesk.com\/credit\/#breadcrumb","itemListElement":[{"@type":"ListItem","position":1,"name":"Home","item":"https:\/\/flydesk.com\/"},{"@type":"ListItem","position":2,"name":"Credit"}]}]}},"_links":{"self":[{"href":"https:\/\/flydesk.com\/fi\/wp-json\/wp\/v2\/pages\/14469"}],"collection":[{"href":"https:\/\/flydesk.com\/fi\/wp-json\/wp\/v2\/pages"}],"about":[{"href":"https:\/\/flydesk.com\/fi\/wp-json\/wp\/v2\/types\/page"}],"author":[{"embeddable":true,"href":"https:\/\/flydesk.com\/fi\/wp-json\/wp\/v2\/users\/13"}],"replies":[{"embeddable":true,"href":"https:\/\/flydesk.com\/fi\/wp-json\/wp\/v2\/comments?post=14469"}],"version-history":[{"count":1,"href":"https:\/\/flydesk.com\/fi\/wp-json\/wp\/v2\/pages\/14469\/revisions"}],"predecessor-version":[{"id":90923,"href":"https:\/\/flydesk.com\/fi\/wp-json\/wp\/v2\/pages\/14469\/revisions\/90923"}],"wp:attachment":[{"href":"https:\/\/flydesk.com\/fi\/wp-json\/wp\/v2\/media?parent=14469"}],"curies":[{"name":"wp","href":"https:\/\/api.w.org\/{rel}","templated":true}]}}