{"id":1596,"date":"2019-10-24T22:38:37","date_gmt":"2019-10-24T14:38:37","guid":{"rendered":"https:\/\/flydesk.com\/?page_id=1596"},"modified":"2025-06-28T22:15:59","modified_gmt":"2025-06-28T14:15:59","slug":"business-solutions","status":"publish","type":"page","link":"https:\/\/flydesk.com\/fi\/business-solutions\/","title":{"rendered":"Hybrid work solutions for business"},"content":{"rendered":"<h1>\n\t\tHybriditoimistoratkaisut yrityksille\n\t<\/h1>\n\t<p>Autamme yrityksi\u00e4 l\u00f6yt\u00e4m\u00e4\u00e4n parhaat ty\u00f6tilat ja ty\u00f6kalut yhteisten toimisto- ja et\u00e4tiimien hallintaan. Parannamme heid\u00e4n hybriditoimistomalliaan maksimoidaksemme s\u00e4\u00e4st\u00f6t ja suorituskyvyn.<\/p>\n\t\t\t<a href=\"\"   target=\"_self\"   role=\"button\"   rel=\"noopener\">\n\t\t\t\t\t\t\tAloittaa\n\t\t\t\t\t<\/a>\n\t<p>Luota tiimiisi ty\u00f6skentelem\u00e4\u00e4n miss\u00e4 tahansa<\/p>\n\t\t<h2>Teemme yrityksest\u00e4si joustavan<\/h2>\t\t\n\t\t\t<p>FLYDESK suunnittelee joustavia ty\u00f6ratkaisuja, jotka antavat paremman hallinnan yhteisi\u00e4 toimistotiloja ja et\u00e4tiimej\u00e4 k\u00e4ytt\u00e4ville organisaatioille. Luota asiantuntijoihimme ja opi luottamaan joustaviin ja et\u00e4ryhmiisi.<\/p>\n\t\t<h3>Konsultointi<\/h3>\t\t\n\t\t\t\t<img decoding=\"async\"   src=\"https:\/\/mlgucbjxeu1m.i.optimole.com\/cb:B7VA.3e989\/w:200\/h:201\/q:mauto\/ig:avif\/f:best\/https:\/\/flydesk.com\/wp-content\/uploads\/2019\/10\/Transform-PNG.png\"   alt=\"Hybrid work solutions for business\"   itemprop=\"image\"   height=\"201\"   width=\"200\"   title=\"Muunna PNG\"   onerror=\"this.style.display='none'\"  \/>\n\t\t<h3><\/h3>\t\t\n\t\t\t<p>Flexable ty\u00f6n muunnos<\/p>\n\t\t<h3>Ty\u00f6tila<\/h3>\t\t\n\t\t\t\t<img decoding=\"async\"   src=\"https:\/\/mlgucbjxeu1m.i.optimole.com\/cb:B7VA.3e989\/w:200\/h:199\/q:mauto\/ig:avif\/f:best\/https:\/\/flydesk.com\/wp-content\/uploads\/2019\/10\/comfort-workspace-PNG.png\"   alt=\"Hybrid work solutions for business\"   itemprop=\"image\"   height=\"199\"   width=\"200\"   title=\"mukavuus - ty\u00f6tila PNG\"   onerror=\"this.style.display='none'\"  \/>\n\t\t<h3><\/h3>\t\t\n\t\t\t<p>Flexable toimiston haku ja suunnittelu<\/p>\n\t\t<h3>Tekniikka<\/h3>\t\t\n\t\t\t\t<img decoding=\"async\"   src=\"https:\/\/mlgucbjxeu1m.i.optimole.com\/cb:B7VA.3e989\/w:200\/h:200\/q:mauto\/ig:avif\/f:best\/https:\/\/flydesk.com\/wp-content\/uploads\/2019\/10\/Networking-Management-PNG.png\"   alt=\"Hybrid work solutions for business\"   itemprop=\"image\"   height=\"200\"   width=\"200\"   title=\"Verkottuminen - hallinta PNG\"   onerror=\"this.style.display='none'\"  \/>\n\t\t<h3><\/h3>\t\t\n\t\t\t<p>Flexible toimiston ja tiimin hallinta<\/p>\n\t\t\t\t<img decoding=\"async\"   src=\"https:\/\/mlgucbjxeu1m.i.optimole.com\/cb:B7VA.3e989\/w:auto\/h:auto\/q:mauto\/ig:avif\/f:best\/https:\/\/flydesk.com\/wp-content\/uploads\/2022\/12\/FLYDESK-App-Home-Mobile-V1.png\"   alt=\"FLYDESK Hybrid Workpace -ohjelmisto\"   itemprop=\"image\"   height=\"916\"   width=\"550\"   title=\"FLYDESK App Home Mobile V1\"   onerror=\"this.style.display='none'\"  \/>\n<h2>\n\t\tOta hybridity\u00f6 k\u00e4ytt\u00f6\u00f6n yrityksellesi\n\t<\/h2>\n\t<p>Flexible toimistotila yrityksellesi r\u00e4\u00e4t\u00e4l\u00f6ityn\u00e4<\/p>\n\t<p>FLYDESK l\u00f6yt\u00e4\u00e4 parhaat joustavat ty\u00f6tilat kumppaneidemme yll\u00e4pit\u00e4mist\u00e4 yhteisist\u00e4 toimistotiloista r\u00e4\u00e4t\u00e4l\u00f6ityjen toimistotilojen suunnitteluun joustavalle tiimillesi.<\/p>\n\t\t\t<a href=\"https:\/\/flydesk.com\/fi\/general-workspace-enquiry\/\"   target=\"_self\"   role=\"button\"   rel=\"noopener\">\n\t\t\t\t\t\t\tEtsi joustava toimistotila\n\t\t\t\t\t<\/a>\n\t<p>Anna tiimisi ty\u00f6skennell\u00e4 miss\u00e4 tahansa<\/p>\n\t<p>FLYDESK:n avulla hybridiryhm\u00e4t voivat hallita ty\u00f6aikatauluaan l\u00e4pin\u00e4kyv\u00e4sti ja helpottaa jaetun toimistotilan varaamista.<\/p>\n\t\t\t\t<img decoding=\"async\"   src=\"https:\/\/mlgucbjxeu1m.i.optimole.com\/cb:B7VA.3e989\/w:auto\/h:auto\/q:mauto\/ig:avif\/f:best\/https:\/\/flydesk.com\/wp-content\/uploads\/2022\/12\/FLYDESK-App-More-V1.png\"   alt=\"FLYDESK Hybrid Workpace -ohjelmiston ominaisuudet\"   itemprop=\"image\"   height=\"640\"   width=\"770\"   title=\"FLYDESK App Lis\u00e4\u00e4 V1\"   onerror=\"this.style.display='none'\"  \/>\n\t\t\t<a href=\"https:\/\/flydesk.com\/fi\/app\/\"   target=\"_self\"   role=\"button\" rel=\"noopener\">\n\t\t\t\t\t\t\tKokeile hybridity\u00f6sovellustamme\n\t\t\t\t\t<\/a>\n\t\t\t\t<img data-opt-src=\"https:\/\/mlgucbjxeu1m.i.optimole.com\/cb:B7VA.3e989\/w:1024\/h:683\/q:mauto\/ig:avif\/f:best\/https:\/\/flydesk.com\/wp-content\/uploads\/2019\/10\/brooke-cagle-g1Kr4Ozfoac-unsplash.jpg\"   decoding=\"async\"   src=\"https:\/\/mlgucbjxeu1m.i.optimole.com\/cb:B7VA.3e989\/w:1024\/h:683\/q:eco\/ig:avif\/f:best\/https:\/\/flydesk.com\/wp-content\/uploads\/2019\/10\/brooke-cagle-g1Kr4Ozfoac-unsplash.jpg\"   alt=\"brooke-cagle-g1kr4ozfoac-unsplash\"   itemprop=\"image\"   height=\"683\"   width=\"1024\"   title=\"brooke-cagle-g1Kr4Ozfoac-unsplash\"   onerror=\"this.style.display='none'\"  \/>\n<h2>\n\t\tHybridity\u00f6etuja yrityksellesi\n\t<\/h2>\n\t<p>Office tilaa ja kustannuss\u00e4\u00e4st\u00f6j\u00e4<\/p>\n\t<p>Pienemm\u00e4t kulut liittyen toimistotilojen vuokraukseen, laitteisiin, rekrytointikuluihin, matkakuluihin ja optimoida ty\u00f6voimasi palkka.<\/p>\n\t<p>Ihmisten tyytyv\u00e4isyys ja suorituskyky<\/p>\n\t<p>V\u00e4hemm\u00e4n aikaa kuljetuksissa ja vapaus ty\u00f6skennell\u00e4 mist\u00e4 tahansa johtaa ty\u00f6ntekij\u00f6iden uskollisuuteen, suorituskykyyn, onnellisuuksiin ja parempaan terveyteen alemmalla ty\u00f6tasolla.<\/p>\n\t<p>Parempi hiilijalanj\u00e4lki<\/p>\n\t<p>Smaller offices allow energy savings (light, air conditioning, heating&#8230;) &amp; less commuting during peak hours in particular significantly reduces CO2 impact.<\/p>\n\t\t\t<a href=\"\"   target=\"_self\"   role=\"button\"   rel=\"noopener\">\n\t\t\t\t\t\t\tJaa projektisi\n\t\t\t\t\t<\/a>\n                <h5>Yrityskysely<\/h5>\n                <button type=\"button\"   data-dismiss=\"modal\"  aria-label=\"Close\">\n                    \u00d7\n                <\/button>\n<form enctype=\"multipart\/form-data\"   method=\"post\"   id=\"form_makeyourbusinessflexible\"  action=\"\">\n<fieldset>\n<legend>Liiketoimintaratkaisukysely<\/legend>\n<input type=\"hidden\"   name=\"frm_action\"   value=\"create\" \/>\n<input type=\"hidden\"   name=\"form_id\"   value=\"24\" \/>\n<input type=\"hidden\"   name=\"frm_hide_fields_24\"   id=\"frm_hide_fields_24\" value=\"\" \/>\n<input type=\"hidden\"   name=\"form_key\"   value=\"makeyourbusinessflexible\" \/>\n<input type=\"hidden\"   name=\"item_meta[0]\" value=\"\" \/>\n<input type=\"hidden\"   id=\"frm_submit_entry_24\"   name=\"frm_submit_entry_24\" value=\"2e3161c20c\" \/><input type=\"hidden\"   name=\"_wp_http_referer\"   value=\"\/?page_id=1596&#038;fl_builder\" \/>\n    <label for=\"field_6hlvbb1da2d1657c651f0076ef0edf2d076f351b55388\"   id=\"field_6hlvbb1da2d1657c651f0076ef0edf2d076f351b55388_label\">Business email\n        *\n    <\/label>\n    <input type=\"email\"   id=\"field_6hlvbb1da2d1657c651f0076ef0edf2d076f351b55388\"   name=\"item_meta[379]\"   value=\"\"    data-reqmsg=\"This field cannot be blank.\"   aria-required=\"true\"   data-invmsg=\"Email is invalid\"   aria-invalid=\"false\"  \/>\n    <label for=\"field_utllq3fdaf87b3e91cc394c60f5c5ff4b41845144c19a\"   id=\"field_utllq3fdaf87b3e91cc394c60f5c5ff4b41845144c19a_label\">First name\n        *\n    <\/label>\n    <input type=\"text\"   id=\"field_utllq3fdaf87b3e91cc394c60f5c5ff4b41845144c19a\"   name=\"item_meta[380]\"   value=\"\"    data-reqmsg=\"This field cannot be blank.\"   aria-required=\"true\"   data-invmsg=\"Text is invalid\"   aria-invalid=\"false\"  \/>\n    <label for=\"field_d4kjwb3d7675f1ea9f169e4cda5295ec6961b10cc92ac\"   id=\"field_d4kjwb3d7675f1ea9f169e4cda5295ec6961b10cc92ac_label\">Last name\n        *\n    <\/label>\n    <input type=\"text\"   id=\"field_d4kjwb3d7675f1ea9f169e4cda5295ec6961b10cc92ac\"   name=\"item_meta[381]\"   value=\"\"    data-reqmsg=\"This field cannot be blank.\"   aria-required=\"true\"   data-invmsg=\"Text is invalid\"   aria-invalid=\"false\"  \/>\n    <label for=\"field_gm0a71afd94e18a7bb5d7dcd8a32998bab1237ca18709\"   id=\"field_gm0a71afd94e18a7bb5d7dcd8a32998bab1237ca18709_label\">Company name\n        *\n    <\/label>\n    <input type=\"text\"   id=\"field_gm0a71afd94e18a7bb5d7dcd8a32998bab1237ca18709\"   name=\"item_meta[382]\"   value=\"\"    data-reqmsg=\"This field cannot be blank.\"   aria-required=\"true\"   data-invmsg=\"Text is invalid\"   aria-invalid=\"false\"  \/>\n    <label for=\"field_sosg0\"   id=\"field_sosg0_label\">Team size\n        *\n    <\/label>\n    <input type=\"number\"   id=\"field_sosg0\"   name=\"item_meta[393]\"   value=\"\"    data-reqmsg=\"This field cannot be blank.\"   aria-required=\"true\"   data-invmsg=\"Number is invalid\"   aria-invalid=\"false\"     min=\"0\"   max=\"9999999\" step=\"any\"\/>\n    What are you looking for\n        *\n    \t\t<label for=\"field_3ms5f557b13564b-3\"><input type=\"checkbox\"   name=\"item_meta[384][]\"   id=\"field_3ms5f557b13564b-3\"   value=\"Hybrid work app\"    data-reqmsg=\"This field cannot be blank.\"   data-invmsg=\"What are you looking for is invalid\" aria-invalid=\"false\"   \/> Hybridi ty\u00f6sovellus<\/label>\n\t\t<label for=\"field_3ms5f557b13564b-1\"><input type=\"checkbox\"   name=\"item_meta[384][]\"   id=\"field_3ms5f557b13564b-1\"   value=\"Office search\"    data-reqmsg=\"This field cannot be blank.\"   data-invmsg=\"What are you looking for is invalid\"   aria-invalid=\"false\"   \/> Office haku<\/label>\n\t\t<label for=\"field_3ms5f557b13564b-0\"><input type=\"checkbox\"   name=\"item_meta[384][]\"   id=\"field_3ms5f557b13564b-0\"   value=\"Consulting service\"    data-reqmsg=\"This field cannot be blank.\"   data-invmsg=\"What are you looking for is invalid\"   aria-invalid=\"false\"   \/> Konsultointipalvelu<\/label>\n\t\t<label for=\"field_3ms5f557b13564b-other_5\"><input type=\"checkbox\"   name=\"item_meta[384][other_5]\"   id=\"field_3ms5f557b13564b-other_5\"   value=\"Other\"    data-reqmsg=\"This field cannot be blank.\"   data-invmsg=\"What are you looking for is invalid\"   aria-invalid=\"false\"   \/> Muut<\/label><label for=\"field_3ms5f557b13564b-other_5-otext\" >Muut<\/label><input type=\"text\"   id=\"field_3ms5f557b13564b-other_5-otext\"    name=\"item_meta[other][384][other_5]\"   value=\"\" \/>\n    <label for=\"field_98v8d1575218a43ce6ecc0e4b339b8e746eec725471c\"   id=\"field_98v8d1575218a43ce6ecc0e4b339b8e746eec725471c_label\">Viestisi\n    <\/label>\n    <textarea name=\"item_meta[387]\"   id=\"field_98v8d1575218a43ce6ecc0e4b339b8e746eec725471c\"   rows=\"5\"    data-invmsg=\"Your message is invalid\"   aria-invalid=\"false\"     aria-describedby=\"frm_desc_field_98v8d1575218a43ce6ecc0e4b339b8e746eec725471c\"><\/textarea>\n    Kerro meille, kuinka voimme auttaa sinua\n<input type=\"hidden\"   name=\"item_meta[388]\"   id=\"field_mfrojca5b92cd1e6966cf473fe6c6540a4953a6aa54e8\"   value=\"Prospect\"    data-frmval=\"Prospect\"   data-invmsg=\"Hidden FLYDESK Contact Type is invalid\"   \/>\n<input type=\"hidden\"   name=\"item_meta[389]\"   id=\"field_hakknac637572c45cfb55a081df10e3e24bc5d47665a2\"   value=\"Team\"    data-frmval=\"Team\"  data-invmsg=\"Hidden FLYDESK Interest is invalid\"   \/>\n<input type=\"hidden\"   name=\"item_meta[390]\"   id=\"field_k7h1j1b59578da2\"   value=\"Prospect - Consideration\"    data-frmval=\"Prospect - Consideration\" data-invmsg=\"Hidden FLYDESK Lifecycle is invalid\"   \/>\n    <label for=\"g-recaptcha-response\" id=\"field_gcpq9c7d46a689c45b3abe088d5d529e1c6f36242846b_label\">reCAPTCHA\n    <\/label>\n\t<input type=\"hidden\"   name=\"item_key\"   value=\"\" \/>\n\t\t\t\t<label for=\"frm_email_24\">\n\t\t\t\t\tJos olet ihminen, j\u00e4t\u00e4 t\u00e4m\u00e4 kentt\u00e4 tyhj\u00e4ksi.\t\t\t\t<\/label>\n\t\t\t\t<input type=\"text\"   id=\"frm_email_24\"   name=\"frm_verify\"  value=\"\"  \/>\n<button type=\"submit\"    formnovalidate=\"formnovalidate\">L\u00e4het\u00e4<\/button>\n<\/fieldset>\n<input type=\"hidden\"  name=\"trp-form-language\"  value=\"fi\"\/><\/form>","protected":false},"excerpt":{"rendered":"<p>Hybrid office solutions for business We help companies find the best workspaces and tools to manage their shared office &amp; remote teams. We improve their hybrid office model to maximize savings &amp; performance. Get started Trust your team to work from anywhere We make your business flexible FLYDESK designs flexible work solutions giving greater control&hellip;<\/p>","protected":false},"author":1,"featured_media":1,"parent":0,"menu_order":0,"comment_status":"closed","ping_status":"closed","template":"","meta":{"footnotes":""},"acf":[],"yoast_head":"<!-- This site is optimized with the Yoast SEO plugin v16.8 - https:\/\/yoast.com\/wordpress\/plugins\/seo\/ -->\n<title>Hybrid work solutions for business &mdash; FLYDESK<\/title>\n<meta name=\"robots\"  content=\"index, follow, max-snippet:-1, max-image-preview:large, max-video-preview:-1\" \/>\n<link rel=\"canonical\"  href=\"https:\/\/flydesk.com\/fi\/business-solutions\/\" \/>\n<meta property=\"og:locale\"  content=\"fi_FI\" \/>\n<meta property=\"og:type\"  content=\"article\" \/>\n<meta property=\"og:title\"  content=\"Hybrid work solutions for business &mdash; FLYDESK\" \/>\n<meta property=\"og:description\"  content=\"Hybrid office solutions for business We help companies find the best workspaces and tools to manage their shared office &amp; remote teams. We improve their hybrid office model to maximize savings &amp; performance. Get started Trust your team to work from anywhere We make your business flexible FLYDESK designs flexible work solutions giving greater control&hellip;\" \/>\n<meta property=\"og:url\"  content=\"https:\/\/flydesk.com\/fi\/business-solutions\/\" \/>\n<meta property=\"og:site_name\" content=\"FLYDESK\" \/>\n<meta property=\"article:modified_time\"  content=\"2025-06-28T14:15:59+00:00\" \/>\n<meta name=\"twitter:card\"  content=\"summary_large_image\" \/>\n<meta name=\"twitter:label1\" content=\"Arvioitu lukuaika\" \/>\n\t<meta name=\"twitter:data1\" content=\"1 minuutti\" \/>\n<!-- \/ Yoast SEO plugin. -->","yoast_head_json":{"title":"Hybrid work solutions for business &mdash; FLYDESK","robots":{"index":"index","follow":"follow","max-snippet":"max-snippet:-1","max-image-preview":"max-image-preview:large","max-video-preview":"max-video-preview:-1"},"canonical":"https:\/\/flydesk.com\/fi\/business-solutions\/","og_locale":"fi_FI","og_type":"article","og_title":"Hybrid work solutions for business &mdash; FLYDESK","og_description":"Hybrid office solutions for business We help companies find the best workspaces and tools to manage their shared office &amp; remote teams. We improve their hybrid office model to maximize savings &amp; performance. Get started Trust your team to work from anywhere We make your business flexible FLYDESK designs flexible work solutions giving greater control&hellip;","og_url":"https:\/\/flydesk.com\/fi\/business-solutions\/","og_site_name":"FLYDESK","article_modified_time":"2025-06-28T14:15:59+00:00","twitter_card":"summary_large_image","twitter_misc":{"Arvioitu lukuaika":"1 minuutti"},"schema":{"@context":"https:\/\/schema.org","@graph":[{"@type":"Organization","@id":"https:\/\/flydesk.com\/#organization","name":"FLYDESK","url":"https:\/\/flydesk.com\/","sameAs":[],"logo":{"@type":"ImageObject","@id":"https:\/\/flydesk.com\/#logo","inLanguage":"fi","url":"","contentUrl":"","caption":"FLYDESK"},"image":{"@id":"https:\/\/flydesk.com\/#logo"}},{"@type":"WebSite","@id":"https:\/\/flydesk.com\/#website","url":"https:\/\/flydesk.com\/","name":"FLYDESK","description":"Fly your work with style","publisher":{"@id":"https:\/\/flydesk.com\/#organization"},"potentialAction":[{"@type":"SearchAction","target":{"@type":"EntryPoint","urlTemplate":"https:\/\/flydesk.com\/?s={search_term_string}"},"query-input":"required name=search_term_string"}],"inLanguage":"fi"},{"@type":"ImageObject","@id":"https:\/\/flydesk.com\/business-solutions\/#primaryimage","inLanguage":"fi","url":"","contentUrl":""},{"@type":"WebPage","@id":"https:\/\/flydesk.com\/business-solutions\/#webpage","url":"https:\/\/flydesk.com\/business-solutions\/","name":"Hybrid work solutions for business &mdash; FLYDESK","isPartOf":{"@id":"https:\/\/flydesk.com\/#website"},"primaryImageOfPage":{"@id":"https:\/\/flydesk.com\/business-solutions\/#primaryimage"},"datePublished":"2019-10-24T14:38:37+00:00","dateModified":"2025-06-28T14:15:59+00:00","breadcrumb":{"@id":"https:\/\/flydesk.com\/business-solutions\/#breadcrumb"},"inLanguage":"fi","potentialAction":[{"@type":"ReadAction","target":["https:\/\/flydesk.com\/business-solutions\/"]}]},{"@type":"BreadcrumbList","@id":"https:\/\/flydesk.com\/business-solutions\/#breadcrumb","itemListElement":[{"@type":"ListItem","position":1,"name":"Home","item":"https:\/\/flydesk.com\/"},{"@type":"ListItem","position":2,"name":"Hybrid work solutions for business"}]}]}},"_links":{"self":[{"href":"https:\/\/flydesk.com\/fi\/wp-json\/wp\/v2\/pages\/1596"}],"collection":[{"href":"https:\/\/flydesk.com\/fi\/wp-json\/wp\/v2\/pages"}],"about":[{"href":"https:\/\/flydesk.com\/fi\/wp-json\/wp\/v2\/types\/page"}],"author":[{"embeddable":true,"href":"https:\/\/flydesk.com\/fi\/wp-json\/wp\/v2\/users\/1"}],"replies":[{"embeddable":true,"href":"https:\/\/flydesk.com\/fi\/wp-json\/wp\/v2\/comments?post=1596"}],"version-history":[{"count":2,"href":"https:\/\/flydesk.com\/fi\/wp-json\/wp\/v2\/pages\/1596\/revisions"}],"predecessor-version":[{"id":95913,"href":"https:\/\/flydesk.com\/fi\/wp-json\/wp\/v2\/pages\/1596\/revisions\/95913"}],"wp:featuredmedia":[{"embeddable":true,"href":"https:\/\/flydesk.com\/fi\/wp-json\/wp\/v2\/posts\/1"}],"wp:attachment":[{"href":"https:\/\/flydesk.com\/fi\/wp-json\/wp\/v2\/media?parent=1596"}],"curies":[{"name":"wp","href":"https:\/\/api.w.org\/{rel}","templated":true}]}}