{"id":23932,"date":"2020-10-28T22:03:44","date_gmt":"2020-10-28T14:03:44","guid":{"rendered":"https:\/\/flydesk.com\/?page_id=23932"},"modified":"2021-06-02T09:58:44","modified_gmt":"2021-06-02T01:58:44","slug":"design-shared-office","status":"publish","type":"page","link":"https:\/\/flydesk.com\/fi\/design-shared-office\/","title":{"rendered":"Design a flexible and shared office"},"content":{"rendered":"<h1>\n\t\tSuunnittele joustava ja jaettu toimistotila\n\t<\/h1>\n\t<p>Autamme sinua l\u00f6yt\u00e4m\u00e4\u00e4n, suunnittelemaan ja varustamaan joustavat ja yhteiset toimistotilat tuleville vuokralaisillesi tai omalle tiimillesi.<\/p>\n\t\t\t<a href=\"#start\"   target=\"_self\"   role=\"button\"   rel=\"noopener noreferrer\">\n\t\t\t\t\t\t\tAloita projektisi\n\t\t\t\t\t<\/a>\n\t<p>Luo moderniin ty\u00f6tyyliin mukautettu toimistotila<\/p>\n\t\t<h2>Muutamme toimistotilasi joustavaksi ty\u00f6tilaksi<\/h2>\t\t\n\t\t\t<p>FLYDESK tukee koko toimistomuutosta yrityksille, jotka ovat kiinnostuneita tuomaan lis\u00e4\u00e4 joustavuutta ja modernismia ty\u00f6tiloihinsa luomalla inspiroivan ty\u00f6ymp\u00e4rist\u00f6n.<\/p>\n\t\t<h3>Hae<\/h3>\t\t\n\t\t\t\t<img decoding=\"async\"   src=\"https:\/\/mlgucbjxeu1m.i.optimole.com\/cb:B7VA.3e989\/w:200\/h:201\/q:mauto\/ig:avif\/f:best\/https:\/\/flydesk.com\/wp-content\/uploads\/2019\/10\/Transform-PNG.png\"   alt=\"Muunna PNG\"   itemprop=\"image\"   height=\"201\"   width=\"200\"   title=\"Muunna PNG\"   onerror=\"this.style.display='none'\"  \/>\n\t\t<h3><\/h3>\t\t\n\t\t\t<p>L\u00f6yd\u00e4mme t\u00e4ydellisen tilan joustavan toimistotilan luomiseen<\/p>\n\t\t<h3>Design<\/h3>\t\t\n\t\t\t\t<img decoding=\"async\"   src=\"https:\/\/mlgucbjxeu1m.i.optimole.com\/cb:B7VA.3e989\/w:200\/h:199\/q:mauto\/ig:avif\/f:best\/https:\/\/flydesk.com\/wp-content\/uploads\/2019\/10\/comfort-workspace-PNG.png\"   alt=\"mukavuus - ty\u00f6tila PNG\"   itemprop=\"image\"   height=\"199\"   width=\"200\"   title=\"mukavuus - ty\u00f6tila PNG\"   onerror=\"this.style.display='none'\"  \/>\n\t\t<h3><\/h3>\t\t\n\t\t\t<p>Kuvittelemme, suunnittelemme ja varustamme joustavan toimistotilanne<\/p>\n\t\t<h3>Tech<\/h3>\t\t\n\t\t\t\t<img decoding=\"async\"   src=\"https:\/\/mlgucbjxeu1m.i.optimole.com\/cb:B7VA.3e989\/w:200\/h:200\/q:mauto\/ig:avif\/f:best\/https:\/\/flydesk.com\/wp-content\/uploads\/2019\/10\/Networking-Management-PNG.png\"   alt=\"Verkottuminen - hallinta PNG\"   itemprop=\"image\"   height=\"200\"   width=\"200\"   title=\"Verkottuminen - hallinta PNG\"   onerror=\"this.style.display='none'\"  \/>\n\t\t<h3><\/h3>\t\t\n\t\t\t<p>Asennamme teknologian yhteisen toimistotilan hallintaan<\/p>\n<h2>\n\t\tL\u00f6yd\u00e4 t\u00e4ydellinen tila joustavan toimistosi rakentamiseen\n\t<\/h2>\n<h3>\n\t\tTutustu FLYDESK Workspace -verkkoon\n\t<\/h3>\n\t\t\t\t<img data-opt-src=\"https:\/\/mlgucbjxeu1m.i.optimole.com\/cb:B7VA.3e989\/w:auto\/h:auto\/q:mauto\/ig:avif\/f:best\/https:\/\/flydesk.com\/wp-content\/uploads\/2020\/10\/Flydesk-Workspace.png\"   decoding=\"async\"   src=\"https:\/\/mlgucbjxeu1m.i.optimole.com\/cb:B7VA.3e989\/w:auto\/h:auto\/q:eco\/ig:avif\/f:best\/https:\/\/flydesk.com\/wp-content\/uploads\/2020\/10\/Flydesk-Workspace.png\"   alt=\"Flydesk ty\u00f6tila\"   itemprop=\"image\"   height=\"763\"   width=\"1292\"   title=\"Flydesk ty\u00f6tila\"   onerror=\"this.style.display='none'\"  \/>\n\t\t<h3><\/h3>\t\t\n\t\t\t<p>Olemme rakentaneet AirBnB:t\u00e4 muistuttavan sovelluksen l\u00f6yt\u00e4\u00e4ksemme t\u00e4ydellisen ty\u00f6tilan, jota kumppanioperaattorimme hallinnoivat. FLYDESK:n avulla saamme p\u00e4\u00e4syn maailmanlaajuiseen huollettujen toimistojen, ty\u00f6p\u00f6yt\u00e4- tai kokoushuoneiden verkostoon, jotka ovat saatavilla pyynn\u00f6st\u00e4.<\/p>\n\t\t\t<a href=\"https:\/\/flydesk.com\/fi\/workspace\/\"   target=\"_self\"   role=\"button\"   rel=\"noopener noreferrer\">\n\t\t\t\t\t\t\tEtsi ty\u00f6tila\n\t\t\t\t\t<\/a>\n\t\t<h3><\/h3>\t\t\n\t\t\t<p>Tai<\/p>\n<h3>\n\t\tL\u00f6yd\u00e4 uusi tila toimistosi mukauttamiseen\n\t<\/h3>\n\t\t\t\t<img data-opt-src=\"https:\/\/mlgucbjxeu1m.i.optimole.com\/cb:B7VA.3e989\/w:1024\/h:706\/q:mauto\/ig:avif\/f:best\/https:\/\/flydesk.com\/wp-content\/uploads\/2020\/10\/Office-search-design.png\"   decoding=\"async\"   src=\"https:\/\/mlgucbjxeu1m.i.optimole.com\/cb:B7VA.3e989\/w:1024\/h:706\/q:eco\/ig:avif\/f:best\/https:\/\/flydesk.com\/wp-content\/uploads\/2020\/10\/Office-search-design.png\"   alt=\"Office haku ja suunnittelu\"   itemprop=\"image\"   height=\"706\"   width=\"1024\"   title=\"Office haku ja suunnittelu\"   onerror=\"this.style.display='none'\"  \/>\n\t\t<h3><\/h3>\t\t\n\t\t\t<p>Asiantuntijamme kiinteist\u00f6nv\u00e4litt\u00e4jist\u00e4 suunnittelijoihin l\u00f6yt\u00e4v\u00e4t markkinoiden parhaan tilan, joka sopii budjettiisi ja tarpeisiisi. Tiimimme on tunnustettu suunnittelusta maailman parhaiden coworking-tilojen joukkoon.<\/p>\n\t\t\t<a href=\"#start\"   target=\"_self\"   role=\"button\"   rel=\"noopener noreferrer\">\n\t\t\t\t\t\t\tEtsi uusi tila\n\t\t\t\t\t<\/a>\n<h2>\n\t\tSuunnitteluasiantuntijamme tukevat koko toimistosi muutosta\n\t<\/h2>\n\t\t\t\t<img data-opt-src=\"https:\/\/mlgucbjxeu1m.i.optimole.com\/cb:B7VA.3e989\/w:auto\/h:auto\/q:mauto\/ig:avif\/f:best\/https:\/\/flydesk.com\/wp-content\/uploads\/2020\/10\/From-design-to-delivery.png\"   decoding=\"async\"   src=\"https:\/\/mlgucbjxeu1m.i.optimole.com\/cb:B7VA.3e989\/w:auto\/h:auto\/q:eco\/ig:avif\/f:best\/https:\/\/flydesk.com\/wp-content\/uploads\/2020\/10\/From-design-to-delivery.png\"   alt=\"Suunnittelusta toimitukseen\"   itemprop=\"image\"   height=\"619\"   width=\"3432\"   title=\"Suunnittelusta toimitukseen\"   onerror=\"this.style.display='none'\"  \/>\n\t\t<h3>1 Aloita<\/h3>\t\t\n\t\t\t<ul>\n<li>Asiakaskatsaus<\/li>\n<li>Konsulttien sitoutuminen<\/li>\n<li>Sivukartoitus ja auditointi<\/li>\n<li>Suunnittelu &amp; ohjelmointi<\/li>\n<\/ul>\n\t\t<h3>2 Suunnittelu<\/h3>\t\t\n\t\t\t<ul>\n<li>Lopullinen tilan layout<\/li>\n<li>Sisustussuunnitelma<\/li>\n<li>Palvelujen suunnittelu<\/li>\n<li>Kustannusarviot<\/li>\n<\/ul>\n\t\t<h3>3 Sopimus<\/h3>\t\t\n\t\t\t<ul>\n<li>Sopimuksen virallistaminen<\/li>\n<li>Valvonta ja laadunvalvonta<\/li>\n<li>Tarkastus ja korjaus<\/li>\n<li>Sivuston luovutus<\/li>\n<\/ul>\n\t\t<h3>4 Sulkeminen<\/h3>\t\t\n\t\t\t<ul>\n<li>Sopimuksen lopullinen maksu<\/li>\n<li>Hankkeen arviointi<\/li>\n<li>Asiakaspalaute<\/li>\n<li>Asiakkaan menestystarina<\/li>\n<\/ul>\n\t\t\t<a href=\"#start\"   target=\"_self\"   role=\"button\"   rel=\"noopener noreferrer\">\n\t\t\t\t\t\t\tJaa suunnitteluvaatimukset \n\t\t\t\t\t<\/a>\n\t\t\t\t<img data-opt-src=\"https:\/\/mlgucbjxeu1m.i.optimole.com\/cb:B7VA.3e989\/w:892\/h:1080\/q:mauto\/ig:avif\/f:best\/https:\/\/flydesk.com\/wp-content\/uploads\/2021\/06\/FLYDESK-App-Overview-3-black.png\"   decoding=\"async\"   src=\"https:\/\/mlgucbjxeu1m.i.optimole.com\/cb:B7VA.3e989\/w:892\/h:1080\/q:eco\/ig:avif\/f:best\/https:\/\/flydesk.com\/wp-content\/uploads\/2021\/06\/FLYDESK-App-Overview-3-black.png\"   alt=\"FLYDESK App - Yleiskatsaus 3 musta\"   itemprop=\"image\"   height=\"2048\"   width=\"1692\"   title=\"FLYDESK App - Yleiskatsaus 3 musta\"   onerror=\"this.style.display='none'\"  \/>\n<h2>\n\t\tHallitse toimistotilaasi FLYDESK-sovelluksella\n\t<\/h2>\n\t<p>Varausratkaisu yhteiseen toimistoosi<\/p>\n\t<p>Jaettu toimistotila tarkoittaa, ett\u00e4 kaikilla ei ole aina p\u00e4\u00e4sy\u00e4 p\u00f6yt\u00e4\u00e4n. FLYDESK-sovellus varmistaa, ett\u00e4 tiimisi voi aina k\u00e4ytt\u00e4\u00e4 ty\u00f6p\u00f6yt\u00e4\u00e4 tarvittaessa.<\/p>\n\t<p>Team Check-in saadaksesi lis\u00e4\u00e4 n\u00e4kyvyytt\u00e4<\/p>\n\t<p>Toimistotilan optimoinnin lis\u00e4ksi Check-in-ominaisuuden avulla tiimisi j\u00e4senet voivat seurata ty\u00f6aikojaan miss\u00e4 tahansa he ty\u00f6skentelev\u00e4tkin.<\/p>\n\t<p>Toimistosi laajennus verkostoomme<\/p>\n\t<p>Jos olet saavuttanut toimistotilasi t\u00e4yden kapasiteetin tai jos tarvitset kertaluontoisen p\u00e4\u00e4syn p\u00f6yt\u00e4\u00e4n tai kokoustilaan miss\u00e4 p\u00e4in maailmaa tahansa, varaa vain tila sovelluksemme kautta.<\/p>\n\t\t\t\t<img data-opt-src=\"https:\/\/mlgucbjxeu1m.i.optimole.com\/cb:B7VA.3e989\/w:auto\/h:auto\/q:mauto\/ig:avif\/f:best\/https:\/\/flydesk.com\/wp-content\/uploads\/2021\/06\/FLYDESK-App-Overview-4.png\"   decoding=\"async\"   src=\"https:\/\/mlgucbjxeu1m.i.optimole.com\/cb:B7VA.3e989\/w:auto\/h:auto\/q:eco\/ig:avif\/f:best\/https:\/\/flydesk.com\/wp-content\/uploads\/2021\/06\/FLYDESK-App-Overview-4.png\"   alt=\"FLYDESK-sovellus \u2013 Yleiskatsaus 4\"   itemprop=\"image\"   height=\"2212\"   width=\"2958\"   title=\"FLYDESK-sovellus \u2013 Yleiskatsaus 4\"   onerror=\"this.style.display='none'\"  \/>\n\t\t\t<a href=\"#start\"   target=\"_self\"   role=\"button\"   rel=\"noopener noreferrer\">\n\t\t\t\t\t\t\tPyyd\u00e4 demo\n\t\t\t\t\t<\/a>\n<h2>\n\t\tT\u00e4ysi palveluvalikoima FLYDESK-asiantuntijoilta\n\t<\/h2>\n\t\t\t\t<img data-opt-src=\"https:\/\/mlgucbjxeu1m.i.optimole.com\/cb:B7VA.3e989\/w:auto\/h:auto\/q:mauto\/ig:avif\/f:best\/https:\/\/flydesk.com\/wp-content\/uploads\/2020\/10\/FLYDESK-Experts.png\"   decoding=\"async\"   src=\"https:\/\/mlgucbjxeu1m.i.optimole.com\/cb:B7VA.3e989\/w:auto\/h:auto\/q:eco\/ig:avif\/f:best\/https:\/\/flydesk.com\/wp-content\/uploads\/2020\/10\/FLYDESK-Experts.png\"   alt=\"FLYDESK asiantuntijat\"   itemprop=\"image\"   height=\"544\"   width=\"1372\"   title=\"FLYDESK asiantuntijat\"   onerror=\"this.style.display='none'\"  \/>\n\t\t<h3>Konsultointi<\/h3>\t\t\n\t\t\t<p>Suunnittele joustava ty\u00f6si muutos<\/p>\n\t\t<h3>Office<\/h3>\t\t\n\t\t\t<p>L\u00f6yd\u00e4 tiimillesi paras joustava ty\u00f6tila<\/p>\n\t\t<h3>Tekniikka<\/h3>\t\t\n\t\t\t<p>Ota tekniikka k\u00e4ytt\u00f6\u00f6n joustavan tilan ja tiimin py\u00f6ritt\u00e4miseksi<\/p>\n\t\t\t<a href=\"#start\"   target=\"_self\"   role=\"button\"   rel=\"noopener noreferrer\">\n\t\t\t\t\t\t\tKerro meille projektistasi\n\t\t\t\t\t<\/a>\n\tCheck-in tags to manage<br \/>\nshared office &amp; remote teams\n<h2>\n\t\tKerro meille yrityksesi vaatimuksista\n\t<\/h2>","protected":false},"excerpt":{"rendered":"<p>Design your flexible and shared office space We help you find, design and equip your flexible and shared office space for your future tenants or your own team. Start your project Create an office space adapted to the modern work style We transform your office space into a flexible workspace FLYDESK supports the entire office&hellip;<\/p>","protected":false},"author":4,"featured_media":23935,"parent":0,"menu_order":0,"comment_status":"closed","ping_status":"closed","template":"","meta":{"footnotes":""},"acf":[],"yoast_head":"<!-- This site is optimized with the Yoast SEO plugin v16.8 - https:\/\/yoast.com\/wordpress\/plugins\/seo\/ -->\n<title>Design a flexible and shared office &mdash; FLYDESK<\/title>\n<meta name=\"description\"  content=\"Design a flexbile &amp; shared workspace for your team or tenants. FLYDESK supports the search, design and technology setup of your workspace.\" \/>\n<meta name=\"robots\"  content=\"index, follow, max-snippet:-1, max-image-preview:large, max-video-preview:-1\" \/>\n<link rel=\"canonical\"  href=\"https:\/\/flydesk.com\/fi\/design-shared-office\/\" \/>\n<meta property=\"og:locale\"  content=\"fi_FI\" \/>\n<meta property=\"og:type\"  content=\"article\" \/>\n<meta property=\"og:title\"  content=\"Design a flexible and shared office &mdash; FLYDESK\" \/>\n<meta property=\"og:description\"  content=\"Design a flexbile &amp; shared workspace for your team or tenants. FLYDESK supports the search, design and technology setup of your workspace.\" \/>\n<meta property=\"og:url\"  content=\"https:\/\/flydesk.com\/fi\/design-shared-office\/\" \/>\n<meta property=\"og:site_name\" content=\"FLYDESK\" \/>\n<meta property=\"article:modified_time\"  content=\"2021-06-02T01:58:44+00:00\" \/>\n<meta property=\"og:image\"  content=\"https:\/\/mlgucbjxeu1m.i.optimole.com\/cb:B7VA.3e989\/w:auto\/h:auto\/q:mauto\/ig:avif\/f:best\/https:\/\/flydesk.com\/wp-content\/uploads\/2020\/10\/daniel-mccullough-HtBlQdxfG9k-unsplash-scaled.jpg\" \/>\n\t<meta property=\"og:image:width\" content=\"2560\" \/>\n\t<meta property=\"og:image:height\" content=\"1440\" \/>\n<meta name=\"twitter:card\" content=\"summary_large_image\" \/>\n<meta name=\"twitter:label1\" content=\"Arvioitu lukuaika\" \/>\n\t<meta name=\"twitter:data1\" content=\"2 minuuttia\" \/>\n<!-- \/ Yoast SEO plugin. -->","yoast_head_json":{"title":"Design a flexible and shared office &mdash; FLYDESK","description":"Design a flexbile & shared workspace for your team or tenants. FLYDESK supports the search, design and technology setup of your workspace.","robots":{"index":"index","follow":"follow","max-snippet":"max-snippet:-1","max-image-preview":"max-image-preview:large","max-video-preview":"max-video-preview:-1"},"canonical":"https:\/\/flydesk.com\/fi\/design-shared-office\/","og_locale":"fi_FI","og_type":"article","og_title":"Design a flexible and shared office &mdash; FLYDESK","og_description":"Design a flexbile & shared workspace for your team or tenants. FLYDESK supports the search, design and technology setup of your workspace.","og_url":"https:\/\/flydesk.com\/fi\/design-shared-office\/","og_site_name":"FLYDESK","article_modified_time":"2021-06-02T01:58:44+00:00","og_image":[{"width":2560,"height":1440,"url":"https:\/\/mlgucbjxeu1m.i.optimole.com\/cb:B7VA.3e989\/w:auto\/h:auto\/q:mauto\/ig:avif\/f:best\/https:\/\/flydesk.com\/wp-content\/uploads\/2020\/10\/daniel-mccullough-HtBlQdxfG9k-unsplash-scaled.jpg","path":"\/sites\/flydesk.com\/files\/wp-content\/uploads\/2020\/10\/daniel-mccullough-HtBlQdxfG9k-unsplash-scaled.jpg","size":"full","id":23935,"alt":"","pixels":3686400,"type":"image\/jpeg"}],"twitter_card":"summary_large_image","twitter_misc":{"Arvioitu lukuaika":"2 minuuttia"},"schema":{"@context":"https:\/\/schema.org","@graph":[{"@type":"Organization","@id":"https:\/\/flydesk.com\/#organization","name":"FLYDESK","url":"https:\/\/flydesk.com\/","sameAs":[],"logo":{"@type":"ImageObject","@id":"https:\/\/flydesk.com\/#logo","inLanguage":"fi","url":"","contentUrl":"","caption":"FLYDESK"},"image":{"@id":"https:\/\/flydesk.com\/#logo"}},{"@type":"WebSite","@id":"https:\/\/flydesk.com\/#website","url":"https:\/\/flydesk.com\/","name":"FLYDESK","description":"Fly your work with style","publisher":{"@id":"https:\/\/flydesk.com\/#organization"},"potentialAction":[{"@type":"SearchAction","target":{"@type":"EntryPoint","urlTemplate":"https:\/\/flydesk.com\/?s={search_term_string}"},"query-input":"required name=search_term_string"}],"inLanguage":"fi"},{"@type":"ImageObject","@id":"https:\/\/flydesk.com\/ru\/design-shared-office\/#primaryimage","inLanguage":"fi","url":"https:\/\/mlgucbjxeu1m.i.optimole.com\/cb:B7VA.3e989\/w:auto\/h:auto\/q:mauto\/ig:avif\/f:best\/https:\/\/flydesk.com\/wp-content\/uploads\/2020\/10\/daniel-mccullough-HtBlQdxfG9k-unsplash-scaled.jpg","contentUrl":"https:\/\/mlgucbjxeu1m.i.optimole.com\/cb:B7VA.3e989\/w:auto\/h:auto\/q:mauto\/ig:avif\/f:best\/https:\/\/flydesk.com\/wp-content\/uploads\/2020\/10\/daniel-mccullough-HtBlQdxfG9k-unsplash-scaled.jpg","width":2560,"height":1440,"caption":"Design a flexible and shared office"},{"@type":"WebPage","@id":"https:\/\/flydesk.com\/ru\/design-shared-office\/#webpage","url":"https:\/\/flydesk.com\/ru\/design-shared-office\/","name":"Design a flexible and shared office &mdash; FLYDESK","isPartOf":{"@id":"https:\/\/flydesk.com\/#website"},"primaryImageOfPage":{"@id":"https:\/\/flydesk.com\/ru\/design-shared-office\/#primaryimage"},"datePublished":"2020-10-28T14:03:44+00:00","dateModified":"2021-06-02T01:58:44+00:00","description":"Design a flexbile & shared workspace for your team or tenants. FLYDESK supports the search, design and technology setup of your workspace.","breadcrumb":{"@id":"https:\/\/flydesk.com\/ru\/design-shared-office\/#breadcrumb"},"inLanguage":"fi","potentialAction":[{"@type":"ReadAction","target":["https:\/\/flydesk.com\/ru\/design-shared-office\/"]}]},{"@type":"BreadcrumbList","@id":"https:\/\/flydesk.com\/ru\/design-shared-office\/#breadcrumb","itemListElement":[{"@type":"ListItem","position":1,"name":"Home","item":"https:\/\/flydesk.com\/"},{"@type":"ListItem","position":2,"name":"Design a flexible and shared office"}]}]}},"_links":{"self":[{"href":"https:\/\/flydesk.com\/fi\/wp-json\/wp\/v2\/pages\/23932"}],"collection":[{"href":"https:\/\/flydesk.com\/fi\/wp-json\/wp\/v2\/pages"}],"about":[{"href":"https:\/\/flydesk.com\/fi\/wp-json\/wp\/v2\/types\/page"}],"author":[{"embeddable":true,"href":"https:\/\/flydesk.com\/fi\/wp-json\/wp\/v2\/users\/4"}],"replies":[{"embeddable":true,"href":"https:\/\/flydesk.com\/fi\/wp-json\/wp\/v2\/comments?post=23932"}],"version-history":[{"count":0,"href":"https:\/\/flydesk.com\/fi\/wp-json\/wp\/v2\/pages\/23932\/revisions"}],"wp:featuredmedia":[{"embeddable":true,"href":"https:\/\/flydesk.com\/fi\/wp-json\/wp\/v2\/media\/23935"}],"wp:attachment":[{"href":"https:\/\/flydesk.com\/fi\/wp-json\/wp\/v2\/media?parent=23932"}],"curies":[{"name":"wp","href":"https:\/\/api.w.org\/{rel}","templated":true}]}}