{"id":2463,"date":"2019-12-04T15:04:05","date_gmt":"2019-12-04T07:04:05","guid":{"rendered":"https:\/\/flydesk.com\/?page_id=2463"},"modified":"2021-06-02T15:43:48","modified_gmt":"2021-06-02T07:43:48","slug":"club","status":"publish","type":"page","link":"https:\/\/flydesk.com\/fi\/club\/","title":{"rendered":"Liity FLYDESK CLUBiin"},"content":{"rendered":"<h1>\n\t\tLenn\u00e4 ty\u00f6si\n\t<\/h1>\n\t<p>L\u00f6yd\u00e4 parhaat ty\u00f6skentelytilat ja ty\u00f6kalut tehd\u00e4ksesi tuottavampaa ty\u00f6skennell\u00e4 miss\u00e4 tahansa.<\/p>\n\t\t\t<a href=\"?popup=signup\"   target=\"_self\"   role=\"button\"   rel=\"noopener noreferrer\">\n\t\t\t\t\t\t\tAloittaa\n\t\t\t\t\t<\/a>\n\t<p>Liity FLYDESK CLUBiin ilmaiseksi<\/p>\n\t\t\t\t<a href=\"#intro\"   target=\"_self\"   itemprop=\"url\"   rel=\"noopener noreferrer\">\n\t\t\t\t<img decoding=\"async\"   src=\"https:\/\/mlgucbjxeu1m.i.optimole.com\/cb:B7VA.3e989\/w:auto\/h:auto\/q:mauto\/ig:avif\/f:best\/https:\/\/flydesk.com\/wp-content\/uploads\/2020\/11\/Down-arrow.png\"   alt=\"Nuoli alas\"   itemprop=\"image\"   height=\"176\"   width=\"176\"   title=\"Nuoli alas\"   onerror=\"this.style.display='none'\"  \/>\n\t\t\t\t<\/a>\n\t\t\t\t<img decoding=\"async\"   src=\"https:\/\/mlgucbjxeu1m.i.optimole.com\/cb:B7VA.3e989\/w:1024\/h:847\/q:mauto\/ig:avif\/f:best\/https:\/\/flydesk.com\/wp-content\/uploads\/2020\/01\/Workspace-Details-with-fade.png\"   alt=\"Ty\u00f6tilan yksityiskohdat haalistumalla\"   itemprop=\"image\"   height=\"847\"   width=\"1024\"   title=\"Ty\u00f6tilan yksityiskohdat haalistumalla\"   onerror=\"this.style.display='none'\"  \/>\n<h2>\n\t\tFind a coworking space at anytime &#038; anywhere\n\t<\/h2>\n<h2>\n\t\tV\u00e4lit\u00f6n varaus\n\t<\/h2>\n\t<p>Varaa ty\u00f6p\u00f6yt\u00e4 tai kokoushuone yhdell\u00e4 napsautuksella yhdess\u00e4 sertifioiduista ty\u00f6tiloistamme.<\/p>\n<h2>\n\t\tTy\u00f6tilakysely\n\t<\/h2>\n\t<p>J\u00e4rjest\u00e4 kierros tai tiedustele seuraavaa yksityisen toimiston muuttoa, tapahtumatilaa tai virtuaalitoimiston tarpeita.<\/p>\n<h2>\n\t\tParhaat ty\u00f6tilat\n\t<\/h2>\n\t<p>Discover parhaat yhteisty\u00f6tilat ja jaettu ty\u00f6tila ymp\u00e4rill\u00e4si ja joita yhteis\u00f6mme k\u00e4ytt\u00e4v\u00e4t.<\/p>\n\t\t\t<a href=\"?popup=signup\"   target=\"_self\"   role=\"button\"   rel=\"noopener noreferrer\">\n\t\t\t\t\t\t\tIlmoittaudu nyt\n\t\t\t\t\t<\/a>\n\t\t\t\t<img decoding=\"async\"   src=\"https:\/\/mlgucbjxeu1m.i.optimole.com\/cb:B7VA.3e989\/w:846\/h:1024\/q:mauto\/ig:avif\/f:best\/https:\/\/flydesk.com\/wp-content\/uploads\/2021\/06\/FLYDESK-App-Overview-3-black.png\"   alt=\"FLYDESK App - Yleiskatsaus 3 musta\"   itemprop=\"image\"   height=\"1024\"   width=\"846\"   title=\"FLYDESK App - Yleiskatsaus 3 musta\"   onerror=\"this.style.display='none'\"  \/>\n<h2>\n\t\tTrack working hours &#038; locations to enable trust\n\t<\/h2>\n<h2>\n\t\tCheck-in &#038; analytics\n\t<\/h2>\n\t<p>Kirjaudu sis\u00e4\u00e4n seurataksesi ty\u00f6aikojasi ja sijaintiasi l\u00f6yt\u00e4\u00e4ksesi parhaat olosuhteet tehokkaimmalle ty\u00f6llesi. Ota selv\u00e4\u00e4, ketk\u00e4 ty\u00f6skentelev\u00e4t ymp\u00e4rill\u00e4si ty\u00f6kavereiden verkoston rakentamiseksi.<\/p>\n<h2>\n\t\tTeam collaboration &#038; safety\n\t<\/h2>\n\t<p>Simplify kommunikoi tiimisi ja kontaktisi kanssa antamalla enemm\u00e4n n\u00e4kyvyytt\u00e4 ty\u00f6n tilasta ja sijainnista. Ty\u00f6n l\u00e4pin\u00e4kyvyys voi lis\u00e4t\u00e4 suorituskyky\u00e4 ja turvallisuutta vakuutustarkoituksiin.<\/p>\n\t\t\t\t<img data-opt-src=\"https:\/\/mlgucbjxeu1m.i.optimole.com\/cb:B7VA.3e989\/w:1024\/h:766\/q:mauto\/ig:avif\/f:best\/https:\/\/flydesk.com\/wp-content\/uploads\/2021\/06\/FLYDESK-App-Overview-4.png\"   decoding=\"async\"   src=\"https:\/\/mlgucbjxeu1m.i.optimole.com\/cb:B7VA.3e989\/w:1024\/h:766\/q:eco\/ig:avif\/f:best\/https:\/\/flydesk.com\/wp-content\/uploads\/2021\/06\/FLYDESK-App-Overview-4.png\"   alt=\"FLYDESK-sovellus \u2013 Yleiskatsaus 4\"   itemprop=\"image\"   height=\"766\"   width=\"1024\"   title=\"FLYDESK-sovellus \u2013 Yleiskatsaus 4\"   onerror=\"this.style.display='none'\"  \/>\n\t\t\t<a href=\"https:\/\/flydesk.com\/fi\/membership\/\"   target=\"_self\"   role=\"button\"   rel=\"noopener noreferrer\">\n\t\t\t\t\t\t\tDiscover CLUB-j\u00e4senyys\n\t\t\t\t\t<\/a>\n\t<h2>Liity FLYDESK CLUBiin<\/h2>\n\t\t\t<a href=\"?popup=signup\"   target=\"_self\"   role=\"button\"   rel=\"noopener noreferrer\">\n\t\t\t\t\t\t\tAloita nyt\n\t\t\t\t\t<\/a>\n\t\t\t\t<a href=\"https:\/\/flydesk.com\/fi\/app\/\"   target=\"_self\"   itemprop=\"url\"   rel=\"noopener noreferrer\">\n\t\t\t\t<img data-opt-src=\"https:\/\/mlgucbjxeu1m.i.optimole.com\/cb:B7VA.3e989\/w:200\/h:56\/q:mauto\/ig:avif\/f:best\/https:\/\/flydesk.com\/wp-content\/uploads\/2019\/12\/flydeskapp-playstore.png\"   decoding=\"async\"   src=\"https:\/\/mlgucbjxeu1m.i.optimole.com\/cb:B7VA.3e989\/w:200\/h:56\/q:eco\/ig:avif\/f:best\/https:\/\/flydesk.com\/wp-content\/uploads\/2019\/12\/flydeskapp-playstore.png\"   alt=\"flydeskapp-playstore\"   itemprop=\"image\"   height=\"56\"   width=\"200\"   title=\"flydeskapp-playstore\"   onerror=\"this.style.display='none'\"  \/>\n\t\t\t\t<\/a>\n\t\t\t\t<a href=\"https:\/\/flydesk.com\/fi\/app\/\"   target=\"_self\"   itemprop=\"url\"   rel=\"noopener noreferrer\">\n\t\t\t\t<img data-opt-src=\"https:\/\/mlgucbjxeu1m.i.optimole.com\/cb:B7VA.3e989\/w:200\/h:56\/q:mauto\/ig:avif\/f:best\/https:\/\/flydesk.com\/wp-content\/uploads\/2019\/12\/flydeskapp-appstore.png\"   decoding=\"async\"   src=\"https:\/\/mlgucbjxeu1m.i.optimole.com\/cb:B7VA.3e989\/w:200\/h:56\/q:eco\/ig:avif\/f:best\/https:\/\/flydesk.com\/wp-content\/uploads\/2019\/12\/flydeskapp-appstore.png\"   alt=\"flydeskapp-sovelluskauppa\"   itemprop=\"image\"   height=\"56\"   width=\"200\"   title=\"flydeskapp-sovelluskauppa\"   onerror=\"this.style.display='none'\"  \/>\n\t\t\t\t<\/a>","protected":false},"excerpt":{"rendered":"<p>Fly your work Find the best coworking spaces and tools to become more productive to work from anywhere. Get started Join the FLYDESK CLUB for free Find a coworking space at anytime &#038; anywhere Instant booking Book a desk or a meeting room in one click in one of our certified workspace locations. Workspace enquiry&hellip;<\/p>","protected":false},"author":8,"featured_media":661,"parent":0,"menu_order":0,"comment_status":"closed","ping_status":"closed","template":"","meta":{"footnotes":""},"acf":[],"yoast_head":"<!-- This site is optimized with the Yoast SEO plugin v16.8 - https:\/\/yoast.com\/wordpress\/plugins\/seo\/ -->\n<title>Join the FLYDESK CLUB &mdash; FLYDESK<\/title>\n<meta name=\"description\"  content=\"Access flexible workspaces and tools for remote professionals to be productive from anywhere and at anytime. Join our the FLYDESK CLUB!\" \/>\n<meta name=\"robots\"  content=\"index, follow, max-snippet:-1, max-image-preview:large, max-video-preview:-1\" \/>\n<link rel=\"canonical\"  href=\"https:\/\/flydesk.com\/fi\/club\/\" \/>\n<meta property=\"og:locale\"  content=\"fi_FI\" \/>\n<meta property=\"og:type\"  content=\"article\" \/>\n<meta property=\"og:title\"  content=\"Join the FLYDESK CLUB &mdash; FLYDESK\" \/>\n<meta property=\"og:description\"  content=\"Access flexible workspaces and tools for remote professionals to be productive from anywhere and at anytime. Join our the FLYDESK CLUB!\" \/>\n<meta property=\"og:url\"  content=\"https:\/\/flydesk.com\/fi\/club\/\" \/>\n<meta property=\"og:site_name\" content=\"FLYDESK\" \/>\n<meta property=\"article:modified_time\"  content=\"2021-06-02T07:43:48+00:00\" \/>\n<meta property=\"og:image\"  content=\"https:\/\/mlgucbjxeu1m.i.optimole.com\/cb:B7VA.3e989\/w:auto\/h:auto\/q:mauto\/ig:avif\/f:best\/https:\/\/flydesk.com\/wp-content\/uploads\/2019\/09\/flydesk-icon-white.png\" \/>\n\t<meta property=\"og:image:width\" content=\"512\" \/>\n\t<meta property=\"og:image:height\" content=\"512\" \/>\n<meta name=\"twitter:card\" content=\"summary_large_image\" \/>\n<meta name=\"twitter:label1\" content=\"Arvioitu lukuaika\" \/>\n\t<meta name=\"twitter:data1\" content=\"1 minuutti\" \/>\n<!-- \/ Yoast SEO plugin. -->","yoast_head_json":{"title":"Join the FLYDESK CLUB &mdash; FLYDESK","description":"Access flexible workspaces and tools for remote professionals to be productive from anywhere and at anytime. Join our the FLYDESK CLUB!","robots":{"index":"index","follow":"follow","max-snippet":"max-snippet:-1","max-image-preview":"max-image-preview:large","max-video-preview":"max-video-preview:-1"},"canonical":"https:\/\/flydesk.com\/fi\/club\/","og_locale":"fi_FI","og_type":"article","og_title":"Join the FLYDESK CLUB &mdash; FLYDESK","og_description":"Access flexible workspaces and tools for remote professionals to be productive from anywhere and at anytime. Join our the FLYDESK CLUB!","og_url":"https:\/\/flydesk.com\/fi\/club\/","og_site_name":"FLYDESK","article_modified_time":"2021-06-02T07:43:48+00:00","og_image":[{"width":512,"height":512,"url":"https:\/\/mlgucbjxeu1m.i.optimole.com\/cb:B7VA.3e989\/w:auto\/h:auto\/q:mauto\/ig:avif\/f:best\/https:\/\/flydesk.com\/wp-content\/uploads\/2019\/09\/flydesk-icon-white.png","path":"\/sites\/flydesk.com\/files\/wp-content\/uploads\/2019\/09\/flydesk-icon-white.png","size":"full","id":"661","alt":"","pixels":262144,"type":"image\/png"}],"twitter_card":"summary_large_image","twitter_misc":{"Arvioitu lukuaika":"1 minuutti"},"schema":{"@context":"https:\/\/schema.org","@graph":[{"@type":"Organization","@id":"https:\/\/flydesk.com\/#organization","name":"FLYDESK","url":"https:\/\/flydesk.com\/","sameAs":[],"logo":{"@type":"ImageObject","@id":"https:\/\/flydesk.com\/#logo","inLanguage":"fi","url":"","contentUrl":"","caption":"FLYDESK"},"image":{"@id":"https:\/\/flydesk.com\/#logo"}},{"@type":"WebSite","@id":"https:\/\/flydesk.com\/#website","url":"https:\/\/flydesk.com\/","name":"FLYDESK","description":"Fly your work with style","publisher":{"@id":"https:\/\/flydesk.com\/#organization"},"potentialAction":[{"@type":"SearchAction","target":{"@type":"EntryPoint","urlTemplate":"https:\/\/flydesk.com\/?s={search_term_string}"},"query-input":"required name=search_term_string"}],"inLanguage":"fi"},{"@type":"ImageObject","@id":"https:\/\/flydesk.com\/club\/#primaryimage","inLanguage":"fi","url":"https:\/\/mlgucbjxeu1m.i.optimole.com\/cb:B7VA.3e989\/w:auto\/h:auto\/q:mauto\/ig:avif\/f:best\/https:\/\/flydesk.com\/wp-content\/uploads\/2019\/09\/flydesk-icon-white.png","contentUrl":"https:\/\/mlgucbjxeu1m.i.optimole.com\/cb:B7VA.3e989\/w:auto\/h:auto\/q:mauto\/ig:avif\/f:best\/https:\/\/flydesk.com\/wp-content\/uploads\/2019\/09\/flydesk-icon-white.png","width":512,"height":512,"caption":"flydesk-icon-white"},{"@type":"WebPage","@id":"https:\/\/flydesk.com\/club\/#webpage","url":"https:\/\/flydesk.com\/club\/","name":"Join the FLYDESK CLUB &mdash; FLYDESK","isPartOf":{"@id":"https:\/\/flydesk.com\/#website"},"primaryImageOfPage":{"@id":"https:\/\/flydesk.com\/club\/#primaryimage"},"datePublished":"2019-12-04T07:04:05+00:00","dateModified":"2021-06-02T07:43:48+00:00","description":"Access flexible workspaces and tools for remote professionals to be productive from anywhere and at anytime. Join our the FLYDESK CLUB!","breadcrumb":{"@id":"https:\/\/flydesk.com\/club\/#breadcrumb"},"inLanguage":"fi","potentialAction":[{"@type":"ReadAction","target":["https:\/\/flydesk.com\/club\/"]}]},{"@type":"BreadcrumbList","@id":"https:\/\/flydesk.com\/club\/#breadcrumb","itemListElement":[{"@type":"ListItem","position":1,"name":"Home","item":"https:\/\/flydesk.com\/"},{"@type":"ListItem","position":2,"name":"Join the FLYDESK CLUB"}]}]}},"_links":{"self":[{"href":"https:\/\/flydesk.com\/fi\/wp-json\/wp\/v2\/pages\/2463"}],"collection":[{"href":"https:\/\/flydesk.com\/fi\/wp-json\/wp\/v2\/pages"}],"about":[{"href":"https:\/\/flydesk.com\/fi\/wp-json\/wp\/v2\/types\/page"}],"author":[{"embeddable":true,"href":"https:\/\/flydesk.com\/fi\/wp-json\/wp\/v2\/users\/8"}],"replies":[{"embeddable":true,"href":"https:\/\/flydesk.com\/fi\/wp-json\/wp\/v2\/comments?post=2463"}],"version-history":[{"count":0,"href":"https:\/\/flydesk.com\/fi\/wp-json\/wp\/v2\/pages\/2463\/revisions"}],"wp:featuredmedia":[{"embeddable":true,"href":"https:\/\/flydesk.com\/fi\/wp-json\/wp\/v2\/media\/661"}],"wp:attachment":[{"href":"https:\/\/flydesk.com\/fi\/wp-json\/wp\/v2\/media?parent=2463"}],"curies":[{"name":"wp","href":"https:\/\/api.w.org\/{rel}","templated":true}]}}