{"id":14469,"date":"2020-06-02T12:54:46","date_gmt":"2020-06-02T04:54:46","guid":{"rendered":"https:\/\/dev.flydesk.com\/credits\/"},"modified":"2023-09-07T12:10:56","modified_gmt":"2023-09-07T04:10:56","slug":"credit","status":"publish","type":"page","link":"https:\/\/flydesk.com\/fr\/credit\/","title":{"rendered":"Cr\u00e9dit"},"content":{"rendered":"<h1>\r\n\t\tAcheter des Cr\u00e9dits FLYDESK\r\n\t<\/h1>\r\n\t<div class=\"dp_currency_select\"><select class=\"fd-currency-select-normal\"><option value=\"HKD\"   selected data-symbol=\"$\">HKD<\/option><option value=\"SGD\"    data-symbol=\"$\">SGD<\/option><option value=\"USD\"    data-symbol=\"$\">USD<\/option><option value=\"EUR\"    data-symbol=\"$\">EUR<\/option><option value=\"GBP\"    data-symbol=\"$\">GBP<\/option><option value=\"CHF\"    data-symbol=\"$\">CHF<\/option><option value=\"IDR\"    data-symbol=\"$\">IDR<\/option><option value=\"INR\"    data-symbol=\"$\">INR<\/option><option value=\"PHP\"    data-symbol=\"$\">PHP<\/option><option value=\"MGA\"    data-symbol=\"$\">MGA<\/option><option value=\"NZD\"    data-symbol=\"$\">NZD<\/option><option value=\"PKR\"    data-symbol=\"$\">PKR<\/option><\/select><\/div>\r\n<h6>\r\n\t\tRECOMMANDE FLYDESK\r\n\t<\/h6>\r\n<h4><b>Pack Cr\u00e9dits<\/b><\/h4>\r\n<p>Achetez des cr\u00e9dits pour une exp\u00e9rience de r\u00e9servation plus rapide et moins ch\u00e8re pour acc\u00e9der aux espaces de travail FLYDESK.<\/p>\r\n<h4><b><small>$<\/small>2,000+<\/b><\/h4>\r\n<p>\u00e0 partir de la remise 10% <img decoding=\"async\"   src=\"https:\/\/d3l13r1yn9peim.cloudfront.net\/2021\/04\/22110535\/Host.png\"   alt=\"\"  width=\"15\" height=\"14\" \/> espaces de travail<\/p>\r\n\t\t\t<a href=\"https:\/\/flydesk.com\/fr\/cart\/?add-to-cart=14496&#038;v=2000\/\"   target=\"_self\"   role=\"button\"   rel=\"noopener\">\r\n\t\t\t\t\t\t\tAcheter maintenant\r\n\t\t\t\t\t<\/a>\r\n<h6>\r\n\t\t&#8211;\r\n\t<\/h6>\r\n<h4><b>\u00c0 la demande<\/b><\/h4>\r\n<p>R\u00e9servez instantan\u00e9ment et payez le tarif exact pour acc\u00e9der \u00e0 l&#39;espace de travail de votre choix.<\/p>\r\n<h4><b>Pas de minimum<\/b><\/h4>\r\n<p>Pas de rabais<\/p>\r\n\t\t\t<a href=\"\/fr\/workspace\/\"   target=\"_self\"   role=\"button\"   rel=\"noopener\">\r\n\t\t\t\t\t\t\tR\u00e9server\r\n\t\t\t\t\t<\/a>\r\n<h2>\r\n\t\tQuestions fr\u00e9quemment pos\u00e9es\r\n\t<\/h2>\r\n\t\t\t<a href=\"#\"   id=\"fl-accordion--label-0\"   tabindex=\"0\"   aria-controls=\"fl-accordion--panel-0\">Que sont les Cr\u00e9dits FLYDESK ?<\/a>\r\n\t\t\t\t\t\t\t<a href=\"#\"   id=\"fl-accordion--icon-0\"   tabindex=\"0\"   aria-controls=\"fl-accordion--panel-0\"><i>\u00c9tendre<\/i><\/a>\r\n\t\t<p>Avec les cr\u00e9dits FLYDESK, vous pouvez r\u00e9server des salles de r\u00e9union ou des bureaux disponibles \u00e0 la demande au sein du r\u00e9seau d&#39;espaces de travail FLYDESK. FLYDESK Workspace Partenaires signal\u00e9s par un <img decoding=\"async\"   src=\"https:\/\/d3l13r1yn9peim.cloudfront.net\/2021\/04\/22110535\/Host.png\" alt=\"\" width=\"15\" height=\"14\" \/> sur la carte et la liste offrira des r\u00e9ductions sur les r\u00e9servations de salles de r\u00e9union et de hot desk effectu\u00e9es avec des cr\u00e9dits FLYDESK.<\/p>\r\n\t\t\t<a href=\"#\"   id=\"fl-accordion--label-1\"   tabindex=\"0\"   aria-controls=\"fl-accordion--panel-1\">Ai-je besoin d&#39;un abonnement FLYDESK pour utiliser les Cr\u00e9dits FLYDESK ?<\/a>\r\n\t\t\t\t\t\t\t<a href=\"#\"   id=\"fl-accordion--icon-1\"   tabindex=\"0\"   aria-controls=\"fl-accordion--panel-1\"><i>\u00c9tendre<\/i><\/a>\r\n\t\t<p>Non, vous n&#39;avez pas besoin d&#39;un abonnement FLYDESK pour utiliser les cr\u00e9dits FLYDESK mais vous devrez vous inscrire pour un compte utilisateur gratuit sur notre site Web ou sur notre application FLYDESK. Pour en savoir plus sur l&#39;abonnement payant, vous pouvez consulter notre <a href=\"https:\/\/flydesk.com\/fr\/pricing\/\">Plans tarifaires FLYDESK ici<\/a>.<\/p>\r\n\t\t\t<a href=\"#\"   id=\"fl-accordion--label-2\"   tabindex=\"0\"   aria-controls=\"fl-accordion--panel-2\">Comment puis-je acheter des Cr\u00e9dits FLYDESK ?<\/a>\r\n\t\t\t\t\t\t\t<a href=\"#\"   id=\"fl-accordion--icon-2\"   tabindex=\"0\"   aria-controls=\"fl-accordion--panel-2\"><i>\u00c9tendre<\/i><\/a>\r\n\t\t<p>Les cr\u00e9dits FLYDESK peuvent \u00eatre achet\u00e9s instantan\u00e9ment par carte de cr\u00e9dit ou par virement bancaire pour acc\u00e9der au r\u00e9seau d&#39;espace de travail FLYDESK. Une fois achet\u00e9, vous pouvez commencer \u00e0 r\u00e9server un espace de travail sur notre r\u00e9seau d&#39;espaces de travail FLYDESK et payer avec des cr\u00e9dits FLYDESK. Payer avec FLYDESK peut permettre des r\u00e9ductions dans certains espaces de travail.<\/p>\r\n\t\t\t<a href=\"#\"   id=\"fl-accordion--label-3\"   tabindex=\"0\"   aria-controls=\"fl-accordion--panel-3\">Puis-je utiliser mes Cr\u00e9dits dans un autre pays ?<\/a>\r\n\t\t\t\t\t\t\t<a href=\"#\"   id=\"fl-accordion--icon-3\"   tabindex=\"0\"   aria-controls=\"fl-accordion--panel-3\"><i>\u00c9tendre<\/i><\/a>\r\n\t\t<p>Si vous souhaitez r\u00e9server un espace de travail dans un pays acceptant une devise diff\u00e9rente de celle dans laquelle vous avez achet\u00e9 vos cr\u00e9dits, FLYDESK convertira le montant local dans la devise de votre cr\u00e9dit apr\u00e8s avoir inclus des frais de 3% sur le taux de change actuel.<\/p>\r\n\t\t\t<a href=\"#\"   id=\"fl-accordion--label-4\"   tabindex=\"0\"   aria-controls=\"fl-accordion--panel-4\">Qu&#39;advient-il de mes Cr\u00e9dits en cas d&#39;annulation de r\u00e9servation ?<\/a>\r\n\t\t\t\t\t\t\t<a href=\"#\"   id=\"fl-accordion--icon-4\"   tabindex=\"0\"   aria-controls=\"fl-accordion--panel-4\"><i>\u00c9tendre<\/i><\/a>\r\n\t\t<p>En cas d&#39;annulation de r\u00e9servation d&#39;espace de travail, les cr\u00e9dits utilis\u00e9s pour la r\u00e9servation pourront \u00eatre rembours\u00e9s selon les conditions fix\u00e9es par l&#39;espace de travail partenaire.<\/p>\r\n\t\t\t<a href=\"#\"   id=\"fl-accordion--label-5\"   tabindex=\"0\"   aria-controls=\"fl-accordion--panel-5\">Les cr\u00e9dits FLYDESK peuvent-ils expirer\u00a0?<\/a>\r\n\t\t\t\t\t\t\t<a href=\"#\"   id=\"fl-accordion--icon-5\"   tabindex=\"0\"   aria-controls=\"fl-accordion--panel-5\"><i>\u00c9tendre<\/i><\/a>\r\n\t\t<p>Les cr\u00e9dits FLYDESK n&#39;ont pas de date d&#39;expiration tant que vous avez un compte FLYDESK.<\/p>\r\n\t\t\t<a href=\"#\"   id=\"fl-accordion--label-6\"   tabindex=\"0\"   aria-controls=\"fl-accordion--panel-6\">Mes Cr\u00e9dits FLYDESK peuvent-ils \u00eatre rembours\u00e9s ?<\/a>\r\n\t\t\t\t\t\t\t<a href=\"#\"   id=\"fl-accordion--icon-6\"   tabindex=\"0\"   aria-controls=\"fl-accordion--panel-6\"><i>\u00c9tendre<\/i><\/a>\r\n\t\t<p>Oui c&#39;est possible. Si vous souhaitez un remboursement de votre solde cr\u00e9diteur sur votre compte bancaire, nous appliquerons des frais de remboursement de 10% sur le cr\u00e9dit restant plus les frais de virement bancaire.<\/p>\r\n\t\t\t<a href=\"https:\/\/flydesk.com\/fr\/pricing\/\"   target=\"_self\"   role=\"button\"   rel=\"noopener\">\r\n\t\t\t\t\t\t\tChoisissez un plan de licence FLYDESK\r\n\t\t\t\t\t<\/a>","protected":false},"excerpt":{"rendered":"<p>Achetez des cr\u00e9dits FLYDESK FLYDESK RECOMMANDE le pack de cr\u00e9dits Achetez des cr\u00e9dits pour une exp\u00e9rience de r\u00e9servation plus rapide et moins ch\u00e8re pour acc\u00e9der aux espaces de travail FLYDESK. $2 000+ sur les espaces de travail \u00e0 prix r\u00e9duit 10% Achetez maintenant - Payez au fur et \u00e0 mesure R\u00e9servez instantan\u00e9ment et payez le tarif exact pour acc\u00e9der \u00e0 l&#39;espace de travail que vous avez choisi. Pas de minimum Pas de r\u00e9duction R\u00e9servez maintenant Foire aux questions Que sont\u2026<\/p>","protected":false},"author":13,"featured_media":0,"parent":0,"menu_order":0,"comment_status":"closed","ping_status":"closed","template":"","meta":{"footnotes":""},"acf":[],"yoast_head":"<!-- This site is optimized with the Yoast SEO plugin v16.8 - https:\/\/yoast.com\/wordpress\/plugins\/seo\/ -->\n<title>Buy FLYDESK Credits &mdash; FLYDESK<\/title>\n<meta name=\"description\"  content=\"Buy credits for a faster and cheaper booking experience to access the FLYDESK certified workspace network globally. Book your space today!\" \/>\n<meta name=\"robots\"  content=\"index, follow, max-snippet:-1, max-image-preview:large, max-video-preview:-1\" \/>\n<link rel=\"canonical\"  href=\"https:\/\/flydesk.com\/fr\/credit\/\" \/>\n<meta property=\"og:locale\"  content=\"fr_FR\" \/>\n<meta property=\"og:type\"  content=\"article\" \/>\n<meta property=\"og:title\"  content=\"Buy FLYDESK Credits &mdash; FLYDESK\" \/>\n<meta property=\"og:description\"  content=\"Buy credits for a faster and cheaper booking experience to access the FLYDESK certified workspace network globally. Book your space today!\" \/>\n<meta property=\"og:url\"  content=\"https:\/\/flydesk.com\/fr\/credit\/\" \/>\n<meta property=\"og:site_name\" content=\"FLYDESK\" \/>\n<meta property=\"article:modified_time\"  content=\"2023-09-07T04:10:56+00:00\" \/>\n<meta property=\"og:image\"  content=\"https:\/\/d3l13r1yn9peim.cloudfront.net\/2021\/04\/22110535\/Host.png\" \/>\n<meta name=\"twitter:card\" content=\"summary_large_image\" \/>\n<meta name=\"twitter:label1\"  content=\"Dur\u00e9e de lecture est.\" \/>\n\t<meta name=\"twitter:data1\" content=\"2 minutes\" \/>\n<!-- \/ Yoast SEO plugin. -->","yoast_head_json":{"title":"Buy FLYDESK Credits &mdash; FLYDESK","description":"Buy credits for a faster and cheaper booking experience to access the FLYDESK certified workspace network globally. Book your space today!","robots":{"index":"index","follow":"follow","max-snippet":"max-snippet:-1","max-image-preview":"max-image-preview:large","max-video-preview":"max-video-preview:-1"},"canonical":"https:\/\/flydesk.com\/fr\/credit\/","og_locale":"fr_FR","og_type":"article","og_title":"Buy FLYDESK Credits &mdash; FLYDESK","og_description":"Buy credits for a faster and cheaper booking experience to access the FLYDESK certified workspace network globally. Book your space today!","og_url":"https:\/\/flydesk.com\/fr\/credit\/","og_site_name":"FLYDESK","article_modified_time":"2023-09-07T04:10:56+00:00","og_image":[{"url":"https:\/\/d3l13r1yn9peim.cloudfront.net\/2021\/04\/22110535\/Host.png"}],"twitter_card":"summary_large_image","twitter_misc":{"Dur\u00e9e de lecture est.":"2 minutes"},"schema":{"@context":"https:\/\/schema.org","@graph":[{"@type":"Organization","@id":"https:\/\/flydesk.com\/#organization","name":"FLYDESK","url":"https:\/\/flydesk.com\/","sameAs":[],"logo":{"@type":"ImageObject","@id":"https:\/\/flydesk.com\/#logo","inLanguage":"fr-FR","url":"","contentUrl":"","caption":"FLYDESK"},"image":{"@id":"https:\/\/flydesk.com\/#logo"}},{"@type":"WebSite","@id":"https:\/\/flydesk.com\/#website","url":"https:\/\/flydesk.com\/","name":"FLYDESK","description":"Fly your work with style","publisher":{"@id":"https:\/\/flydesk.com\/#organization"},"potentialAction":[{"@type":"SearchAction","target":{"@type":"EntryPoint","urlTemplate":"https:\/\/flydesk.com\/?s={search_term_string}"},"query-input":"required name=search_term_string"}],"inLanguage":"fr-FR"},{"@type":"ImageObject","@id":"https:\/\/flydesk.com\/credit\/#primaryimage","inLanguage":"fr-FR","url":"https:\/\/d3l13r1yn9peim.cloudfront.net\/2021\/04\/22110535\/Host.png","contentUrl":"https:\/\/d3l13r1yn9peim.cloudfront.net\/2021\/04\/22110535\/Host.png"},{"@type":"WebPage","@id":"https:\/\/flydesk.com\/credit\/#webpage","url":"https:\/\/flydesk.com\/credit\/","name":"Buy FLYDESK Credits &mdash; FLYDESK","isPartOf":{"@id":"https:\/\/flydesk.com\/#website"},"primaryImageOfPage":{"@id":"https:\/\/flydesk.com\/credit\/#primaryimage"},"datePublished":"2020-06-02T04:54:46+00:00","dateModified":"2023-09-07T04:10:56+00:00","description":"Buy credits for a faster and cheaper booking experience to access the FLYDESK certified workspace network globally. Book your space today!","breadcrumb":{"@id":"https:\/\/flydesk.com\/credit\/#breadcrumb"},"inLanguage":"fr-FR","potentialAction":[{"@type":"ReadAction","target":["https:\/\/flydesk.com\/credit\/"]}]},{"@type":"BreadcrumbList","@id":"https:\/\/flydesk.com\/credit\/#breadcrumb","itemListElement":[{"@type":"ListItem","position":1,"name":"Home","item":"https:\/\/flydesk.com\/"},{"@type":"ListItem","position":2,"name":"Credit"}]}]}},"_links":{"self":[{"href":"https:\/\/flydesk.com\/fr\/wp-json\/wp\/v2\/pages\/14469"}],"collection":[{"href":"https:\/\/flydesk.com\/fr\/wp-json\/wp\/v2\/pages"}],"about":[{"href":"https:\/\/flydesk.com\/fr\/wp-json\/wp\/v2\/types\/page"}],"author":[{"embeddable":true,"href":"https:\/\/flydesk.com\/fr\/wp-json\/wp\/v2\/users\/13"}],"replies":[{"embeddable":true,"href":"https:\/\/flydesk.com\/fr\/wp-json\/wp\/v2\/comments?post=14469"}],"version-history":[{"count":1,"href":"https:\/\/flydesk.com\/fr\/wp-json\/wp\/v2\/pages\/14469\/revisions"}],"predecessor-version":[{"id":90923,"href":"https:\/\/flydesk.com\/fr\/wp-json\/wp\/v2\/pages\/14469\/revisions\/90923"}],"wp:attachment":[{"href":"https:\/\/flydesk.com\/fr\/wp-json\/wp\/v2\/media?parent=14469"}],"curies":[{"name":"wp","href":"https:\/\/api.w.org\/{rel}","templated":true}]}}