{"id":1758,"date":"2019-11-02T09:40:08","date_gmt":"2019-11-02T01:40:08","guid":{"rendered":"https:\/\/flydesk.com\/?page_id=1758"},"modified":"2020-10-15T11:45:02","modified_gmt":"2020-10-15T03:45:02","slug":"workspace-enquiry","status":"publish","type":"page","link":"https:\/\/flydesk.com\/fr\/workspace-enquiry\/","title":{"rendered":"Devis d&#39;espace de travail"},"content":{"rendered":"<h1>Trouver un espace de travail<\/h1>\n<p>Soumettez votre espace de travail et proposez des exigences telles que hotdesk, salle de r\u00e9union ou bureau \u00e0 louer, puis nous vous r\u00e9pondrons en un rien de temps avec quelques options de nos partenaires premium.<\/p>\n<p>&nbsp;<\/p>","protected":false},"excerpt":{"rendered":"<p>Find a workspace Submit your workspace and offer requirements such as hotdesk, meeting room or office for rent then we will get back to you in no time with a few options from our premium partners. &nbsp;<\/p>","protected":false},"author":1,"featured_media":1658,"parent":0,"menu_order":0,"comment_status":"closed","ping_status":"closed","template":"","meta":{"footnotes":""},"acf":[],"yoast_head":"<!-- This site is optimized with the Yoast SEO plugin v16.8 - https:\/\/yoast.com\/wordpress\/plugins\/seo\/ -->\n<title>Flexible workspace enqury &mdash; FLYDESK<\/title>\n<meta name=\"description\"  content=\"Tell us about your dream workspace and let our team of experts find the most flexible and ideal work setup for you and your team, within your budget.\" \/>\n<meta name=\"robots\"  content=\"index, follow, max-snippet:-1, max-image-preview:large, max-video-preview:-1\" \/>\n<link rel=\"canonical\"  href=\"https:\/\/flydesk.com\/fr\/workspace-enquiry\/\" \/>\n<meta property=\"og:locale\"  content=\"fr_FR\" \/>\n<meta property=\"og:type\"  content=\"article\" \/>\n<meta property=\"og:title\"  content=\"Flexible workspace enqury &mdash; FLYDESK\" \/>\n<meta property=\"og:description\"  content=\"Tell us about your dream workspace and let our team of experts find the most flexible and ideal work setup for you and your team, within your budget.\" \/>\n<meta property=\"og:url\"  content=\"https:\/\/flydesk.com\/fr\/workspace-enquiry\/\" \/>\n<meta property=\"og:site_name\" content=\"FLYDESK\" \/>\n<meta property=\"article:modified_time\"  content=\"2020-10-15T03:45:02+00:00\" \/>\n<meta property=\"og:image\"  content=\"https:\/\/mlgucbjxeu1m.i.optimole.com\/cb:B7VA.3e989\/w:1024\/h:460\/q:mauto\/ig:avif\/f:best\/https:\/\/flydesk.com\/wp-content\/uploads\/2019\/10\/austin-distel-wawEfYdpkag-unsplash-2.jpg\" \/>\n\t<meta property=\"og:image:width\" content=\"1024\" \/>\n\t<meta property=\"og:image:height\" content=\"460\" \/>\n<meta name=\"twitter:card\" content=\"summary_large_image\" \/>\n<!-- \/ Yoast SEO plugin. -->","yoast_head_json":{"title":"Flexible workspace enqury &mdash; FLYDESK","description":"Tell us about your dream workspace and let our team of experts find the most flexible and ideal work setup for you and your team, within your budget.","robots":{"index":"index","follow":"follow","max-snippet":"max-snippet:-1","max-image-preview":"max-image-preview:large","max-video-preview":"max-video-preview:-1"},"canonical":"https:\/\/flydesk.com\/fr\/workspace-enquiry\/","og_locale":"fr_FR","og_type":"article","og_title":"Flexible workspace enqury &mdash; FLYDESK","og_description":"Tell us about your dream workspace and let our team of experts find the most flexible and ideal work setup for you and your team, within your budget.","og_url":"https:\/\/flydesk.com\/fr\/workspace-enquiry\/","og_site_name":"FLYDESK","article_modified_time":"2020-10-15T03:45:02+00:00","og_image":[{"width":1024,"height":460,"path":"2019\/10\/austin-distel-wawEfYdpkag-unsplash-2-1024x460.jpg","url":"https:\/\/mlgucbjxeu1m.i.optimole.com\/cb:B7VA.3e989\/w:1024\/h:460\/q:mauto\/ig:avif\/f:best\/https:\/\/flydesk.com\/wp-content\/uploads\/2019\/10\/austin-distel-wawEfYdpkag-unsplash-2.jpg","size":"large","id":1658,"alt":"","pixels":471040,"type":"image\/jpeg"}],"twitter_card":"summary_large_image","schema":{"@context":"https:\/\/schema.org","@graph":[{"@type":"Organization","@id":"https:\/\/flydesk.com\/#organization","name":"FLYDESK","url":"https:\/\/flydesk.com\/","sameAs":[],"logo":{"@type":"ImageObject","@id":"https:\/\/flydesk.com\/#logo","inLanguage":"fr-FR","url":"","contentUrl":"","caption":"FLYDESK"},"image":{"@id":"https:\/\/flydesk.com\/#logo"}},{"@type":"WebSite","@id":"https:\/\/flydesk.com\/#website","url":"https:\/\/flydesk.com\/","name":"FLYDESK","description":"Fly your work with style","publisher":{"@id":"https:\/\/flydesk.com\/#organization"},"potentialAction":[{"@type":"SearchAction","target":{"@type":"EntryPoint","urlTemplate":"https:\/\/flydesk.com\/?s={search_term_string}"},"query-input":"required name=search_term_string"}],"inLanguage":"fr-FR"},{"@type":"ImageObject","@id":"https:\/\/flydesk.com\/workspace-enquiry\/#primaryimage","inLanguage":"fr-FR","url":"https:\/\/mlgucbjxeu1m.i.optimole.com\/cb:B7VA.3e989\/w:auto\/h:auto\/q:mauto\/ig:avif\/f:best\/https:\/\/flydesk.com\/wp-content\/uploads\/2019\/10\/austin-distel-wawEfYdpkag-unsplash-2.jpg","contentUrl":"https:\/\/mlgucbjxeu1m.i.optimole.com\/cb:B7VA.3e989\/w:auto\/h:auto\/q:mauto\/ig:avif\/f:best\/https:\/\/flydesk.com\/wp-content\/uploads\/2019\/10\/austin-distel-wawEfYdpkag-unsplash-2.jpg","width":5281,"height":2370,"caption":"Hybrid work solutions for business"},{"@type":"WebPage","@id":"https:\/\/flydesk.com\/workspace-enquiry\/#webpage","url":"https:\/\/flydesk.com\/workspace-enquiry\/","name":"Flexible workspace enqury &mdash; FLYDESK","isPartOf":{"@id":"https:\/\/flydesk.com\/#website"},"primaryImageOfPage":{"@id":"https:\/\/flydesk.com\/workspace-enquiry\/#primaryimage"},"datePublished":"2019-11-02T01:40:08+00:00","dateModified":"2020-10-15T03:45:02+00:00","description":"Tell us about your dream workspace and let our team of experts find the most flexible and ideal work setup for you and your team, within your budget.","breadcrumb":{"@id":"https:\/\/flydesk.com\/workspace-enquiry\/#breadcrumb"},"inLanguage":"fr-FR","potentialAction":[{"@type":"ReadAction","target":["https:\/\/flydesk.com\/workspace-enquiry\/"]}]},{"@type":"BreadcrumbList","@id":"https:\/\/flydesk.com\/workspace-enquiry\/#breadcrumb","itemListElement":[{"@type":"ListItem","position":1,"name":"Home","item":"https:\/\/flydesk.com\/"},{"@type":"ListItem","position":2,"name":"Workspace quotation"}]}]}},"_links":{"self":[{"href":"https:\/\/flydesk.com\/fr\/wp-json\/wp\/v2\/pages\/1758"}],"collection":[{"href":"https:\/\/flydesk.com\/fr\/wp-json\/wp\/v2\/pages"}],"about":[{"href":"https:\/\/flydesk.com\/fr\/wp-json\/wp\/v2\/types\/page"}],"author":[{"embeddable":true,"href":"https:\/\/flydesk.com\/fr\/wp-json\/wp\/v2\/users\/1"}],"replies":[{"embeddable":true,"href":"https:\/\/flydesk.com\/fr\/wp-json\/wp\/v2\/comments?post=1758"}],"version-history":[{"count":0,"href":"https:\/\/flydesk.com\/fr\/wp-json\/wp\/v2\/pages\/1758\/revisions"}],"wp:featuredmedia":[{"embeddable":true,"href":"https:\/\/flydesk.com\/fr\/wp-json\/wp\/v2\/media\/1658"}],"wp:attachment":[{"href":"https:\/\/flydesk.com\/fr\/wp-json\/wp\/v2\/media?parent=1758"}],"curies":[{"name":"wp","href":"https:\/\/api.w.org\/{rel}","templated":true}]}}