{"id":23932,"date":"2020-10-28T22:03:44","date_gmt":"2020-10-28T14:03:44","guid":{"rendered":"https:\/\/flydesk.com\/?page_id=23932"},"modified":"2021-06-02T09:58:44","modified_gmt":"2021-06-02T01:58:44","slug":"design-shared-office","status":"publish","type":"page","link":"https:\/\/flydesk.com\/fr\/design-shared-office\/","title":{"rendered":"Concevoir un bureau flexible et partag\u00e9"},"content":{"rendered":"<h1>\n\t\tConcevez votre espace de bureau flexible et partag\u00e9\n\t<\/h1>\n\t<p>Nous vous aidons \u00e0 trouver, concevoir et \u00e9quiper votre espace de bureau flexible et partag\u00e9 pour vos futurs locataires ou votre propre \u00e9quipe.<\/p>\n\t\t\t<a href=\"#start\"   target=\"_self\"   role=\"button\"   rel=\"noopener noreferrer\">\n\t\t\t\t\t\t\tD\u00e9marrez votre projet\n\t\t\t\t\t<\/a>\n\t<p>Cr\u00e9er un espace de travail adapt\u00e9 au besoin du travailleur moderne<\/p>\n\t\t<h2>Nous transformons votre bureau en un espace de travail flexible<\/h2>\t\t\n\t\t\t<p>FLYDESK prend en charge l'ensemble de la transformation des bureaux pour les entreprises souhaitant apporter plus de flexibilit\u00e9 et modernit\u00e9 pour leurs espaces de travail.<\/p>\n\t\t<h3>Rechercher<\/h3>\t\t\n\t\t\t\t<img decoding=\"async\"   src=\"https:\/\/mlgucbjxeu1m.i.optimole.com\/cb:B7VA.3e989\/w:200\/h:201\/q:mauto\/ig:avif\/f:best\/https:\/\/flydesk.com\/wp-content\/uploads\/2019\/10\/Transform-PNG.png\"   alt=\"Transformer le PNG\"   itemprop=\"image\"   height=\"201\"   width=\"200\"   title=\"Transformer le PNG\"   onerror=\"this.style.display='none'\"  \/>\n\t\t<h3><\/h3>\t\t\n\t\t\t<p>Nous trouvons l'espace parfait pour cr\u00e9er votre espace de travail flexible<\/p>\n\t\t<h3>Conception<\/h3>\t\t\n\t\t\t\t<img decoding=\"async\"   src=\"https:\/\/mlgucbjxeu1m.i.optimole.com\/cb:B7VA.3e989\/w:200\/h:199\/q:mauto\/ig:avif\/f:best\/https:\/\/flydesk.com\/wp-content\/uploads\/2019\/10\/comfort-workspace-PNG.png\"   alt=\"confort - espace de travail PNG\"   itemprop=\"image\"   height=\"199\"   width=\"200\"   title=\"confort - espace de travail PNG\"   onerror=\"this.style.display='none'\"  \/>\n\t\t<h3><\/h3>\t\t\n\t\t\t<p>Nous imaginons, concevons et \u00e9quipons votre espace de travail<\/p>\n\t\t<h3>Technologie<\/h3>\t\t\n\t\t\t\t<img decoding=\"async\"   src=\"https:\/\/mlgucbjxeu1m.i.optimole.com\/cb:B7VA.3e989\/w:200\/h:200\/q:mauto\/ig:avif\/f:best\/https:\/\/flydesk.com\/wp-content\/uploads\/2019\/10\/Networking-Management-PNG.png\"   alt=\"R\u00e9seau - Gestion PNG\"   itemprop=\"image\"   height=\"200\"   width=\"200\"   title=\"R\u00e9seau - Gestion PNG\"   onerror=\"this.style.display='none'\"  \/>\n\t\t<h3><\/h3>\t\t\n\t\t\t<p>Nous mettons en place la technologie pour g\u00e9rer vos bureaux partag\u00e9s<\/p>\n<h2>\n\t\tTrouver l&#39;espace id\u00e9al pour construire votre bureau flexible\n\t<\/h2>\n<h3>\n\t\tExplorez le r\u00e9seau d'espaces de travail FLYDESK\n\t<\/h3>\n\t\t\t\t<img data-opt-src=\"https:\/\/mlgucbjxeu1m.i.optimole.com\/cb:B7VA.3e989\/w:auto\/h:auto\/q:mauto\/ig:avif\/f:best\/https:\/\/flydesk.com\/wp-content\/uploads\/2020\/10\/Flydesk-Workspace.png\"   decoding=\"async\"   src=\"https:\/\/mlgucbjxeu1m.i.optimole.com\/cb:B7VA.3e989\/w:auto\/h:auto\/q:eco\/ig:avif\/f:best\/https:\/\/flydesk.com\/wp-content\/uploads\/2020\/10\/Flydesk-Workspace.png\"   alt=\"Espace de travail Flydesk\"   itemprop=\"image\"   height=\"763\"   width=\"1292\"   title=\"Espace de travail Flydesk\"   onerror=\"this.style.display='none'\"  \/>\n\t\t<h3><\/h3>\t\t\n\t\t\t<p>Nous avons construit une application de type AirBnB pour trouver un espace de travail parfait g\u00e9r\u00e9 par nos op\u00e9rateurs partenaires. Avec FLYDESK, nous avons acc\u00e8s \u00e0 un r\u00e9seau mondial de bureaux \u00e9quip\u00e9s, partag\u00e9s ou salles de r\u00e9union disponibles \u00e0 la demande.<\/p>\n\t\t\t<a href=\"https:\/\/flydesk.com\/fr\/workspace\/\"   target=\"_self\"   role=\"button\"   rel=\"noopener noreferrer\">\n\t\t\t\t\t\t\tTrouver un espace de travail\n\t\t\t\t\t<\/a>\n\t\t<h3><\/h3>\t\t\n\t\t\t<p>Ou<\/p>\n<h3>\n\t\tTrouvez un nouvel espace pour concevoir votre bureau\n\t<\/h3>\n\t\t\t\t<img data-opt-src=\"https:\/\/mlgucbjxeu1m.i.optimole.com\/cb:B7VA.3e989\/w:1024\/h:706\/q:mauto\/ig:avif\/f:best\/https:\/\/flydesk.com\/wp-content\/uploads\/2020\/10\/Office-search-design.png\"   decoding=\"async\"   src=\"https:\/\/mlgucbjxeu1m.i.optimole.com\/cb:B7VA.3e989\/w:1024\/h:706\/q:eco\/ig:avif\/f:best\/https:\/\/flydesk.com\/wp-content\/uploads\/2020\/10\/Office-search-design.png\"   alt=\"Recherche et conception de bureaux\"   itemprop=\"image\"   height=\"706\"   width=\"1024\"   title=\"Recherche et conception de bureaux\"   onerror=\"this.style.display='none'\"  \/>\n\t\t<h3><\/h3>\t\t\n\t\t\t<p>Nos Experts, des agents immobiliers aux designers, trouveront le meilleur espace disponible sur le march\u00e9 en fonction de votre budget et de vos besoins. Notre \u00e9quipe est reconnue pour la conception de certains des meilleurs espaces de coworking au monde.<\/p>\n\t\t\t<a href=\"#start\"   target=\"_self\"   role=\"button\"   rel=\"noopener noreferrer\">\n\t\t\t\t\t\t\tRechercher un nouvel espace\n\t\t\t\t\t<\/a>\n<h2>\n\t\tNos experts en design accompagnent l&#39;ensemble de la transformation de votre bureau\n\t<\/h2>\n\t\t\t\t<img data-opt-src=\"https:\/\/mlgucbjxeu1m.i.optimole.com\/cb:B7VA.3e989\/w:auto\/h:auto\/q:mauto\/ig:avif\/f:best\/https:\/\/flydesk.com\/wp-content\/uploads\/2020\/10\/From-design-to-delivery.png\"   decoding=\"async\"   src=\"https:\/\/mlgucbjxeu1m.i.optimole.com\/cb:B7VA.3e989\/w:auto\/h:auto\/q:eco\/ig:avif\/f:best\/https:\/\/flydesk.com\/wp-content\/uploads\/2020\/10\/From-design-to-delivery.png\"   alt=\"De la conception \u00e0 la livraison\"   itemprop=\"image\"   height=\"619\"   width=\"3432\"   title=\"De la conception \u00e0 la livraison\"   onerror=\"this.style.display='none'\"  \/>\n\t\t<h3>1 Lancement<\/h3>\t\t\n\t\t\t<ul>\n<li>Rencontre client<\/li>\n<li>Recrutement<\/li>\n<li>\u00c9tude et audit du site<\/li>\n<li>Planification<\/li>\n<\/ul>\n\t\t<h3>2 Conception<\/h3>\t\t\n\t\t\t<ul>\n<li>Projections et plans<\/li>\n<li>Design d'int\u00e9rieur<\/li>\n<li>Conception des services<\/li>\n<li>Estimations de co\u00fbt<\/li>\n<\/ul>\n\t\t<h3>3 Contrat<\/h3>\t\t\n\t\t\t<ul>\n<li>Formalisation du contrat<\/li>\n<li>Contr\u00f4le qualit\u00e9<\/li>\n<li>Validation et rectification<\/li>\n<li>Remise en main propre<\/li>\n<\/ul>\n\t\t<h3>4 Fermeture<\/h3>\t\t\n\t\t\t<ul>\n<li>Paiement final du contrat<\/li>\n<li>Evaluation de projet<\/li>\n<li>Retour client<\/li>\n<li>R\u00e9f\u00e9rence client<\/li>\n<\/ul>\n\t\t\t<a href=\"#start\"   target=\"_self\"   role=\"button\"   rel=\"noopener noreferrer\">\n\t\t\t\t\t\t\tPartagez vos besoins \n\t\t\t\t\t<\/a>\n\t\t\t\t<img data-opt-src=\"https:\/\/mlgucbjxeu1m.i.optimole.com\/cb:B7VA.3e989\/w:892\/h:1080\/q:mauto\/ig:avif\/f:best\/https:\/\/flydesk.com\/wp-content\/uploads\/2021\/06\/FLYDESK-App-Overview-3-black.png\"   decoding=\"async\"   src=\"https:\/\/mlgucbjxeu1m.i.optimole.com\/cb:B7VA.3e989\/w:892\/h:1080\/q:eco\/ig:avif\/f:best\/https:\/\/flydesk.com\/wp-content\/uploads\/2021\/06\/FLYDESK-App-Overview-3-black.png\"   alt=\"FLYDESK App - Aper\u00e7u 3 noir\"   itemprop=\"image\"   height=\"2048\"   width=\"1692\"   title=\"FLYDESK App - Aper\u00e7u 3 noir\"   onerror=\"this.style.display='none'\"  \/>\n<h2>\n\t\tG\u00e9rez votre espace de bureau avec l&#39;application FLYDESK\n\t<\/h2>\n\t<p>Une solution de r\u00e9servation pour votre bureau partag\u00e9<\/p>\n\t<p>Un espace de bureau partag\u00e9 signifie que tout le monde n'aura pas acc\u00e8s \u00e0 un bureau \u00e0 tout moment. L'application FLYDESK garantit que votre \u00e9quipe acc\u00e8de \u00e0 un bureau d\u00e8s que n\u00e9cessaire.<\/p>\n\t<p>Check-in des \u00e9quipes pour plus de visibilit\u00e9<\/p>\n\t<p>En plus d'optimiser votre espace de travail, notre fonction de Check-in permet aux membres de votre \u00e9quipe de comptabiliser leurs heures de travail de n'importe o\u00f9.<\/p>\n\t<p>Une extension de votre bureau au sein de notre r\u00e9seau<\/p>\n\t<p>Si vous avez atteint la pleine capacit\u00e9 de votre espace de bureau ou si vous avez besoin d'un bureau ou \u00e0 une salle de r\u00e9union partout dans le monde, r\u00e9servez simplement via notre application.<\/p>\n\t\t\t\t<img data-opt-src=\"https:\/\/mlgucbjxeu1m.i.optimole.com\/cb:B7VA.3e989\/w:auto\/h:auto\/q:mauto\/ig:avif\/f:best\/https:\/\/flydesk.com\/wp-content\/uploads\/2021\/06\/FLYDESK-App-Overview-4.png\"   decoding=\"async\"   src=\"https:\/\/mlgucbjxeu1m.i.optimole.com\/cb:B7VA.3e989\/w:auto\/h:auto\/q:eco\/ig:avif\/f:best\/https:\/\/flydesk.com\/wp-content\/uploads\/2021\/06\/FLYDESK-App-Overview-4.png\"   alt=\"Application FLYDESK - Pr\u00e9sentation 4\"   itemprop=\"image\"   height=\"2212\"   width=\"2958\"   title=\"Application FLYDESK - Pr\u00e9sentation 4\"   onerror=\"this.style.display='none'\"  \/>\n\t\t\t<a href=\"#start\"   target=\"_self\"   role=\"button\"  rel=\"noopener noreferrer\">\n\t\t\t\t\t\t\tDemandez une d\u00e9mo\n\t\t\t\t\t<\/a>\n<h2>\n\t\tUne gamme compl\u00e8te de services fournis par les Experts FLYDESK\n\t<\/h2>\n\t\t\t\t<img data-opt-src=\"https:\/\/mlgucbjxeu1m.i.optimole.com\/cb:B7VA.3e989\/w:auto\/h:auto\/q:mauto\/ig:avif\/f:best\/https:\/\/flydesk.com\/wp-content\/uploads\/2020\/10\/FLYDESK-Experts.png\"   decoding=\"async\"   src=\"https:\/\/mlgucbjxeu1m.i.optimole.com\/cb:B7VA.3e989\/w:auto\/h:auto\/q:eco\/ig:avif\/f:best\/https:\/\/flydesk.com\/wp-content\/uploads\/2020\/10\/FLYDESK-Experts.png\"   alt=\"Experts FLYDESK\"   itemprop=\"image\"   height=\"544\"   width=\"1372\"   title=\"Experts FLYDESK\"   onerror=\"this.style.display='none'\"  \/>\n\t\t<h3>Consulting<\/h3>\t\t\n\t\t\t<p>Planifiez votre transformation vers le travail flexible<\/p>\n\t\t<h3>Bureau ferm\u00e9<\/h3>\t\t\n\t\t\t<p>Trouvez le meilleur espace de travail flexible pour votre \u00e9quipe<\/p>\n\t\t<h3>Technologie<\/h3>\t\t\n\t\t\t<p>Mettez en place la technologie pour g\u00e9rer vos espace et \u00e9quipes<\/p>\n\t\t\t<a href=\"#start\"   target=\"_self\"   role=\"button\"   rel=\"noopener noreferrer\">\n\t\t\t\t\t\t\tParlez nous de votre projet\n\t\t\t\t\t<\/a>\n\tBalises de Check-in pour faciliter<br \/>\nbureaux partag\u00e9s et \u00e9quipes distantes\n<h2>\n\t\tParlez-nous de vos besoins\n\t<\/h2>","protected":false},"excerpt":{"rendered":"<p>Concevez votre espace de bureau flexible et partag\u00e9 Nous vous aidons \u00e0 trouver, concevoir et \u00e9quiper votre espace de bureau flexible et partag\u00e9 pour vos futurs locataires ou votre propre \u00e9quipe. D\u00e9marrez votre projet Cr\u00e9ez un espace de bureau adapt\u00e9 au style de travail moderne Nous transformons votre espace de bureau en un espace de travail flexible FLYDESK prend en charge l&#39;ensemble du bureau\u2026<\/p>","protected":false},"author":4,"featured_media":23935,"parent":0,"menu_order":0,"comment_status":"closed","ping_status":"closed","template":"","meta":{"footnotes":""},"acf":[],"yoast_head":"<!-- This site is optimized with the Yoast SEO plugin v16.8 - https:\/\/yoast.com\/wordpress\/plugins\/seo\/ -->\n<title>Design a flexible and shared office &mdash; FLYDESK<\/title>\n<meta name=\"description\"  content=\"Design a flexbile &amp; shared workspace for your team or tenants. FLYDESK supports the search, design and technology setup of your workspace.\" \/>\n<meta name=\"robots\"  content=\"index, follow, max-snippet:-1, max-image-preview:large, max-video-preview:-1\" \/>\n<link rel=\"canonical\"  href=\"https:\/\/flydesk.com\/fr\/design-shared-office\/\" \/>\n<meta property=\"og:locale\"  content=\"fr_FR\" \/>\n<meta property=\"og:type\"  content=\"article\" \/>\n<meta property=\"og:title\"  content=\"Design a flexible and shared office &mdash; FLYDESK\" \/>\n<meta property=\"og:description\"  content=\"Design a flexbile &amp; shared workspace for your team or tenants. FLYDESK supports the search, design and technology setup of your workspace.\" \/>\n<meta property=\"og:url\"  content=\"https:\/\/flydesk.com\/fr\/design-shared-office\/\" \/>\n<meta property=\"og:site_name\" content=\"FLYDESK\" \/>\n<meta property=\"article:modified_time\"  content=\"2021-06-02T01:58:44+00:00\" \/>\n<meta property=\"og:image\"  content=\"https:\/\/mlgucbjxeu1m.i.optimole.com\/cb:B7VA.3e989\/w:auto\/h:auto\/q:mauto\/ig:avif\/f:best\/https:\/\/flydesk.com\/wp-content\/uploads\/2020\/10\/daniel-mccullough-HtBlQdxfG9k-unsplash-scaled.jpg\" \/>\n\t<meta property=\"og:image:width\" content=\"2560\" \/>\n\t<meta property=\"og:image:height\" content=\"1440\" \/>\n<meta name=\"twitter:card\" content=\"summary_large_image\" \/>\n<meta name=\"twitter:label1\" content=\"Dur\u00e9e de lecture est.\" \/>\n\t<meta name=\"twitter:data1\" content=\"2 minutes\" \/>\n<!-- \/ Yoast SEO plugin. -->","yoast_head_json":{"title":"Design a flexible and shared office &mdash; FLYDESK","description":"Design a flexbile & shared workspace for your team or tenants. FLYDESK supports the search, design and technology setup of your workspace.","robots":{"index":"index","follow":"follow","max-snippet":"max-snippet:-1","max-image-preview":"max-image-preview:large","max-video-preview":"max-video-preview:-1"},"canonical":"https:\/\/flydesk.com\/fr\/design-shared-office\/","og_locale":"fr_FR","og_type":"article","og_title":"Design a flexible and shared office &mdash; FLYDESK","og_description":"Design a flexbile & shared workspace for your team or tenants. FLYDESK supports the search, design and technology setup of your workspace.","og_url":"https:\/\/flydesk.com\/fr\/design-shared-office\/","og_site_name":"FLYDESK","article_modified_time":"2021-06-02T01:58:44+00:00","og_image":[{"width":2560,"height":1440,"url":"https:\/\/mlgucbjxeu1m.i.optimole.com\/cb:B7VA.3e989\/w:auto\/h:auto\/q:mauto\/ig:avif\/f:best\/https:\/\/flydesk.com\/wp-content\/uploads\/2020\/10\/daniel-mccullough-HtBlQdxfG9k-unsplash-scaled.jpg","path":"\/sites\/flydesk.com\/files\/wp-content\/uploads\/2020\/10\/daniel-mccullough-HtBlQdxfG9k-unsplash-scaled.jpg","size":"full","id":23935,"alt":"","pixels":3686400,"type":"image\/jpeg"}],"twitter_card":"summary_large_image","twitter_misc":{"Dur\u00e9e de lecture est.":"2 minutes"},"schema":{"@context":"https:\/\/schema.org","@graph":[{"@type":"Organization","@id":"https:\/\/flydesk.com\/#organization","name":"FLYDESK","url":"https:\/\/flydesk.com\/","sameAs":[],"logo":{"@type":"ImageObject","@id":"https:\/\/flydesk.com\/#logo","inLanguage":"fr-FR","url":"","contentUrl":"","caption":"FLYDESK"},"image":{"@id":"https:\/\/flydesk.com\/#logo"}},{"@type":"WebSite","@id":"https:\/\/flydesk.com\/#website","url":"https:\/\/flydesk.com\/","name":"FLYDESK","description":"Fly your work with style","publisher":{"@id":"https:\/\/flydesk.com\/#organization"},"potentialAction":[{"@type":"SearchAction","target":{"@type":"EntryPoint","urlTemplate":"https:\/\/flydesk.com\/?s={search_term_string}"},"query-input":"required name=search_term_string"}],"inLanguage":"fr-FR"},{"@type":"ImageObject","@id":"https:\/\/flydesk.com\/ru\/design-shared-office\/#primaryimage","inLanguage":"fr-FR","url":"https:\/\/mlgucbjxeu1m.i.optimole.com\/cb:B7VA.3e989\/w:auto\/h:auto\/q:mauto\/ig:avif\/f:best\/https:\/\/flydesk.com\/wp-content\/uploads\/2020\/10\/daniel-mccullough-HtBlQdxfG9k-unsplash-scaled.jpg","contentUrl":"https:\/\/mlgucbjxeu1m.i.optimole.com\/cb:B7VA.3e989\/w:auto\/h:auto\/q:mauto\/ig:avif\/f:best\/https:\/\/flydesk.com\/wp-content\/uploads\/2020\/10\/daniel-mccullough-HtBlQdxfG9k-unsplash-scaled.jpg","width":2560,"height":1440,"caption":"Design a flexible and shared office"},{"@type":"WebPage","@id":"https:\/\/flydesk.com\/ru\/design-shared-office\/#webpage","url":"https:\/\/flydesk.com\/ru\/design-shared-office\/","name":"Design a flexible and shared office &mdash; FLYDESK","isPartOf":{"@id":"https:\/\/flydesk.com\/#website"},"primaryImageOfPage":{"@id":"https:\/\/flydesk.com\/ru\/design-shared-office\/#primaryimage"},"datePublished":"2020-10-28T14:03:44+00:00","dateModified":"2021-06-02T01:58:44+00:00","description":"Design a flexbile & shared workspace for your team or tenants. FLYDESK supports the search, design and technology setup of your workspace.","breadcrumb":{"@id":"https:\/\/flydesk.com\/ru\/design-shared-office\/#breadcrumb"},"inLanguage":"fr-FR","potentialAction":[{"@type":"ReadAction","target":["https:\/\/flydesk.com\/ru\/design-shared-office\/"]}]},{"@type":"BreadcrumbList","@id":"https:\/\/flydesk.com\/ru\/design-shared-office\/#breadcrumb","itemListElement":[{"@type":"ListItem","position":1,"name":"Home","item":"https:\/\/flydesk.com\/"},{"@type":"ListItem","position":2,"name":"Design a flexible and shared office"}]}]}},"_links":{"self":[{"href":"https:\/\/flydesk.com\/fr\/wp-json\/wp\/v2\/pages\/23932"}],"collection":[{"href":"https:\/\/flydesk.com\/fr\/wp-json\/wp\/v2\/pages"}],"about":[{"href":"https:\/\/flydesk.com\/fr\/wp-json\/wp\/v2\/types\/page"}],"author":[{"embeddable":true,"href":"https:\/\/flydesk.com\/fr\/wp-json\/wp\/v2\/users\/4"}],"replies":[{"embeddable":true,"href":"https:\/\/flydesk.com\/fr\/wp-json\/wp\/v2\/comments?post=23932"}],"version-history":[{"count":0,"href":"https:\/\/flydesk.com\/fr\/wp-json\/wp\/v2\/pages\/23932\/revisions"}],"wp:featuredmedia":[{"embeddable":true,"href":"https:\/\/flydesk.com\/fr\/wp-json\/wp\/v2\/media\/23935"}],"wp:attachment":[{"href":"https:\/\/flydesk.com\/fr\/wp-json\/wp\/v2\/media?parent=23932"}],"curies":[{"name":"wp","href":"https:\/\/api.w.org\/{rel}","templated":true}]}}