{"id":14469,"date":"2020-06-02T12:54:46","date_gmt":"2020-06-02T04:54:46","guid":{"rendered":"https:\/\/dev.flydesk.com\/credits\/"},"modified":"2023-09-07T12:10:56","modified_gmt":"2023-09-07T04:10:56","slug":"credit","status":"publish","type":"page","link":"https:\/\/flydesk.com\/it\/credit\/","title":{"rendered":"Credito"},"content":{"rendered":"<h1>\r\n\t\tAcquista crediti FLYDESK\r\n\t<\/h1>\r\n\t<div class=\"dp_currency_select\"><select class=\"fd-currency-select-normal\"><option value=\"HKD\"   selected data-symbol=\"$\">Hong Kong<\/option><option value=\"SGD\"    data-symbol=\"$\">SGD<\/option><option value=\"USD\"    data-symbol=\"$\">Dollaro statunitense<\/option><option value=\"EUR\"    data-symbol=\"$\">euro<\/option><option value=\"GBP\"    data-symbol=\"$\">Sterlina inglese<\/option><option value=\"CHF\"    data-symbol=\"$\">CHF<\/option><option value=\"IDR\"    data-symbol=\"$\">IDR<\/option><option value=\"INR\"    data-symbol=\"$\">INR<\/option><option value=\"PHP\"    data-symbol=\"$\">PHP<\/option><option value=\"MGA\"    data-symbol=\"$\">MGA<\/option><option value=\"NZD\"    data-symbol=\"$\">NZD<\/option><option value=\"PKR\"    data-symbol=\"$\">PKR<\/option><\/select><\/div>\r\n<h6>\r\n\t\tFLYDESK RACCOMANDA\r\n\t<\/h6>\r\n<h4><b>Pacchetto di crediti<\/b><\/h4>\r\n<p>Acquista crediti per un&#39;esperienza di prenotazione pi\u00f9 rapida ed economica per accedere alle aree di lavoro FLYDESK.<\/p>\r\n<h4><b><small>$<\/small>2,000+<\/b><\/h4>\r\n<p>da 10% sconto <img decoding=\"async\"   src=\"https:\/\/d3l13r1yn9peim.cloudfront.net\/2021\/04\/22110535\/Host.png\"   alt=\"\"   width=\"15\" height=\"14\" \/> spazi di lavoro<\/p>\r\n\t\t\t<a href=\"https:\/\/flydesk.com\/it\/cart\/?add-to-cart=14496&#038;v=2000\/\"   target=\"_self\"   role=\"button\"   rel=\"noopener\">\r\n\t\t\t\t\t\t\tAcquista ora\r\n\t\t\t\t\t<\/a>\r\n<h6>\r\n\t\t&#8211;\r\n\t<\/h6>\r\n<h4><b>Paga come vai<\/b><\/h4>\r\n<p>Prenota subito e paga la tariffa esatta per accedere all&#39;area di lavoro scelta.<\/p>\r\n<h4><b>Nessun minimo<\/b><\/h4>\r\n<p>Senza sconto<\/p>\r\n\t\t\t<a href=\"\/it\/workspace\/\"   target=\"_self\"   role=\"button\"   rel=\"noopener\">\r\n\t\t\t\t\t\t\tPrenota ora\r\n\t\t\t\t\t<\/a>\r\n<h2>\r\n\t\tDomande frequenti\r\n\t<\/h2>\r\n\t\t\t<a href=\"#\"   id=\"fl-accordion--label-0\"   tabindex=\"0\"   aria-controls=\"fl-accordion--panel-0\">Cosa sono i crediti FLYDESK?<\/a>\r\n\t\t\t\t\t\t\t<a href=\"#\"   id=\"fl-accordion--icon-0\"   tabindex=\"0\"   aria-controls=\"fl-accordion--panel-0\"><i>Espandere<\/i><\/a>\r\n\t\t<p>Con i crediti FLYDESK, puoi prenotare sale riunioni o scrivanie disponibili su richiesta all&#39;interno della rete FLYDESK Workspace. FLYDESK Workspace Partner contrassegnati da an <img decoding=\"async\"   src=\"https:\/\/d3l13r1yn9peim.cloudfront.net\/2021\/04\/22110535\/Host.png\" alt=\"\" width=\"15\" height=\"14\" \/> sulla mappa e l&#39;elenco offrir\u00e0 sconti sulle prenotazioni di sale riunioni e hot desk effettuate con crediti FLYDESK.<\/p>\r\n\t\t\t<a href=\"#\"   id=\"fl-accordion--label-1\"   tabindex=\"0\"   aria-controls=\"fl-accordion--panel-1\">Ho bisogno di un abbonamento FLYDESK per utilizzare i crediti FLYDESK?<\/a>\r\n\t\t\t\t\t\t\t<a href=\"#\"   id=\"fl-accordion--icon-1\"   tabindex=\"0\"   aria-controls=\"fl-accordion--panel-1\"><i>Espandere<\/i><\/a>\r\n\t\t<p>No, non \u00e8 necessario un abbonamento FLYDESK per utilizzare i crediti FLYDESK, ma sar\u00e0 necessario registrarsi per un account utente gratuito sul nostro sito Web o sulla nostra app FLYDESK. Per saperne di pi\u00f9 sull&#39;abbonamento a pagamento, puoi controllare il ns <a href=\"https:\/\/flydesk.com\/it\/pricing\/\">Piani tariffari FLYDESK qui<\/a>.<\/p>\r\n\t\t\t<a href=\"#\"   id=\"fl-accordion--label-2\"   tabindex=\"0\"   aria-controls=\"fl-accordion--panel-2\">Come posso acquistare crediti FLYDESK?<\/a>\r\n\t\t\t\t\t\t\t<a href=\"#\"   id=\"fl-accordion--icon-2\"   tabindex=\"0\"   aria-controls=\"fl-accordion--panel-2\"><i>Espandere<\/i><\/a>\r\n\t\t<p>I Crediti FLYDESK possono essere acquistati istantaneamente con carta di credito o tramite bonifico bancario per accedere alla Rete FLYDESK Workspace. Una volta acquistato, puoi iniziare a prenotare uno spazio di lavoro sulla nostra rete di spazi di lavoro FLYDESK e pagare con crediti FLYDESK. Pagare con FLYDESK pu\u00f2 consentire sconti in alcune aree di lavoro.<\/p>\r\n\t\t\t<a href=\"#\"   id=\"fl-accordion--label-3\"   tabindex=\"0\"   aria-controls=\"fl-accordion--panel-3\">Posso utilizzare i miei crediti in un altro paese?<\/a>\r\n\t\t\t\t\t\t\t<a href=\"#\"   id=\"fl-accordion--icon-3\"   tabindex=\"0\"   aria-controls=\"fl-accordion--panel-3\"><i>Espandere<\/i><\/a>\r\n\t\t<p>Se desideri prenotare uno spazio di lavoro in un paese che accetta una valuta diversa da quella in cui hai acquistato i crediti, FLYDESK convertir\u00e0 l&#39;importo locale nella valuta del tuo credito dopo aver incluso una commissione 3% sul tasso di cambio corrente.<\/p>\r\n\t\t\t<a href=\"#\"   id=\"fl-accordion--label-4\"   tabindex=\"0\"   aria-controls=\"fl-accordion--panel-4\">Cosa succede ai miei Crediti in caso di cancellazione della prenotazione?<\/a>\r\n\t\t\t\t\t\t\t<a href=\"#\"   id=\"fl-accordion--icon-4\"   tabindex=\"0\"   aria-controls=\"fl-accordion--panel-4\"><i>Espandere<\/i><\/a>\r\n\t\t<p>In caso di annullamento della prenotazione dello spazio di lavoro, i crediti utilizzati per la prenotazione possono essere rimborsati in base alle condizioni stabilite dal partner dello spazio di lavoro.<\/p>\r\n\t\t\t<a href=\"#\"   id=\"fl-accordion--label-5\"   tabindex=\"0\"   aria-controls=\"fl-accordion--panel-5\">I crediti FLYDESK possono scadere?<\/a>\r\n\t\t\t\t\t\t\t<a href=\"#\"   id=\"fl-accordion--icon-5\"   tabindex=\"0\"   aria-controls=\"fl-accordion--panel-5\"><i>Espandere<\/i><\/a>\r\n\t\t<p>I crediti FLYDESK non hanno data di scadenza purch\u00e9 tu abbia un account FLYDESK.<\/p>\r\n\t\t\t<a href=\"#\"   id=\"fl-accordion--label-6\"   tabindex=\"0\"   aria-controls=\"fl-accordion--panel-6\">I miei crediti FLYDESK possono essere rimborsati?<\/a>\r\n\t\t\t\t\t\t\t<a href=\"#\"   id=\"fl-accordion--icon-6\"   tabindex=\"0\"   aria-controls=\"fl-accordion--panel-6\"><i>Espandere<\/i><\/a>\r\n\t\t<p>S\u00ec, \u00e8 possibile. Se desideri un rimborso del saldo del tuo credito sul tuo conto bancario, tratterremo una commissione di rimborso di 10% sul credito rimasto pi\u00f9 qualsiasi commissione di trasferimento bancario.<\/p>\r\n\t\t\t<a href=\"https:\/\/flydesk.com\/it\/pricing\/\"   target=\"_self\"   role=\"button\"   rel=\"noopener\">\r\n\t\t\t\t\t\t\tScegli un piano di licenza FLYDESK\r\n\t\t\t\t\t<\/a>","protected":false},"excerpt":{"rendered":"<p>Acquista crediti FLYDESK FLYDESK RACCOMANDA Pacchetto crediti Acquista crediti per un&#39;esperienza di prenotazione pi\u00f9 rapida ed economica per accedere alle aree di lavoro FLYDESK. $2.000+ da 10% spazi di lavoro scontati Acquista ora \u2013 Paga in base al consumo Prenota istantaneamente e paga la tariffa esatta per accedere allo spazio di lavoro scelto. Nessun minimo Nessuno sconto Prenota ora Domande frequenti Cosa sono...<\/p>","protected":false},"author":13,"featured_media":0,"parent":0,"menu_order":0,"comment_status":"closed","ping_status":"closed","template":"","meta":{"footnotes":""},"acf":[],"yoast_head":"<!-- This site is optimized with the Yoast SEO plugin v16.8 - https:\/\/yoast.com\/wordpress\/plugins\/seo\/ -->\n<title>Buy FLYDESK Credits &mdash; FLYDESK<\/title>\n<meta name=\"description\"  content=\"Buy credits for a faster and cheaper booking experience to access the FLYDESK certified workspace network globally. Book your space today!\"  \/>\n<meta name=\"robots\"  content=\"index, follow, max-snippet:-1, max-image-preview:large, max-video-preview:-1\" \/>\n<link rel=\"canonical\"  href=\"https:\/\/flydesk.com\/it\/credit\/\" \/>\n<meta property=\"og:locale\"  content=\"it_IT\" \/>\n<meta property=\"og:type\"  content=\"article\" \/>\n<meta property=\"og:title\"  content=\"Buy FLYDESK Credits &mdash; FLYDESK\" \/>\n<meta property=\"og:description\"  content=\"Buy credits for a faster and cheaper booking experience to access the FLYDESK certified workspace network globally. Book your space today!\" \/>\n<meta property=\"og:url\"  content=\"https:\/\/flydesk.com\/it\/credit\/\" \/>\n<meta property=\"og:site_name\" content=\"FLYDESK\" \/>\n<meta property=\"article:modified_time\"  content=\"2023-09-07T04:10:56+00:00\" \/>\n<meta property=\"og:image\"  content=\"https:\/\/d3l13r1yn9peim.cloudfront.net\/2021\/04\/22110535\/Host.png\" \/>\n<meta name=\"twitter:card\"  content=\"summary_large_image\" \/>\n<meta name=\"twitter:label1\"  content=\"Tempo di lettura stimato\" \/>\n\t<meta name=\"twitter:data1\" content=\"2 minuti\" \/>\n<!-- \/ Yoast SEO plugin. -->","yoast_head_json":{"title":"Buy FLYDESK Credits &mdash; FLYDESK","description":"Buy credits for a faster and cheaper booking experience to access the FLYDESK certified workspace network globally. Book your space today!","robots":{"index":"index","follow":"follow","max-snippet":"max-snippet:-1","max-image-preview":"max-image-preview:large","max-video-preview":"max-video-preview:-1"},"canonical":"https:\/\/flydesk.com\/it\/credit\/","og_locale":"it_IT","og_type":"article","og_title":"Buy FLYDESK Credits &mdash; FLYDESK","og_description":"Buy credits for a faster and cheaper booking experience to access the FLYDESK certified workspace network globally. Book your space today!","og_url":"https:\/\/flydesk.com\/it\/credit\/","og_site_name":"FLYDESK","article_modified_time":"2023-09-07T04:10:56+00:00","og_image":[{"url":"https:\/\/d3l13r1yn9peim.cloudfront.net\/2021\/04\/22110535\/Host.png"}],"twitter_card":"summary_large_image","twitter_misc":{"Tempo di lettura stimato":"2 minuti"},"schema":{"@context":"https:\/\/schema.org","@graph":[{"@type":"Organization","@id":"https:\/\/flydesk.com\/#organization","name":"FLYDESK","url":"https:\/\/flydesk.com\/","sameAs":[],"logo":{"@type":"ImageObject","@id":"https:\/\/flydesk.com\/#logo","inLanguage":"it-IT","url":"","contentUrl":"","caption":"FLYDESK"},"image":{"@id":"https:\/\/flydesk.com\/#logo"}},{"@type":"WebSite","@id":"https:\/\/flydesk.com\/#website","url":"https:\/\/flydesk.com\/","name":"FLYDESK","description":"Fly your work with style","publisher":{"@id":"https:\/\/flydesk.com\/#organization"},"potentialAction":[{"@type":"SearchAction","target":{"@type":"EntryPoint","urlTemplate":"https:\/\/flydesk.com\/?s={search_term_string}"},"query-input":"required name=search_term_string"}],"inLanguage":"it-IT"},{"@type":"ImageObject","@id":"https:\/\/flydesk.com\/credit\/#primaryimage","inLanguage":"it-IT","url":"https:\/\/d3l13r1yn9peim.cloudfront.net\/2021\/04\/22110535\/Host.png","contentUrl":"https:\/\/d3l13r1yn9peim.cloudfront.net\/2021\/04\/22110535\/Host.png"},{"@type":"WebPage","@id":"https:\/\/flydesk.com\/credit\/#webpage","url":"https:\/\/flydesk.com\/credit\/","name":"Buy FLYDESK Credits &mdash; FLYDESK","isPartOf":{"@id":"https:\/\/flydesk.com\/#website"},"primaryImageOfPage":{"@id":"https:\/\/flydesk.com\/credit\/#primaryimage"},"datePublished":"2020-06-02T04:54:46+00:00","dateModified":"2023-09-07T04:10:56+00:00","description":"Buy credits for a faster and cheaper booking experience to access the FLYDESK certified workspace network globally. Book your space today!","breadcrumb":{"@id":"https:\/\/flydesk.com\/credit\/#breadcrumb"},"inLanguage":"it-IT","potentialAction":[{"@type":"ReadAction","target":["https:\/\/flydesk.com\/credit\/"]}]},{"@type":"BreadcrumbList","@id":"https:\/\/flydesk.com\/credit\/#breadcrumb","itemListElement":[{"@type":"ListItem","position":1,"name":"Home","item":"https:\/\/flydesk.com\/"},{"@type":"ListItem","position":2,"name":"Credit"}]}]}},"_links":{"self":[{"href":"https:\/\/flydesk.com\/it\/wp-json\/wp\/v2\/pages\/14469"}],"collection":[{"href":"https:\/\/flydesk.com\/it\/wp-json\/wp\/v2\/pages"}],"about":[{"href":"https:\/\/flydesk.com\/it\/wp-json\/wp\/v2\/types\/page"}],"author":[{"embeddable":true,"href":"https:\/\/flydesk.com\/it\/wp-json\/wp\/v2\/users\/13"}],"replies":[{"embeddable":true,"href":"https:\/\/flydesk.com\/it\/wp-json\/wp\/v2\/comments?post=14469"}],"version-history":[{"count":1,"href":"https:\/\/flydesk.com\/it\/wp-json\/wp\/v2\/pages\/14469\/revisions"}],"predecessor-version":[{"id":90923,"href":"https:\/\/flydesk.com\/it\/wp-json\/wp\/v2\/pages\/14469\/revisions\/90923"}],"wp:attachment":[{"href":"https:\/\/flydesk.com\/it\/wp-json\/wp\/v2\/media?parent=14469"}],"curies":[{"name":"wp","href":"https:\/\/api.w.org\/{rel}","templated":true}]}}