{"id":14470,"date":"2020-06-08T10:01:30","date_gmt":"2020-06-08T02:01:30","guid":{"rendered":"https:\/\/dev.flydesk.com\/?page_id=8746"},"modified":"2021-06-02T17:02:35","modified_gmt":"2021-06-02T09:02:35","slug":"membership","status":"publish","type":"page","link":"https:\/\/flydesk.com\/pl\/membership\/","title":{"rendered":"Cz\u0142onkostwo"},"content":{"rendered":"<h2>\n\t\tDo\u0142\u0105cz do KLUBU FLYDESK ju\u017c dzi\u015b\n\t<\/h2>\n<h2>\n\t\tKLUB\n\t<\/h2>\n\t<p>Najlepsze przestrzenie robocze i narz\u0119dzia, kt\u00f3re odnios\u0105 sukces w elastycznej podr\u00f3\u017cy s\u0142u\u017cbowej<\/p>\n<h4><b>Wolny<\/b><\/h4>\n<p>Na zawsze<\/p>\n\t\t\t<a href=\"#\"   target=\"_self\"   role=\"button\"   rel=\"noopener noreferrer\">\n\t\t\t\t\t\t\tZaczynaj\n\t\t\t\t\t<\/a>\n\t<strong>FUNKCJE<\/strong>\n<ul>\n<li>Bezp\u0142atna jednodniowa wersja pr\u00f3bna<\/li>\n<li>Rezerwacja miejsca pracy<\/li>\n<li>Portfel kredytowy Workspace<\/li>\n<li>Zni\u017cki na kredyty Workspace<\/li>\n<li>Korzy\u015bci dla cz\u0142onk\u00f3w<\/li>\n<\/ul>\n<p>&nbsp;<\/p>\n<strong>CECHY APLIKACJI<\/strong>\n<ul>\n<li>Zarz\u0105dzaj zespo\u0142em<\/li>\n<li>Odprawa zespo\u0142u<\/li>\n<li>Rezerwacja biura<\/li>\n<li>Analiza pracy<\/li>\n<\/ul>\n\t<strong>WKR\u00d3TCE<\/strong>\n<ul>\n<li>Zarz\u0105dzanie planem pi\u0119tra<\/li>\n<li>Czat audio\/wideo<\/li>\n<li>Integracja ze luzem<\/li>\n<li>Integracja MS Team<\/li>\n<li>Integracja Bamboo HR<\/li>\n<\/ul>\n\t\t\t<a href=\"https:\/\/flydesk.com\/pl\/credit\/\"   target=\"_self\"   role=\"button\"   rel=\"noopener noreferrer\">\n\t\t\t\t\t\t\tO kredytach FLYDESK\n\t\t\t\t\t<\/a>","protected":false},"excerpt":{"rendered":"<p>Do\u0142\u0105cz do KLUBU FLYDESK ju\u017c dzi\u015b KLUB Najlepsze przestrzenie do pracy i narz\u0119dzia, kt\u00f3re odnios\u0105 sukces w Twojej elastycznej podr\u00f3\u017cy s\u0142u\u017cbowej Bezp\u0142atnie na zawsze Rozpocznij FUNKCJE Bezp\u0142atna jednodniowa wersja pr\u00f3bna Rezerwacja Workspace Workspace Portfel kredyt\u00f3w Workspace Rabaty kredyt\u00f3w CECHY APLIKACJI Zarz\u0105dzaj zespo\u0142em Odprawa zespo\u0142u Rezerwacja w biurze Analiza pracy NADCHODZ\u0104 SOON Zarz\u0105dzanie planem pi\u0119tra Czat audio\/wideo\u2026<\/p>","protected":false},"author":13,"featured_media":0,"parent":0,"menu_order":0,"comment_status":"closed","ping_status":"closed","template":"","meta":{"footnotes":""},"acf":[],"yoast_head":"<!-- This site is optimized with the Yoast SEO plugin v16.8 - https:\/\/yoast.com\/wordpress\/plugins\/seo\/ -->\n<title>Membership details &mdash; FLYDESK<\/title>\n<meta name=\"description\"  content=\"Access the best workspaces from the FLYDESK certified network with our free membership. Get free trials and deals from our partners.\" \/>\n<meta name=\"robots\"  content=\"index, follow, max-snippet:-1, max-image-preview:large, max-video-preview:-1\" \/>\n<link rel=\"canonical\"  href=\"https:\/\/flydesk.com\/pl\/membership\/\" \/>\n<meta property=\"og:locale\"  content=\"pl_PL\" \/>\n<meta property=\"og:type\"  content=\"article\" \/>\n<meta property=\"og:title\"  content=\"Membership details &mdash; FLYDESK\" \/>\n<meta property=\"og:description\"  content=\"Access the best workspaces from the FLYDESK certified network with our free membership. Get free trials and deals from our partners.\" \/>\n<meta property=\"og:url\"  content=\"https:\/\/flydesk.com\/pl\/membership\/\" \/>\n<meta property=\"og:site_name\" content=\"FLYDESK\" \/>\n<meta property=\"article:modified_time\"  content=\"2021-06-02T09:02:35+00:00\" \/>\n<meta name=\"twitter:card\"  content=\"summary_large_image\" \/>\n<!-- \/ Yoast SEO plugin. -->","yoast_head_json":{"title":"Membership details &mdash; FLYDESK","description":"Access the best workspaces from the FLYDESK certified network with our free membership. Get free trials and deals from our partners.","robots":{"index":"index","follow":"follow","max-snippet":"max-snippet:-1","max-image-preview":"max-image-preview:large","max-video-preview":"max-video-preview:-1"},"canonical":"https:\/\/flydesk.com\/pl\/membership\/","og_locale":"pl_PL","og_type":"article","og_title":"Membership details &mdash; FLYDESK","og_description":"Access the best workspaces from the FLYDESK certified network with our free membership. Get free trials and deals from our partners.","og_url":"https:\/\/flydesk.com\/pl\/membership\/","og_site_name":"FLYDESK","article_modified_time":"2021-06-02T09:02:35+00:00","twitter_card":"summary_large_image","schema":{"@context":"https:\/\/schema.org","@graph":[{"@type":"Organization","@id":"https:\/\/flydesk.com\/#organization","name":"FLYDESK","url":"https:\/\/flydesk.com\/","sameAs":[],"logo":{"@type":"ImageObject","@id":"https:\/\/flydesk.com\/#logo","inLanguage":"pl-PL","url":"","contentUrl":"","caption":"FLYDESK"},"image":{"@id":"https:\/\/flydesk.com\/#logo"}},{"@type":"WebSite","@id":"https:\/\/flydesk.com\/#website","url":"https:\/\/flydesk.com\/","name":"FLYDESK","description":"Fly your work with style","publisher":{"@id":"https:\/\/flydesk.com\/#organization"},"potentialAction":[{"@type":"SearchAction","target":{"@type":"EntryPoint","urlTemplate":"https:\/\/flydesk.com\/?s={search_term_string}"},"query-input":"required name=search_term_string"}],"inLanguage":"pl-PL"},{"@type":"WebPage","@id":"https:\/\/flydesk.com\/membership\/#webpage","url":"https:\/\/flydesk.com\/membership\/","name":"Membership details &mdash; FLYDESK","isPartOf":{"@id":"https:\/\/flydesk.com\/#website"},"datePublished":"2020-06-08T02:01:30+00:00","dateModified":"2021-06-02T09:02:35+00:00","description":"Access the best workspaces from the FLYDESK certified network with our free membership. Get free trials and deals from our partners.","breadcrumb":{"@id":"https:\/\/flydesk.com\/membership\/#breadcrumb"},"inLanguage":"pl-PL","potentialAction":[{"@type":"ReadAction","target":["https:\/\/flydesk.com\/membership\/"]}]},{"@type":"BreadcrumbList","@id":"https:\/\/flydesk.com\/membership\/#breadcrumb","itemListElement":[{"@type":"ListItem","position":1,"name":"Home","item":"https:\/\/flydesk.com\/"},{"@type":"ListItem","position":2,"name":"Membership"}]}]}},"_links":{"self":[{"href":"https:\/\/flydesk.com\/pl\/wp-json\/wp\/v2\/pages\/14470"}],"collection":[{"href":"https:\/\/flydesk.com\/pl\/wp-json\/wp\/v2\/pages"}],"about":[{"href":"https:\/\/flydesk.com\/pl\/wp-json\/wp\/v2\/types\/page"}],"author":[{"embeddable":true,"href":"https:\/\/flydesk.com\/pl\/wp-json\/wp\/v2\/users\/13"}],"replies":[{"embeddable":true,"href":"https:\/\/flydesk.com\/pl\/wp-json\/wp\/v2\/comments?post=14470"}],"version-history":[{"count":0,"href":"https:\/\/flydesk.com\/pl\/wp-json\/wp\/v2\/pages\/14470\/revisions"}],"wp:attachment":[{"href":"https:\/\/flydesk.com\/pl\/wp-json\/wp\/v2\/media?parent=14470"}],"curies":[{"name":"wp","href":"https:\/\/api.w.org\/{rel}","templated":true}]}}