{"id":1559,"date":"2019-10-24T19:08:08","date_gmt":"2019-10-24T11:08:08","guid":{"rendered":"https:\/\/flydesk.com\/?page_id=1559"},"modified":"2021-03-02T17:27:40","modified_gmt":"2021-03-02T09:27:40","slug":"privacy","status":"publish","type":"page","link":"https:\/\/flydesk.com\/pl\/privacy\/","title":{"rendered":"Polityka prywatno\u015bci"},"content":{"rendered":"<h1>\n\t<\/h1>\n\t<p><strong>Profindup ograniczona (FLYDESK)<\/strong>\u00a0zobowi\u0105zuje si\u0119 do ochrony i poszanowania Twojej prywatno\u015bci.<\/p>\n<p>Niniejsza polityka wraz z naszymi Warunkami u\u017cytkowania (<a href=\"https:\/\/flydesk.com\/pl\/terms\/\">https:\/\/flydesk.com\/terms\/<\/a>) oraz wszelkich innych dokument\u00f3w, o kt\u00f3rych mowa w nim, okre\u015bla podstaw\u0119 przetwarzania przez nas wszelkich danych osobowych, kt\u00f3re od Ciebie zbieramy lub kt\u00f3re nam przekazujesz. Prosimy o uwa\u017cne zapoznanie si\u0119 z poni\u017cszymi informacjami, aby zrozumie\u0107 nasze pogl\u0105dy i praktyki dotycz\u0105ce Twoich danych osobowych oraz sposobu, w jaki b\u0119dziemy je traktowa\u0107.<\/p>\n<ol>\n<li><strong>Zbieranie informacji\u00a0<\/strong>\n<ol>\n<li>Aby zapewni\u0107 Ci lepsz\u0105 obs\u0142ug\u0119, mo\u017cemy gromadzi\u0107 i przetwarza\u0107 nast\u0119puj\u0105ce dane o Tobie:\n<ul>\n<li>informacje, kt\u00f3re podajesz wype\u0142niaj\u0105c formularze na naszej stronie https:\/\/flydesk.com (\u201e<strong>Teren<\/strong>\u201c). Obejmuje to informacje podane podczas rejestracji w celu korzystania z naszej Witryny, subskrybowania naszych us\u0142ug, publikowania materia\u0142\u00f3w lub \u017c\u0105dania dalszych us\u0142ug. Mo\u017cemy r\u00f3wnie\u017c poprosi\u0107 Ci\u0119 o informacje w innych przypadkach, na przyk\u0142ad w zwi\u0105zku z promocj\u0105 lub gdy zg\u0142aszasz problem z nasz\u0105 Witryn\u0105;<\/li>\n<li>je\u015bli skontaktujesz si\u0119 z nami, mo\u017cemy prowadzi\u0107 rejestr tej korespondencji;<\/li>\n<li>mo\u017cemy r\u00f3wnie\u017c poprosi\u0107 Ci\u0119 o wype\u0142nienie ankiet, kt\u00f3rych u\u017cywamy do cel\u00f3w badawczych, chocia\u017c nie musisz na nie odpowiada\u0107;<\/li>\n<li>szczeg\u00f3\u0142y transakcji, kt\u00f3re przeprowadzasz za po\u015brednictwem naszej Witryny i realizacji Twoich zam\u00f3wie\u0144;<\/li>\n<li>szczeg\u00f3\u0142owe informacje o Twoich wizytach na naszej Stronie i zasobach, do kt\u00f3rych uzyskujesz dost\u0119p.<\/li>\n<li>Lokalizacja GPS Twojego urz\u0105dzenia za Twoj\u0105 zgod\u0105 z wykorzystaniem technologii wykrywania geolokalizacji z adresu IP, informacje o lokalizacji GPS uzyskane na smartfonach.<\/li>\n<\/ul>\n<\/li>\n<li>Przechowujemy dane osobowe tylko tak d\u0142ugo, jak jest to konieczne. Dane mog\u0105 by\u0107 archiwizowane tak d\u0142ugo, jak d\u0142ugo istnieje cel, w jakim zosta\u0142y wykorzystane.<\/li>\n<\/ol>\n<\/li>\n<\/ol>\n<ol start=\"2\">\n<li><strong>Wykorzystanie informacji\u00a0<\/strong>\n<ol>\n<li>Cele, dla kt\u00f3rych informacje mog\u0105 by\u0107 przez nas wykorzystywane w Specjalnym Regionie Administracyjnym Hongkongu i poza nim, obejmuj\u0105:\n<ul>\n<li>zapewnienie, \u017ce tre\u015bci z naszej Witryny s\u0105 prezentowane w najbardziej efektywny spos\u00f3b dla Ciebie i Twojego komputera;<\/li>\n<li>dostarczanie alert\u00f3w, biuletyn\u00f3w, materia\u0142\u00f3w edukacyjnych lub informacji, o kt\u00f3re prosi\u0142e\u015b lub si\u0119 zarejestrowa\u0142e\u015b;<\/li>\n<li>realizacji naszych zobowi\u0105za\u0144 wynikaj\u0105cych z wszelkich um\u00f3w zawartych mi\u0119dzy Tob\u0105 a nami;<\/li>\n<li>umo\u017cliwienie Ci udzia\u0142u w interaktywnych funkcjach naszego serwisu, je\u015bli zdecydujesz si\u0119 to zrobi\u0107;<\/li>\n<li>projektowanie i przeprowadzanie ankiet\/ankiet s\u0142u\u017c\u0105cych do profilowania\/segmentacji klient\u00f3w, analizy statystycznej, ulepszania i dalszego \u015bwiadczenia naszych produkt\u00f3w i us\u0142ug;<\/li>\n<li>przestrzeganie przepis\u00f3w ustawowych i wykonawczych maj\u0105cych zastosowanie do nas lub kt\u00f3regokolwiek z naszych podmiot\u00f3w stowarzyszonych w Specjalnym Regionie Administracyjnym Hongkongu lub poza nim;<\/li>\n<li>post\u0119powania s\u0105dowe, w tym \u015bci\u0105ganie zaleg\u0142ych nale\u017cno\u015bci i zasi\u0119ganie profesjonalnych porad;<\/li>\n<li>badanie, projektowanie i wprowadzanie us\u0142ug lub produkt\u00f3w, w tym seminaria\/wydarzenia\/fora;<\/li>\n<li>promowanie i marketing us\u0142ug i produkt\u00f3w podlegaj\u0105cych skorzystaniu przez u\u017cytkownika z prawa do rezygnacji (wi\u0119cej informacji mo\u017cna znale\u017a\u0107 w punkcie 2.2 poni\u017cej); lub<\/li>\n<li>cel\u00f3w bezpo\u015brednio zwi\u0105zanych lub ubocznych z powy\u017cszymi.<\/li>\n<\/ul>\n<\/li>\n<li>Zamierzamy wykorzystywa\u0107 Twoje dane w marketingu bezpo\u015brednim i w tym celu wymagamy Twojej zgody (zawieraj\u0105cej wskazanie braku sprzeciwu). W zwi\u0105zku z tym nale\u017cy pami\u0119ta\u0107, \u017ce:\n<ul>\n<li>Twoje imi\u0119 i nazwisko, dane kontaktowe (w tym adres, numer kontaktowy, adres e-mail), informacje o produktach i us\u0142ugach, wz\u00f3r i zachowanie transakcji, pochodzenie i dane demograficzne przechowywane przez nas od czasu do czasu mog\u0105 by\u0107 przez nas wykorzystywane w marketingu bezpo\u015brednim;<\/li>\n<li>w marketingu bezpo\u015brednim mog\u0105 by\u0107 wprowadzane do obrotu nast\u0119puj\u0105ce klasy us\u0142ug, produkt\u00f3w i przedmiot\u00f3w:\n<ul>\n<li>us\u0142ugi i produkty zwi\u0105zane z nasz\u0105 Witryn\u0105 i\/lub naszymi podmiotami stowarzyszonymi (w tym marketingowe programy podmiot\u00f3w stowarzyszonych, kt\u00f3rych jeste\u015bmy cz\u0119\u015bci\u0105);<\/li>\n<li>programy nagr\u00f3d, lojalno\u015bci lub przywilej\u00f3w, oferty promocyjne i powi\u0105zane us\u0142ugi; oraz<\/li>\n<li>zaproszenia na wydarzenia takie jak seminaria\/webinaria\/tele-seminaria, konferencje, programy na \u017cywo lub wydarzenia.<\/li>\n<\/ul>\n<\/li>\n<li>Mo\u017cemy prowadzi\u0107 marketing bezpo\u015bredni za po\u015brednictwem faksu, poczty elektronicznej, poczty bezpo\u015bredniej, telefonu i innych \u015brodk\u00f3w komunikacji lub wysy\u0142a\u0107 do Ciebie e-biuletyny. Mo\u017cesz zrezygnowa\u0107 z otrzymywania materia\u0142\u00f3w promocyjnych, po prostu informuj\u0105c nas o tym (dane kontaktowe poni\u017cej), a my przestaniemy to robi\u0107 bez op\u0142at.<\/li>\n<\/ul>\n<\/li>\n<\/ol>\n<\/li>\n<\/ol>\n<ol start=\"3\">\n<li><strong>Ujawnianie twoich informacji\u00a0<\/strong><\/li>\n<\/ol>\n<p>Zachowamy poufno\u015b\u0107 przechowywanych przez nas danych osobowych, ale mo\u017cemy przekazywa\u0107 informacje:<\/p>\n<ul>\n<li>personel, agenci, doradcy, audytorzy, kontrahenci, instytucje finansowe i us\u0142ugodawcy w zwi\u0105zku z nasz\u0105 dzia\u0142alno\u015bci\u0105 lub us\u0142ugami;<\/li>\n<li>nasze zagraniczne biura, podmioty stowarzyszone, partnerzy biznesowi i odpowiednicy (je\u015bli istniej\u0105);<\/li>\n<li>osoby zobowi\u0105zane wobec nas do zachowania poufno\u015bci;<\/li>\n<li>osoby, kt\u00f3rym jeste\u015bmy zobowi\u0105zani do ujawnienia zgodnie z obowi\u0105zuj\u0105cymi przepisami ustawowymi i wykonawczymi w Specjalnym Regionie Administracyjnym Hongkongu lub poza nim; lub<\/li>\n<li>faktyczne lub proponowane osoby przenosz\u0105ce lub uczestnicy naszych us\u0142ug w Specjalnym Regionie Administracyjnym Hongkongu lub poza nim.<\/li>\n<\/ul>\n<ol start=\"4\">\n<li><strong>Ciasteczka\u00a0<\/strong>\n<ol>\n<li>Nasza strona internetowa wykorzystuje pliki cookie, aby odr\u00f3\u017cni\u0107 Ci\u0119 od innych u\u017cytkownik\u00f3w naszej witryny. Pomaga nam to zapewni\u0107 Ci dobre wra\u017cenia podczas przegl\u0105dania naszej strony internetowej, a tak\u017ce pozwala nam ulepsza\u0107 nasz\u0105 Stron\u0119. Kontynuuj\u0105c przegl\u0105danie Witryny, wyra\u017casz zgod\u0119 na u\u017cywanie przez nas plik\u00f3w cookie.<\/li>\n<li>Plik cookie to ma\u0142y plik sk\u0142adaj\u0105cy si\u0119 z liter i cyfr, kt\u00f3ry przechowujemy w Twojej przegl\u0105darce lub na dysku twardym Twojego komputera, je\u015bli wyrazisz na to zgod\u0119. Pliki cookie zawieraj\u0105 informacje, kt\u00f3re s\u0105 przesy\u0142ane na dysk twardy Twojego komputera.<\/li>\n<li>U\u017cywamy nast\u0119puj\u0105cych plik\u00f3w cookie:\n<ul>\n<li><strong>Niezb\u0119dne pliki cookie.<\/strong> S\u0105 to pliki cookie, kt\u00f3re s\u0105 wymagane do dzia\u0142ania naszej strony internetowej. Obejmuj\u0105 one na przyk\u0142ad pliki cookie, kt\u00f3re umo\u017cliwiaj\u0105 logowanie si\u0119 do bezpiecznych obszar\u00f3w naszej witryny, korzystanie z koszyka zakup\u00f3w lub korzystanie z us\u0142ug e-rozlicze\u0144.<\/li>\n<li><strong>Analityczne\/wydajno\u015bciowe pliki cookie. <\/strong>Pozwalaj\u0105 nam rozpozna\u0107 i policzy\u0107 liczb\u0119 odwiedzaj\u0105cych oraz zobaczy\u0107, jak odwiedzaj\u0105cy poruszaj\u0105 si\u0119 po naszej witrynie, gdy z niej korzystaj\u0105. Pomaga nam to ulepszy\u0107 spos\u00f3b dzia\u0142ania naszej strony internetowej, na przyk\u0142ad poprzez zapewnienie, \u017ce u\u017cytkownicy \u0142atwo znajduj\u0105 to, czego szukaj\u0105.<\/li>\n<li><strong>Funkcjonalne pliki cookie<\/strong>. S\u0142u\u017c\u0105 one do rozpoznania Ci\u0119 po powrocie na nasz\u0105 stron\u0119 internetow\u0105. Dzi\u0119ki temu mo\u017cemy spersonalizowa\u0107 nasze tre\u015bci dla Ciebie, powita\u0107 Ci\u0119 po imieniu i zapami\u0119ta\u0107 Twoje preferencje (na przyk\u0142ad wybrany j\u0119zyk lub region).<\/li>\n<li><strong>Targetuj\u0105ce pliki cookie. <\/strong>Te pliki cookie rejestruj\u0105 Twoj\u0105 wizyt\u0119 na naszej stronie internetowej, odwiedzane strony i linki, z kt\u00f3rych korzystasz. Wykorzystamy te informacje, aby nasza strona internetowa i wy\u015bwietlane na niej reklamy bardziej odpowiada\u0142y Twoim zainteresowaniom. W tym celu mo\u017cemy r\u00f3wnie\u017c udost\u0119pnia\u0107 te informacje stronom trzecim.<\/li>\n<\/ul>\n<\/li>\n<li>Nale\u017cy pami\u0119ta\u0107, \u017ce osoby trzecie (w tym np. sieci reklamowe i dostawcy us\u0142ug zewn\u0119trznych, takich jak us\u0142ugi analizy ruchu w sieci) mog\u0105 r\u00f3wnie\u017c wykorzystywa\u0107 pliki cookie, nad kt\u00f3rymi nie mamy kontroli. Te pliki cookie mog\u0105 by\u0107 plikami cookie analitycznymi\/wydajno\u015bciowymi lub plikami docelowymi.<\/li>\n<li>W witrynie internetowej mo\u017cemy korzysta\u0107 z nast\u0119puj\u0105cych us\u0142ug analitycznych stron trzecich. Us\u0142ugodawcy, kt\u00f3rzy zarz\u0105dzaj\u0105 tymi us\u0142ugami, korzystaj\u0105 z technologii, takich jak pliki cookie, logi serwera internetowego i sygnalizatory sieci Web, aby pom\u00f3c nam analizowa\u0107, w jaki spos\u00f3b odwiedzaj\u0105cy korzystaj\u0105 z witryny. Informacje zebrane za po\u015brednictwem tych \u015brodk\u00f3w (w tym adres IP) s\u0105 ujawniane tym us\u0142ugodawcom, kt\u00f3rzy wykorzystuj\u0105 te informacje do oceny korzystania ze strony internetowej. Te us\u0142ugi analityczne mog\u0105 wykorzystywa\u0107 zebrane dane do kontekstualizowania i personalizowania materia\u0142\u00f3w marketingowych w\u0142asnej sieci reklamowej.<\/li>\n<\/ol>\n<\/li>\n<\/ol>\n<ol>Google Analytics\n<li>\n<ol start=\"6\">\n<li>Google Analytics to us\u0142uga analizy internetowej \u015bwiadczona przez Google Inc. (\u201eGoogle\u201d). Mo\u017cliwo\u015b\u0107 wykorzystywania i udost\u0119pniania przez Google informacji zebranych przez Google Analytics jest zgodna z ich polityk\u0105: https:\/\/www.google.com\/policies\/privacy\/partners\/<\/li>\n<li>Mo\u017cesz zapobiec gromadzeniu i przetwarzaniu danych przez Google, korzystaj\u0105c ze strony Ustawienia Google Ads lub pobieraj\u0105c i instaluj\u0105c wtyczk\u0119 do przegl\u0105darki (https:\/\/tools.google.com\/dlpage\/gaoptout).<\/li>\n<li>Mo\u017cesz zablokowa\u0107 pliki cookie, aktywuj\u0105c ustawienie w przegl\u0105darce, kt\u00f3re pozwala odm\u00f3wi\u0107 ustawienia wszystkich lub niekt\u00f3rych plik\u00f3w cookie. Je\u015bli jednak u\u017cywasz ustawie\u0144 przegl\u0105darki do blokowania wszystkich plik\u00f3w cookie (w tym niezb\u0119dnych plik\u00f3w cookie), mo\u017cesz nie mie\u0107 dost\u0119pu do ca\u0142o\u015bci lub cz\u0119\u015bci naszej Witryny.<\/li>\n<\/ol>\n<\/li>\n<\/ol>\n<ol start=\"5\">\n<li><strong>Bezpiecze\u0144stwo\u00a0<\/strong>\n<ol>\n<li>Wszystkie informacje, kt\u00f3re nam przekazujesz, s\u0105 przechowywane na naszych bezpiecznych serwerach. Wszelkie transakcje p\u0142atnicze b\u0119d\u0105 szyfrowane przy u\u017cyciu technologii SSL. W przypadku, gdy dali\u015bmy Ci (lub wybra\u0142e\u015b) has\u0142o, kt\u00f3re umo\u017cliwia Ci dost\u0119p do niekt\u00f3rych cz\u0119\u015bci naszej Witryny, jeste\u015b odpowiedzialny za zachowanie tego has\u0142a w tajemnicy. Prosimy nie udost\u0119pnia\u0107 nikomu has\u0142a.<\/li>\n<li>Niestety przesy\u0142anie informacji przez Internet nie jest ca\u0142kowicie bezpieczne. Chocia\u017c do\u0142o\u017cymy wszelkich stara\u0144, aby chroni\u0107 Twoje dane osobowe, nie mo\u017cemy zagwarantowa\u0107 bezpiecze\u0144stwa Twoich danych przesy\u0142anych do naszej Witryny; ka\u017cda transmisja odbywa si\u0119 na w\u0142asne ryzyko. Po otrzymaniu Twoich informacji zastosujemy rygorystyczne procedury i funkcje bezpiecze\u0144stwa, aby zapobiec nieautoryzowanemu dost\u0119powi.<\/li>\n<\/ol>\n<\/li>\n<\/ol>\n<ol start=\"6\">\n<li><strong>Zmiany w naszej Polityce prywatno\u015bci<\/strong><\/li>\n<\/ol>\n<p>Wszelkie zmiany, kt\u00f3re mo\u017cemy wprowadzi\u0107 w naszej Polityce prywatno\u015bci w przysz\u0142o\u015bci, zostan\u0105 opublikowane na tej stronie.<\/p>\n<ol start=\"7\">\n<li><strong>Transfery danych<\/strong><\/li>\n<\/ol>\n<p>Mo\u017cemy od czasu do czasu przechowywa\u0107 Twoje dane na serwerach w Hongkongu, Amazon Web Services, Google Cloud Platform i innych terytoriach, kt\u00f3re uznamy za stosowne. Mo\u017cemy r\u00f3wnie\u017c przekazywa\u0107 Twoje dane do naszych zagranicznych biur lub do os\u00f3b wymienionych w punkcie 3 powy\u017cej, kt\u00f3re mog\u0105 znajdowa\u0107 si\u0119 w Specjalnym Regionie Administracyjnym Hongkongu lub poza nim.<\/p>\n<ol start=\"8\">\n<li><strong>Twoja zgoda i prawa<\/strong>\n<ol>\n<li>Korzystaj\u0105c z naszej us\u0142ugi, sk\u0142adaj\u0105c aplikacj\u0119 lub odwiedzaj\u0105c nasz\u0105 stron\u0119 internetow\u0105, wyra\u017casz zgod\u0119 na zbieranie i wykorzystywanie swoich informacji oraz innych dzia\u0142a\u0144 okre\u015blonych w niniejszej polityce.<\/li>\n<li>Zgodnie z rozporz\u0105dzeniem w sprawie danych osobowych (prywatno\u015b\u0107) w Hongkongu (\u201e<strong>Rozporz\u0105dzenie<\/strong>\u201e), osoby fizyczne maj\u0105 prawo:\n<ul>\n<li>sprawdzenia, czy przechowujemy dane osobowe o Tobie i uzyskania dost\u0119pu do tych danych;<\/li>\n<li>\u017c\u0105da\u0107 od nas poprawienia, tak szybko jak to mo\u017cliwe, wszelkich danych dotycz\u0105cych Ciebie, kt\u00f3re s\u0105 niedok\u0142adne;<\/li>\n<li>w celu ustalenia naszych zasad i praktyk w odniesieniu do danych osobowych oraz rodzaju posiadanych przez nas danych osobowych; oraz<\/li>\n<li>sprzeciwi\u0107 si\u0119 wykorzystywaniu Twoich danych osobowych w celach marketingowych i nie b\u0119dziemy wykorzystywa\u0107 Twoich danych osobowych w celach marketingowych po z\u0142o\u017ceniu przez Ciebie sprzeciwu.<\/li>\n<\/ul>\n<\/li>\n<li>Mo\u017cesz skorzysta\u0107 z prawa do rezygnacji, powiadamiaj\u0105c nas, je\u015bli chcesz sprzeciwi\u0107 si\u0119 wykorzystywaniu Twoich danych osobowych do cel\u00f3w marketingu bezpo\u015bredniego. Pro\u015bby o takie sprzeciwy, dost\u0119p do danych, korekt\u0119 danych, informacje dotycz\u0105ce zasad i praktyk oraz rodzaj\u00f3w posiadanych danych, pytania lub skargi prosimy kierowa\u0107 na adres: Imi\u0119 i nazwisko: Administrator Profindup, E-mail: hello@flydesk.com<\/li>\n<\/ol>\n<ol start=\"4\">\n<li>Zgodnie z warunkami Rozporz\u0105dzenia mamy prawo i mo\u017cemy pobiera\u0107 rozs\u0105dn\u0105 op\u0142at\u0119 za rozpatrzenie ka\u017cdego \u017c\u0105dania dost\u0119pu do danych.<\/li>\n<li>W przypadku, gdy U\u017cytkownik chce uzyska\u0107 dost\u0119p lub zmieni\u0107 swoje dane osobowe i dane, Sp\u00f3\u0142ka mo\u017ce za\u017c\u0105da\u0107 od niego podania danych osobowych w celu weryfikacji i potwierdzenia jego to\u017csamo\u015bci. Numer karty HKID, numer paszportu lub numer dowodu rejestracyjnego firmy nie mo\u017ce zosta\u0107 zmieniony, chyba \u017ce oka\u017ce si\u0119, \u017ce takie dane s\u0105 niedok\u0142adne. Firma jest zobowi\u0105zana odpowiedzie\u0107 na \u017c\u0105danie U\u017cytkownika w ci\u0105gu siedmiu (7) dni od jego \u017c\u0105dania i do\u0142o\u017cy wszelkich stara\u0144, aby to zrobi\u0107, gdy tylko b\u0119dzie to mo\u017cliwe.<\/li>\n<\/ol>\n<\/li>\n<\/ol>\n<ol start=\"9\">\n<li><strong>Prawo w\u0142a\u015bciwe i jurysdykcja\u00a0<\/strong><\/li>\n<\/ol>\n<p>\u017badne z postanowie\u0144 niniejszej Polityki prywatno\u015bci nie ogranicza praw osoby, kt\u00f3rej dane dotycz\u0105, wynikaj\u0105cych z Rozporz\u0105dzenia. Niniejsza Polityka prywatno\u015bci podlega prawu Specjalnego Regionu Administracyjnego Hongkongu. Zgadzasz si\u0119 podda\u0107 wy\u0142\u0105cznej jurysdykcji s\u0105d\u00f3w w Hongkongu.<\/p>\n<p>&nbsp;<\/p>","protected":false},"excerpt":{"rendered":"<p>Profindup Limited (FLYDESK) zobowi\u0105zuje si\u0119 do ochrony i poszanowania Twojej prywatno\u015bci. Niniejsza polityka, wraz z naszymi Warunkami u\u017cytkowania (https:\/\/flydesk.com\/terms\/) i wszelkimi innymi dokumentami, do kt\u00f3rych si\u0119 odnosi , b\u0119d\u0105 przez nas przetwarzane. Przeczytaj uwa\u017cnie poni\u017csze informacje\u2026<\/p>","protected":false},"author":1,"featured_media":0,"parent":0,"menu_order":0,"comment_status":"closed","ping_status":"closed","template":"","meta":{"footnotes":""},"acf":[],"yoast_head":"<!-- This site is optimized with the Yoast SEO plugin v16.8 - https:\/\/yoast.com\/wordpress\/plugins\/seo\/ -->\n<title>Privacy policy &mdash; FLYDESK<\/title>\n<meta name=\"robots\"  content=\"index, follow, max-snippet:-1, max-image-preview:large, max-video-preview:-1\" \/>\n<link rel=\"canonical\"  href=\"https:\/\/flydesk.com\/pl\/privacy\/\" \/>\n<meta property=\"og:locale\"  content=\"pl_PL\" \/>\n<meta property=\"og:type\"  content=\"article\" \/>\n<meta property=\"og:title\"  content=\"Privacy policy &mdash; FLYDESK\" \/>\n<meta property=\"og:description\"  content=\"Profindup Limited (FLYDESK)\u00a0is committed to protecting and respecting your privacy. This policy, together with our Terms of Use (https:\/\/flydesk.com\/terms\/)\u00a0and any other documents referred to in it, sets out the basis on which any personal data we collect from you, or that you provide to us, will be processed by us. Please read the following carefully&hellip;\" \/>\n<meta property=\"og:url\"  content=\"https:\/\/flydesk.com\/pl\/privacy\/\" \/>\n<meta property=\"og:site_name\" content=\"FLYDESK\" \/>\n<meta property=\"article:modified_time\"  content=\"2021-03-02T09:27:40+00:00\" \/>\n<meta name=\"twitter:card\"  content=\"summary_large_image\" \/>\n<meta name=\"twitter:label1\"  content=\"Szacowany czas czytania\" \/>\n\t<meta name=\"twitter:data1\" content=\"9 minut\" \/>\n<!-- \/ Yoast SEO plugin. -->","yoast_head_json":{"title":"Privacy policy &mdash; FLYDESK","robots":{"index":"index","follow":"follow","max-snippet":"max-snippet:-1","max-image-preview":"max-image-preview:large","max-video-preview":"max-video-preview:-1"},"canonical":"https:\/\/flydesk.com\/pl\/privacy\/","og_locale":"pl_PL","og_type":"article","og_title":"Privacy policy &mdash; FLYDESK","og_description":"Profindup Limited (FLYDESK)\u00a0is committed to protecting and respecting your privacy. This policy, together with our Terms of Use (https:\/\/flydesk.com\/terms\/)\u00a0and any other documents referred to in it, sets out the basis on which any personal data we collect from you, or that you provide to us, will be processed by us. Please read the following carefully&hellip;","og_url":"https:\/\/flydesk.com\/pl\/privacy\/","og_site_name":"FLYDESK","article_modified_time":"2021-03-02T09:27:40+00:00","twitter_card":"summary_large_image","twitter_misc":{"Szacowany czas czytania":"9 minut"},"schema":{"@context":"https:\/\/schema.org","@graph":[{"@type":"Organization","@id":"https:\/\/flydesk.com\/#organization","name":"FLYDESK","url":"https:\/\/flydesk.com\/","sameAs":[],"logo":{"@type":"ImageObject","@id":"https:\/\/flydesk.com\/#logo","inLanguage":"pl-PL","url":"","contentUrl":"","caption":"FLYDESK"},"image":{"@id":"https:\/\/flydesk.com\/#logo"}},{"@type":"WebSite","@id":"https:\/\/flydesk.com\/#website","url":"https:\/\/flydesk.com\/","name":"FLYDESK","description":"Fly your work with style","publisher":{"@id":"https:\/\/flydesk.com\/#organization"},"potentialAction":[{"@type":"SearchAction","target":{"@type":"EntryPoint","urlTemplate":"https:\/\/flydesk.com\/?s={search_term_string}"},"query-input":"required name=search_term_string"}],"inLanguage":"pl-PL"},{"@type":"WebPage","@id":"https:\/\/flydesk.com\/privacy\/#webpage","url":"https:\/\/flydesk.com\/privacy\/","name":"Privacy policy &mdash; FLYDESK","isPartOf":{"@id":"https:\/\/flydesk.com\/#website"},"datePublished":"2019-10-24T11:08:08+00:00","dateModified":"2021-03-02T09:27:40+00:00","breadcrumb":{"@id":"https:\/\/flydesk.com\/privacy\/#breadcrumb"},"inLanguage":"pl-PL","potentialAction":[{"@type":"ReadAction","target":["https:\/\/flydesk.com\/privacy\/"]}]},{"@type":"BreadcrumbList","@id":"https:\/\/flydesk.com\/privacy\/#breadcrumb","itemListElement":[{"@type":"ListItem","position":1,"name":"Home","item":"https:\/\/flydesk.com\/"},{"@type":"ListItem","position":2,"name":"Privacy policy"}]}]}},"_links":{"self":[{"href":"https:\/\/flydesk.com\/pl\/wp-json\/wp\/v2\/pages\/1559"}],"collection":[{"href":"https:\/\/flydesk.com\/pl\/wp-json\/wp\/v2\/pages"}],"about":[{"href":"https:\/\/flydesk.com\/pl\/wp-json\/wp\/v2\/types\/page"}],"author":[{"embeddable":true,"href":"https:\/\/flydesk.com\/pl\/wp-json\/wp\/v2\/users\/1"}],"replies":[{"embeddable":true,"href":"https:\/\/flydesk.com\/pl\/wp-json\/wp\/v2\/comments?post=1559"}],"version-history":[{"count":0,"href":"https:\/\/flydesk.com\/pl\/wp-json\/wp\/v2\/pages\/1559\/revisions"}],"wp:attachment":[{"href":"https:\/\/flydesk.com\/pl\/wp-json\/wp\/v2\/media?parent=1559"}],"curies":[{"name":"wp","href":"https:\/\/api.w.org\/{rel}","templated":true}]}}