{"id":23932,"date":"2020-10-28T22:03:44","date_gmt":"2020-10-28T14:03:44","guid":{"rendered":"https:\/\/flydesk.com\/?page_id=23932"},"modified":"2021-06-02T09:58:44","modified_gmt":"2021-06-02T01:58:44","slug":"design-shared-office","status":"publish","type":"page","link":"https:\/\/flydesk.com\/pl\/design-shared-office\/","title":{"rendered":"Zaprojektuj elastyczne i wsp\u00f3\u0142dzielone biuro"},"content":{"rendered":"<h1>\n\t\tZaprojektuj swoj\u0105 elastyczn\u0105 i wsp\u00f3\u0142dzielon\u0105 przestrze\u0144 biurow\u0105\n\t<\/h1>\n\t<p>Pomo\u017cemy Ci znale\u017a\u0107, zaprojektowa\u0107 i wyposa\u017cy\u0107 elastyczn\u0105 i wsp\u00f3\u0142dzielon\u0105 przestrze\u0144 biurow\u0105 dla przysz\u0142ych najemc\u00f3w lub w\u0142asnego zespo\u0142u.<\/p>\n\t\t\t<a href=\"#start\"   target=\"_self\"   role=\"button\"   rel=\"noopener noreferrer\">\n\t\t\t\t\t\t\tRozpocznij sw\u00f3j projekt\n\t\t\t\t\t<\/a>\n\t<p>Stw\u00f3rz przestrze\u0144 biurow\u0105 dostosowan\u0105 do nowoczesnego stylu pracy<\/p>\n\t\t<h2>Przekszta\u0142camy Twoj\u0105 przestrze\u0144 biurow\u0105 w elastyczn\u0105 przestrze\u0144 do pracy<\/h2>\t\t\n\t\t\t<p>FLYDESK wspiera ca\u0142\u0105 transformacj\u0119 biurow\u0105 dla firm zainteresowanych wprowadzeniem wi\u0119kszej elastyczno\u015bci i modernizmu do swojej przestrzeni roboczej poprzez stworzenie inspiruj\u0105cego \u015brodowiska pracy.<\/p>\n\t\t<h3>Szukaj<\/h3>\t\t\n\t\t\t\t<img decoding=\"async\"   src=\"https:\/\/mlgucbjxeu1m.i.optimole.com\/cb:B7VA.3e989\/w:200\/h:201\/q:mauto\/ig:avif\/f:best\/https:\/\/flydesk.com\/wp-content\/uploads\/2019\/10\/Transform-PNG.png\"   alt=\"Przekszta\u0142\u0107 PNG\"   itemprop=\"image\"   height=\"201\"   width=\"200\"   title=\"Przekszta\u0142\u0107 PNG\"   onerror=\"this.style.display='none'\"  \/>\n\t\t<h3><\/h3>\t\t\n\t\t\t<p>Znajdziemy idealn\u0105 przestrze\u0144 do stworzenia Twojej elastycznej przestrzeni biurowej<\/p>\n\t\t<h3>Projekt<\/h3>\t\t\n\t\t\t\t<img decoding=\"async\"   src=\"https:\/\/mlgucbjxeu1m.i.optimole.com\/cb:B7VA.3e989\/w:200\/h:199\/q:mauto\/ig:avif\/f:best\/https:\/\/flydesk.com\/wp-content\/uploads\/2019\/10\/comfort-workspace-PNG.png\"   alt=\"komfort - przestrze\u0144 robocza PNG\"   itemprop=\"image\"   height=\"199\"   width=\"200\"   title=\"komfort - przestrze\u0144 robocza PNG\"   onerror=\"this.style.display='none'\"  \/>\n\t\t<h3><\/h3>\t\t\n\t\t\t<p>Wyobra\u017camy, projektujemy i wyposa\u017camy Twoj\u0105 elastyczn\u0105 przestrze\u0144 biurow\u0105<\/p>\n\t\t<h3>Technika<\/h3>\t\t\n\t\t\t\t<img decoding=\"async\"   src=\"https:\/\/mlgucbjxeu1m.i.optimole.com\/cb:B7VA.3e989\/w:200\/h:200\/q:mauto\/ig:avif\/f:best\/https:\/\/flydesk.com\/wp-content\/uploads\/2019\/10\/Networking-Management-PNG.png\"   alt=\"Sie\u0107 \u2014 zarz\u0105dzanie PNG\"   itemprop=\"image\"   height=\"200\"   width=\"200\"   title=\"Sie\u0107 \u2014 zarz\u0105dzanie PNG\"   onerror=\"this.style.display='none'\"  \/>\n\t\t<h3><\/h3>\t\t\n\t\t\t<p>Konfigurujemy technologi\u0119 do zarz\u0105dzania wsp\u00f3ln\u0105 przestrzeni\u0105 biurow\u0105<\/p>\n<h2>\n\t\tZnalezienie idealnej przestrzeni do zbudowania elastycznego biura\n\t<\/h2>\n<h3>\n\t\tPoznaj sie\u0107 FLYDESK Workspace\n\t<\/h3>\n\t\t\t\t<img data-opt-src=\"https:\/\/mlgucbjxeu1m.i.optimole.com\/cb:B7VA.3e989\/w:auto\/h:auto\/q:mauto\/ig:avif\/f:best\/https:\/\/flydesk.com\/wp-content\/uploads\/2020\/10\/Flydesk-Workspace.png\"   decoding=\"async\"   src=\"https:\/\/mlgucbjxeu1m.i.optimole.com\/cb:B7VA.3e989\/w:auto\/h:auto\/q:eco\/ig:avif\/f:best\/https:\/\/flydesk.com\/wp-content\/uploads\/2020\/10\/Flydesk-Workspace.png\"   alt=\"Obszar roboczy Flydesk\"   itemprop=\"image\"   height=\"763\"   width=\"1292\"   title=\"Obszar roboczy Flydesk\"   onerror=\"this.style.display='none'\"  \/>\n\t\t<h3><\/h3>\t\t\n\t\t\t<p>Zbudowali\u015bmy aplikacj\u0119 podobn\u0105 do AirBnB, aby znale\u017a\u0107 idealn\u0105 przestrze\u0144 do pracy zarz\u0105dzan\u0105 przez naszych operator\u00f3w partnerskich. Dzi\u0119ki FLYDESK uzyskujemy dost\u0119p do globalnej sieci biur serwisowanych, biurek czy sal konferencyjnych dost\u0119pnych na \u017c\u0105danie.<\/p>\n\t\t\t<a href=\"https:\/\/flydesk.com\/pl\/workspace\/\"   target=\"_self\"   role=\"button\"   rel=\"noopener noreferrer\">\n\t\t\t\t\t\t\tZnajd\u017a miejsce pracy\n\t\t\t\t\t<\/a>\n\t\t<h3><\/h3>\t\t\n\t\t\t<p>Lub<\/p>\n<h3>\n\t\tZnajd\u017a now\u0105 przestrze\u0144, aby dostosowa\u0107 swoje biuro\n\t<\/h3>\n\t\t\t\t<img data-opt-src=\"https:\/\/mlgucbjxeu1m.i.optimole.com\/cb:B7VA.3e989\/w:1024\/h:706\/q:mauto\/ig:avif\/f:best\/https:\/\/flydesk.com\/wp-content\/uploads\/2020\/10\/Office-search-design.png\"   decoding=\"async\"   src=\"https:\/\/mlgucbjxeu1m.i.optimole.com\/cb:B7VA.3e989\/w:1024\/h:706\/q:eco\/ig:avif\/f:best\/https:\/\/flydesk.com\/wp-content\/uploads\/2020\/10\/Office-search-design.png\"   alt=\"Wyszukiwanie i projektowanie biura\"   itemprop=\"image\"   height=\"706\"   width=\"1024\"   title=\"Wyszukiwanie i projektowanie biura\"   onerror=\"this.style.display='none'\"  \/>\n\t\t<h3><\/h3>\t\t\n\t\t\t<p>Nasi Eksperci, od po\u015brednik\u00f3w w obrocie nieruchomo\u015bciami po projektant\u00f3w, znajd\u0105 najlepsz\u0105 dost\u0119pn\u0105 powierzchni\u0119 na rynku, odpowiadaj\u0105c\u0105 Twojemu bud\u017cetowi i wymaganiom. Nasz zesp\u00f3\u0142 jest uznawany za projekt w\u015br\u00f3d najlepszych przestrzeni coworkingowych na \u015bwiecie.<\/p>\n\t\t\t<a href=\"#start\"   target=\"_self\"   role=\"button\"   rel=\"noopener noreferrer\">\n\t\t\t\t\t\t\tSzukaj nowej przestrzeni\n\t\t\t\t\t<\/a>\n<h2>\n\t\tNasi eksperci projektowi wspieraj\u0105 ca\u0142\u0105 transformacj\u0119 Twojego biura\n\t<\/h2>\n\t\t\t\t<img data-opt-src=\"https:\/\/mlgucbjxeu1m.i.optimole.com\/cb:B7VA.3e989\/w:auto\/h:auto\/q:mauto\/ig:avif\/f:best\/https:\/\/flydesk.com\/wp-content\/uploads\/2020\/10\/From-design-to-delivery.png\"   decoding=\"async\"   src=\"https:\/\/mlgucbjxeu1m.i.optimole.com\/cb:B7VA.3e989\/w:auto\/h:auto\/q:eco\/ig:avif\/f:best\/https:\/\/flydesk.com\/wp-content\/uploads\/2020\/10\/From-design-to-delivery.png\"   alt=\"Od projektu do dostawy\"   itemprop=\"image\"   height=\"619\"   width=\"3432\"   title=\"Od projektu do dostawy\"   onerror=\"this.style.display='none'\"  \/>\n\t\t<h3>1 Pocz\u0105tek<\/h3>\t\t\n\t\t\t<ul>\n<li>Brief klienta<\/li>\n<li>Zaanga\u017cowanie konsultant\u00f3w<\/li>\n<li>Ankieta i audyt strony<\/li>\n<li>Planowanie i programowanie<\/li>\n<\/ul>\n\t\t<h3>2 projekt<\/h3>\t\t\n\t\t\t<ul>\n<li>Ostateczny uk\u0142ad przestrzeni<\/li>\n<li>Schemat aran\u017cacji wn\u0119trz<\/li>\n<li>Projektowanie us\u0142ug<\/li>\n<li>Kosztorysy<\/li>\n<\/ul>\n\t\t<h3>3 Umowa<\/h3>\t\t\n\t\t\t<ul>\n<li>Formalizacja umowy<\/li>\n<li>Monitorowanie i kontrola jako\u015bci<\/li>\n<li>Kontrola i sprostowanie<\/li>\n<li>Przekazanie strony<\/li>\n<\/ul>\n\t\t<h3>4 Zamkni\u0119cie<\/h3>\t\t\n\t\t\t<ul>\n<li>Ostateczna p\u0142atno\u015b\u0107 z tytu\u0142u umowy<\/li>\n<li>Ocena projektu<\/li>\n<li>Opinie klient\u00f3w<\/li>\n<li>Historia sukcesu klienta<\/li>\n<\/ul>\n\t\t\t<a href=\"#start\"   target=\"_self\"   role=\"button\"   rel=\"noopener noreferrer\">\n\t\t\t\t\t\t\tPodziel si\u0119 swoimi wymaganiami projektowymi \n\t\t\t\t\t<\/a>\n\t\t\t\t<img data-opt-src=\"https:\/\/mlgucbjxeu1m.i.optimole.com\/cb:B7VA.3e989\/w:892\/h:1080\/q:mauto\/ig:avif\/f:best\/https:\/\/flydesk.com\/wp-content\/uploads\/2021\/06\/FLYDESK-App-Overview-3-black.png\"   decoding=\"async\"   src=\"https:\/\/mlgucbjxeu1m.i.optimole.com\/cb:B7VA.3e989\/w:892\/h:1080\/q:eco\/ig:avif\/f:best\/https:\/\/flydesk.com\/wp-content\/uploads\/2021\/06\/FLYDESK-App-Overview-3-black.png\"   alt=\"Aplikacja FLYDESK \u2014 przegl\u0105d 3 czarny\"   itemprop=\"image\"   height=\"2048\"   width=\"1692\"   title=\"Aplikacja FLYDESK \u2014 przegl\u0105d 3 czarny\"   onerror=\"this.style.display='none'\"  \/>\n<h2>\n\t\tZarz\u0105dzaj swoj\u0105 przestrzeni\u0105 biurow\u0105 za pomoc\u0105 aplikacji FLYDESK\n\t<\/h2>\n\t<p>Rozwi\u0105zanie rezerwacyjne dla Twojego wsp\u00f3lnego biura<\/p>\n\t<p>Wsp\u00f3lna powierzchnia biurowa oznacza, \u017ce nie ka\u017cdy b\u0119dzie mia\u0142 dost\u0119p do biurka przez ca\u0142y czas. Aplikacja FLYDESK zapewnia Twojemu zespo\u0142owi zawsze dost\u0119p do biurka w razie potrzeby.<\/p>\n\t<p>Odprawa zespo\u0142owa dla wi\u0119kszej widoczno\u015bci<\/p>\n\t<p>Opr\u00f3cz optymalizacji przestrzeni biurowej, nasza funkcja odprawy umo\u017cliwia cz\u0142onkom zespo\u0142u monitorowanie godzin pracy z dowolnego miejsca.<\/p>\n\t<p>Rozszerzenie Twojego biura w naszej sieci<\/p>\n\t<p>Je\u015bli osi\u0105gn\u0105\u0142e\u015b pe\u0142n\u0105 pojemno\u015b\u0107 swojego biura lub potrzebujesz jednorazowego dost\u0119pu do biurka lub sali konferencyjnej w dowolnym miejscu na \u015bwiecie, po prostu zarezerwuj miejsce za po\u015brednictwem naszej Aplikacji.<\/p>\n\t\t\t\t<img data-opt-src=\"https:\/\/mlgucbjxeu1m.i.optimole.com\/cb:B7VA.3e989\/w:auto\/h:auto\/q:mauto\/ig:avif\/f:best\/https:\/\/flydesk.com\/wp-content\/uploads\/2021\/06\/FLYDESK-App-Overview-4.png\"   decoding=\"async\"   src=\"https:\/\/mlgucbjxeu1m.i.optimole.com\/cb:B7VA.3e989\/w:auto\/h:auto\/q:eco\/ig:avif\/f:best\/https:\/\/flydesk.com\/wp-content\/uploads\/2021\/06\/FLYDESK-App-Overview-4.png\"   alt=\"Aplikacja FLYDESK \u2014 przegl\u0105d 4\"   itemprop=\"image\"   height=\"2212\"   width=\"2958\"   title=\"Aplikacja FLYDESK \u2014 przegl\u0105d 4\"   onerror=\"this.style.display='none'\"  \/>\n\t\t\t<a href=\"#start\"   target=\"_self\"   role=\"button\"  rel=\"noopener noreferrer\">\n\t\t\t\t\t\t\tZapytaj o demo\n\t\t\t\t\t<\/a>\n<h2>\n\t\tPe\u0142en zakres us\u0142ug \u015bwiadczonych przez Ekspert\u00f3w FLYDESK\n\t<\/h2>\n\t\t\t\t<img data-opt-src=\"https:\/\/mlgucbjxeu1m.i.optimole.com\/cb:B7VA.3e989\/w:auto\/h:auto\/q:mauto\/ig:avif\/f:best\/https:\/\/flydesk.com\/wp-content\/uploads\/2020\/10\/FLYDESK-Experts.png\"   decoding=\"async\"   src=\"https:\/\/mlgucbjxeu1m.i.optimole.com\/cb:B7VA.3e989\/w:auto\/h:auto\/q:eco\/ig:avif\/f:best\/https:\/\/flydesk.com\/wp-content\/uploads\/2020\/10\/FLYDESK-Experts.png\"   alt=\"Eksperci FLYDESK\"   itemprop=\"image\"   height=\"544\"   width=\"1372\"   title=\"Eksperci FLYDESK\"   onerror=\"this.style.display='none'\"  \/>\n\t\t<h3>Ordynacyjny<\/h3>\t\t\n\t\t\t<p>Zaplanuj elastyczn\u0105 transformacj\u0119 pracy<\/p>\n\t\t<h3>Gabinet<\/h3>\t\t\n\t\t\t<p>Znajd\u017a najlepsz\u0105 elastyczn\u0105 przestrze\u0144 robocz\u0105 dla swojego zespo\u0142u<\/p>\n\t\t<h3>Technologia<\/h3>\t\t\n\t\t\t<p>Zaimplementuj technologi\u0119, aby zarz\u0105dza\u0107 swoj\u0105 elastyczn\u0105 przestrzeni\u0105 i zespo\u0142em<\/p>\n\t\t\t<a href=\"#start\"   target=\"_self\"   role=\"button\"   rel=\"noopener noreferrer\">\n\t\t\t\t\t\t\tOpowiedz nam o swoim projekcie\n\t\t\t\t\t<\/a>\n\tOdpraw si\u0119 tagami do zarz\u0105dzania<br \/>\nwsp\u00f3lne biuro i zespo\u0142y zdalne\n<h2>\n\t\tOpowiedz nam o swoich wymaganiach biznesowych\n\t<\/h2>","protected":false},"excerpt":{"rendered":"<p>Zaprojektuj elastyczn\u0105 i wsp\u00f3\u0142dzielon\u0105 przestrze\u0144 biurow\u0105 Pomo\u017cemy Ci znale\u017a\u0107, zaprojektowa\u0107 i wyposa\u017cy\u0107 elastyczn\u0105 i wsp\u00f3\u0142dzielon\u0105 przestrze\u0144 biurow\u0105 dla przysz\u0142ych najemc\u00f3w lub w\u0142asnego zespo\u0142u. Rozpocznij sw\u00f3j projekt Stw\u00f3rz przestrze\u0144 biurow\u0105 dostosowan\u0105 do nowoczesnego stylu pracy Przekszta\u0142camy Twoj\u0105 przestrze\u0144 biurow\u0105 w elastyczn\u0105 przestrze\u0144 robocz\u0105 FLYDESK obs\u0142uguje ca\u0142e biuro\u2026<\/p>","protected":false},"author":4,"featured_media":23935,"parent":0,"menu_order":0,"comment_status":"closed","ping_status":"closed","template":"","meta":{"footnotes":""},"acf":[],"yoast_head":"<!-- This site is optimized with the Yoast SEO plugin v16.8 - https:\/\/yoast.com\/wordpress\/plugins\/seo\/ -->\n<title>Design a flexible and shared office &mdash; FLYDESK<\/title>\n<meta name=\"description\"  content=\"Design a flexbile &amp; shared workspace for your team or tenants. FLYDESK supports the search, design and technology setup of your workspace.\" \/>\n<meta name=\"robots\"  content=\"index, follow, max-snippet:-1, max-image-preview:large, max-video-preview:-1\" \/>\n<link rel=\"canonical\"  href=\"https:\/\/flydesk.com\/pl\/design-shared-office\/\" \/>\n<meta property=\"og:locale\"  content=\"pl_PL\" \/>\n<meta property=\"og:type\"  content=\"article\" \/>\n<meta property=\"og:title\"  content=\"Design a flexible and shared office &mdash; FLYDESK\" \/>\n<meta property=\"og:description\"  content=\"Design a flexbile &amp; shared workspace for your team or tenants. FLYDESK supports the search, design and technology setup of your workspace.\" \/>\n<meta property=\"og:url\"  content=\"https:\/\/flydesk.com\/pl\/design-shared-office\/\" \/>\n<meta property=\"og:site_name\" content=\"FLYDESK\" \/>\n<meta property=\"article:modified_time\"  content=\"2021-06-02T01:58:44+00:00\" \/>\n<meta property=\"og:image\"  content=\"https:\/\/mlgucbjxeu1m.i.optimole.com\/cb:B7VA.3e989\/w:auto\/h:auto\/q:mauto\/ig:avif\/f:best\/https:\/\/flydesk.com\/wp-content\/uploads\/2020\/10\/daniel-mccullough-HtBlQdxfG9k-unsplash-scaled.jpg\" \/>\n\t<meta property=\"og:image:width\" content=\"2560\" \/>\n\t<meta property=\"og:image:height\" content=\"1440\" \/>\n<meta name=\"twitter:card\" content=\"summary_large_image\" \/>\n<meta name=\"twitter:label1\" content=\"Szacowany czas czytania\" \/>\n\t<meta name=\"twitter:data1\" content=\"2 minuty\" \/>\n<!-- \/ Yoast SEO plugin. -->","yoast_head_json":{"title":"Design a flexible and shared office &mdash; FLYDESK","description":"Design a flexbile & shared workspace for your team or tenants. FLYDESK supports the search, design and technology setup of your workspace.","robots":{"index":"index","follow":"follow","max-snippet":"max-snippet:-1","max-image-preview":"max-image-preview:large","max-video-preview":"max-video-preview:-1"},"canonical":"https:\/\/flydesk.com\/pl\/design-shared-office\/","og_locale":"pl_PL","og_type":"article","og_title":"Design a flexible and shared office &mdash; FLYDESK","og_description":"Design a flexbile & shared workspace for your team or tenants. FLYDESK supports the search, design and technology setup of your workspace.","og_url":"https:\/\/flydesk.com\/pl\/design-shared-office\/","og_site_name":"FLYDESK","article_modified_time":"2021-06-02T01:58:44+00:00","og_image":[{"width":2560,"height":1440,"url":"https:\/\/mlgucbjxeu1m.i.optimole.com\/cb:B7VA.3e989\/w:auto\/h:auto\/q:mauto\/ig:avif\/f:best\/https:\/\/flydesk.com\/wp-content\/uploads\/2020\/10\/daniel-mccullough-HtBlQdxfG9k-unsplash-scaled.jpg","path":"\/sites\/flydesk.com\/files\/wp-content\/uploads\/2020\/10\/daniel-mccullough-HtBlQdxfG9k-unsplash-scaled.jpg","size":"full","id":23935,"alt":"","pixels":3686400,"type":"image\/jpeg"}],"twitter_card":"summary_large_image","twitter_misc":{"Szacowany czas czytania":"2 minuty"},"schema":{"@context":"https:\/\/schema.org","@graph":[{"@type":"Organization","@id":"https:\/\/flydesk.com\/#organization","name":"FLYDESK","url":"https:\/\/flydesk.com\/","sameAs":[],"logo":{"@type":"ImageObject","@id":"https:\/\/flydesk.com\/#logo","inLanguage":"pl-PL","url":"","contentUrl":"","caption":"FLYDESK"},"image":{"@id":"https:\/\/flydesk.com\/#logo"}},{"@type":"WebSite","@id":"https:\/\/flydesk.com\/#website","url":"https:\/\/flydesk.com\/","name":"FLYDESK","description":"Fly your work with style","publisher":{"@id":"https:\/\/flydesk.com\/#organization"},"potentialAction":[{"@type":"SearchAction","target":{"@type":"EntryPoint","urlTemplate":"https:\/\/flydesk.com\/?s={search_term_string}"},"query-input":"required name=search_term_string"}],"inLanguage":"pl-PL"},{"@type":"ImageObject","@id":"https:\/\/flydesk.com\/ru\/design-shared-office\/#primaryimage","inLanguage":"pl-PL","url":"https:\/\/mlgucbjxeu1m.i.optimole.com\/cb:B7VA.3e989\/w:auto\/h:auto\/q:mauto\/ig:avif\/f:best\/https:\/\/flydesk.com\/wp-content\/uploads\/2020\/10\/daniel-mccullough-HtBlQdxfG9k-unsplash-scaled.jpg","contentUrl":"https:\/\/mlgucbjxeu1m.i.optimole.com\/cb:B7VA.3e989\/w:auto\/h:auto\/q:mauto\/ig:avif\/f:best\/https:\/\/flydesk.com\/wp-content\/uploads\/2020\/10\/daniel-mccullough-HtBlQdxfG9k-unsplash-scaled.jpg","width":2560,"height":1440,"caption":"Design a flexible and shared office"},{"@type":"WebPage","@id":"https:\/\/flydesk.com\/ru\/design-shared-office\/#webpage","url":"https:\/\/flydesk.com\/ru\/design-shared-office\/","name":"Design a flexible and shared office &mdash; FLYDESK","isPartOf":{"@id":"https:\/\/flydesk.com\/#website"},"primaryImageOfPage":{"@id":"https:\/\/flydesk.com\/ru\/design-shared-office\/#primaryimage"},"datePublished":"2020-10-28T14:03:44+00:00","dateModified":"2021-06-02T01:58:44+00:00","description":"Design a flexbile & shared workspace for your team or tenants. FLYDESK supports the search, design and technology setup of your workspace.","breadcrumb":{"@id":"https:\/\/flydesk.com\/ru\/design-shared-office\/#breadcrumb"},"inLanguage":"pl-PL","potentialAction":[{"@type":"ReadAction","target":["https:\/\/flydesk.com\/ru\/design-shared-office\/"]}]},{"@type":"BreadcrumbList","@id":"https:\/\/flydesk.com\/ru\/design-shared-office\/#breadcrumb","itemListElement":[{"@type":"ListItem","position":1,"name":"Home","item":"https:\/\/flydesk.com\/"},{"@type":"ListItem","position":2,"name":"Design a flexible and shared office"}]}]}},"_links":{"self":[{"href":"https:\/\/flydesk.com\/pl\/wp-json\/wp\/v2\/pages\/23932"}],"collection":[{"href":"https:\/\/flydesk.com\/pl\/wp-json\/wp\/v2\/pages"}],"about":[{"href":"https:\/\/flydesk.com\/pl\/wp-json\/wp\/v2\/types\/page"}],"author":[{"embeddable":true,"href":"https:\/\/flydesk.com\/pl\/wp-json\/wp\/v2\/users\/4"}],"replies":[{"embeddable":true,"href":"https:\/\/flydesk.com\/pl\/wp-json\/wp\/v2\/comments?post=23932"}],"version-history":[{"count":0,"href":"https:\/\/flydesk.com\/pl\/wp-json\/wp\/v2\/pages\/23932\/revisions"}],"wp:featuredmedia":[{"embeddable":true,"href":"https:\/\/flydesk.com\/pl\/wp-json\/wp\/v2\/media\/23935"}],"wp:attachment":[{"href":"https:\/\/flydesk.com\/pl\/wp-json\/wp\/v2\/media?parent=23932"}],"curies":[{"name":"wp","href":"https:\/\/api.w.org\/{rel}","templated":true}]}}