{"id":2463,"date":"2019-12-04T15:04:05","date_gmt":"2019-12-04T07:04:05","guid":{"rendered":"https:\/\/flydesk.com\/?page_id=2463"},"modified":"2021-06-02T15:43:48","modified_gmt":"2021-06-02T07:43:48","slug":"club","status":"publish","type":"page","link":"https:\/\/flydesk.com\/pl\/club\/","title":{"rendered":"Do\u0142\u0105cz do KLUBU FLYDESK"},"content":{"rendered":"<h1>\n\t\tLataj swoj\u0105 prac\u0105\n\t<\/h1>\n\t<p>Znajd\u017a najlepsze przestrzenie i narz\u0119dzia coworkingowe, aby zwi\u0119kszy\u0107 wydajno\u015b\u0107 pracy z dowolnego miejsca.<\/p>\n\t\t\t<a href=\"?popup=signup\"   target=\"_self\"   role=\"button\"   rel=\"noopener noreferrer\">\n\t\t\t\t\t\t\tZaczynaj\n\t\t\t\t\t<\/a>\n\t<p>Do\u0142\u0105cz do KLUBU FLYDESK za darmo<\/p>\n\t\t\t\t<a href=\"#intro\"   target=\"_self\"   itemprop=\"url\"   rel=\"noopener noreferrer\">\n\t\t\t\t<img decoding=\"async\"   src=\"https:\/\/mlgucbjxeu1m.i.optimole.com\/cb:B7VA.3e989\/w:auto\/h:auto\/q:mauto\/ig:avif\/f:best\/https:\/\/flydesk.com\/wp-content\/uploads\/2020\/11\/Down-arrow.png\"   alt=\"Strza\u0142ka w d\u00f3\u0142\"   itemprop=\"image\"   height=\"176\"   width=\"176\"   title=\"Strza\u0142ka w d\u00f3\u0142\"   onerror=\"this.style.display='none'\"  \/>\n\t\t\t\t<\/a>\n\t\t\t\t<img decoding=\"async\"   src=\"https:\/\/mlgucbjxeu1m.i.optimole.com\/cb:B7VA.3e989\/w:1024\/h:847\/q:mauto\/ig:avif\/f:best\/https:\/\/flydesk.com\/wp-content\/uploads\/2020\/01\/Workspace-Details-with-fade.png\"   alt=\"Szczeg\u00f3\u0142y obszaru roboczego z zanikaniem\"   itemprop=\"image\"   height=\"847\"   width=\"1024\"   title=\"Szczeg\u00f3\u0142y obszaru roboczego z zanikaniem\"   onerror=\"this.style.display='none'\"  \/>\n<h2>\n\t\tZnajd\u017a przestrze\u0144 coworkingow\u0105 w dowolnym miejscu i czasie\n\t<\/h2>\n<h2>\n\t\tNatychmiastowa rezerwacja\n\t<\/h2>\n\t<p>Zarezerwuj biurko lub sal\u0119 konferencyjn\u0105 jednym klikni\u0119ciem w jednej z naszych certyfikowanych lokalizacji do pracy.<\/p>\n<h2>\n\t\tZapytanie o obszar roboczy\n\t<\/h2>\n\t<p>Um\u00f3w si\u0119 na wycieczk\u0119 lub zapytaj o nast\u0119pn\u0105 przeprowadzk\u0119 prywatnego biura, przestrze\u0144 na imprezy lub potrzeby wirtualnego biura.<\/p>\n<h2>\n\t\tNajlepsze miejsca pracy\n\t<\/h2>\n\t<p>Odkryj najlepsze przestrzenie coworkingowe i wsp\u00f3lne przestrzenie do pracy wok\u00f3\u0142 siebie i u\u017cywane przez nasz\u0105 spo\u0142eczno\u015b\u0107.<\/p>\n\t\t\t<a href=\"?popup=signup\"   target=\"_self\"   role=\"button\"   rel=\"noopener noreferrer\">\n\t\t\t\t\t\t\tZapisz si\u0119 teraz\n\t\t\t\t\t<\/a>\n\t\t\t\t<img decoding=\"async\"   src=\"https:\/\/mlgucbjxeu1m.i.optimole.com\/cb:B7VA.3e989\/w:846\/h:1024\/q:mauto\/ig:avif\/f:best\/https:\/\/flydesk.com\/wp-content\/uploads\/2021\/06\/FLYDESK-App-Overview-3-black.png\"   alt=\"Aplikacja FLYDESK \u2014 przegl\u0105d 3 czarny\"   itemprop=\"image\"   height=\"1024\"   width=\"846\"   title=\"Aplikacja FLYDESK \u2014 przegl\u0105d 3 czarny\"   onerror=\"this.style.display='none'\"  \/>\n<h2>\n\t\t\u015aled\u017a godziny pracy i lokalizacje, aby zapewni\u0107 zaufanie\n\t<\/h2>\n<h2>\n\t\tOdprawa i analityka\n\t<\/h2>\n\t<p>Odpraw si\u0119, aby \u015bledzi\u0107 godziny pracy i lokalizacje, aby okre\u015bli\u0107 najlepsze warunki dla najbardziej wydajnej pracy. Dowiedz si\u0119, kto pracuje wok\u00f3\u0142 Ciebie, aby zbudowa\u0107 sie\u0107 znajomych z pracy.<\/p>\n<h2>\n\t\tWsp\u00f3\u0142praca i bezpiecze\u0144stwo w zespole\n\t<\/h2>\n\t<p>Upro\u015b\u0107 komunikacj\u0119 ze swoim zespo\u0142em i kontaktami, zapewniaj\u0105c lepszy wgl\u0105d w status pracy i lokalizacj\u0119. Przejrzysto\u015b\u0107 pracy mo\u017ce zwi\u0119kszy\u0107 wydajno\u015b\u0107, a tak\u017ce bezpiecze\u0144stwo dla cel\u00f3w ubezpieczeniowych.<\/p>\n\t\t\t\t<img data-opt-src=\"https:\/\/mlgucbjxeu1m.i.optimole.com\/cb:B7VA.3e989\/w:1024\/h:766\/q:mauto\/ig:avif\/f:best\/https:\/\/flydesk.com\/wp-content\/uploads\/2021\/06\/FLYDESK-App-Overview-4.png\"   decoding=\"async\"   src=\"https:\/\/mlgucbjxeu1m.i.optimole.com\/cb:B7VA.3e989\/w:1024\/h:766\/q:eco\/ig:avif\/f:best\/https:\/\/flydesk.com\/wp-content\/uploads\/2021\/06\/FLYDESK-App-Overview-4.png\"   alt=\"Aplikacja FLYDESK \u2014 przegl\u0105d 4\"   itemprop=\"image\"   height=\"766\"   width=\"1024\"   title=\"Aplikacja FLYDESK \u2014 przegl\u0105d 4\"   onerror=\"this.style.display='none'\"  \/>\n\t\t\t<a href=\"https:\/\/flydesk.com\/pl\/membership\/\"   target=\"_self\"   role=\"button\"  rel=\"noopener noreferrer\">\n\t\t\t\t\t\t\tOdkryj cz\u0142onkostwo w KLUBIE\n\t\t\t\t\t<\/a>\n\t<h2>Do\u0142\u0105cz do KLUBU FLYDESK<\/h2>\n\t\t\t<a href=\"?popup=signup\"   target=\"_self\"   role=\"button\"   rel=\"noopener noreferrer\">\n\t\t\t\t\t\t\tZacz\u0105\u0107 teraz\n\t\t\t\t\t<\/a>\n\t\t\t\t<a href=\"https:\/\/flydesk.com\/pl\/app\/\"   target=\"_self\"   itemprop=\"url\"   rel=\"noopener noreferrer\">\n\t\t\t\t<img data-opt-src=\"https:\/\/mlgucbjxeu1m.i.optimole.com\/cb:B7VA.3e989\/w:200\/h:56\/q:mauto\/ig:avif\/f:best\/https:\/\/flydesk.com\/wp-content\/uploads\/2019\/12\/flydeskapp-playstore.png\"   decoding=\"async\"   src=\"https:\/\/mlgucbjxeu1m.i.optimole.com\/cb:B7VA.3e989\/w:200\/h:56\/q:eco\/ig:avif\/f:best\/https:\/\/flydesk.com\/wp-content\/uploads\/2019\/12\/flydeskapp-playstore.png\"   alt=\"flydeskapp-playstore\"   itemprop=\"image\"   height=\"56\"   width=\"200\"   title=\"flydeskapp-playstore\"   onerror=\"this.style.display='none'\"  \/>\n\t\t\t\t<\/a>\n\t\t\t\t<a href=\"https:\/\/flydesk.com\/pl\/app\/\"   target=\"_self\"   itemprop=\"url\"   rel=\"noopener noreferrer\">\n\t\t\t\t<img data-opt-src=\"https:\/\/mlgucbjxeu1m.i.optimole.com\/cb:B7VA.3e989\/w:200\/h:56\/q:mauto\/ig:avif\/f:best\/https:\/\/flydesk.com\/wp-content\/uploads\/2019\/12\/flydeskapp-appstore.png\"   decoding=\"async\"   src=\"https:\/\/mlgucbjxeu1m.i.optimole.com\/cb:B7VA.3e989\/w:200\/h:56\/q:eco\/ig:avif\/f:best\/https:\/\/flydesk.com\/wp-content\/uploads\/2019\/12\/flydeskapp-appstore.png\"   alt=\"flydeskapp-appstore\"   itemprop=\"image\"   height=\"56\"   width=\"200\"   title=\"flydeskapp-appstore\"   onerror=\"this.style.display='none'\"  \/>\n\t\t\t\t<\/a>","protected":false},"excerpt":{"rendered":"<p>Fly swoj\u0105 prac\u0119 Znajd\u017a najlepsze przestrzenie coworkingowe i narz\u0119dzia, aby zwi\u0119kszy\u0107 wydajno\u015b\u0107 pracy z dowolnego miejsca. Rozpocznij Do\u0142\u0105cz do FLYDESK CLUB za darmo Znajd\u017a przestrze\u0144 coworkingow\u0105 w dowolnym miejscu i czasie Natychmiastowa rezerwacja Zarezerwuj biurko lub sal\u0119 konferencyjn\u0105 jednym klikni\u0119ciem w jednej z naszych certyfikowanych lokalizacji do pracy. Zapytanie o obszar roboczy\u2026<\/p>","protected":false},"author":8,"featured_media":661,"parent":0,"menu_order":0,"comment_status":"closed","ping_status":"closed","template":"","meta":{"footnotes":""},"acf":[],"yoast_head":"<!-- This site is optimized with the Yoast SEO plugin v16.8 - https:\/\/yoast.com\/wordpress\/plugins\/seo\/ -->\n<title>Join the FLYDESK CLUB &mdash; FLYDESK<\/title>\n<meta name=\"description\"  content=\"Access flexible workspaces and tools for remote professionals to be productive from anywhere and at anytime. Join our the FLYDESK CLUB!\" \/>\n<meta name=\"robots\"  content=\"index, follow, max-snippet:-1, max-image-preview:large, max-video-preview:-1\" \/>\n<link rel=\"canonical\"  href=\"https:\/\/flydesk.com\/pl\/club\/\" \/>\n<meta property=\"og:locale\"  content=\"pl_PL\" \/>\n<meta property=\"og:type\"  content=\"article\" \/>\n<meta property=\"og:title\"  content=\"Join the FLYDESK CLUB &mdash; FLYDESK\" \/>\n<meta property=\"og:description\"  content=\"Access flexible workspaces and tools for remote professionals to be productive from anywhere and at anytime. Join our the FLYDESK CLUB!\" \/>\n<meta property=\"og:url\"  content=\"https:\/\/flydesk.com\/pl\/club\/\" \/>\n<meta property=\"og:site_name\" content=\"FLYDESK\" \/>\n<meta property=\"article:modified_time\"  content=\"2021-06-02T07:43:48+00:00\" \/>\n<meta property=\"og:image\"  content=\"https:\/\/mlgucbjxeu1m.i.optimole.com\/cb:B7VA.3e989\/w:auto\/h:auto\/q:mauto\/ig:avif\/f:best\/https:\/\/flydesk.com\/wp-content\/uploads\/2019\/09\/flydesk-icon-white.png\" \/>\n\t<meta property=\"og:image:width\" content=\"512\" \/>\n\t<meta property=\"og:image:height\" content=\"512\" \/>\n<meta name=\"twitter:card\" content=\"summary_large_image\" \/>\n<meta name=\"twitter:label1\" content=\"Szacowany czas czytania\" \/>\n\t<meta name=\"twitter:data1\" content=\"1 minuta\" \/>\n<!-- \/ Yoast SEO plugin. -->","yoast_head_json":{"title":"Join the FLYDESK CLUB &mdash; FLYDESK","description":"Access flexible workspaces and tools for remote professionals to be productive from anywhere and at anytime. Join our the FLYDESK CLUB!","robots":{"index":"index","follow":"follow","max-snippet":"max-snippet:-1","max-image-preview":"max-image-preview:large","max-video-preview":"max-video-preview:-1"},"canonical":"https:\/\/flydesk.com\/pl\/club\/","og_locale":"pl_PL","og_type":"article","og_title":"Join the FLYDESK CLUB &mdash; FLYDESK","og_description":"Access flexible workspaces and tools for remote professionals to be productive from anywhere and at anytime. Join our the FLYDESK CLUB!","og_url":"https:\/\/flydesk.com\/pl\/club\/","og_site_name":"FLYDESK","article_modified_time":"2021-06-02T07:43:48+00:00","og_image":[{"width":512,"height":512,"url":"https:\/\/mlgucbjxeu1m.i.optimole.com\/cb:B7VA.3e989\/w:auto\/h:auto\/q:mauto\/ig:avif\/f:best\/https:\/\/flydesk.com\/wp-content\/uploads\/2019\/09\/flydesk-icon-white.png","path":"\/sites\/flydesk.com\/files\/wp-content\/uploads\/2019\/09\/flydesk-icon-white.png","size":"full","id":"661","alt":"","pixels":262144,"type":"image\/png"}],"twitter_card":"summary_large_image","twitter_misc":{"Szacowany czas czytania":"1 minuta"},"schema":{"@context":"https:\/\/schema.org","@graph":[{"@type":"Organization","@id":"https:\/\/flydesk.com\/#organization","name":"FLYDESK","url":"https:\/\/flydesk.com\/","sameAs":[],"logo":{"@type":"ImageObject","@id":"https:\/\/flydesk.com\/#logo","inLanguage":"pl-PL","url":"","contentUrl":"","caption":"FLYDESK"},"image":{"@id":"https:\/\/flydesk.com\/#logo"}},{"@type":"WebSite","@id":"https:\/\/flydesk.com\/#website","url":"https:\/\/flydesk.com\/","name":"FLYDESK","description":"Fly your work with style","publisher":{"@id":"https:\/\/flydesk.com\/#organization"},"potentialAction":[{"@type":"SearchAction","target":{"@type":"EntryPoint","urlTemplate":"https:\/\/flydesk.com\/?s={search_term_string}"},"query-input":"required name=search_term_string"}],"inLanguage":"pl-PL"},{"@type":"ImageObject","@id":"https:\/\/flydesk.com\/club\/#primaryimage","inLanguage":"pl-PL","url":"https:\/\/mlgucbjxeu1m.i.optimole.com\/cb:B7VA.3e989\/w:auto\/h:auto\/q:mauto\/ig:avif\/f:best\/https:\/\/flydesk.com\/wp-content\/uploads\/2019\/09\/flydesk-icon-white.png","contentUrl":"https:\/\/mlgucbjxeu1m.i.optimole.com\/cb:B7VA.3e989\/w:auto\/h:auto\/q:mauto\/ig:avif\/f:best\/https:\/\/flydesk.com\/wp-content\/uploads\/2019\/09\/flydesk-icon-white.png","width":512,"height":512,"caption":"flydesk-icon-white"},{"@type":"WebPage","@id":"https:\/\/flydesk.com\/club\/#webpage","url":"https:\/\/flydesk.com\/club\/","name":"Join the FLYDESK CLUB &mdash; FLYDESK","isPartOf":{"@id":"https:\/\/flydesk.com\/#website"},"primaryImageOfPage":{"@id":"https:\/\/flydesk.com\/club\/#primaryimage"},"datePublished":"2019-12-04T07:04:05+00:00","dateModified":"2021-06-02T07:43:48+00:00","description":"Access flexible workspaces and tools for remote professionals to be productive from anywhere and at anytime. Join our the FLYDESK CLUB!","breadcrumb":{"@id":"https:\/\/flydesk.com\/club\/#breadcrumb"},"inLanguage":"pl-PL","potentialAction":[{"@type":"ReadAction","target":["https:\/\/flydesk.com\/club\/"]}]},{"@type":"BreadcrumbList","@id":"https:\/\/flydesk.com\/club\/#breadcrumb","itemListElement":[{"@type":"ListItem","position":1,"name":"Home","item":"https:\/\/flydesk.com\/"},{"@type":"ListItem","position":2,"name":"Join the FLYDESK CLUB"}]}]}},"_links":{"self":[{"href":"https:\/\/flydesk.com\/pl\/wp-json\/wp\/v2\/pages\/2463"}],"collection":[{"href":"https:\/\/flydesk.com\/pl\/wp-json\/wp\/v2\/pages"}],"about":[{"href":"https:\/\/flydesk.com\/pl\/wp-json\/wp\/v2\/types\/page"}],"author":[{"embeddable":true,"href":"https:\/\/flydesk.com\/pl\/wp-json\/wp\/v2\/users\/8"}],"replies":[{"embeddable":true,"href":"https:\/\/flydesk.com\/pl\/wp-json\/wp\/v2\/comments?post=2463"}],"version-history":[{"count":0,"href":"https:\/\/flydesk.com\/pl\/wp-json\/wp\/v2\/pages\/2463\/revisions"}],"wp:featuredmedia":[{"embeddable":true,"href":"https:\/\/flydesk.com\/pl\/wp-json\/wp\/v2\/media\/661"}],"wp:attachment":[{"href":"https:\/\/flydesk.com\/pl\/wp-json\/wp\/v2\/media?parent=2463"}],"curies":[{"name":"wp","href":"https:\/\/api.w.org\/{rel}","templated":true}]}}