{"id":2591,"date":"2019-12-10T19:57:10","date_gmt":"2019-12-10T11:57:10","guid":{"rendered":"https:\/\/flydesk.com\/?page_id=2591"},"modified":"2020-11-03T18:15:17","modified_gmt":"2020-11-03T10:15:17","slug":"workspace-certification","status":"publish","type":"page","link":"https:\/\/flydesk.com\/pl\/workspace-certification\/","title":{"rendered":"Certyfikacja przestrzeni roboczej"},"content":{"rendered":"<img decoding=\"async\"   src=\"https:\/\/mlgucbjxeu1m.i.optimole.com\/cb:B7VA.3e989\/w:150\/h:150\/q:mauto\/rt:fill\/g:ce\/ig:avif\/f:best\/https:\/\/flydesk.com\/wp-content\/uploads\/2019\/12\/FLYDESK-Certified.png\"   alt=\"Certyfikat FLYDESK\"   itemprop=\"image\"   height=\"150\"   width=\"150\"   title=\"Certyfikat FLYDESK\"  onerror=\"this.style.display='none'\"  \/>\n\t\t<h1>Certyfikacja przestrzeni roboczej<\/h1>\n\t\t<p>FLYDESK to etykieta certyfikacyjna dostarczana do najlepszych przestrzeni coworkingowych, biur serwisowanych i wszelkiego rodzaju przestrzeni roboczych.<\/p>\n<p>Certyfikacja gwarantuje jako\u015b\u0107, styl i komfort, jakich mo\u017ce oczekiwa\u0107 nasza spo\u0142eczno\u015b\u0107 elastycznych profesjonalist\u00f3w.<\/p>\n\t\t\t<a href=\"#start\"   target=\"_self\"   role=\"button\"   rel=\"noopener noreferrer\">\n\t\t\t\t\t\t\tWymie\u0144 przestrze\u0144\n\t\t\t\t\t<\/a>\n\t\t<h1>Etykiety certyfikacyjne FLYDESK<\/h1>\t\t\n\t\t\t<p>4 etykiety certyfikacji, kt\u00f3re pomog\u0105 spo\u0142eczno\u015bci FLYDESK wybra\u0107 najlepsz\u0105 dost\u0119pn\u0105 opcj\u0119 elastycznej przestrzeni roboczej.<\/p>\n<p>Don&#8217;t get lost trying to differentiate proposals in this growing and unequal workspace market but trust our expertise.<\/p>\n\t\t\t\t<img decoding=\"async\"   src=\"https:\/\/mlgucbjxeu1m.i.optimole.com\/cb:B7VA.3e989\/w:200\/h:200\/q:mauto\/ig:avif\/f:best\/https:\/\/flydesk.com\/wp-content\/uploads\/2019\/12\/Premium.png\"   alt=\"Premia\"   itemprop=\"image\"   height=\"200\"   width=\"200\"   title=\"Premia\"   onerror=\"this.style.display='none'\"  \/>\n\t\t<h3>Etykieta Premium<\/h3>\t\t\n\t\t\t<p>najbardziej presti\u017cowa, designerska, wyj\u0105tkowa i luksusowa przestrze\u0144 do pracy<\/p>\n\t\t\t\t<img decoding=\"async\"   src=\"https:\/\/mlgucbjxeu1m.i.optimole.com\/cb:B7VA.3e989\/w:200\/h:201\/q:mauto\/ig:avif\/f:best\/https:\/\/flydesk.com\/wp-content\/uploads\/2019\/12\/Inspiring.png\"   alt=\"Inspiruj\u0105ce\"   itemprop=\"image\"   height=\"201\"   width=\"200\"   title=\"Inspiruj\u0105ce\"   onerror=\"this.style.display='none'\"  \/>\n\t\t<h3>Inspiruj\u0105ca etykieta<\/h3>\t\t\n\t\t\t<p>najbardziej dynamiczna, stymuluj\u0105ca i kreatywna przestrze\u0144 do pracy<\/p>\n\t\t\t\t<img data-opt-src=\"https:\/\/mlgucbjxeu1m.i.optimole.com\/cb:B7VA.3e989\/w:200\/h:200\/q:mauto\/ig:avif\/f:best\/https:\/\/flydesk.com\/wp-content\/uploads\/2019\/12\/Business.png\"   decoding=\"async\"   src=\"https:\/\/mlgucbjxeu1m.i.optimole.com\/cb:B7VA.3e989\/w:200\/h:200\/q:eco\/ig:avif\/f:best\/https:\/\/flydesk.com\/wp-content\/uploads\/2019\/12\/Business.png\"   alt=\"Biznes\"   itemprop=\"image\"   height=\"200\"   width=\"200\"   title=\"Biznes\"   onerror=\"this.style.display='none'\"  \/>\n\t\t<h3>Etykieta biznesowa<\/h3>\t\t\n\t\t\t<p>najbardziej profesjonalna, korporacyjna i wygodna przestrze\u0144 do pracy<\/p>\n\t\t\t\t<img data-opt-src=\"https:\/\/mlgucbjxeu1m.i.optimole.com\/cb:B7VA.3e989\/w:200\/h:200\/q:mauto\/ig:avif\/f:best\/https:\/\/flydesk.com\/wp-content\/uploads\/2019\/12\/Niche.png\"   decoding=\"async\"   src=\"https:\/\/mlgucbjxeu1m.i.optimole.com\/cb:B7VA.3e989\/w:200\/h:200\/q:eco\/ig:avif\/f:best\/https:\/\/flydesk.com\/wp-content\/uploads\/2019\/12\/Niche.png\"   alt=\"Nisza\"   itemprop=\"image\"   height=\"200\"   width=\"200\"   title=\"Nisza\"   onerror=\"this.style.display='none'\"  \/>\n\t\t<h3>Etykieta motywu<\/h3>\t\t\n\t\t\t<p>najbardziej specyficzna, niszowa, dedykowana i oryginalna przestrze\u0144 do pracy<\/p>\n\t\t\t<img data-opt-src=\"https:\/\/mlgucbjxeu1m.i.optimole.com\/cb:B7VA.3e989\/w:1024\/h:683\/q:mauto\/ig:avif\/f:best\/https:\/\/flydesk.com\/wp-content\/uploads\/2019\/10\/BWGroundfloor.jpg\"   decoding=\"async\"   loading='false'   src=\"https:\/\/mlgucbjxeu1m.i.optimole.com\/cb:B7VA.3e989\/w:1024\/h:683\/q:eco\/ig:avif\/f:best\/https:\/\/flydesk.com\/wp-content\/uploads\/2019\/10\/BWGroundfloor.jpg\"   alt=\"\" \/>\t\t\t\n\t\t\t\t<h2>Etykieta premium @Banyan workspace HK<\/h2>\t\t\t\n\t\t\t<img data-opt-src=\"https:\/\/mlgucbjxeu1m.i.optimole.com\/cb:B7VA.3e989\/w:1024\/h:683\/q:mauto\/ig:avif\/f:best\/https:\/\/flydesk.com\/wp-content\/uploads\/2019\/12\/The-Hive-Carpenter-Lounge.jpg\"   decoding=\"async\"   loading='false'   src=\"https:\/\/mlgucbjxeu1m.i.optimole.com\/cb:B7VA.3e989\/w:1024\/h:683\/q:eco\/ig:avif\/f:best\/https:\/\/flydesk.com\/wp-content\/uploads\/2019\/12\/The-Hive-Carpenter-Lounge.jpg\" alt=\"\" \/>\t\t\t\n\t\t\t\t<h2>Inspiruj\u0105ca etykieta @TheHive Sheung Wan HK<\/h2>\t\t\t\n\t\t\t<img data-opt-src=\"https:\/\/mlgucbjxeu1m.i.optimole.com\/cb:B7VA.3e989\/w:1024\/h:733\/q:mauto\/ig:avif\/f:best\/https:\/\/flydesk.com\/wp-content\/uploads\/2019\/12\/Lit_20191018_TheDesk_00028_op.jpg\"   decoding=\"async\"   loading='false'   src=\"https:\/\/mlgucbjxeu1m.i.optimole.com\/cb:B7VA.3e989\/w:1024\/h:733\/q:eco\/ig:avif\/f:best\/https:\/\/flydesk.com\/wp-content\/uploads\/2019\/12\/Lit_20191018_TheDesk_00028_op.jpg\" alt=\"\" \/>\t\t\t\n\t\t\t\t<h2>Wytw\u00f3rnia biznesowa @TheDesk Strand 50 HK<\/h2>\t\t\t\n\t\t\t<img data-opt-src=\"https:\/\/mlgucbjxeu1m.i.optimole.com\/cb:B7VA.3e989\/w:1024\/h:683\/q:mauto\/ig:avif\/f:best\/https:\/\/flydesk.com\/wp-content\/uploads\/2019\/12\/The-Hive-Studios-Shoot.jpg\"   decoding=\"async\"   loading='false'   src=\"https:\/\/mlgucbjxeu1m.i.optimole.com\/cb:B7VA.3e989\/w:1024\/h:683\/q:eco\/ig:avif\/f:best\/https:\/\/flydesk.com\/wp-content\/uploads\/2019\/12\/The-Hive-Studios-Shoot.jpg\" alt=\"\" \/>\t\t\t\n\t\t\t\t<h2>Etykieta motywu @TheHive Studio Polska<\/h2>\t\t\t\n\t\t\t\t<a href=\"#\"   aria-label=\"previous\"  role=\"button\">\n<\/a>\n\t\t\t\t<a href=\"#\"   aria-label=\"next\"   role=\"button\">\n<\/a>\n\t\t<h1>Certyfikowani partnerzy FLYDESK<\/h1>\t\t\n\t\t\t\t<img data-opt-src=\"https:\/\/mlgucbjxeu1m.i.optimole.com\/cb:B7VA.3e989\/w:300\/h:300\/q:mauto\/rt:fill\/g:ce\/ig:avif\/f:best\/https:\/\/flydesk.com\/wp-content\/uploads\/2019\/12\/thehive.png\"   decoding=\"async\"   src=\"https:\/\/mlgucbjxeu1m.i.optimole.com\/cb:B7VA.3e989\/w:300\/h:300\/q:eco\/ig:avif\/f:best\/https:\/\/flydesk.com\/wp-content\/uploads\/2019\/12\/thehive.png\"   alt=\"ul\"   itemprop=\"image\"   height=\"300\"   width=\"300\"   title=\"ul\"   onerror=\"this.style.display='none'\"  \/>\n\t\t\t\t<img data-opt-src=\"https:\/\/mlgucbjxeu1m.i.optimole.com\/cb:B7VA.3e989\/w:300\/h:300\/q:mauto\/rt:fill\/g:ce\/ig:avif\/f:best\/https:\/\/flydesk.com\/wp-content\/uploads\/2019\/12\/wework.png\"   decoding=\"async\"   src=\"https:\/\/mlgucbjxeu1m.i.optimole.com\/cb:B7VA.3e989\/w:300\/h:300\/q:eco\/ig:avif\/f:best\/https:\/\/flydesk.com\/wp-content\/uploads\/2019\/12\/wework.png\"   alt=\"pracujemy\"   itemprop=\"image\"   height=\"300\"   width=\"300\"   title=\"pracujemy\"   onerror=\"this.style.display='none'\"  \/>\n\t\t\t\t<img data-opt-src=\"https:\/\/mlgucbjxeu1m.i.optimole.com\/cb:B7VA.3e989\/w:300\/h:300\/q:mauto\/rt:fill\/g:ce\/ig:avif\/f:best\/https:\/\/flydesk.com\/wp-content\/uploads\/2020\/06\/The-Executive-Centre.png\"   decoding=\"async\"   src=\"https:\/\/mlgucbjxeu1m.i.optimole.com\/cb:B7VA.3e989\/w:300\/h:300\/q:eco\/ig:avif\/f:best\/https:\/\/flydesk.com\/wp-content\/uploads\/2020\/06\/The-Executive-Centre.png\"   alt=\"Centrum Wykonawcze\"   itemprop=\"image\"   height=\"300\"   width=\"300\"   \"300\" title  =Centrum Wykonawcze onerror=this.style.display='none'  \/>\n\t\t\t\t<img data-opt-src=\"https:\/\/mlgucbjxeu1m.i.optimole.com\/cb:B7VA.3e989\/w:300\/h:300\/q:mauto\/rt:fill\/g:ce\/ig:avif\/f:best\/https:\/\/flydesk.com\/wp-content\/uploads\/2019\/12\/thedesk.png\"   decoding=\"async\"   src=\"https:\/\/mlgucbjxeu1m.i.optimole.com\/cb:B7VA.3e989\/w:300\/h:300\/q:eco\/ig:avif\/f:best\/https:\/\/flydesk.com\/wp-content\/uploads\/2019\/12\/thedesk.png\"   alt=\"biurko\"   itemprop=\"image\"   height=\"300\"   width=\"300\"  title=\"biurko\" onerror=\"this.style.display='none'\"  \/>\n\t\t\t\t<img data-opt-src=\"https:\/\/mlgucbjxeu1m.i.optimole.com\/cb:B7VA.3e989\/w:300\/h:300\/q:mauto\/rt:fill\/g:ce\/ig:avif\/f:best\/https:\/\/flydesk.com\/wp-content\/uploads\/2020\/05\/VCo.png\"   decoding=\"async\"   src=\"https:\/\/mlgucbjxeu1m.i.optimole.com\/cb:B7VA.3e989\/w:300\/h:300\/q:eco\/ig:avif\/f:best\/https:\/\/flydesk.com\/wp-content\/uploads\/2020\/05\/VCo.png\"   alt=\"VCo\"   itemprop=\"image\"   height=\"300\"  width=\"300\"  \"300\"title  =VCo onerror=this.style.display='none'  \/>\n\t\t\t\t<img data-opt-src=\"https:\/\/mlgucbjxeu1m.i.optimole.com\/cb:B7VA.3e989\/w:300\/h:300\/q:mauto\/rt:fill\/g:ce\/ig:avif\/f:best\/https:\/\/flydesk.com\/wp-content\/uploads\/2019\/12\/Eatonhouse.png\"   decoding=\"async\"   src=\"https:\/\/mlgucbjxeu1m.i.optimole.com\/cb:B7VA.3e989\/w:300\/h:300\/q:eco\/ig:avif\/f:best\/https:\/\/flydesk.com\/wp-content\/uploads\/2019\/12\/Eatonhouse.png\"   alt=\"Eatonhouse\"   itemprop=\"image\"  height=\"300\" width=\"300\" title=\"Eatonhouse\" onerror=\"this.style.display='none'\"  \/>\n\t\t\t\t<img data-opt-src=\"https:\/\/mlgucbjxeu1m.i.optimole.com\/cb:B7VA.3e989\/w:300\/h:300\/q:mauto\/rt:fill\/g:ce\/ig:avif\/f:best\/https:\/\/flydesk.com\/wp-content\/uploads\/2019\/12\/theworkproject.png\"   decoding=\"async\"   src=\"https:\/\/mlgucbjxeu1m.i.optimole.com\/cb:B7VA.3e989\/w:300\/h:300\/q:eco\/ig:avif\/f:best\/https:\/\/flydesk.com\/wp-content\/uploads\/2019\/12\/theworkproject.png\"   alt=\"projekt pracy\"  itemprop=\"image\"  height=\"300\" width=\"300\" title=\"projekt pracy\" onerror=\"this.style.display='none'\"  \/>\n\t<p>Wsp\u00f3\u0142pracujemy tylko z najlepszymi i \u0142\u0105czy nas wsp\u00f3lna misja, aby umo\u017cliwi\u0107 elastyczn\u0105 prac\u0119.<\/p>\n\t\t\t<a href=\"#start\"   target=\"_self\"   role=\"button\"   rel=\"noopener noreferrer\">\n\t\t\t\t\t\t\tWymie\u0144 sw\u00f3j obszar roboczy\n\t\t\t\t\t<\/a>\n\t\t\t<a href=\"https:\/\/flydesk.com\/pl\/workspace\/\"   target=\"_self\"   role=\"button\"   rel=\"noopener noreferrer\">\n\t\t\t\t\t\t\tZnajd\u017a swoje miejsce pracy\n\t\t\t\t\t<\/a>\n\t\t\t\t<img data-opt-src=\"https:\/\/mlgucbjxeu1m.i.optimole.com\/cb:B7VA.3e989\/w:1024\/h:683\/q:mauto\/ig:avif\/f:best\/https:\/\/flydesk.com\/wp-content\/uploads\/2019\/12\/The-Hive-Lavender-Hotdesk-Area.jpg\"   decoding=\"async\"   src=\"https:\/\/mlgucbjxeu1m.i.optimole.com\/cb:B7VA.3e989\/w:1024\/h:683\/q:eco\/ig:avif\/f:best\/https:\/\/flydesk.com\/wp-content\/uploads\/2019\/12\/The-Hive-Lavender-Hotdesk-Area.jpg\"   alt=\"The Hive Lavender Hotdesk Area\"   itemprop=\"image\"   height=\"683\"   width=\"1024\"   title=\"The Hive Lavender Hotdesk Area\"   onerror=\"this.style.display='none'\"  \/>\n<h2>\n\t\tOferty przestrzeni roboczej\n\t<\/h2>\n\t<p>Rozwi\u0105zanie dla ka\u017cdej elastycznej pracy<\/p>\n\t<p>Zarezerwuj biurko na ca\u0142y dzie\u0144 lub sal\u0119 konferencyjn\u0105 na godzin\u0119 w jednej z naszych certyfikowanych lokalizacji do pracy.<\/p>\n<p>Zapytaj o nast\u0119pn\u0105 przeprowadzk\u0119 biura, organizacj\u0119 wydarzenia lub skonfiguruj adres swojej firmy za pomoc\u0105 wirtualnego biura.<\/p>\n\t<ul>\n<li>Hotdesk coworkingowy<\/li>\n<li>Biurko dedykowane<\/li>\n<li>Biuro do wynaj\u0119cia<\/li>\n<li>Pok\u00f3j spotka\u0144<\/li>\n<li>Miejsce na wydarzenie<\/li>\n<li>Wirtualne biuro<\/li>\n<\/ul>\n<h6>\u0179r\u00f3d\u0142o obrazu obszaru roboczego: Hive Lavender, SG<\/h6>\n\t\t\t<a href=\"https:\/\/flydesk.com\/pl\/workspace\/\"   target=\"_self\"   role=\"button\"   rel=\"noopener noreferrer\">\n\t\t\t\t\t\t\tZnajd\u017a najlepsz\u0105 ofert\u0119\n\t\t\t\t\t<\/a>\n<h2>\n\t\tWymie\u0144 obszar roboczy\n\t<\/h2>","protected":false},"excerpt":{"rendered":"<p>Workspace certification FLYDESK is a certification label delivered to the best coworking spaces, serviced offices and all types of workspace. The certification guarantees the quality, the style and the comfort that can be expected by our community of flexible professionals. List a space FLYDESK certification labels 4 certification labels to help the FLYDESK community choose&hellip;<\/p>","protected":false},"author":4,"featured_media":661,"parent":0,"menu_order":0,"comment_status":"closed","ping_status":"closed","template":"","meta":{"footnotes":""},"acf":[],"yoast_head":"<!-- This site is optimized with the Yoast SEO plugin v16.8 - https:\/\/yoast.com\/wordpress\/plugins\/seo\/ -->\n<title>Certification label for flexible workspace &mdash; FLYDESK<\/title>\n<meta name=\"description\"  content=\"Certification label that guarantees the quality, style and comfort of workspace locations empowering the community of flexible work professionals.\" \/>\n<meta name=\"robots\"  content=\"index, follow, max-snippet:-1, max-image-preview:large, max-video-preview:-1\" \/>\n<link rel=\"canonical\"  href=\"https:\/\/flydesk.com\/pl\/workspace-certification\/\" \/>\n<meta property=\"og:locale\"  content=\"pl_PL\" \/>\n<meta property=\"og:type\"  content=\"article\" \/>\n<meta property=\"og:title\"  content=\"Certification label for flexible workspace &mdash; FLYDESK\" \/>\n<meta property=\"og:description\"  content=\"Certification label that guarantees the quality, style and comfort of workspace locations empowering the community of flexible work professionals.\" \/>\n<meta property=\"og:url\"  content=\"https:\/\/flydesk.com\/pl\/workspace-certification\/\" \/>\n<meta property=\"og:site_name\" content=\"FLYDESK\" \/>\n<meta property=\"article:modified_time\"  content=\"2020-11-03T10:15:17+00:00\" \/>\n<meta property=\"og:image\"  content=\"https:\/\/mlgucbjxeu1m.i.optimole.com\/cb:B7VA.3e989\/w:auto\/h:auto\/q:mauto\/ig:avif\/f:best\/https:\/\/flydesk.com\/wp-content\/uploads\/2019\/09\/flydesk-icon-white.png\" \/>\n\t<meta property=\"og:image:width\" content=\"512\" \/>\n\t<meta property=\"og:image:height\" content=\"512\" \/>\n<meta name=\"twitter:card\" content=\"summary_large_image\" \/>\n<meta name=\"twitter:label1\" content=\"Szacowany czas czytania\" \/>\n\t<meta name=\"twitter:data1\"  content=\"1 minuta\"  \/>\n<!-- \/ Yoast SEO plugin. -->","yoast_head_json":{"title":"Certification label for flexible workspace &mdash; FLYDESK","description":"Certification label that guarantees the quality, style and comfort of workspace locations empowering the community of flexible work professionals.","robots":{"index":"index","follow":"follow","max-snippet":"max-snippet:-1","max-image-preview":"max-image-preview:large","max-video-preview":"max-video-preview:-1"},"canonical":"https:\/\/flydesk.com\/pl\/workspace-certification\/","og_locale":"pl_PL","og_type":"article","og_title":"Certification label for flexible workspace &mdash; FLYDESK","og_description":"Certification label that guarantees the quality, style and comfort of workspace locations empowering the community of flexible work professionals.","og_url":"https:\/\/flydesk.com\/pl\/workspace-certification\/","og_site_name":"FLYDESK","article_modified_time":"2020-11-03T10:15:17+00:00","og_image":[{"width":512,"height":512,"url":"https:\/\/mlgucbjxeu1m.i.optimole.com\/cb:B7VA.3e989\/w:auto\/h:auto\/q:mauto\/ig:avif\/f:best\/https:\/\/flydesk.com\/wp-content\/uploads\/2019\/09\/flydesk-icon-white.png","path":"\/sites\/flydesk.com\/files\/wp-content\/uploads\/2019\/09\/flydesk-icon-white.png","size":"full","id":661,"alt":"","pixels":262144,"type":"image\/png"}],"twitter_card":"summary_large_image","twitter_misc":{"Szacowany czas czytania":"1 minuta"},"schema":{"@context":"https:\/\/schema.org","@graph":[{"@type":"Organization","@id":"https:\/\/flydesk.com\/#organization","name":"FLYDESK","url":"https:\/\/flydesk.com\/","sameAs":[],"logo":{"@type":"ImageObject","@id":"https:\/\/flydesk.com\/#logo","inLanguage":"pl-PL","url":"","contentUrl":"","caption":"FLYDESK"},"image":{"@id":"https:\/\/flydesk.com\/#logo"}},{"@type":"WebSite","@id":"https:\/\/flydesk.com\/#website","url":"https:\/\/flydesk.com\/","name":"FLYDESK","description":"Fly your work with style","publisher":{"@id":"https:\/\/flydesk.com\/#organization"},"potentialAction":[{"@type":"SearchAction","target":{"@type":"EntryPoint","urlTemplate":"https:\/\/flydesk.com\/?s={search_term_string}"},"query-input":"required name=search_term_string"}],"inLanguage":"pl-PL"},{"@type":"ImageObject","@id":"https:\/\/flydesk.com\/workspace-certification\/#primaryimage","inLanguage":"pl-PL","url":"https:\/\/mlgucbjxeu1m.i.optimole.com\/cb:B7VA.3e989\/w:auto\/h:auto\/q:mauto\/ig:avif\/f:best\/https:\/\/flydesk.com\/wp-content\/uploads\/2019\/09\/flydesk-icon-white.png","contentUrl":"https:\/\/mlgucbjxeu1m.i.optimole.com\/cb:B7VA.3e989\/w:auto\/h:auto\/q:mauto\/ig:avif\/f:best\/https:\/\/flydesk.com\/wp-content\/uploads\/2019\/09\/flydesk-icon-white.png","width":512,"height":512,"caption":"flydesk-icon-white"},{"@type":"WebPage","@id":"https:\/\/flydesk.com\/workspace-certification\/#webpage","url":"https:\/\/flydesk.com\/workspace-certification\/","name":"Certification label for flexible workspace &mdash; FLYDESK","isPartOf":{"@id":"https:\/\/flydesk.com\/#website"},"primaryImageOfPage":{"@id":"https:\/\/flydesk.com\/workspace-certification\/#primaryimage"},"datePublished":"2019-12-10T11:57:10+00:00","dateModified":"2020-11-03T10:15:17+00:00","description":"Certification label that guarantees the quality, style and comfort of workspace locations empowering the community of flexible work professionals.","breadcrumb":{"@id":"https:\/\/flydesk.com\/workspace-certification\/#breadcrumb"},"inLanguage":"pl-PL","potentialAction":[{"@type":"ReadAction","target":["https:\/\/flydesk.com\/workspace-certification\/"]}]},{"@type":"BreadcrumbList","@id":"https:\/\/flydesk.com\/workspace-certification\/#breadcrumb","itemListElement":[{"@type":"ListItem","position":1,"name":"Home","item":"https:\/\/flydesk.com\/"},{"@type":"ListItem","position":2,"name":"Workspace certification"}]}]}},"_links":{"self":[{"href":"https:\/\/flydesk.com\/pl\/wp-json\/wp\/v2\/pages\/2591"}],"collection":[{"href":"https:\/\/flydesk.com\/pl\/wp-json\/wp\/v2\/pages"}],"about":[{"href":"https:\/\/flydesk.com\/pl\/wp-json\/wp\/v2\/types\/page"}],"author":[{"embeddable":true,"href":"https:\/\/flydesk.com\/pl\/wp-json\/wp\/v2\/users\/4"}],"replies":[{"embeddable":true,"href":"https:\/\/flydesk.com\/pl\/wp-json\/wp\/v2\/comments?post=2591"}],"version-history":[{"count":0,"href":"https:\/\/flydesk.com\/pl\/wp-json\/wp\/v2\/pages\/2591\/revisions"}],"wp:featuredmedia":[{"embeddable":true,"href":"https:\/\/flydesk.com\/pl\/wp-json\/wp\/v2\/media\/661"}],"wp:attachment":[{"href":"https:\/\/flydesk.com\/pl\/wp-json\/wp\/v2\/media?parent=2591"}],"curies":[{"name":"wp","href":"https:\/\/api.w.org\/{rel}","templated":true}]}}