{"id":51763,"date":"2022-06-24T15:41:55","date_gmt":"2022-06-24T07:41:55","guid":{"rendered":"https:\/\/flydesk.com\/?page_id=51763"},"modified":"2024-09-29T21:01:22","modified_gmt":"2024-09-29T13:01:22","slug":"pod-test","status":"publish","type":"page","link":"https:\/\/flydesk.com\/pl\/pod-test\/","title":{"rendered":"Pod Test"},"content":{"rendered":"<img decoding=\"async\"   src=\"https:\/\/wpislive.com\/menta\/wp-content\/uploads\/2021\/05\/booth-1.png\"   alt=\"stoisko 1\"  itemprop=\"image\"  height=\"509\"  width=\"427\"  title=\"stoisko 1\"  onerror=\"this.style.display='none'\"  \/>\n\t\t\t\t<img decoding=\"async\"   src=\"https:\/\/wpislive.com\/menta\/wp-content\/uploads\/2021\/05\/Frame.png\"  alt=\"Rama\"  itemprop=\"image\"  height=\"28\"  width=\"242\"  title=\"Rama\"  onerror=\"this.style.display='none'\"  \/>\n<h2>\n\t\tWhat&#8217;s the<br \/>odpowiedni Pod dla Ciebie?\n\t<\/h2>\n\t\t\t<a href=\"\"   target=\"_self\"   role=\"button\"   rel=\"noopener\">\n\t\t\t\t\t\t\tZadzwo\u0144 do Pod\n\t\t\t\t\t<\/a>\n\t\t\t<a href=\"\"   target=\"_self\"   role=\"button\"   rel=\"noopener\">\n\t\t\t\t\t\t\tSpotkanie Pod\n\t\t\t\t\t<\/a>\n\t\t\t<a href=\"#\"   role=\"button\">\n\t\t\t\t\t\t\tClick Here\n\t\t\t\t\t<\/a>\n\t\t<div class=\"frm_forms  with_frm_style frm_style_formidable-style\"   id=\"frm_form_56_container\" >\n<form enctype=\"multipart\/form-data\"   method=\"post\"   class=\"frm-show-form  frm_js_validate  frm_pro_form  frm_ajax_submit\"   id=\"form_podpageform0ed97260c5\"  action=\"\"  >\n<div class=\"frm_form_fields\">\n<fieldset>\n<legend class=\"frm_screen_reader\">FLYDESK Pod<\/legend>\r\n\r\n<div class=\"frm_fields_container\">\n<input type=\"hidden\"   name=\"frm_action\"   value=\"create\" \/>\n<input type=\"hidden\"   name=\"form_id\"   value=\"56\" \/>\n<input type=\"hidden\"   name=\"frm_hide_fields_56\"   id=\"frm_hide_fields_56\" value=\"\" \/>\n<input type=\"hidden\"   name=\"form_key\"   value=\"podpageform0ed97260c5\" \/>\n<input type=\"hidden\"   name=\"item_meta[0]\" value=\"\" \/>\n<input type=\"hidden\"   id=\"frm_submit_entry_56\"   name=\"frm_submit_entry_56\" value=\"bd9a1b5b22\" \/><input type=\"hidden\"   name=\"_wp_http_referer\"   value=\"\/pl\/wp-json\/wp\/v2\/pages\/51763\" \/><div id=\"frm_field_964_container\"   class=\"frm_form_field form-field  frm_required_field frm_top_container\">\r\n    <div  id=\"field_ej4z9ae78ece05c_label\" class=\"frm_primary_label\">Imi\u0119\r\n        <span class=\"frm_required\"   aria-hidden=\"true\">*<\/span>\r\n    <\/div>\r\n    <fieldset aria-labelledby=\"field_ej4z9ae78ece05c_label\">\n\t<legend class=\"frm_screen_reader frm_hidden\">\n\t\tImi\u0119\t<\/legend>\n\n\t<div class=\"frm_combo_inputs_container\"   id=\"frm_combo_inputs_container_964\"   data-name-layout=\"first_last\">\n\t\t\t\t\t<div\n\t\t\t\tid=\"frm_field_964-first_container\"  \n\t\t\t\tclass=\"frm_form_field form-field frm_form_subfield-first  frm6\"  \n\t\t\t\tdata-sub-field-name=\"first\"\n\t\t\t>\n\t\t\t\t<label for=\"field_ej4z9ae78ece05c_first\"   class=\"frm_screen_reader frm_hidden\">\n\t\t\t\t\tPierwszy\t\t\t\t<\/label>\n\n\t\t\t\t\t\t\t\t\t\t<input\n\t\t\t\t\t\t\ttype=\"text\"  \n\t\t\t\t\t\t\tid=\"field_ej4z9ae78ece05c_first\"  \n\t\t\t\t\t\t\tvalue=\"\"  \n\t\t\t\t\t\t\tname=\"item_meta[964][first]\" \t\t\t\t\t\t\/>\n\t\t\t\t\t\t<div class=\"frm_description\"  id=\"frm_field_964_first_desc\">Pierwszy<\/div>\t\t\t<\/div>\n\t\t\t\t\t<div\n\t\t\t\tid=\"frm_field_964-last_container\"  \n\t\t\t\tclass=\"frm_form_field form-field frm_form_subfield-last  frm6\"  \n\t\t\t\tdata-sub-field-name=\"last\"\n\t\t\t>\n\t\t\t\t<label for=\"field_ej4z9ae78ece05c_last\"   class=\"frm_screen_reader frm_hidden\">\n\t\t\t\t\tTrwa\u0107\t\t\t\t<\/label>\n\n\t\t\t\t\t\t\t\t\t\t<input\n\t\t\t\t\t\t\ttype=\"text\"  \n\t\t\t\t\t\t\tid=\"field_ej4z9ae78ece05c_last\"  \n\t\t\t\t\t\t\tvalue=\"\"  \n\t\t\t\t\t\t\tname=\"item_meta[964][last]\" \t\t\t\t\t\t\/>\n\t\t\t\t\t\t<div class=\"frm_description\"  id=\"frm_field_964_last_desc\">Trwa\u0107<\/div>\t\t\t<\/div>\n\t\t\t<\/div>\n<\/fieldset>\n\r\n    \r\n    \r\n<\/div>\n<div id=\"frm_field_965_container\"   class=\"frm_form_field form-field  frm_required_field frm_top_container\">\r\n    <label for=\"field_6hlvbb1da2d1657c651f0076ef0edf2d076e73edb9aab0de6265b6e072ea262e7\"   id=\"field_6hlvbb1da2d1657c651f0076ef0edf2d076e73edb9aab0de6265b6e072ea262e7_label\"   class=\"frm_primary_label\">E-mail\r\n        <span class=\"frm_required\">*<\/span>\r\n    <\/label>\r\n    <input type=\"email\"   id=\"field_6hlvbb1da2d1657c651f0076ef0edf2d076e73edb9aab0de6265b6e072ea262e7\"   name=\"item_meta[965]\"   value=\"\"    data-reqmsg=\"This field cannot be blank.\"   aria-required=\"true\"   data-invmsg=\"Email is invalid\"   aria-invalid=\"false\"  \/>\r\n    \r\n    \r\n<\/div>\n<div id=\"frm_field_966_container\"   class=\"frm_form_field form-field  frm_required_field frm_top_container\">\r\n    <label for=\"field_ksv0g29e9da05a0cef985ba15ca56dfaf704266283a0b1817a19666\"   id=\"field_ksv0g29e9da05a0cef985ba15ca56dfaf704266283a0b1817a19666_label\"   class=\"frm_primary_label\">Telefon\r\n        <span class=\"frm_required\" aria-hidden=\"true\">*<\/span>\r\n    <\/label>\r\n    <input type=\"tel\"   id=\"field_ksv0g29e9da05a0cef985ba15ca56dfaf704266283a0b1817a19666\"   name=\"item_meta[966]\"   value=\"\"    data-reqmsg=\"This field cannot be blank.\"   aria-required=\"true\"   data-invmsg=\"Phone is invalid\"   aria-invalid=\"false\"   pattern=\"((\\+\\d{1,3}(-|.| )?\\(?\\d\\)?(-| |.)?\\d{1,5})|(\\(?\\d{2,6}\\)?))(-|.| )?(\\d{3,4})(-|.| )?(\\d{4})(( x| ext)\\d{1,5}){0,1}$\"  \/>\r\n    \r\n    \r\n<\/div>\n<div id=\"frm_field_967_container\"   class=\"frm_form_field form-field  frm_required_field frm_top_container\">\r\n    <label for=\"field_gm0a71afd94e18a7bb5d7dcd8a32998bab107a19293674f142b7b9a3fa0a3f756\"   id=\"field_gm0a71afd94e18a7bb5d7dcd8a32998bab107a19293674f142b7b9a3fa0a3f756_label\"   class=\"frm_primary_label\">Nazwa firmy\r\n        <span class=\"frm_required\">*<\/span>\r\n    <\/label>\r\n    <input type=\"text\"   id=\"field_gm0a71afd94e18a7bb5d7dcd8a32998bab107a19293674f142b7b9a3fa0a3f756\"   name=\"item_meta[967]\"   value=\"\"    data-reqmsg=\"This field cannot be blank.\"   aria-required=\"true\"   data-invmsg=\"Text is invalid\"   aria-invalid=\"false\"  \/>\r\n    \r\n    \r\n<\/div>\n<div id=\"frm_field_968_container\"   class=\"frm_form_field form-field  frm_required_field frm_top_container\">\r\n    <label for=\"field_c6k908b9e265ff4\"   id=\"field_c6k908b9e265ff4_label\"   class=\"frm_primary_label\">Lokalizacja\r\n        <span class=\"frm_required\" aria-hidden=\"true\">*<\/span>\r\n    <\/label>\r\n    <input type=\"text\"   id=\"field_c6k908b9e265ff4\"   name=\"item_meta[968]\"   value=\"\"    data-reqmsg=\"This field cannot be blank.\"   aria-required=\"true\"   data-invmsg=\"Text is invalid\"   aria-invalid=\"false\"     aria-describedby=\"frm_desc_field_c6k908b9e265ff4\"\/>\r\n    <div class=\"frm_description\"   id=\"frm_desc_field_c6k908b9e265ff4\">Miasto, kraj<\/div>\r\n    \r\n<\/div>\n<div id=\"frm_field_969_container\"   class=\"frm_form_field form-field  frm_required_field frm_top_container\">\r\n    <label for=\"field_pavcl11ce88d6cf\"   id=\"field_pavcl11ce88d6cf_label\"   class=\"frm_primary_label\">Liczba str\u0105k\u00f3w\r\n        <span class=\"frm_required\"  aria-hidden=\"true\">*<\/span>\r\n    <\/label>\r\n    <input type=\"number\"   id=\"field_pavcl11ce88d6cf\"   name=\"item_meta[969]\"   value=\"\"    data-reqmsg=\"This field cannot be blank.\"   aria-required=\"true\"   data-invmsg=\"Number is invalid\"   aria-invalid=\"false\"     min=\"0\"   max=\"9999999\" step=\"any\"\/>\r\n    \r\n    \r\n<\/div>\n<div id=\"frm_field_970_container\"   class=\"frm_form_field form-field  frm_required_field frm_top_container vertical_radio\">\r\n    <div  id=\"field_a19r1a6518f7255_label\"   class=\"frm_primary_label\">Typ kapsu\u0142y\r\n        <span class=\"frm_required\" aria-hidden=\"true\">*<\/span>\r\n    <\/div>\r\n    <div class=\"frm_opt_container\"   aria-labelledby=\"field_a19r1a6518f7255_label\"   role=\"group\">\t\t<div class=\"frm_checkbox\"   id=\"frm_checkbox_970-0\"><label for=\"field_a19r1a6518f7255-0\"><input type=\"checkbox\"   name=\"item_meta[970][]\"   id=\"field_a19r1a6518f7255-0\"   value=\"Solo pod\"    data-reqmsg=\"This field cannot be blank.\"   data-invmsg=\"Pod type is invalid\"   aria-invalid=\"false\"   \/> Kapsu\u0142a solowa<\/label><\/div>\n\t\t<div class=\"frm_checkbox\"   id=\"frm_checkbox_970-1\"><label for=\"field_a19r1a6518f7255-1\"><input type=\"checkbox\"   name=\"item_meta[970][]\"   id=\"field_a19r1a6518f7255-1\"   value=\"Meeting pod\"    data-reqmsg=\"This field cannot be blank.\"   data-invmsg=\"Pod type is invalid\"   aria-invalid=\"false\"   \/> Spotkanie pod<\/label><\/div>\n\t\t<div class=\"frm_checkbox\"   id=\"frm_checkbox_970-2\"><label for=\"field_a19r1a6518f7255-2\"><input type=\"checkbox\"   name=\"item_meta[970][]\"   id=\"field_a19r1a6518f7255-2\"   value=\"Custom pod\"    data-reqmsg=\"This field cannot be blank.\"   data-invmsg=\"Pod type is invalid\"   aria-invalid=\"false\"   \/> Niestandardowy zasobnik<\/label><\/div>\n<\/div>\r\n    \r\n    \r\n<\/div>\n<div id=\"frm_field_971_container\"   class=\"frm_form_field form-field  frm_required_field frm_top_container\">\r\n    <label for=\"field_5qr5w2d5c131094\"   id=\"field_5qr5w2d5c131094_label\"   class=\"frm_primary_label\">Pojemno\u015b\u0107 os\u00f3b kapsu\u0142owych\r\n        <span class=\"frm_required\" aria-hidden=\"true\">*<\/span>\r\n    <\/label>\r\n    <input type=\"number\"   id=\"field_5qr5w2d5c131094\"   name=\"item_meta[971]\"   value=\"\"    data-reqmsg=\"This field cannot be blank.\"   aria-required=\"true\"   data-invmsg=\"Number is invalid\"   aria-invalid=\"false\"     min=\"0\"   max=\"9999999\" step=\"any\"\/>\r\n    \r\n    \r\n<\/div>\n<div id=\"frm_field_972_container\"   class=\"frm_form_field form-field  frm_top_container vertical_radio\">\r\n    <div  id=\"field_4dw709a8cc94a05_label\"   class=\"frm_primary_label\">Opcje pod\r\n        <span class=\"frm_required\" aria-hidden=\"true\"><\/span>\r\n    <\/div>\r\n    <div class=\"frm_opt_container\"   aria-labelledby=\"field_4dw709a8cc94a05_label\"   role=\"group\">\t\t<div class=\"frm_checkbox\"   id=\"frm_checkbox_972-7\"><label for=\"field_4dw709a8cc94a05-7\"><input type=\"checkbox\"   name=\"item_meta[972][]\"   id=\"field_4dw709a8cc94a05-7\"   value=\"Personalized design\"    data-invmsg=\"Pod options is invalid\"   aria-invalid=\"false\"   \/> Spersonalizowany projekt<\/label><\/div>\n\t\t<div class=\"frm_checkbox\"   id=\"frm_checkbox_972-10\"><label for=\"field_4dw709a8cc94a05-10\"><input type=\"checkbox\"   name=\"item_meta[972][]\"   id=\"field_4dw709a8cc94a05-10\"   value=\"Soundproofing\"    data-invmsg=\"Pod options is invalid\"   aria-invalid=\"false\"   \/> Izolacja akustyczna<\/label><\/div>\n\t\t<div class=\"frm_checkbox\"   id=\"frm_checkbox_972-2\"><label for=\"field_4dw709a8cc94a05-2\"><input type=\"checkbox\"   name=\"item_meta[972][]\"   id=\"field_4dw709a8cc94a05-2\"   value=\"Ligthning\"    data-invmsg=\"Pod options is invalid\"   aria-invalid=\"false\"   \/> B\u0142yskawica<\/label><\/div>\n\t\t<div class=\"frm_checkbox\"   id=\"frm_checkbox_972-3\"><label for=\"field_4dw709a8cc94a05-3\"><input type=\"checkbox\"   name=\"item_meta[972][]\"   id=\"field_4dw709a8cc94a05-3\"   value=\"Ventilation\"    data-invmsg=\"Pod options is invalid\"   aria-invalid=\"false\"   \/> Wentylacja<\/label><\/div>\n\t\t<div class=\"frm_checkbox\"   id=\"frm_checkbox_972-9\"><label for=\"field_4dw709a8cc94a05-9\"><input type=\"checkbox\"   name=\"item_meta[972][]\"   id=\"field_4dw709a8cc94a05-9\"   value=\"Digital lock (QR, NFC)\"    data-invmsg=\"Pod options is invalid\"   aria-invalid=\"false\"   \/> Zamek cyfrowy (QR, NFC)<\/label><\/div>\n\t\t<div class=\"frm_checkbox\"   id=\"frm_checkbox_972-4\"><label for=\"field_4dw709a8cc94a05-4\"><input type=\"checkbox\"   name=\"item_meta[972][]\"   id=\"field_4dw709a8cc94a05-4\"   value=\"Power supply (Plugs, USB)\"    data-invmsg=\"Pod options is invalid\"   aria-invalid=\"false\"   \/> Zasilanie (wtyczki, USB)<\/label><\/div>\n\t\t<div class=\"frm_checkbox\"   id=\"frm_checkbox_972-8\"><label for=\"field_4dw709a8cc94a05-8\"><input type=\"checkbox\"   name=\"item_meta[972][]\"   id=\"field_4dw709a8cc94a05-8\"   value=\"Internet access (WiFi)\"    data-invmsg=\"Pod options is invalid\"   aria-invalid=\"false\"   \/> dost\u0119p do Internetu (WiFi)<\/label><\/div>\n\t\t<div class=\"frm_checkbox\"   id=\"frm_checkbox_972-1\"><label for=\"field_4dw709a8cc94a05-1\"><input type=\"checkbox\"   name=\"item_meta[972][]\"   id=\"field_4dw709a8cc94a05-1\"   value=\"Easy assemble (&lt;2hrs with 2 pers)\"    data-invmsg=\"Pod options is invalid\"   aria-invalid=\"false\"   \/> \u0141atwy monta\u017c (&lt;2 godz. z 2 osobami)<\/label><\/div>\n\t\t<div class=\"frm_checkbox\"   id=\"frm_checkbox_972-5\"><label for=\"field_4dw709a8cc94a05-5\"><input type=\"checkbox\"   name=\"item_meta[972][]\"   id=\"field_4dw709a8cc94a05-5\"   value=\"Installation service\"    data-invmsg=\"Pod options is invalid\"   aria-invalid=\"false\"   \/> Us\u0142uga instalacji<\/label><\/div>\n\t\t<div class=\"frm_checkbox\"   id=\"frm_checkbox_972-6\"><label for=\"field_4dw709a8cc94a05-6\"><input type=\"checkbox\"   name=\"item_meta[972][]\"   id=\"field_4dw709a8cc94a05-6\"   value=\"Maintenance service\"    data-invmsg=\"Pod options is invalid\"   aria-invalid=\"false\"   \/> Serwis techniczny<\/label><\/div>\n<\/div>\r\n    \r\n    \r\n<\/div>\n<div id=\"frm_field_973_container\"   class=\"frm_form_field form-field  frm_top_container\">\r\n    <label for=\"field_lrp96a60ee2c8c7\"   id=\"field_lrp96a60ee2c8c7_label\"   class=\"frm_primary_label\">Inne wymagania\r\n        <span class=\"frm_required\" aria-hidden=\"true\"><\/span>\r\n    <\/label>\r\n    <input type=\"text\"   id=\"field_lrp96a60ee2c8c7\"   name=\"item_meta[973]\"   value=\"\"    data-invmsg=\"Text is invalid\"   aria-invalid=\"false\"  \/>\r\n    \r\n    \r\n<\/div>\n<input type=\"hidden\"   name=\"item_meta[974]\"   id=\"field_mfrojca5b92cd1e6966cf473fe6c6540a4983902d33920c4a51eac\"   value=\"Pod\"    data-frmval=\"Pod\"   data-invmsg=\"Hidden FLYDESK Contact Type is invalid\"   \/>\n<input type=\"hidden\"   name=\"item_meta[975]\"   id=\"field_hakknac637572c45cfb55a081df10e3e24ba7f5ef24af8188e1596f0768bd45d6\"   value=\"Offer Pod\"    data-frmval=\"Offer Pod\"   data-invmsg=\"Hidden FLYDESK Interest is invalid\"   \/>\n<input type=\"hidden\"   name=\"item_meta[976]\"   id=\"field_k7h1jcb25e4fb3b93619adf707c49440ac9\"   value=\"Decision\"    data-frmval=\"Decision\"   data-invmsg=\"Hidden FLYDESK Lifecycle is invalid\"   \/>\n<div id=\"frm_field_977_container\"   class=\"frm_form_field form-field  frm_none_container\">\n    <label for=\"g-recaptcha-response\"   id=\"field_8ngi_label\" class=\"frm_primary_label\">reCAPTCHA\n        <span class=\"frm_required\"   aria-hidden=\"true\"><\/span>\n    <\/label>\n    <div id=\"field_8ngi\"   class=\"frm-g-recaptcha\"   data-sitekey=\"6LfMp4kaAAAAAL5zpYjYMIue8impdsZZbAyUxi5m\"   data-size=\"invisible\"   data-theme=\"light\"><\/div>\n    \n    \n<\/div>\n\t<input type=\"hidden\"   name=\"item_key\"   value=\"\" \/>\n\t\t\t\t<div class=\"frm_verify\"   aria-hidden=\"true\">\n\t\t\t\t<label for=\"frm_email_56\">\n\t\t\t\t\tJe\u015bli jeste\u015b cz\u0142owiekiem, pozostaw to pole puste.\t\t\t\t<\/label>\n\t\t\t\t<input type=\"text\"   class=\"frm_verify\"   id=\"frm_email_56\"   name=\"frm_verify\"  value=\"\"  \/>\n\t\t\t<\/div>\n\t\t<style>\r\n#frm_field_551-first_container, #frm_field_551-last_container {\r\nmargin-bottom: 0;\r\n}\r\n<\/style><div class=\"frm_submit\">\r\n\r\n<button class=\"frm_button_submit frm_final_submit\"   type=\"submit\"     formnovalidate=\"formnovalidate\">Sk\u0142ada\u0107<\/button>\r\n\r\n<\/div><\/div>\n<\/fieldset>\n<\/div>\n<input type=\"hidden\"  name=\"trp-form-language\"  value=\"pl\"\/><\/form>\n<\/div>\n\t\n\t\t\t\t<img decoding=\"async\"   src=\"https:\/\/wpislive.com\/menta\/wp-content\/uploads\/2021\/05\/booth-2.png\"   alt=\"stoisko 2\"   itemprop=\"image\"   height=\"595\"   width=\"575\"   title=\"stoisko 2\"   onerror=\"this.style.display='none'\"  \/>\n<h2>\n\t\tDo\u0142\u0105cz do sieci FLYDESK Pod\n\t<\/h2>\n\t\t\t\t<img decoding=\"async\"   src=\"https:\/\/wpislive.com\/menta\/wp-content\/uploads\/2021\/05\/Frame-1233.png\"   alt=\"Rama 1233\"   itemprop=\"image\"   height=\"81\"   width=\"90\"   title=\"Rama 1233\"   onerror=\"this.style.display='none'\"  \/>\n<h2>\n\t\tGet your Pod0\n\t<\/h2>\n\t<p>Kup swojego Poda lub hosta<br \/>jeden z naszych Pod\u00f3w za darmo<\/p>\n\t\t\t\t<img decoding=\"async\"   src=\"https:\/\/wpislive.com\/menta\/wp-content\/uploads\/2021\/05\/Frame-1227.png\"   alt=\"Rama 1227\"   itemprop=\"image\"   height=\"81\"   width=\"90\"   title=\"Rama 1227\"   onerror=\"this.style.display='none'\"  \/>\n<h2>\n\t\tWymie\u0144 sw\u00f3j pod\n\t<\/h2>\n\t<p>Pod\u0142\u0105cz sw\u00f3j Pod do<br \/>Sie\u0107 FLYDESK<\/p>\n\t\t\t\t<img decoding=\"async\"   src=\"https:\/\/wpislive.com\/menta\/wp-content\/uploads\/2021\/05\/booth-1.png\"   alt=\"stoisko 1\"   itemprop=\"image\"   height=\"509\"   width=\"427\"   title=\"stoisko 1\"   onerror=\"this.style.display='none'\"  \/>\n<h2>\n\t\tZadzwo\u0144 do Pod\n\t<\/h2>\n\t<p>Prywatna i cicha budka do rozm\u00f3w lub<br \/>dyskusje do 2 os\u00f3b<\/p>\n\t<ul> \t\n<li>Do 2 os\u00f3b<\/li>\n<p> \t<\/p>\n<li>D\u017awi\u0119koszczelne i zasilane<\/li>\n<p> \t<\/p>\n<li>2.3 x 1.5 x 1.24 m. \/ 91&#8243; x 59&#8243; x 49&#8243; in.<\/li>\n<\/ul>\n\t\t\t<a href=\"\"   target=\"_self\"   role=\"button\"   rel=\"noopener\">\n\t\t\t\t\t\t\tUzyskaj wycen\u0119 pod\n\t\t\t\t\t<\/a>\n<h2>\n\t\tSpotkanie Pod\n\t<\/h2>\n\t<p>Prywatna i cicha kabina dla<br \/>spotkania do 6 os\u00f3b<\/p>\n\t<ul> \t\n<li>Do 6 os\u00f3b<\/li>\n<p> \t<\/p>\n<li>D\u017awi\u0119koszczelne i zasilane<\/li>\n<p> \t<\/p>\n<li>H2.3 x W2.2 x D2.14 m. \/ H91&#8243; x W87&#8243; x D84&#8243; in.<\/li>\n<\/ul>\n\t\t\t<a href=\"\"   target=\"_self\"   role=\"button\"   rel=\"noopener\">\n\t\t\t\t\t\t\tUzyskaj wycen\u0119 pod\n\t\t\t\t\t<\/a>\n\t\t\t\t<img decoding=\"async\"   src=\"https:\/\/wpislive.com\/menta\/wp-content\/uploads\/2021\/05\/booth-1.png\"   alt=\"stoisko 1\"   itemprop=\"image\"   height=\"509\"   width=\"427\"   title=\"stoisko 1\"   onerror=\"this.style.display='none'\"  \/>\n\t<p>Potrzebujesz niestandardowego poda? <u>Porozmawiaj z naszym zespo\u0142em<\/u> zbudowanie stoiska w oparciu o Twoje specyfikacje<\/p>\n\t\t\t\t<img decoding=\"async\"   src=\"https:\/\/wpislive.com\/menta\/wp-content\/uploads\/2021\/05\/booth-2-1.png\"   alt=\"stoisko 2 (1)\"   itemprop=\"image\"   height=\"459\"   width=\"389\"   title=\"stoisko 2 (1)\"   onerror=\"this.style.display='none'\"  \/>\n<h2>\n\t\tFLYDESK Darmowy program pod\u00f3w\n\t<\/h2>\n<h2>\n\t\tJak to dzia\u0142a?\n\t<\/h2>\n\t<ul> \t\n<li>Jeste\u015b w\u0142a\u015bcicielem \u015bwietnego miejsca publicznego<\/li>\n<p> \t<\/p>\n<li>Przyje\u017cd\u017camy zainstalowa\u0107 nasz Pod za darmo<\/li>\n<p> \t<\/p>\n<li>Pod\u0142\u0105czasz i dbasz o nasz\u0105 kapsu\u0142\u0119<\/li>\n<\/ul>\n\t\t\t<a href=\"\"   target=\"_self\"   role=\"button\"   rel=\"noopener\">\n\t\t\t\t\t\t\tZ\u0142\u00f3\u017c wniosek o bezp\u0142atny Pod\n\t\t\t\t\t<\/a>\n<h2>\n\t\tWystaw sw\u00f3j Pod na FLYDESK\n\t<\/h2>\n<h2>\n\t\tLista\n\t<\/h2>\n\t\t\t\t<img decoding=\"async\"   src=\"https:\/\/wpislive.com\/menta\/wp-content\/uploads\/2021\/05\/Frame-1227-1.png\"   alt=\"Rama 1227 (1)\"   itemprop=\"image\"   height=\"44\"   width=\"34\"   title=\"Rama 1227 (1)\"   onerror=\"this.style.display='none'\"  \/>\n\t<p>Wymie\u0144 swoj\u0105 pozycj\u0119 w globalnej sieci coworkingowej i elastycznych przestrzeni biurowych FLYDESK<\/p>\n<h2>\n\t\tPoci\u0105ga\u0107\n\t<\/h2>\n\t\t\t\t<img decoding=\"async\"   src=\"https:\/\/wpislive.com\/menta\/wp-content\/uploads\/2021\/05\/list.png\"   alt=\"lista\"   itemprop=\"image\"   height=\"42\"   width=\"42\"   title=\"lista\"   onerror=\"this.style.display='none'\"  \/>\n\t<p>Przyci\u0105gnij nasz\u0105 spo\u0142eczno\u015b\u0107 cz\u0142onk\u00f3w FLYDESK do swojego miejsca hostuj\u0105cego Pod, z kt\u00f3rego b\u0119d\u0105 korzysta\u0107<\/p>\n<h2>\n\t\tLista\n\t<\/h2>\n\t\t\t\t<img decoding=\"async\"   src=\"https:\/\/wpislive.com\/menta\/wp-content\/uploads\/2021\/05\/Frame-1228.png\"   alt=\"Rama 1228\"   itemprop=\"image\"   height=\"44\"   width=\"34\"   title=\"Rama 1228\"   onerror=\"this.style.display='none'\"  \/>\n\t<p>Monetize the usage of your Pod from FLYDESK members&#8217; bookings &amp; instant accesses<\/p>\n\t\t\t<a href=\"\"  target=\"_self\"  role=\"button\"  rel=\"noopener\">\n\t\t\t\t\t\t\tWymie\u0144 sw\u00f3j pod\n\t\t\t\t\t<\/a>","protected":false},"excerpt":{"rendered":"<p>What&#8217;s theright Pod for you? Call Pod Meeting Pod Click Here Join the FLYDESK Pod network Get your Pod0 Buy your Pod or hostone of our Pods for free List your Pod Connect your Pod toFLYDESK network Call Pod Private &amp; silent booth for calls ordiscussions up to 2 persons Up to 2 persons Sound&hellip;<\/p>","protected":false},"author":2146,"featured_media":0,"parent":0,"menu_order":0,"comment_status":"closed","ping_status":"closed","template":"","meta":{"footnotes":""},"acf":[],"yoast_head":"<!-- This site is optimized with the Yoast SEO plugin v16.8 - https:\/\/yoast.com\/wordpress\/plugins\/seo\/ -->\n<title>Pod Test &mdash; FLYDESK<\/title>\n<meta name=\"robots\"  content=\"index, follow, max-snippet:-1, max-image-preview:large, max-video-preview:-1\" \/>\n<link rel=\"canonical\"  href=\"https:\/\/flydesk.com\/pl\/pod-test\/\" \/>\n<meta property=\"og:locale\"  content=\"pl_PL\" \/>\n<meta property=\"og:type\"  content=\"article\" \/>\n<meta property=\"og:title\"  content=\"Pod Test &mdash; FLYDESK\" \/>\n<meta property=\"og:description\"  content=\"What&#8217;s theright Pod for you? Call Pod Meeting Pod Click Here Join the FLYDESK Pod network Get your Pod0 Buy your Pod or hostone of our Pods for free List your Pod Connect your Pod toFLYDESK network Call Pod Private &amp; silent booth for calls ordiscussions up to 2 persons Up to 2 persons Sound&hellip;\" \/>\n<meta property=\"og:url\"  content=\"https:\/\/flydesk.com\/pl\/pod-test\/\" \/>\n<meta property=\"og:site_name\" content=\"FLYDESK\" \/>\n<meta property=\"article:modified_time\"  content=\"2024-09-29T13:01:22+00:00\" \/>\n<meta property=\"og:image\"  content=\"https:\/\/wpislive.com\/menta\/wp-content\/uploads\/2021\/05\/booth-1.png\" \/>\n<meta name=\"twitter:card\"  content=\"summary_large_image\" \/>\n<meta name=\"twitter:label1\"  content=\"Szacowany czas czytania\" \/>\n\t<meta name=\"twitter:data1\" content=\"1 minuta\" \/>\n<!-- \/ Yoast SEO plugin. -->","yoast_head_json":{"title":"Pod Test &mdash; FLYDESK","robots":{"index":"index","follow":"follow","max-snippet":"max-snippet:-1","max-image-preview":"max-image-preview:large","max-video-preview":"max-video-preview:-1"},"canonical":"https:\/\/flydesk.com\/pl\/pod-test\/","og_locale":"pl_PL","og_type":"article","og_title":"Pod Test &mdash; FLYDESK","og_description":"What&#8217;s theright Pod for you? Call Pod Meeting Pod Click Here Join the FLYDESK Pod network Get your Pod0 Buy your Pod or hostone of our Pods for free List your Pod Connect your Pod toFLYDESK network Call Pod Private &amp; silent booth for calls ordiscussions up to 2 persons Up to 2 persons Sound&hellip;","og_url":"https:\/\/flydesk.com\/pl\/pod-test\/","og_site_name":"FLYDESK","article_modified_time":"2024-09-29T13:01:22+00:00","og_image":[{"url":"https:\/\/wpislive.com\/menta\/wp-content\/uploads\/2021\/05\/booth-1.png"}],"twitter_card":"summary_large_image","twitter_misc":{"Szacowany czas czytania":"1 minuta"},"schema":{"@context":"https:\/\/schema.org","@graph":[{"@type":"Organization","@id":"https:\/\/flydesk.com\/#organization","name":"FLYDESK","url":"https:\/\/flydesk.com\/","sameAs":[],"logo":{"@type":"ImageObject","@id":"https:\/\/flydesk.com\/#logo","inLanguage":"pl-PL","url":"","contentUrl":"","caption":"FLYDESK"},"image":{"@id":"https:\/\/flydesk.com\/#logo"}},{"@type":"WebSite","@id":"https:\/\/flydesk.com\/#website","url":"https:\/\/flydesk.com\/","name":"FLYDESK","description":"Fly your work with style","publisher":{"@id":"https:\/\/flydesk.com\/#organization"},"potentialAction":[{"@type":"SearchAction","target":{"@type":"EntryPoint","urlTemplate":"https:\/\/flydesk.com\/?s={search_term_string}"},"query-input":"required name=search_term_string"}],"inLanguage":"pl-PL"},{"@type":"ImageObject","@id":"https:\/\/flydesk.com\/pod-test\/#primaryimage","inLanguage":"pl-PL","url":"https:\/\/wpislive.com\/menta\/wp-content\/uploads\/2021\/05\/booth-1.png","contentUrl":"https:\/\/wpislive.com\/menta\/wp-content\/uploads\/2021\/05\/booth-1.png"},{"@type":"WebPage","@id":"https:\/\/flydesk.com\/pod-test\/#webpage","url":"https:\/\/flydesk.com\/pod-test\/","name":"Pod Test &mdash; FLYDESK","isPartOf":{"@id":"https:\/\/flydesk.com\/#website"},"primaryImageOfPage":{"@id":"https:\/\/flydesk.com\/pod-test\/#primaryimage"},"datePublished":"2022-06-24T07:41:55+00:00","dateModified":"2024-09-29T13:01:22+00:00","breadcrumb":{"@id":"https:\/\/flydesk.com\/pod-test\/#breadcrumb"},"inLanguage":"pl-PL","potentialAction":[{"@type":"ReadAction","target":["https:\/\/flydesk.com\/pod-test\/"]}]},{"@type":"BreadcrumbList","@id":"https:\/\/flydesk.com\/pod-test\/#breadcrumb","itemListElement":[{"@type":"ListItem","position":1,"name":"Home","item":"https:\/\/flydesk.com\/"},{"@type":"ListItem","position":2,"name":"Pod Test"}]}]}},"_links":{"self":[{"href":"https:\/\/flydesk.com\/pl\/wp-json\/wp\/v2\/pages\/51763"}],"collection":[{"href":"https:\/\/flydesk.com\/pl\/wp-json\/wp\/v2\/pages"}],"about":[{"href":"https:\/\/flydesk.com\/pl\/wp-json\/wp\/v2\/types\/page"}],"author":[{"embeddable":true,"href":"https:\/\/flydesk.com\/pl\/wp-json\/wp\/v2\/users\/2146"}],"replies":[{"embeddable":true,"href":"https:\/\/flydesk.com\/pl\/wp-json\/wp\/v2\/comments?post=51763"}],"version-history":[{"count":1,"href":"https:\/\/flydesk.com\/pl\/wp-json\/wp\/v2\/pages\/51763\/revisions"}],"predecessor-version":[{"id":94596,"href":"https:\/\/flydesk.com\/pl\/wp-json\/wp\/v2\/pages\/51763\/revisions\/94596"}],"wp:attachment":[{"href":"https:\/\/flydesk.com\/pl\/wp-json\/wp\/v2\/media?parent=51763"}],"curies":[{"name":"wp","href":"https:\/\/api.w.org\/{rel}","templated":true}]}}