{"id":14469,"date":"2020-06-02T12:54:46","date_gmt":"2020-06-02T04:54:46","guid":{"rendered":"https:\/\/dev.flydesk.com\/credits\/"},"modified":"2023-09-07T12:10:56","modified_gmt":"2023-09-07T04:10:56","slug":"credit","status":"publish","type":"page","link":"https:\/\/flydesk.com\/pt\/credit\/","title":{"rendered":"Cr\u00e9dito"},"content":{"rendered":"<h1>\r\n\t\tCompre cr\u00e9ditos FLYDESK\r\n\t<\/h1>\r\n\t<div class=\"dp_currency_select\"><select class=\"fd-currency-select-normal\"><option value=\"HKD\"   selected data-symbol=\"$\">HKD<\/option><option value=\"SGD\"    data-symbol=\"$\">SGD<\/option><option value=\"USD\"    data-symbol=\"$\">USD<\/option><option value=\"EUR\"    data-symbol=\"$\">EUR<\/option><option value=\"GBP\"    data-symbol=\"$\">GBP<\/option><option value=\"CHF\"    data-symbol=\"$\">CHF<\/option><option value=\"IDR\"    data-symbol=\"$\">IDR<\/option><option value=\"INR\"    data-symbol=\"$\">EM R<\/option><option value=\"PHP\"    data-symbol=\"$\">PHP<\/option><option value=\"MGA\"    data-symbol=\"$\">MGA<\/option><option value=\"NZD\"    data-symbol=\"$\">NZD<\/option><option value=\"PKR\"    data-symbol=\"$\">PKR<\/option><\/select><\/div>\r\n<h6>\r\n\t\tFLYDESK RECOMENDA\r\n\t<\/h6>\r\n<h4><b>Pacote de Cr\u00e9dito<\/b><\/h4>\r\n<p>Compre cr\u00e9ditos para uma experi\u00eancia de reserva mais r\u00e1pida e barata para acessar os espa\u00e7os de trabalho FLYDESK.<\/p>\r\n<h4><b><small>$<\/small>2,000+<\/b><\/h4>\r\n<p>a partir de 10% desconto <img decoding=\"async\"   src=\"https:\/\/d3l13r1yn9peim.cloudfront.net\/2021\/04\/22110535\/Host.png\"   alt=\"\"   width=\"15\" height=\"14\" \/> espa\u00e7os de trabalho<\/p>\r\n\t\t\t<a href=\"https:\/\/flydesk.com\/pt\/cart\/?add-to-cart=14496&#038;v=2000\/\"   target=\"_self\"   role=\"button\"   rel=\"noopener\">\r\n\t\t\t\t\t\t\tCompre Agora\r\n\t\t\t\t\t<\/a>\r\n<h6>\r\n\t\t&#8211;\r\n\t<\/h6>\r\n<h4><b>Pague \u00e0 medida que usa<\/b><\/h4>\r\n<p>Reserve instantaneamente e pague a tarifa exata para acessar o espa\u00e7o de trabalho escolhido.<\/p>\r\n<h4><b>Sem m\u00ednimo<\/b><\/h4>\r\n<p>Sem desconto<\/p>\r\n\t\t\t<a href=\"\/pt\/workspace\/\"   target=\"_self\"   role=\"button\"   rel=\"noopener\">\r\n\t\t\t\t\t\t\tAgende agora\r\n\t\t\t\t\t<\/a>\r\n<h2>\r\n\t\tperguntas frequentes\r\n\t<\/h2>\r\n\t\t\t<a href=\"#\"   id=\"fl-accordion--label-0\"   tabindex=\"0\"   aria-controls=\"fl-accordion--panel-0\">O que s\u00e3o os Cr\u00e9ditos FLYDESK?<\/a>\r\n\t\t\t\t\t\t\t<a href=\"#\"   id=\"fl-accordion--icon-0\"   tabindex=\"0\"   aria-controls=\"fl-accordion--panel-0\"><i>Expandir<\/i><\/a>\r\n\t\t<p>Com os Cr\u00e9ditos FLYDESK, voc\u00ea pode reservar salas de reuni\u00e3o ou mesas dispon\u00edveis sob demanda na Rede FLYDESK Workspace. FLYDESK Workspace Partners marcados por um <img decoding=\"async\"   src=\"https:\/\/d3l13r1yn9peim.cloudfront.net\/2021\/04\/22110535\/Host.png\" alt=\"\" width=\"15\" height=\"14\" \/> no mapa e na listagem haver\u00e1 descontos em reservas de salas de reuni\u00e3o e hot desk feitas com Cr\u00e9ditos FLYDESK.<\/p>\r\n\t\t\t<a href=\"#\"   id=\"fl-accordion--label-1\"   tabindex=\"0\"   aria-controls=\"fl-accordion--panel-1\">Preciso de uma assinatura FLYDESK para usar cr\u00e9ditos FLYDESK?<\/a>\r\n\t\t\t\t\t\t\t<a href=\"#\"   id=\"fl-accordion--icon-1\"   tabindex=\"0\"   aria-controls=\"fl-accordion--panel-1\"><i>Expandir<\/i><\/a>\r\n\t\t<p>N\u00e3o, voc\u00ea n\u00e3o precisa de uma assinatura FLYDESK para usar os Cr\u00e9ditos FLYDESK, mas precisar\u00e1 se inscrever para uma conta de usu\u00e1rio gratuita em nosso site ou em nosso aplicativo FLYDESK. Para saber mais sobre a assinatura paga, voc\u00ea pode verificar nosso <a href=\"https:\/\/flydesk.com\/pt\/pricing\/\">Planos de pre\u00e7os FLYDESK aqui<\/a>.<\/p>\r\n\t\t\t<a href=\"#\"   id=\"fl-accordion--label-2\"   tabindex=\"0\"   aria-controls=\"fl-accordion--panel-2\">Como posso comprar Cr\u00e9ditos FLYDESK?<\/a>\r\n\t\t\t\t\t\t\t<a href=\"#\"   id=\"fl-accordion--icon-2\"   tabindex=\"0\"   aria-controls=\"fl-accordion--panel-2\"><i>Expandir<\/i><\/a>\r\n\t\t<p>Os Cr\u00e9ditos FLYDESK podem ser adquiridos instantaneamente por cart\u00e3o de cr\u00e9dito ou via transfer\u00eancia banc\u00e1ria para acessar a Rede FLYDESK Workspace. Uma vez adquirido, voc\u00ea pode come\u00e7ar a reservar um espa\u00e7o de trabalho em nossa Rede de Espa\u00e7o de Trabalho FLYDESK e pagar com Cr\u00e9ditos FLYDESK. Pagar com FLYDESK pode permitir descontos em alguns workspaces.<\/p>\r\n\t\t\t<a href=\"#\"   id=\"fl-accordion--label-3\"   tabindex=\"0\"   aria-controls=\"fl-accordion--panel-3\">Posso usar meus Cr\u00e9ditos em outro pa\u00eds?<\/a>\r\n\t\t\t\t\t\t\t<a href=\"#\"   id=\"fl-accordion--icon-3\"   tabindex=\"0\"   aria-controls=\"fl-accordion--panel-3\"><i>Expandir<\/i><\/a>\r\n\t\t<p>Se voc\u00ea quiser reservar um espa\u00e7o de trabalho em um pa\u00eds que aceite uma moeda diferente daquela em que comprou seus Cr\u00e9ditos, o FLYDESK converter\u00e1 o valor local em sua moeda de Cr\u00e9dito ap\u00f3s incluir uma taxa de 3% na taxa de c\u00e2mbio atual.<\/p>\r\n\t\t\t<a href=\"#\"   id=\"fl-accordion--label-4\"   tabindex=\"0\"   aria-controls=\"fl-accordion--panel-4\">O que acontece com meus Cr\u00e9ditos em caso de cancelamento da reserva?<\/a>\r\n\t\t\t\t\t\t\t<a href=\"#\"   id=\"fl-accordion--icon-4\"   tabindex=\"0\"   aria-controls=\"fl-accordion--panel-4\"><i>Expandir<\/i><\/a>\r\n\t\t<p>Em caso de cancelamento da reserva do workspace, os cr\u00e9ditos usados para a reserva poder\u00e3o ser reembolsados dependendo das condi\u00e7\u00f5es estabelecidas pelo parceiro do workspace.<\/p>\r\n\t\t\t<a href=\"#\"   id=\"fl-accordion--label-5\"   tabindex=\"0\"   aria-controls=\"fl-accordion--panel-5\">Os cr\u00e9ditos FLYDESK podem expirar?<\/a>\r\n\t\t\t\t\t\t\t<a href=\"#\"   id=\"fl-accordion--icon-5\"   tabindex=\"0\"   aria-controls=\"fl-accordion--panel-5\"><i>Expandir<\/i><\/a>\r\n\t\t<p>Os cr\u00e9ditos FLYDESK n\u00e3o t\u00eam data de expira\u00e7\u00e3o desde que voc\u00ea tenha uma conta FLYDESK.<\/p>\r\n\t\t\t<a href=\"#\"   id=\"fl-accordion--label-6\"   tabindex=\"0\"   aria-controls=\"fl-accordion--panel-6\">Meus cr\u00e9ditos FLYDESK podem ser reembolsados?<\/a>\r\n\t\t\t\t\t\t\t<a href=\"#\"   id=\"fl-accordion--icon-6\"   tabindex=\"0\"   aria-controls=\"fl-accordion--panel-6\"><i>Expandir<\/i><\/a>\r\n\t\t<p>Sim, \u00e9 poss\u00edvel. Se voc\u00ea quiser um reembolso do seu saldo de cr\u00e9dito para sua conta banc\u00e1ria, reteremos uma taxa de reembolso de 10% sobre o cr\u00e9dito restante mais qualquer taxa de transfer\u00eancia banc\u00e1ria.<\/p>\r\n\t\t\t<a href=\"https:\/\/flydesk.com\/pt\/pricing\/\"   target=\"_self\"   role=\"button\"   rel=\"noopener\">\r\n\t\t\t\t\t\t\tEscolha um plano de licen\u00e7a FLYDESK\r\n\t\t\t\t\t<\/a>","protected":false},"excerpt":{"rendered":"<p>Compre Cr\u00e9ditos FLYDESK FLYDESK RECOMENDA Pacote de Cr\u00e9dito Compre cr\u00e9ditos para uma experi\u00eancia de reserva mais r\u00e1pida e barata para acessar os espa\u00e7os de trabalho FLYDESK. $2.000+ de 10% workspaces com desconto Compre agora \u2013 Pay As You Go Reserve instantaneamente e pague a tarifa exata para acessar o workspace escolhido. Sem m\u00ednimo Sem desconto Reserve agora Perguntas frequentes O que s\u00e3o\u2026<\/p>","protected":false},"author":13,"featured_media":0,"parent":0,"menu_order":0,"comment_status":"closed","ping_status":"closed","template":"","meta":{"footnotes":""},"acf":[],"yoast_head":"<!-- This site is optimized with the Yoast SEO plugin v16.8 - https:\/\/yoast.com\/wordpress\/plugins\/seo\/ -->\n<title>Buy FLYDESK Credits &mdash; FLYDESK<\/title>\n<meta name=\"description\"  content=\"Buy credits for a faster and cheaper booking experience to access the FLYDESK certified workspace network globally. Book your space today!\" \/>\n<meta name=\"robots\"  content=\"index, follow, max-snippet:-1, max-image-preview:large, max-video-preview:-1\" \/>\n<link rel=\"canonical\"  href=\"https:\/\/flydesk.com\/pt\/credit\/\" \/>\n<meta property=\"og:locale\"  content=\"pt_PT\" \/>\n<meta property=\"og:type\"  content=\"article\" \/>\n<meta property=\"og:title\"  content=\"Buy FLYDESK Credits &mdash; FLYDESK\" \/>\n<meta property=\"og:description\"  content=\"Buy credits for a faster and cheaper booking experience to access the FLYDESK certified workspace network globally. Book your space today!\" \/>\n<meta property=\"og:url\"  content=\"https:\/\/flydesk.com\/pt\/credit\/\" \/>\n<meta property=\"og:site_name\" content=\"FLYDESK\" \/>\n<meta property=\"article:modified_time\"  content=\"2023-09-07T04:10:56+00:00\" \/>\n<meta property=\"og:image\"  content=\"https:\/\/d3l13r1yn9peim.cloudfront.net\/2021\/04\/22110535\/Host.png\" \/>\n<meta name=\"twitter:card\" content=\"summary_large_image\" \/>\n<meta name=\"twitter:label1\"  content=\"Tempo estimado de leitura\" \/>\n\t<meta name=\"twitter:data1\" content=\"2 minutos\" \/>\n<!-- \/ Yoast SEO plugin. -->","yoast_head_json":{"title":"Buy FLYDESK Credits &mdash; FLYDESK","description":"Buy credits for a faster and cheaper booking experience to access the FLYDESK certified workspace network globally. Book your space today!","robots":{"index":"index","follow":"follow","max-snippet":"max-snippet:-1","max-image-preview":"max-image-preview:large","max-video-preview":"max-video-preview:-1"},"canonical":"https:\/\/flydesk.com\/pt\/credit\/","og_locale":"pt_PT","og_type":"article","og_title":"Buy FLYDESK Credits &mdash; FLYDESK","og_description":"Buy credits for a faster and cheaper booking experience to access the FLYDESK certified workspace network globally. Book your space today!","og_url":"https:\/\/flydesk.com\/pt\/credit\/","og_site_name":"FLYDESK","article_modified_time":"2023-09-07T04:10:56+00:00","og_image":[{"url":"https:\/\/d3l13r1yn9peim.cloudfront.net\/2021\/04\/22110535\/Host.png"}],"twitter_card":"summary_large_image","twitter_misc":{"Tempo estimado de leitura":"2 minutos"},"schema":{"@context":"https:\/\/schema.org","@graph":[{"@type":"Organization","@id":"https:\/\/flydesk.com\/#organization","name":"FLYDESK","url":"https:\/\/flydesk.com\/","sameAs":[],"logo":{"@type":"ImageObject","@id":"https:\/\/flydesk.com\/#logo","inLanguage":"pt-PT","url":"","contentUrl":"","caption":"FLYDESK"},"image":{"@id":"https:\/\/flydesk.com\/#logo"}},{"@type":"WebSite","@id":"https:\/\/flydesk.com\/#website","url":"https:\/\/flydesk.com\/","name":"FLYDESK","description":"Fly your work with style","publisher":{"@id":"https:\/\/flydesk.com\/#organization"},"potentialAction":[{"@type":"SearchAction","target":{"@type":"EntryPoint","urlTemplate":"https:\/\/flydesk.com\/?s={search_term_string}"},"query-input":"required name=search_term_string"}],"inLanguage":"pt-PT"},{"@type":"ImageObject","@id":"https:\/\/flydesk.com\/credit\/#primaryimage","inLanguage":"pt-PT","url":"https:\/\/d3l13r1yn9peim.cloudfront.net\/2021\/04\/22110535\/Host.png","contentUrl":"https:\/\/d3l13r1yn9peim.cloudfront.net\/2021\/04\/22110535\/Host.png"},{"@type":"WebPage","@id":"https:\/\/flydesk.com\/credit\/#webpage","url":"https:\/\/flydesk.com\/credit\/","name":"Buy FLYDESK Credits &mdash; FLYDESK","isPartOf":{"@id":"https:\/\/flydesk.com\/#website"},"primaryImageOfPage":{"@id":"https:\/\/flydesk.com\/credit\/#primaryimage"},"datePublished":"2020-06-02T04:54:46+00:00","dateModified":"2023-09-07T04:10:56+00:00","description":"Buy credits for a faster and cheaper booking experience to access the FLYDESK certified workspace network globally. Book your space today!","breadcrumb":{"@id":"https:\/\/flydesk.com\/credit\/#breadcrumb"},"inLanguage":"pt-PT","potentialAction":[{"@type":"ReadAction","target":["https:\/\/flydesk.com\/credit\/"]}]},{"@type":"BreadcrumbList","@id":"https:\/\/flydesk.com\/credit\/#breadcrumb","itemListElement":[{"@type":"ListItem","position":1,"name":"Home","item":"https:\/\/flydesk.com\/"},{"@type":"ListItem","position":2,"name":"Credit"}]}]}},"_links":{"self":[{"href":"https:\/\/flydesk.com\/pt\/wp-json\/wp\/v2\/pages\/14469"}],"collection":[{"href":"https:\/\/flydesk.com\/pt\/wp-json\/wp\/v2\/pages"}],"about":[{"href":"https:\/\/flydesk.com\/pt\/wp-json\/wp\/v2\/types\/page"}],"author":[{"embeddable":true,"href":"https:\/\/flydesk.com\/pt\/wp-json\/wp\/v2\/users\/13"}],"replies":[{"embeddable":true,"href":"https:\/\/flydesk.com\/pt\/wp-json\/wp\/v2\/comments?post=14469"}],"version-history":[{"count":1,"href":"https:\/\/flydesk.com\/pt\/wp-json\/wp\/v2\/pages\/14469\/revisions"}],"predecessor-version":[{"id":90923,"href":"https:\/\/flydesk.com\/pt\/wp-json\/wp\/v2\/pages\/14469\/revisions\/90923"}],"wp:attachment":[{"href":"https:\/\/flydesk.com\/pt\/wp-json\/wp\/v2\/media?parent=14469"}],"curies":[{"name":"wp","href":"https:\/\/api.w.org\/{rel}","templated":true}]}}