{"id":1559,"date":"2019-10-24T19:08:08","date_gmt":"2019-10-24T11:08:08","guid":{"rendered":"https:\/\/flydesk.com\/?page_id=1559"},"modified":"2021-03-02T17:27:40","modified_gmt":"2021-03-02T09:27:40","slug":"privacy","status":"publish","type":"page","link":"https:\/\/flydesk.com\/pt\/privacy\/","title":{"rendered":"Pol\u00edtica de Privacidade"},"content":{"rendered":"<h1>\n\t<\/h1>\n\t<p><strong>Profindup Limited (FLYDESK)<\/strong>\u00a0est\u00e1 empenhada em proteger e respeitar a sua privacidade.<\/p>\n<p>Esta pol\u00edtica, juntamente com nossos Termos de Uso (<a href=\"https:\/\/flydesk.com\/pt\/terms\/\">https:\/\/flydesk.com\/terms\/<\/a>) e quaisquer outros documentos mencionados nele, estabelecem a base sobre a qual quaisquer dados pessoais que coletamos de voc\u00ea, ou que voc\u00ea nos fornece, ser\u00e3o processados por n\u00f3s. Por favor, leia atentamente o seguinte para entender nossas opini\u00f5es e pr\u00e1ticas em rela\u00e7\u00e3o aos seus dados pessoais e como os trataremos.<\/p>\n<ol>\n<li><strong>Coleta de informa\u00e7\u00f5es\u00a0<\/strong>\n<ol>\n<li>Para fornecer um melhor servi\u00e7o a voc\u00ea, podemos coletar e processar os seguintes dados sobre voc\u00ea:\n<ul>\n<li>informa\u00e7\u00f5es que voc\u00ea fornece preenchendo formul\u00e1rios em nosso site https:\/\/flydesk.com (o \u201c<strong>Local<\/strong>\u201c). Isso inclui informa\u00e7\u00f5es fornecidas no momento de se registrar para usar nosso Site, assinar nosso servi\u00e7o, postar material ou solicitar servi\u00e7os adicionais. Tamb\u00e9m podemos solicitar informa\u00e7\u00f5es em outros momentos, por exemplo, em rela\u00e7\u00e3o a uma promo\u00e7\u00e3o ou quando voc\u00ea relatar um problema com nosso Site;<\/li>\n<li>se voc\u00ea entrar em contato conosco, poderemos manter um registro dessa correspond\u00eancia;<\/li>\n<li>tamb\u00e9m podemos solicitar que voc\u00ea preencha pesquisas que usamos para fins de pesquisa, embora voc\u00ea n\u00e3o precise respond\u00ea-las;<\/li>\n<li>detalhes das transa\u00e7\u00f5es que voc\u00ea realiza atrav\u00e9s do nosso Site e do cumprimento de seus pedidos;<\/li>\n<li>detalhes de suas visitas ao nosso Site e os recursos que voc\u00ea acessa.<\/li>\n<li>Localiza\u00e7\u00e3o GPS do seu dispositivo sob sua permiss\u00e3o usando tecnologias de detec\u00e7\u00e3o de geolocaliza\u00e7\u00e3o do endere\u00e7o IP, informa\u00e7\u00f5es de localiza\u00e7\u00e3o GPS obtidas em smartphones.<\/li>\n<\/ul>\n<\/li>\n<li>Apenas retemos os dados pessoais enquanto for necess\u00e1rio. Os dados podem ser arquivados desde que a finalidade para a qual os dados foram usados ainda exista.<\/li>\n<\/ol>\n<\/li>\n<\/ol>\n<ol start=\"2\">\n<li><strong>Usos das informa\u00e7\u00f5es\u00a0<\/strong>\n<ol>\n<li>As finalidades para as quais as informa\u00e7\u00f5es podem ser usadas por n\u00f3s dentro e fora da Regi\u00e3o Administrativa Especial de Hong Kong incluem:\n<ul>\n<li>garantir que o conte\u00fado do nosso Site seja apresentado da maneira mais eficaz para voc\u00ea e para o seu computador;<\/li>\n<li>fornecer alertas, boletim informativo, materiais educativos ou informa\u00e7\u00f5es que voc\u00ea solicitou ou se inscreveu;<\/li>\n<li>cumprir nossas obriga\u00e7\u00f5es decorrentes de quaisquer contratos celebrados entre voc\u00ea e n\u00f3s;<\/li>\n<li>permitir que voc\u00ea participe de recursos interativos de nosso servi\u00e7o, quando voc\u00ea optar por faz\u00ea-lo;<\/li>\n<li>conceber e realizar inqu\u00e9ritos\/question\u00e1rios para perfil\/segmenta\u00e7\u00e3o de clientes, an\u00e1lise estat\u00edstica, melhorando e aprofundando a oferta dos nossos produtos e servi\u00e7os;<\/li>\n<li>cumprir as leis e regulamentos aplic\u00e1veis a n\u00f3s ou a qualquer uma de nossas afiliadas dentro ou fora da Regi\u00e3o Administrativa Especial de Hong Kong;<\/li>\n<li>processos judiciais, incluindo cobran\u00e7a de valores em atraso e busca de aconselhamento profissional;<\/li>\n<li>pesquisar, projetar e lan\u00e7ar servi\u00e7os ou produtos, incluindo semin\u00e1rios\/eventos\/f\u00f3runs;<\/li>\n<li>promo\u00e7\u00e3o e marketing de servi\u00e7os e produtos sujeitos ao seu exerc\u00edcio do direito de exclus\u00e3o (consulte mais detalhes na Cl\u00e1usula 2.2 abaixo); ou<\/li>\n<li>prop\u00f3sitos diretamente relacionados ou incidentais ao acima.<\/li>\n<\/ul>\n<\/li>\n<li>Pretendemos usar seus dados em marketing direto e exigimos seu consentimento (que inclui uma indica\u00e7\u00e3o de n\u00e3o obje\u00e7\u00e3o) para esse fim. A este respeito, observe que:\n<ul>\n<li>seu nome, detalhes de contato (incluindo endere\u00e7o, n\u00famero de contato, endere\u00e7o de e-mail), informa\u00e7\u00f5es sobre produtos e servi\u00e7os, padr\u00e3o de transa\u00e7\u00e3o e comportamento, antecedentes e dados demogr\u00e1ficos mantidos por n\u00f3s de tempos em tempos podem ser usados por n\u00f3s em marketing direto;<\/li>\n<li>as seguintes classes de servi\u00e7os, produtos e assuntos podem ser comercializados no marketing direto:\n<ul>\n<li>servi\u00e7os e produtos relacionados ao nosso Site e\/ou nossos afiliados (incluindo programas de afiliados de marketing dos quais fazemos parte);<\/li>\n<li>programas de recompensa, fidelidade ou privil\u00e9gios, ofertas promocionais e servi\u00e7os relacionados; e<\/li>\n<li>convites para eventos como semin\u00e1rios\/webinars\/tele-semin\u00e1rios, confer\u00eancias, programas ao vivo ou eventos.<\/li>\n<\/ul>\n<\/li>\n<li>Podemos realizar marketing direto por fax, e-mail, mala direta, telefone e outros meios de comunica\u00e7\u00e3o ou enviar boletins eletr\u00f4nicos para voc\u00ea. Voc\u00ea pode optar por n\u00e3o receber materiais promocionais, simplesmente nos informando (veja abaixo os detalhes de contato), e deixaremos de faz\u00ea-lo, sem custos.<\/li>\n<\/ul>\n<\/li>\n<\/ol>\n<\/li>\n<\/ol>\n<ol start=\"3\">\n<li><strong>Divulga\u00e7\u00e3o de suas informa\u00e7\u00f5es\u00a0<\/strong><\/li>\n<\/ol>\n<p>Manteremos os dados pessoais que mantemos confidenciais, mas podemos fornecer informa\u00e7\u00f5es para:<\/p>\n<ul>\n<li>pessoal, agentes, consultores, auditores, contratados, institui\u00e7\u00f5es financeiras e prestadores de servi\u00e7os relacionados \u00e0s nossas opera\u00e7\u00f5es ou servi\u00e7os;<\/li>\n<li>nossos escrit\u00f3rios no exterior, afiliados, parceiros de neg\u00f3cios e contrapartes (se houver);<\/li>\n<li>pessoas sob o dever de confidencialidade para conosco;<\/li>\n<li>pessoas a quem somos obrigados a divulgar de acordo com as leis e regulamentos aplic\u00e1veis dentro ou fora da Regi\u00e3o Administrativa Especial de Hong Kong; ou<\/li>\n<li>cession\u00e1rios ou participantes reais ou propostos de nossos servi\u00e7os dentro ou fora da Regi\u00e3o Administrativa Especial de Hong Kong.<\/li>\n<\/ul>\n<ol start=\"4\">\n<li><strong>Biscoitos\u00a0<\/strong>\n<ol>\n<li>Nosso site usa cookies para distingui-lo de outros usu\u00e1rios do nosso site. Isso nos ajuda a fornecer uma boa experi\u00eancia ao navegar em nosso site e tamb\u00e9m nos permite melhorar nosso site. Ao continuar a navegar no Site, est\u00e1 a concordar com a nossa utiliza\u00e7\u00e3o de cookies.<\/li>\n<li>Um cookie \u00e9 um pequeno arquivo de letras e n\u00fameros que armazenamos no seu navegador ou no disco r\u00edgido do seu computador, se voc\u00ea concordar. Os cookies cont\u00eam informa\u00e7\u00f5es que s\u00e3o transferidas para o disco r\u00edgido do seu computador.<\/li>\n<li>Usamos os seguintes cookies:\n<ul>\n<li><strong>Cookies estritamente necess\u00e1rios.<\/strong> Estes s\u00e3o cookies necess\u00e1rios para o funcionamento do nosso site. Eles incluem, por exemplo, cookies que permitem que voc\u00ea fa\u00e7a login em \u00e1reas seguras do nosso site, use um carrinho de compras ou fa\u00e7a uso de servi\u00e7os de faturamento eletr\u00f4nico.<\/li>\n<li><strong>Cookies anal\u00edticos\/de desempenho. <\/strong>Eles nos permitem reconhecer e contar o n\u00famero de visitantes e ver como os visitantes se movem em nosso site quando o utilizam. Isso nos ajuda a melhorar a maneira como nosso site funciona, por exemplo, garantindo que os usu\u00e1rios encontrem facilmente o que procuram.<\/li>\n<li><strong>Cookies de funcionalidade<\/strong>. Eles s\u00e3o usados para reconhec\u00ea-lo quando voc\u00ea retornar ao nosso site. Isso nos permite personalizar nosso conte\u00fado para voc\u00ea, cumpriment\u00e1-lo pelo nome e lembrar suas prefer\u00eancias (por exemplo, sua escolha de idioma ou regi\u00e3o).<\/li>\n<li><strong>Cookies de segmenta\u00e7\u00e3o. <\/strong>Esses cookies registram sua visita ao nosso site, as p\u00e1ginas que voc\u00ea visitou e os links que voc\u00ea seguiu. Usaremos essas informa\u00e7\u00f5es para tornar nosso site e a publicidade exibida nele mais relevantes para seus interesses. Tamb\u00e9m podemos compartilhar essas informa\u00e7\u00f5es com terceiros para esse fim.<\/li>\n<\/ul>\n<\/li>\n<li>Observe que terceiros (incluindo, por exemplo, redes de publicidade e provedores de servi\u00e7os externos, como servi\u00e7os de an\u00e1lise de tr\u00e1fego da web) tamb\u00e9m podem usar cookies, sobre os quais n\u00e3o temos controle. Esses cookies provavelmente s\u00e3o cookies anal\u00edticos\/de desempenho ou cookies de segmenta\u00e7\u00e3o.<\/li>\n<li>Podemos usar os seguintes servi\u00e7os de an\u00e1lise da web de terceiros no site. Os provedores de servi\u00e7os que administram esses servi\u00e7os usam tecnologias como cookies, logs do servidor web e web beacons para nos ajudar a analisar como os visitantes usam o site. A informa\u00e7\u00e3o recolhida atrav\u00e9s destes meios (incluindo o endere\u00e7o IP) \u00e9 divulgada a estes prestadores de servi\u00e7os, que utilizam a informa\u00e7\u00e3o para avaliar a utiliza\u00e7\u00e3o do website. Esses servi\u00e7os anal\u00edticos podem usar os dados coletados para contextualizar e personalizar os materiais de marketing de sua pr\u00f3pria rede de publicidade.<\/li>\n<\/ol>\n<\/li>\n<\/ol>\n<ol>Google Analytics\n<li>\n<ol start=\"6\">\n<li>O Google Analytics \u00e9 um servi\u00e7o de an\u00e1lise da web fornecido pela Google Inc. (\u201cGoogle\u201d). A capacidade do Google de usar e compartilhar informa\u00e7\u00f5es coletadas pelo Google Analytics est\u00e1 de acordo com suas pol\u00edticas: https:\/\/www.google.com\/policies\/privacy\/partners\/<\/li>\n<li>Voc\u00ea pode impedir a coleta e o processamento de dados do Google usando a p\u00e1gina de configura\u00e7\u00f5es do Google Ads ou baixando e instalando o plug-in do navegador (https:\/\/tools.google.com\/dlpage\/gaoptout).<\/li>\n<li>Voc\u00ea bloqueia os cookies ativando a configura\u00e7\u00e3o em seu navegador que permite recusar a configura\u00e7\u00e3o de todos ou alguns cookies. No entanto, se voc\u00ea usar as configura\u00e7\u00f5es do seu navegador para bloquear todos os cookies (incluindo cookies essenciais), talvez n\u00e3o consiga acessar todo ou parte do nosso Site.<\/li>\n<\/ol>\n<\/li>\n<\/ol>\n<ol start=\"5\">\n<li><strong>Seguran\u00e7a\u00a0<\/strong>\n<ol>\n<li>Todas as informa\u00e7\u00f5es que voc\u00ea nos fornece s\u00e3o armazenadas em nossos servidores seguros. Todas as transa\u00e7\u00f5es de pagamento ser\u00e3o criptografadas usando a tecnologia SSL. Onde lhe demos (ou onde voc\u00ea escolheu) uma senha que lhe permite acessar certas partes do nosso Site, voc\u00ea \u00e9 respons\u00e1vel por manter essa senha confidencial. Pedimos que voc\u00ea n\u00e3o compartilhe uma senha com ningu\u00e9m.<\/li>\n<li>Infelizmente, a transmiss\u00e3o de informa\u00e7\u00f5es pela internet n\u00e3o \u00e9 totalmente segura. Embora fa\u00e7amos o nosso melhor para proteger os seus dados pessoais, n\u00e3o podemos garantir a seguran\u00e7a dos seus dados transmitidos ao nosso Site; qualquer transmiss\u00e3o \u00e9 por sua conta e risco. Assim que recebermos suas informa\u00e7\u00f5es, usaremos procedimentos rigorosos e recursos de seguran\u00e7a para tentar impedir o acesso n\u00e3o autorizado.<\/li>\n<\/ol>\n<\/li>\n<\/ol>\n<ol start=\"6\">\n<li><strong>Altera\u00e7\u00f5es \u00e0 nossa Pol\u00edtica de Privacidade<\/strong><\/li>\n<\/ol>\n<p>Quaisquer altera\u00e7\u00f5es que possamos fazer em nossa Pol\u00edtica de Privacidade no futuro ser\u00e3o publicadas nesta p\u00e1gina.<\/p>\n<ol start=\"7\">\n<li><strong>Transfer\u00eancias de dados<\/strong><\/li>\n<\/ol>\n<p>Podemos manter seus dados em servidores em Hong Kong, Amazon Web Services, Google Cloud Platform e quaisquer outros territ\u00f3rios conforme julgarmos adequado de tempos em tempos. Tamb\u00e9m podemos transferir seus dados para nossos escrit\u00f3rios no exterior ou para qualquer pessoa listada na Cl\u00e1usula 3 acima, que possa estar localizada dentro ou fora da Regi\u00e3o Administrativa Especial de Hong Kong.<\/p>\n<ol start=\"8\">\n<li><strong>Seu consentimento e direitos<\/strong>\n<ol>\n<li>Ao usar nosso servi\u00e7o, fazer um aplicativo ou visitar nosso site, voc\u00ea concorda com a coleta e uso de suas informa\u00e7\u00f5es e outras atividades conforme descrito nesta pol\u00edtica.<\/li>\n<li>De acordo com a Portaria de Dados Pessoais (Privacidade) de Hong Kong (o \u201c<strong>Portaria<\/strong>\u201c), os indiv\u00edduos t\u00eam o direito:\n<ul>\n<li>para verificar se mantemos dados pessoais sobre voc\u00ea e para acessar esses dados;<\/li>\n<li>exigir que corrijamos assim que razoavelmente pratic\u00e1vel quaisquer dados relacionados a voc\u00ea que sejam imprecisos;<\/li>\n<li>para verificar nossas pol\u00edticas e pr\u00e1ticas em rela\u00e7\u00e3o a dados pessoais e o tipo de dados pessoais mantidos por n\u00f3s; e<\/li>\n<li>se opor ao uso de seus dados pessoais para fins de marketing e n\u00e3o usaremos seus dados pessoais para fins de marketing depois que voc\u00ea nos comunicar sua obje\u00e7\u00e3o.<\/li>\n<\/ul>\n<\/li>\n<li>Voc\u00ea pode exercer seu direito de exclus\u00e3o notificando-nos se desejar se opor ao uso de seus dados pessoais para fins de marketing direto. Por favor, envie solicita\u00e7\u00f5es de tais obje\u00e7\u00f5es, acesso a dados, corre\u00e7\u00e3o de dados, informa\u00e7\u00f5es sobre pol\u00edticas e pr\u00e1ticas e tipos de dados mantidos, perguntas ou reclama\u00e7\u00f5es para:Nome: Administrador Profindup, Email: hello@flydesk.com<\/li>\n<\/ol>\n<ol start=\"4\">\n<li>De acordo com os termos da Portaria, temos o direito e podemos cobrar uma taxa razo\u00e1vel pelo processamento de qualquer solicita\u00e7\u00e3o de acesso a dados.<\/li>\n<li>No caso de um Usu\u00e1rio desejar acessar ou alterar suas informa\u00e7\u00f5es e dados pessoais, a Empresa poder\u00e1 solicitar que ele forne\u00e7a detalhes pessoais para verificar e confirmar sua identidade. Um n\u00famero de cart\u00e3o HKID ou n\u00famero de passaporte ou n\u00famero de certificado de registro comercial n\u00e3o pode ser alterado, a menos que esses dados sejam comprovados como imprecisos. A Empresa \u00e9 obrigada a responder \u00e0 solicita\u00e7\u00e3o de um Usu\u00e1rio no prazo de sete (7) dias ap\u00f3s sua solicita\u00e7\u00e3o e se esfor\u00e7ar\u00e1 para faz\u00ea-lo sempre que poss\u00edvel.<\/li>\n<\/ol>\n<\/li>\n<\/ol>\n<ol start=\"9\">\n<li><strong>Lei aplic\u00e1vel e jurisdi\u00e7\u00e3o\u00a0<\/strong><\/li>\n<\/ol>\n<p>Nada nesta Pol\u00edtica de Privacidade limitar\u00e1 os direitos do titular dos dados sob a Portaria. Esta Pol\u00edtica de Privacidade ser\u00e1 regida pelas leis da Regi\u00e3o Administrativa Especial de Hong Kong. Voc\u00ea concorda em se submeter \u00e0 jurisdi\u00e7\u00e3o exclusiva dos tribunais de Hong Kong.<\/p>\n<p>&nbsp;<\/p>","protected":false},"excerpt":{"rendered":"<p>A Profindup Limited (FLYDESK) est\u00e1 empenhada em proteger e respeitar a sua privacidade. Esta pol\u00edtica, juntamente com nossos Termos de Uso (https:\/\/flydesk.com\/terms\/) e quaisquer outros documentos nele mencionados, estabelece a base sobre a qual quaisquer dados pessoais que coletamos de voc\u00ea ou que voc\u00ea nos fornece , ser\u00e1 processado por n\u00f3s. Por favor leia o texto abaixo com aten\u00e7\u00e3o\u2026<\/p>","protected":false},"author":1,"featured_media":0,"parent":0,"menu_order":0,"comment_status":"closed","ping_status":"closed","template":"","meta":{"footnotes":""},"acf":[],"yoast_head":"<!-- This site is optimized with the Yoast SEO plugin v16.8 - https:\/\/yoast.com\/wordpress\/plugins\/seo\/ -->\n<title>Privacy policy &mdash; FLYDESK<\/title>\n<meta name=\"robots\"  content=\"index, follow, max-snippet:-1, max-image-preview:large, max-video-preview:-1\" \/>\n<link rel=\"canonical\"  href=\"https:\/\/flydesk.com\/pt\/privacy\/\" \/>\n<meta property=\"og:locale\"  content=\"pt_PT\" \/>\n<meta property=\"og:type\"  content=\"article\" \/>\n<meta property=\"og:title\"  content=\"Privacy policy &mdash; FLYDESK\" \/>\n<meta property=\"og:description\"  content=\"Profindup Limited (FLYDESK)\u00a0is committed to protecting and respecting your privacy. This policy, together with our Terms of Use (https:\/\/flydesk.com\/terms\/)\u00a0and any other documents referred to in it, sets out the basis on which any personal data we collect from you, or that you provide to us, will be processed by us. Please read the following carefully&hellip;\" \/>\n<meta property=\"og:url\"  content=\"https:\/\/flydesk.com\/pt\/privacy\/\" \/>\n<meta property=\"og:site_name\" content=\"FLYDESK\" \/>\n<meta property=\"article:modified_time\"  content=\"2021-03-02T09:27:40+00:00\" \/>\n<meta name=\"twitter:card\"  content=\"summary_large_image\" \/>\n<meta name=\"twitter:label1\"  content=\"Tempo estimado de leitura\" \/>\n\t<meta name=\"twitter:data1\" content=\"9 minutos\" \/>\n<!-- \/ Yoast SEO plugin. -->","yoast_head_json":{"title":"Privacy policy &mdash; FLYDESK","robots":{"index":"index","follow":"follow","max-snippet":"max-snippet:-1","max-image-preview":"max-image-preview:large","max-video-preview":"max-video-preview:-1"},"canonical":"https:\/\/flydesk.com\/pt\/privacy\/","og_locale":"pt_PT","og_type":"article","og_title":"Privacy policy &mdash; FLYDESK","og_description":"Profindup Limited (FLYDESK)\u00a0is committed to protecting and respecting your privacy. This policy, together with our Terms of Use (https:\/\/flydesk.com\/terms\/)\u00a0and any other documents referred to in it, sets out the basis on which any personal data we collect from you, or that you provide to us, will be processed by us. Please read the following carefully&hellip;","og_url":"https:\/\/flydesk.com\/pt\/privacy\/","og_site_name":"FLYDESK","article_modified_time":"2021-03-02T09:27:40+00:00","twitter_card":"summary_large_image","twitter_misc":{"Tempo estimado de leitura":"9 minutos"},"schema":{"@context":"https:\/\/schema.org","@graph":[{"@type":"Organization","@id":"https:\/\/flydesk.com\/#organization","name":"FLYDESK","url":"https:\/\/flydesk.com\/","sameAs":[],"logo":{"@type":"ImageObject","@id":"https:\/\/flydesk.com\/#logo","inLanguage":"pt-PT","url":"","contentUrl":"","caption":"FLYDESK"},"image":{"@id":"https:\/\/flydesk.com\/#logo"}},{"@type":"WebSite","@id":"https:\/\/flydesk.com\/#website","url":"https:\/\/flydesk.com\/","name":"FLYDESK","description":"Fly your work with style","publisher":{"@id":"https:\/\/flydesk.com\/#organization"},"potentialAction":[{"@type":"SearchAction","target":{"@type":"EntryPoint","urlTemplate":"https:\/\/flydesk.com\/?s={search_term_string}"},"query-input":"required name=search_term_string"}],"inLanguage":"pt-PT"},{"@type":"WebPage","@id":"https:\/\/flydesk.com\/privacy\/#webpage","url":"https:\/\/flydesk.com\/privacy\/","name":"Privacy policy &mdash; FLYDESK","isPartOf":{"@id":"https:\/\/flydesk.com\/#website"},"datePublished":"2019-10-24T11:08:08+00:00","dateModified":"2021-03-02T09:27:40+00:00","breadcrumb":{"@id":"https:\/\/flydesk.com\/privacy\/#breadcrumb"},"inLanguage":"pt-PT","potentialAction":[{"@type":"ReadAction","target":["https:\/\/flydesk.com\/privacy\/"]}]},{"@type":"BreadcrumbList","@id":"https:\/\/flydesk.com\/privacy\/#breadcrumb","itemListElement":[{"@type":"ListItem","position":1,"name":"Home","item":"https:\/\/flydesk.com\/"},{"@type":"ListItem","position":2,"name":"Privacy policy"}]}]}},"_links":{"self":[{"href":"https:\/\/flydesk.com\/pt\/wp-json\/wp\/v2\/pages\/1559"}],"collection":[{"href":"https:\/\/flydesk.com\/pt\/wp-json\/wp\/v2\/pages"}],"about":[{"href":"https:\/\/flydesk.com\/pt\/wp-json\/wp\/v2\/types\/page"}],"author":[{"embeddable":true,"href":"https:\/\/flydesk.com\/pt\/wp-json\/wp\/v2\/users\/1"}],"replies":[{"embeddable":true,"href":"https:\/\/flydesk.com\/pt\/wp-json\/wp\/v2\/comments?post=1559"}],"version-history":[{"count":0,"href":"https:\/\/flydesk.com\/pt\/wp-json\/wp\/v2\/pages\/1559\/revisions"}],"wp:attachment":[{"href":"https:\/\/flydesk.com\/pt\/wp-json\/wp\/v2\/media?parent=1559"}],"curies":[{"name":"wp","href":"https:\/\/api.w.org\/{rel}","templated":true}]}}