{"id":1596,"date":"2019-10-24T22:38:37","date_gmt":"2019-10-24T14:38:37","guid":{"rendered":"https:\/\/flydesk.com\/?page_id=1596"},"modified":"2025-06-28T22:15:59","modified_gmt":"2025-06-28T14:15:59","slug":"business-solutions","status":"publish","type":"page","link":"https:\/\/flydesk.com\/pt\/business-solutions\/","title":{"rendered":"Solu\u00e7\u00f5es de trabalho h\u00edbridas para empresas"},"content":{"rendered":"<h1>\n\t\tSolu\u00e7\u00f5es h\u00edbridas de escrit\u00f3rio para empresas\n\t<\/h1>\n\t<p>Ajudamos as empresas a encontrar os melhores espa\u00e7os de trabalho e ferramentas para gerenciar seus escrit\u00f3rios compartilhados e equipes remotas. Melhoramos seu modelo de escrit\u00f3rio h\u00edbrido para maximizar a economia e o desempenho.<\/p>\n\t\t\t<a href=\"\"   target=\"_self\"   role=\"button\"   rel=\"noopener\">\n\t\t\t\t\t\t\tiniciar\n\t\t\t\t\t<\/a>\n\t<p>Confie na sua equipe para trabalhar de qualquer lugar<\/p>\n\t\t<h2>Tornamos o seu neg\u00f3cio flex\u00edvel<\/h2>\t\t\n\t\t\t<p>A FLYDESK projeta solu\u00e7\u00f5es de trabalho flex\u00edveis, dando maior controle \u00e0s organiza\u00e7\u00f5es que operam escrit\u00f3rios compartilhados e equipes remotas. Confie em nossos especialistas e saiba como confiar em suas equipes flex\u00edveis e remotas.<\/p>\n\t\t<h3>Consultando<\/h3>\t\t\n\t\t\t\t<img decoding=\"async\"   src=\"https:\/\/mlgucbjxeu1m.i.optimole.com\/cb:B7VA.3e989\/w:200\/h:201\/q:mauto\/ig:avif\/f:best\/https:\/\/flydesk.com\/wp-content\/uploads\/2019\/10\/Transform-PNG.png\"   alt=\"Solu\u00e7\u00f5es de trabalho h\u00edbridas para empresas\"   itemprop=\"image\"   height=\"201\"   width=\"200\"   title=\"Transformar PNG\"   onerror=\"this.style.display='none'\"  \/>\n\t\t<h3><\/h3>\t\t\n\t\t\t<p>Transforma\u00e7\u00e3o de trabalho flex\u00edvel<\/p>\n\t\t<h3>\u00c1rea de trabalho<\/h3>\t\t\n\t\t\t\t<img decoding=\"async\"   src=\"https:\/\/mlgucbjxeu1m.i.optimole.com\/cb:B7VA.3e989\/w:200\/h:199\/q:mauto\/ig:avif\/f:best\/https:\/\/flydesk.com\/wp-content\/uploads\/2019\/10\/comfort-workspace-PNG.png\"   alt=\"Solu\u00e7\u00f5es de trabalho h\u00edbridas para empresas\"   itemprop=\"image\"   height=\"199\"   width=\"200\"   title=\"conforto - \u00e1rea de trabalho PNG\"   onerror=\"this.style.display='none'\"  \/>\n\t\t<h3><\/h3>\t\t\n\t\t\t<p>Pesquisa e design de escrit\u00f3rio flex\u00edvel<\/p>\n\t\t<h3>Tecnologia<\/h3>\t\t\n\t\t\t\t<img decoding=\"async\"   src=\"https:\/\/mlgucbjxeu1m.i.optimole.com\/cb:B7VA.3e989\/w:200\/h:200\/q:mauto\/ig:avif\/f:best\/https:\/\/flydesk.com\/wp-content\/uploads\/2019\/10\/Networking-Management-PNG.png\"   alt=\"Solu\u00e7\u00f5es de trabalho h\u00edbridas para empresas\"   itemprop=\"image\"   height=\"200\"   width=\"200\"   title=\"Redes - Gerenciamento PNG\"   onerror=\"this.style.display='none'\"  \/>\n\t\t<h3><\/h3>\t\t\n\t\t\t<p>Escrit\u00f3rio flex\u00edvel e gerenciamento de equipe<\/p>\n\t\t\t\t<img decoding=\"async\"   src=\"https:\/\/mlgucbjxeu1m.i.optimole.com\/cb:B7VA.3e989\/w:auto\/h:auto\/q:mauto\/ig:avif\/f:best\/https:\/\/flydesk.com\/wp-content\/uploads\/2022\/12\/FLYDESK-App-Home-Mobile-V1.png\"   alt=\"Software de espa\u00e7o de trabalho h\u00edbrido FLYDESK\"   itemprop=\"image\"   height=\"916\"   width=\"550\"   title=\"FLYDESK App Home Mobile V1\"   onerror=\"this.style.display='none'\"  \/>\n<h2>\n\t\tHabilite o trabalho h\u00edbrido para sua empresa\n\t<\/h2>\n\t<p>Espa\u00e7o de escrit\u00f3rio flex\u00edvel adaptado ao seu neg\u00f3cio<\/p>\n\t<p>A FLYDESK encontra os melhores espa\u00e7os de trabalho flex\u00edveis, desde espa\u00e7os de escrit\u00f3rio compartilhados operados por nossos parceiros at\u00e9 o design de seu espa\u00e7o de escrit\u00f3rio personalizado para sua equipe flex\u00edvel.<\/p>\n\t\t\t<a href=\"https:\/\/flydesk.com\/pt\/general-workspace-enquiry\/\"   target=\"_self\"   role=\"button\"   rel=\"noopener\">\n\t\t\t\t\t\t\tEncontre um espa\u00e7o de escrit\u00f3rio flex\u00edvel\n\t\t\t\t\t<\/a>\n\t<p>Capacite sua equipe para trabalhar de qualquer lugar<\/p>\n\t<p>O FLYDESK permite que as equipes h\u00edbridas gerenciem sua programa\u00e7\u00e3o no local de trabalho com transpar\u00eancia e facilite a reserva de seu espa\u00e7o de escrit\u00f3rio compartilhado.<\/p>\n\t\t\t\t<img decoding=\"async\"   src=\"https:\/\/mlgucbjxeu1m.i.optimole.com\/cb:B7VA.3e989\/w:auto\/h:auto\/q:mauto\/ig:avif\/f:best\/https:\/\/flydesk.com\/wp-content\/uploads\/2022\/12\/FLYDESK-App-More-V1.png\"   alt=\"Recursos do software de espa\u00e7o de trabalho h\u00edbrido FLYDESK\"   itemprop=\"image\"   height=\"640\"   width=\"770\"   title=\"Aplicativo FLYDESK Mais V1\"   onerror=\"this.style.display='none'\"  \/>\n\t\t\t<a href=\"https:\/\/flydesk.com\/pt\/app\/\"   target=\"_self\"   role=\"button\" rel=\"noopener\">\n\t\t\t\t\t\t\tExperimente nosso aplicativo de trabalho h\u00edbrido\n\t\t\t\t\t<\/a>\n\t\t\t\t<img data-opt-src=\"https:\/\/mlgucbjxeu1m.i.optimole.com\/cb:B7VA.3e989\/w:1024\/h:683\/q:mauto\/ig:avif\/f:best\/https:\/\/flydesk.com\/wp-content\/uploads\/2019\/10\/brooke-cagle-g1Kr4Ozfoac-unsplash.jpg\"   decoding=\"async\"   src=\"https:\/\/mlgucbjxeu1m.i.optimole.com\/cb:B7VA.3e989\/w:1024\/h:683\/q:eco\/ig:avif\/f:best\/https:\/\/flydesk.com\/wp-content\/uploads\/2019\/10\/brooke-cagle-g1Kr4Ozfoac-unsplash.jpg\"   alt=\"brooke-cagle-g1kr4ozfoac-unsplash\"   itemprop=\"image\"   height=\"683\"   width=\"1024\"   title=\"brooke-cagle-g1Kr4Ozfoac-unsplash\"   onerror=\"this.style.display='none'\"  \/>\n<h2>\n\t\tBenef\u00edcios do trabalho h\u00edbrido para o seu neg\u00f3cio\n\t<\/h2>\n\t<p>Espa\u00e7o de escrit\u00f3rio e economia de custos<\/p>\n\t<p>Custos reduzidos relacionados ao aluguel de espa\u00e7o de escrit\u00f3rio, equipamentos, encargos de recrutamento, despesas de viagem e otimiza\u00e7\u00e3o do sal\u00e1rio de sua for\u00e7a de trabalho.<\/p>\n\t<p>Satisfa\u00e7\u00e3o e desempenho das pessoas<\/p>\n\t<p>Menos tempo no transporte e liberdade para trabalhar de qualquer lugar resultam em lealdade, desempenho, felicidade e melhor sa\u00fade dos funcion\u00e1rios com n\u00edveis mais baixos de estresse.<\/p>\n\t<p>Melhor pegada de carbono<\/p>\n\t<p>Escrit\u00f3rios menores permitem economia de energia (luz, ar condicionado, aquecimento...) e menos deslocamento durante o hor\u00e1rio de pico, em particular, reduz significativamente o impacto de CO2.<\/p>\n\t\t\t<a href=\"\"   target=\"_self\"   role=\"button\"   rel=\"noopener\">\n\t\t\t\t\t\t\tCompartilhe seu projeto\n\t\t\t\t\t<\/a>\n                <h5>Consulta comercial<\/h5>\n                <button type=\"button\"   data-dismiss=\"modal\" aria-label=\"Close\">\n                    \u00d7\n                <\/button>\n<form enctype=\"multipart\/form-data\"   method=\"post\"   id=\"form_makeyourbusinessflexible\"  action=\"\">\n<fieldset>\n<legend>Consulta de solu\u00e7\u00e3o de neg\u00f3cios<\/legend>\n<input type=\"hidden\"   name=\"frm_action\"   value=\"create\" \/>\n<input type=\"hidden\"   name=\"form_id\"   value=\"24\" \/>\n<input type=\"hidden\"   name=\"frm_hide_fields_24\"   id=\"frm_hide_fields_24\" value=\"\" \/>\n<input type=\"hidden\"   name=\"form_key\"   value=\"makeyourbusinessflexible\" \/>\n<input type=\"hidden\"   name=\"item_meta[0]\" value=\"\" \/>\n<input type=\"hidden\"   id=\"frm_submit_entry_24\"   name=\"frm_submit_entry_24\" value=\"2e3161c20c\" \/><input type=\"hidden\"   name=\"_wp_http_referer\"   value=\"\/?page_id=1596&#038;fl_builder\" \/>\n    <label for=\"field_6hlvbb1da2d1657c651f0076ef0edf2d076f351b55388\"   id=\"field_6hlvbb1da2d1657c651f0076ef0edf2d076f351b55388_label\">Email Comercial *\n    <\/label>\n    <input type=\"email\"   id=\"field_6hlvbb1da2d1657c651f0076ef0edf2d076f351b55388\"   name=\"item_meta[379]\"   value=\"\"    data-reqmsg=\"This field cannot be blank.\"   aria-required=\"true\"   data-invmsg=\"Email is invalid\"   aria-invalid=\"false\"  \/>\n    <label for=\"field_utllq3fdaf87b3e91cc394c60f5c5ff4b41845144c19a\"   id=\"field_utllq3fdaf87b3e91cc394c60f5c5ff4b41845144c19a_label\">Primeiro nome *\n    <\/label>\n    <input type=\"text\"   id=\"field_utllq3fdaf87b3e91cc394c60f5c5ff4b41845144c19a\"   name=\"item_meta[380]\"   value=\"\"    data-reqmsg=\"This field cannot be blank.\"   aria-required=\"true\"   data-invmsg=\"Text is invalid\"   aria-invalid=\"false\"  \/>\n    <label for=\"field_d4kjwb3d7675f1ea9f169e4cda5295ec6961b10cc92ac\"   id=\"field_d4kjwb3d7675f1ea9f169e4cda5295ec6961b10cc92ac_label\">Sobrenome *\n    <\/label>\n    <input type=\"text\"   id=\"field_d4kjwb3d7675f1ea9f169e4cda5295ec6961b10cc92ac\"   name=\"item_meta[381]\"   value=\"\"    data-reqmsg=\"This field cannot be blank.\"   aria-required=\"true\"   data-invmsg=\"Text is invalid\"   aria-invalid=\"false\"  \/>\n    <label for=\"field_gm0a71afd94e18a7bb5d7dcd8a32998bab1237ca18709\"   id=\"field_gm0a71afd94e18a7bb5d7dcd8a32998bab1237ca18709_label\">Nome da empresa *\n    <\/label>\n    <input type=\"text\"   id=\"field_gm0a71afd94e18a7bb5d7dcd8a32998bab1237ca18709\"   name=\"item_meta[382]\"   value=\"\"    data-reqmsg=\"This field cannot be blank.\"   aria-required=\"true\"   data-invmsg=\"Text is invalid\"   aria-invalid=\"false\"  \/>\n    <label for=\"field_sosg0\"  id=\"field_sosg0_label\">Tamanho da equipe *\n    <\/label>\n    <input type=\"number\"   id=\"field_sosg0\"   name=\"item_meta[393]\"   value=\"\"    data-reqmsg=\"This field cannot be blank.\"   aria-required=\"true\"   data-invmsg=\"Number is invalid\"   aria-invalid=\"false\"     min=\"0\"   max=\"9999999\" step=\"any\"\/>\n    O que voc\u00ea est\u00e1 procurando *\n    \t\t<label for=\"field_3ms5f557b13564b-3\"><input type=\"checkbox\"   name=\"item_meta[384][]\"   id=\"field_3ms5f557b13564b-3\"   value=\"Hybrid work app\"    data-reqmsg=\"This field cannot be blank.\"   data-invmsg=\"What are you looking for is invalid\" aria-invalid=\"false\"   \/> Aplicativo de trabalho h\u00edbrido<\/label>\n\t\t<label for=\"field_3ms5f557b13564b-1\"><input type=\"checkbox\"   name=\"item_meta[384][]\"   id=\"field_3ms5f557b13564b-1\"   value=\"Office search\"    data-reqmsg=\"This field cannot be blank.\"   data-invmsg=\"What are you looking for is invalid\"   aria-invalid=\"false\"   \/> Pesquisa de escrit\u00f3rio<\/label>\n\t\t<label for=\"field_3ms5f557b13564b-0\"><input type=\"checkbox\"   name=\"item_meta[384][]\"   id=\"field_3ms5f557b13564b-0\"   value=\"Consulting service\"    data-reqmsg=\"This field cannot be blank.\"   data-invmsg=\"What are you looking for is invalid\"   aria-invalid=\"false\"   \/> Servi\u00e7o de consultoria<\/label>\n\t\t<label for=\"field_3ms5f557b13564b-other_5\"><input type=\"checkbox\"   name=\"item_meta[384][other_5]\"   id=\"field_3ms5f557b13564b-other_5\"   value=\"Other\"    data-reqmsg=\"This field cannot be blank.\"   data-invmsg=\"What are you looking for is invalid\"   aria-invalid=\"false\"   \/> De outros<\/label><label for=\"field_3ms5f557b13564b-other_5-otext\"  >De outros<\/label><input type=\"text\"   id=\"field_3ms5f557b13564b-other_5-otext\"    name=\"item_meta[other][384][other_5]\"   value=\"\" \/>\n    <label for=\"field_98v8d1575218a43ce6ecc0e4b339b8e746eec725471c\"   id=\"field_98v8d1575218a43ce6ecc0e4b339b8e746eec725471c_label\">Sua mensagem\n    <\/label>\n    <textarea name=\"item_meta[387]\"   id=\"field_98v8d1575218a43ce6ecc0e4b339b8e746eec725471c\"   rows=\"5\"    data-invmsg=\"Your message is invalid\"   aria-invalid=\"false\"     aria-describedby=\"frm_desc_field_98v8d1575218a43ce6ecc0e4b339b8e746eec725471c\"><\/textarea>\n    Diga-nos como podemos ajud\u00e1-lo\n<input type=\"hidden\"   name=\"item_meta[388]\"   id=\"field_mfrojca5b92cd1e6966cf473fe6c6540a4953a6aa54e8\"   value=\"Prospect\"    data-frmval=\"Prospect\"   data-invmsg=\"Hidden FLYDESK Contact Type is invalid\"   \/>\n<input type=\"hidden\"   name=\"item_meta[389]\"   id=\"field_hakknac637572c45cfb55a081df10e3e24bc5d47665a2\"   value=\"Team\"    data-frmval=\"Team\"   data-invmsg=\"Hidden FLYDESK Interest is invalid\"   \/>\n<input type=\"hidden\"   name=\"item_meta[390]\"   id=\"field_k7h1j1b59578da2\"   value=\"Prospect - Consideration\"    data-frmval=\"Prospect - Consideration\" data-invmsg=\"Hidden FLYDESK Lifecycle is invalid\"   \/>\n    <label for=\"g-recaptcha-response\" id=\"field_gcpq9c7d46a689c45b3abe088d5d529e1c6f36242846b_label\">reCAPTCHA\n    <\/label>\n\t<input type=\"hidden\"   name=\"item_key\"   value=\"\" \/>\n\t\t\t\t<label for=\"frm_email_24\">\n\t\t\t\t\tSe voc\u00ea for humano, deixe este campo em branco.\t\t\t\t<\/label>\n\t\t\t\t<input type=\"text\"   id=\"frm_email_24\"   name=\"frm_verify\"   value=\"\"  \/>\n<button type=\"submit\"    formnovalidate=\"formnovalidate\">Enviar<\/button>\n<\/fieldset>\n<input type=\"hidden\"  name=\"trp-form-language\"  value=\"pt\"\/><\/form>","protected":false},"excerpt":{"rendered":"<p>Solu\u00e7\u00f5es de escrit\u00f3rio h\u00edbridas para empresas Ajudamos as empresas a encontrar os melhores espa\u00e7os de trabalho e ferramentas para gerenciar seus escrit\u00f3rios compartilhados e equipes remotas. Melhoramos seu modelo de escrit\u00f3rio h\u00edbrido para maximizar a economia e o desempenho. Come\u00e7ar Confie em sua equipe para trabalhar em qualquer lugar Tornamos seu neg\u00f3cio flex\u00edvel FLYDESK projeta solu\u00e7\u00f5es de trabalho flex\u00edveis dando maior controle\u2026<\/p>","protected":false},"author":1,"featured_media":1,"parent":0,"menu_order":0,"comment_status":"closed","ping_status":"closed","template":"","meta":{"footnotes":""},"acf":[],"yoast_head":"<!-- This site is optimized with the Yoast SEO plugin v16.8 - https:\/\/yoast.com\/wordpress\/plugins\/seo\/ -->\n<title>Hybrid work solutions for business &mdash; FLYDESK<\/title>\n<meta name=\"robots\"  content=\"index, follow, max-snippet:-1, max-image-preview:large, max-video-preview:-1\"  \/>\n<link rel=\"canonical\"  href=\"https:\/\/flydesk.com\/pt\/business-solutions\/\" \/>\n<meta property=\"og:locale\"  content=\"pt_PT\" \/>\n<meta property=\"og:type\"  content=\"article\" \/>\n<meta property=\"og:title\"  content=\"Hybrid work solutions for business &mdash; FLYDESK\" \/>\n<meta property=\"og:description\"  content=\"Hybrid office solutions for business We help companies find the best workspaces and tools to manage their shared office &amp; remote teams. We improve their hybrid office model to maximize savings &amp; performance. Get started Trust your team to work from anywhere We make your business flexible FLYDESK designs flexible work solutions giving greater control&hellip;\" \/>\n<meta property=\"og:url\"  content=\"https:\/\/flydesk.com\/pt\/business-solutions\/\" \/>\n<meta property=\"og:site_name\" content=\"FLYDESK\" \/>\n<meta property=\"article:modified_time\"  content=\"2025-06-28T14:15:59+00:00\" \/>\n<meta name=\"twitter:card\"  content=\"summary_large_image\" \/>\n<meta name=\"twitter:label1\"  content=\"Tempo estimado de leitura\" \/>\n\t<meta name=\"twitter:data1\" content=\"1 minuto\" \/>\n<!-- \/ Yoast SEO plugin. -->","yoast_head_json":{"title":"Hybrid work solutions for business &mdash; FLYDESK","robots":{"index":"index","follow":"follow","max-snippet":"max-snippet:-1","max-image-preview":"max-image-preview:large","max-video-preview":"max-video-preview:-1"},"canonical":"https:\/\/flydesk.com\/pt\/business-solutions\/","og_locale":"pt_PT","og_type":"article","og_title":"Hybrid work solutions for business &mdash; FLYDESK","og_description":"Hybrid office solutions for business We help companies find the best workspaces and tools to manage their shared office &amp; remote teams. We improve their hybrid office model to maximize savings &amp; performance. Get started Trust your team to work from anywhere We make your business flexible FLYDESK designs flexible work solutions giving greater control&hellip;","og_url":"https:\/\/flydesk.com\/pt\/business-solutions\/","og_site_name":"FLYDESK","article_modified_time":"2025-06-28T14:15:59+00:00","twitter_card":"summary_large_image","twitter_misc":{"Tempo estimado de leitura":"1 minuto"},"schema":{"@context":"https:\/\/schema.org","@graph":[{"@type":"Organization","@id":"https:\/\/flydesk.com\/#organization","name":"FLYDESK","url":"https:\/\/flydesk.com\/","sameAs":[],"logo":{"@type":"ImageObject","@id":"https:\/\/flydesk.com\/#logo","inLanguage":"pt-PT","url":"","contentUrl":"","caption":"FLYDESK"},"image":{"@id":"https:\/\/flydesk.com\/#logo"}},{"@type":"WebSite","@id":"https:\/\/flydesk.com\/#website","url":"https:\/\/flydesk.com\/","name":"FLYDESK","description":"Fly your work with style","publisher":{"@id":"https:\/\/flydesk.com\/#organization"},"potentialAction":[{"@type":"SearchAction","target":{"@type":"EntryPoint","urlTemplate":"https:\/\/flydesk.com\/?s={search_term_string}"},"query-input":"required name=search_term_string"}],"inLanguage":"pt-PT"},{"@type":"ImageObject","@id":"https:\/\/flydesk.com\/business-solutions\/#primaryimage","inLanguage":"pt-PT","url":"","contentUrl":""},{"@type":"WebPage","@id":"https:\/\/flydesk.com\/business-solutions\/#webpage","url":"https:\/\/flydesk.com\/business-solutions\/","name":"Hybrid work solutions for business &mdash; FLYDESK","isPartOf":{"@id":"https:\/\/flydesk.com\/#website"},"primaryImageOfPage":{"@id":"https:\/\/flydesk.com\/business-solutions\/#primaryimage"},"datePublished":"2019-10-24T14:38:37+00:00","dateModified":"2025-06-28T14:15:59+00:00","breadcrumb":{"@id":"https:\/\/flydesk.com\/business-solutions\/#breadcrumb"},"inLanguage":"pt-PT","potentialAction":[{"@type":"ReadAction","target":["https:\/\/flydesk.com\/business-solutions\/"]}]},{"@type":"BreadcrumbList","@id":"https:\/\/flydesk.com\/business-solutions\/#breadcrumb","itemListElement":[{"@type":"ListItem","position":1,"name":"Home","item":"https:\/\/flydesk.com\/"},{"@type":"ListItem","position":2,"name":"Hybrid work solutions for business"}]}]}},"_links":{"self":[{"href":"https:\/\/flydesk.com\/pt\/wp-json\/wp\/v2\/pages\/1596"}],"collection":[{"href":"https:\/\/flydesk.com\/pt\/wp-json\/wp\/v2\/pages"}],"about":[{"href":"https:\/\/flydesk.com\/pt\/wp-json\/wp\/v2\/types\/page"}],"author":[{"embeddable":true,"href":"https:\/\/flydesk.com\/pt\/wp-json\/wp\/v2\/users\/1"}],"replies":[{"embeddable":true,"href":"https:\/\/flydesk.com\/pt\/wp-json\/wp\/v2\/comments?post=1596"}],"version-history":[{"count":2,"href":"https:\/\/flydesk.com\/pt\/wp-json\/wp\/v2\/pages\/1596\/revisions"}],"predecessor-version":[{"id":95913,"href":"https:\/\/flydesk.com\/pt\/wp-json\/wp\/v2\/pages\/1596\/revisions\/95913"}],"wp:featuredmedia":[{"embeddable":true,"href":"https:\/\/flydesk.com\/pt\/wp-json\/wp\/v2\/posts\/1"}],"wp:attachment":[{"href":"https:\/\/flydesk.com\/pt\/wp-json\/wp\/v2\/media?parent=1596"}],"curies":[{"name":"wp","href":"https:\/\/api.w.org\/{rel}","templated":true}]}}