{"id":1804,"date":"2019-11-04T12:07:05","date_gmt":"2019-11-04T04:07:05","guid":{"rendered":"https:\/\/flydesk.com\/?page_id=1804"},"modified":"2020-06-15T17:06:42","modified_gmt":"2020-06-15T09:06:42","slug":"join-team","status":"publish","type":"page","link":"https:\/\/flydesk.com\/pt\/join-team\/","title":{"rendered":"Junte-se \u00e0 equipe"},"content":{"rendered":"<h1>Encontre um espa\u00e7o de trabalho<\/h1>\n\t\t<p>Por favor, envie sua inscri\u00e7\u00e3o para se juntar \u00e0 equipe FLYDESK e entraremos em contato com voc\u00ea assim que uma oferta de emprego corresponder ao seu perfil.<\/p>\n\t\t\t<a href=\"#start\"   target=\"_self\"   role=\"button\"   rel=\"noopener noreferrer\">\n\t\t\t\t\t\t\t<\/a>","protected":false},"excerpt":{"rendered":"<p>Encontre um espa\u00e7o de trabalho Envie sua inscri\u00e7\u00e3o para se juntar \u00e0 equipe FLYDESK e entraremos em contato com voc\u00ea assim que uma oferta de emprego corresponder ao seu perfil.<\/p>","protected":false},"author":1,"featured_media":1171,"parent":0,"menu_order":0,"comment_status":"closed","ping_status":"closed","template":"","meta":{"footnotes":""},"acf":[],"yoast_head":"<!-- This site is optimized with the Yoast SEO plugin v16.8 - https:\/\/yoast.com\/wordpress\/plugins\/seo\/ -->\n<title>Join the team &mdash; FLYDESK<\/title>\n<meta name=\"description\"  content=\"Join our international team, work from anywhere and help other businesses implement flexible work models and discover the best spaces to work from.\" \/>\n<meta name=\"robots\"  content=\"index, follow, max-snippet:-1, max-image-preview:large, max-video-preview:-1\" \/>\n<link rel=\"canonical\"  href=\"https:\/\/flydesk.com\/pt\/join-team\/\" \/>\n<meta property=\"og:locale\"  content=\"pt_PT\" \/>\n<meta property=\"og:type\"  content=\"article\" \/>\n<meta property=\"og:title\"  content=\"Join the team &mdash; FLYDESK\" \/>\n<meta property=\"og:description\"  content=\"Join our international team, work from anywhere and help other businesses implement flexible work models and discover the best spaces to work from.\" \/>\n<meta property=\"og:url\"  content=\"https:\/\/flydesk.com\/pt\/join-team\/\" \/>\n<meta property=\"og:site_name\" content=\"FLYDESK\" \/>\n<meta property=\"article:modified_time\"  content=\"2020-06-15T09:06:42+00:00\" \/>\n<meta property=\"og:image\"  content=\"https:\/\/mlgucbjxeu1m.i.optimole.com\/cb:B7VA.3e989\/w:auto\/h:auto\/q:mauto\/ig:avif\/f:best\/https:\/\/flydesk.com\/wp-content\/uploads\/2019\/10\/you-x-ventures-Oalh2MojUuk-unsplash.jpg\" \/>\n\t<meta property=\"og:image:width\" content=\"3600\" \/>\n\t<meta property=\"og:image:height\" content=\"2400\" \/>\n<meta name=\"twitter:card\" content=\"summary_large_image\" \/>\n<!-- \/ Yoast SEO plugin. -->","yoast_head_json":{"title":"Join the team &mdash; FLYDESK","description":"Join our international team, work from anywhere and help other businesses implement flexible work models and discover the best spaces to work from.","robots":{"index":"index","follow":"follow","max-snippet":"max-snippet:-1","max-image-preview":"max-image-preview:large","max-video-preview":"max-video-preview:-1"},"canonical":"https:\/\/flydesk.com\/pt\/join-team\/","og_locale":"pt_PT","og_type":"article","og_title":"Join the team &mdash; FLYDESK","og_description":"Join our international team, work from anywhere and help other businesses implement flexible work models and discover the best spaces to work from.","og_url":"https:\/\/flydesk.com\/pt\/join-team\/","og_site_name":"FLYDESK","article_modified_time":"2020-06-15T09:06:42+00:00","og_image":[{"width":3600,"height":2400,"url":"https:\/\/mlgucbjxeu1m.i.optimole.com\/cb:B7VA.3e989\/w:auto\/h:auto\/q:mauto\/ig:avif\/f:best\/https:\/\/flydesk.com\/wp-content\/uploads\/2019\/10\/you-x-ventures-Oalh2MojUuk-unsplash.jpg","path":"\/sites\/flydesk.com\/files\/wp-content\/uploads\/2019\/10\/you-x-ventures-Oalh2MojUuk-unsplash.jpg","size":"full","id":1171,"alt":"","pixels":8640000,"type":"image\/jpeg"}],"twitter_card":"summary_large_image","schema":{"@context":"https:\/\/schema.org","@graph":[{"@type":"Organization","@id":"https:\/\/flydesk.com\/#organization","name":"FLYDESK","url":"https:\/\/flydesk.com\/","sameAs":[],"logo":{"@type":"ImageObject","@id":"https:\/\/flydesk.com\/#logo","inLanguage":"pt-PT","url":"","contentUrl":"","caption":"FLYDESK"},"image":{"@id":"https:\/\/flydesk.com\/#logo"}},{"@type":"WebSite","@id":"https:\/\/flydesk.com\/#website","url":"https:\/\/flydesk.com\/","name":"FLYDESK","description":"Fly your work with style","publisher":{"@id":"https:\/\/flydesk.com\/#organization"},"potentialAction":[{"@type":"SearchAction","target":{"@type":"EntryPoint","urlTemplate":"https:\/\/flydesk.com\/?s={search_term_string}"},"query-input":"required name=search_term_string"}],"inLanguage":"pt-PT"},{"@type":"ImageObject","@id":"https:\/\/flydesk.com\/join-team\/#primaryimage","inLanguage":"pt-PT","url":"https:\/\/mlgucbjxeu1m.i.optimole.com\/cb:B7VA.3e989\/w:auto\/h:auto\/q:mauto\/ig:avif\/f:best\/https:\/\/flydesk.com\/wp-content\/uploads\/2019\/10\/you-x-ventures-Oalh2MojUuk-unsplash.jpg","contentUrl":"https:\/\/mlgucbjxeu1m.i.optimole.com\/cb:B7VA.3e989\/w:auto\/h:auto\/q:mauto\/ig:avif\/f:best\/https:\/\/flydesk.com\/wp-content\/uploads\/2019\/10\/you-x-ventures-Oalh2MojUuk-unsplash.jpg","width":3600,"height":2400,"caption":"you-x-ventures-oalh2mojuuk-unsplash"},{"@type":"WebPage","@id":"https:\/\/flydesk.com\/join-team\/#webpage","url":"https:\/\/flydesk.com\/join-team\/","name":"Join the team &mdash; FLYDESK","isPartOf":{"@id":"https:\/\/flydesk.com\/#website"},"primaryImageOfPage":{"@id":"https:\/\/flydesk.com\/join-team\/#primaryimage"},"datePublished":"2019-11-04T04:07:05+00:00","dateModified":"2020-06-15T09:06:42+00:00","description":"Join our international team, work from anywhere and help other businesses implement flexible work models and discover the best spaces to work from.","breadcrumb":{"@id":"https:\/\/flydesk.com\/join-team\/#breadcrumb"},"inLanguage":"pt-PT","potentialAction":[{"@type":"ReadAction","target":["https:\/\/flydesk.com\/join-team\/"]}]},{"@type":"BreadcrumbList","@id":"https:\/\/flydesk.com\/join-team\/#breadcrumb","itemListElement":[{"@type":"ListItem","position":1,"name":"Home","item":"https:\/\/flydesk.com\/"},{"@type":"ListItem","position":2,"name":"Join the team"}]}]}},"_links":{"self":[{"href":"https:\/\/flydesk.com\/pt\/wp-json\/wp\/v2\/pages\/1804"}],"collection":[{"href":"https:\/\/flydesk.com\/pt\/wp-json\/wp\/v2\/pages"}],"about":[{"href":"https:\/\/flydesk.com\/pt\/wp-json\/wp\/v2\/types\/page"}],"author":[{"embeddable":true,"href":"https:\/\/flydesk.com\/pt\/wp-json\/wp\/v2\/users\/1"}],"replies":[{"embeddable":true,"href":"https:\/\/flydesk.com\/pt\/wp-json\/wp\/v2\/comments?post=1804"}],"version-history":[{"count":0,"href":"https:\/\/flydesk.com\/pt\/wp-json\/wp\/v2\/pages\/1804\/revisions"}],"wp:featuredmedia":[{"embeddable":true,"href":"https:\/\/flydesk.com\/pt\/wp-json\/wp\/v2\/media\/1171"}],"wp:attachment":[{"href":"https:\/\/flydesk.com\/pt\/wp-json\/wp\/v2\/media?parent=1804"}],"curies":[{"name":"wp","href":"https:\/\/api.w.org\/{rel}","templated":true}]}}