{"id":23932,"date":"2020-10-28T22:03:44","date_gmt":"2020-10-28T14:03:44","guid":{"rendered":"https:\/\/flydesk.com\/?page_id=23932"},"modified":"2021-06-02T09:58:44","modified_gmt":"2021-06-02T01:58:44","slug":"design-shared-office","status":"publish","type":"page","link":"https:\/\/flydesk.com\/pt\/design-shared-office\/","title":{"rendered":"Projete um escrit\u00f3rio flex\u00edvel e compartilhado"},"content":{"rendered":"<h1>\n\t\tProjete seu espa\u00e7o de escrit\u00f3rio flex\u00edvel e compartilhado\n\t<\/h1>\n\t<p>Ajudamos voc\u00ea a encontrar, projetar e equipar seu espa\u00e7o de escrit\u00f3rio flex\u00edvel e compartilhado para seus futuros inquilinos ou sua pr\u00f3pria equipe.<\/p>\n\t\t\t<a href=\"#start\"   target=\"_self\"   role=\"button\"   rel=\"noopener noreferrer\">\n\t\t\t\t\t\t\tComece seu projeto\n\t\t\t\t\t<\/a>\n\t<p>Crie um espa\u00e7o de escrit\u00f3rio adaptado ao estilo de trabalho moderno<\/p>\n\t\t<h2>Transformamos seu espa\u00e7o de escrit\u00f3rio em um espa\u00e7o de trabalho flex\u00edvel<\/h2>\t\t\n\t\t\t<p>O FLYDESK suporta toda a transforma\u00e7\u00e3o do escrit\u00f3rio para empresas interessadas em trazer mais flexibilidade e modernismo para seu espa\u00e7o de trabalho, criando um ambiente de trabalho inspirador.<\/p>\n\t\t<h3>Procurar<\/h3>\t\t\n\t\t\t\t<img decoding=\"async\"   src=\"https:\/\/mlgucbjxeu1m.i.optimole.com\/cb:B7VA.3e989\/w:200\/h:201\/q:mauto\/ig:avif\/f:best\/https:\/\/flydesk.com\/wp-content\/uploads\/2019\/10\/Transform-PNG.png\"   alt=\"Transformar PNG\"   itemprop=\"image\"   height=\"201\"   width=\"200\"   title=\"Transformar PNG\"   onerror=\"this.style.display='none'\"  \/>\n\t\t<h3><\/h3>\t\t\n\t\t\t<p>Encontramos o espa\u00e7o perfeito para criar o seu espa\u00e7o de escrit\u00f3rio flex\u00edvel<\/p>\n\t\t<h3>Projeto<\/h3>\t\t\n\t\t\t\t<img decoding=\"async\"   src=\"https:\/\/mlgucbjxeu1m.i.optimole.com\/cb:B7VA.3e989\/w:200\/h:199\/q:mauto\/ig:avif\/f:best\/https:\/\/flydesk.com\/wp-content\/uploads\/2019\/10\/comfort-workspace-PNG.png\"   alt=\"conforto - \u00e1rea de trabalho PNG\"   itemprop=\"image\"   height=\"199\"   width=\"200\"   title=\"conforto - \u00e1rea de trabalho PNG\"   onerror=\"this.style.display='none'\"  \/>\n\t\t<h3><\/h3>\t\t\n\t\t\t<p>Imaginamos, projetamos e equipamos o seu espa\u00e7o de escrit\u00f3rio flex\u00edvel<\/p>\n\t\t<h3>Tecnologia<\/h3>\t\t\n\t\t\t\t<img decoding=\"async\"   src=\"https:\/\/mlgucbjxeu1m.i.optimole.com\/cb:B7VA.3e989\/w:200\/h:200\/q:mauto\/ig:avif\/f:best\/https:\/\/flydesk.com\/wp-content\/uploads\/2019\/10\/Networking-Management-PNG.png\"   alt=\"Redes - Gerenciamento PNG\"   itemprop=\"image\"   height=\"200\"   width=\"200\"   title=\"Redes - Gerenciamento PNG\"   onerror=\"this.style.display='none'\"  \/>\n\t\t<h3><\/h3>\t\t\n\t\t\t<p>Configuramos a tecnologia para gerenciar seu espa\u00e7o de escrit\u00f3rio compartilhado<\/p>\n<h2>\n\t\tEncontrando o espa\u00e7o perfeito para construir seu escrit\u00f3rio flex\u00edvel\n\t<\/h2>\n<h3>\n\t\tExplore a rede FLYDESK Workspace\n\t<\/h3>\n\t\t\t\t<img data-opt-src=\"https:\/\/mlgucbjxeu1m.i.optimole.com\/cb:B7VA.3e989\/w:auto\/h:auto\/q:mauto\/ig:avif\/f:best\/https:\/\/flydesk.com\/wp-content\/uploads\/2020\/10\/Flydesk-Workspace.png\"   decoding=\"async\"   src=\"https:\/\/mlgucbjxeu1m.i.optimole.com\/cb:B7VA.3e989\/w:auto\/h:auto\/q:eco\/ig:avif\/f:best\/https:\/\/flydesk.com\/wp-content\/uploads\/2020\/10\/Flydesk-Workspace.png\"   alt=\"Espa\u00e7o de trabalho Flydesk\"   itemprop=\"image\"   height=\"763\"   width=\"1292\"   title=\"Espa\u00e7o de trabalho Flydesk\"   onerror=\"this.style.display='none'\"  \/>\n\t\t<h3><\/h3>\t\t\n\t\t\t<p>Constru\u00edmos um aplicativo semelhante ao AirBnB para encontrar um espa\u00e7o de trabalho perfeito gerenciado por nossos operadores parceiros. Com o FLYDESK, obtemos acesso \u00e0 rede global de escrit\u00f3rios, mesas ou salas de reuni\u00e3o com servi\u00e7os dispon\u00edveis sob demanda.<\/p>\n\t\t\t<a href=\"https:\/\/flydesk.com\/pt\/workspace\/\"   target=\"_self\"   role=\"button\"   rel=\"noopener noreferrer\">\n\t\t\t\t\t\t\tEncontre um espa\u00e7o de trabalho\n\t\t\t\t\t<\/a>\n\t\t<h3><\/h3>\t\t\n\t\t\t<p>Ou<\/p>\n<h3>\n\t\tEncontre um novo espa\u00e7o para personalizar seu escrit\u00f3rio\n\t<\/h3>\n\t\t\t\t<img data-opt-src=\"https:\/\/mlgucbjxeu1m.i.optimole.com\/cb:B7VA.3e989\/w:1024\/h:706\/q:mauto\/ig:avif\/f:best\/https:\/\/flydesk.com\/wp-content\/uploads\/2020\/10\/Office-search-design.png\"   decoding=\"async\"   src=\"https:\/\/mlgucbjxeu1m.i.optimole.com\/cb:B7VA.3e989\/w:1024\/h:706\/q:eco\/ig:avif\/f:best\/https:\/\/flydesk.com\/wp-content\/uploads\/2020\/10\/Office-search-design.png\"   alt=\"Pesquisa e design do escrit\u00f3rio\"   itemprop=\"image\"   height=\"706\"   width=\"1024\"   title=\"Pesquisa e design do escrit\u00f3rio\"   onerror=\"this.style.display='none'\"  \/>\n\t\t<h3><\/h3>\t\t\n\t\t\t<p>Nossos especialistas, de agentes imobili\u00e1rios a designers, encontrar\u00e3o o melhor espa\u00e7o dispon\u00edvel no mercado, adequado ao seu or\u00e7amento e necessidades. Nossa equipe \u00e9 reconhecida por projetar entre os melhores espa\u00e7os de coworking do mundo.<\/p>\n\t\t\t<a href=\"#start\"   target=\"_self\"   role=\"button\"   rel=\"noopener noreferrer\">\n\t\t\t\t\t\t\tProcure um novo espa\u00e7o\n\t\t\t\t\t<\/a>\n<h2>\n\t\tNossos especialistas em design apoiam toda a transforma\u00e7\u00e3o do seu escrit\u00f3rio\n\t<\/h2>\n\t\t\t\t<img data-opt-src=\"https:\/\/mlgucbjxeu1m.i.optimole.com\/cb:B7VA.3e989\/w:auto\/h:auto\/q:mauto\/ig:avif\/f:best\/https:\/\/flydesk.com\/wp-content\/uploads\/2020\/10\/From-design-to-delivery.png\"   decoding=\"async\"   src=\"https:\/\/mlgucbjxeu1m.i.optimole.com\/cb:B7VA.3e989\/w:auto\/h:auto\/q:eco\/ig:avif\/f:best\/https:\/\/flydesk.com\/wp-content\/uploads\/2020\/10\/From-design-to-delivery.png\"   alt=\"Do projeto \u00e0 entrega\"   itemprop=\"image\"   height=\"619\"   width=\"3432\"   title=\"Do projeto \u00e0 entrega\"   onerror=\"this.style.display='none'\"  \/>\n\t\t<h3>1 Iniciar<\/h3>\t\t\n\t\t\t<ul>\n<li>Resumo do cliente<\/li>\n<li>Engajamento de consultores<\/li>\n<li>Pesquisa e auditoria do local<\/li>\n<li>Planejamento e programa\u00e7\u00e3o<\/li>\n<\/ul>\n\t\t<h3>2 Projeto<\/h3>\t\t\n\t\t\t<ul>\n<li>Layout do espa\u00e7o final<\/li>\n<li>Esquema de design de interiores<\/li>\n<li>Projeto de servi\u00e7os<\/li>\n<li>Custos estimados<\/li>\n<\/ul>\n\t\t<h3>3 Contrato<\/h3>\t\t\n\t\t\t<ul>\n<li>Formaliza\u00e7\u00e3o do contrato<\/li>\n<li>Monitoramento e controle de qualidade<\/li>\n<li>Inspe\u00e7\u00e3o e retifica\u00e7\u00e3o<\/li>\n<li>Transfer\u00eancia do site<\/li>\n<\/ul>\n\t\t<h3>4 Fechamento<\/h3>\t\t\n\t\t\t<ul>\n<li>Pagamento final do contrato<\/li>\n<li>Avalia\u00e7\u00e3o do projeto<\/li>\n<li>Feedback do cliente<\/li>\n<li>Caso de sucesso do cliente<\/li>\n<\/ul>\n\t\t\t<a href=\"#start\"   target=\"_self\"   role=\"button\"   rel=\"noopener noreferrer\">\n\t\t\t\t\t\t\tCompartilhe seus requisitos de design \n\t\t\t\t\t<\/a>\n\t\t\t\t<img data-opt-src=\"https:\/\/mlgucbjxeu1m.i.optimole.com\/cb:B7VA.3e989\/w:892\/h:1080\/q:mauto\/ig:avif\/f:best\/https:\/\/flydesk.com\/wp-content\/uploads\/2021\/06\/FLYDESK-App-Overview-3-black.png\"   decoding=\"async\"   src=\"https:\/\/mlgucbjxeu1m.i.optimole.com\/cb:B7VA.3e989\/w:892\/h:1080\/q:eco\/ig:avif\/f:best\/https:\/\/flydesk.com\/wp-content\/uploads\/2021\/06\/FLYDESK-App-Overview-3-black.png\"   alt=\"Aplicativo FLYDESK - Vis\u00e3o geral 3 preto\"   itemprop=\"image\"   height=\"2048\"   width=\"1692\"   title=\"Aplicativo FLYDESK - Vis\u00e3o geral 3 preto\"   onerror=\"this.style.display='none'\"  \/>\n<h2>\n\t\tGerencie seu espa\u00e7o de escrit\u00f3rio com o aplicativo FLYDESK\n\t<\/h2>\n\t<p>Uma solu\u00e7\u00e3o de reserva para o seu escrit\u00f3rio partilhado<\/p>\n\t<p>Um espa\u00e7o de escrit\u00f3rio compartilhado significa que nem todos ter\u00e3o acesso a uma mesa o tempo todo. O aplicativo FLYDESK garante que sua equipe sempre possa acessar uma mesa quando necess\u00e1rio.<\/p>\n\t<p>Check-in da equipe para mais visibilidade<\/p>\n\t<p>Al\u00e9m de otimizar o espa\u00e7o do seu escrit\u00f3rio, nosso recurso Check-in permite que os membros de sua equipe monitorem suas horas de trabalho de onde quer que trabalhem.<\/p>\n\t<p>Uma extens\u00e3o do seu escrit\u00f3rio dentro da nossa rede<\/p>\n\t<p>Se voc\u00ea atingiu a capacidade total do seu espa\u00e7o de escrit\u00f3rio ou se precisa de um acesso \u00fanico a uma mesa ou sala de reuni\u00f5es em qualquer lugar do mundo, basta reservar um espa\u00e7o atrav\u00e9s do nosso aplicativo.<\/p>\n\t\t\t\t<img data-opt-src=\"https:\/\/mlgucbjxeu1m.i.optimole.com\/cb:B7VA.3e989\/w:auto\/h:auto\/q:mauto\/ig:avif\/f:best\/https:\/\/flydesk.com\/wp-content\/uploads\/2021\/06\/FLYDESK-App-Overview-4.png\"   decoding=\"async\"   src=\"https:\/\/mlgucbjxeu1m.i.optimole.com\/cb:B7VA.3e989\/w:auto\/h:auto\/q:eco\/ig:avif\/f:best\/https:\/\/flydesk.com\/wp-content\/uploads\/2021\/06\/FLYDESK-App-Overview-4.png\"   alt=\"Aplicativo FLYDESK - Vis\u00e3o geral 4\"   itemprop=\"image\"   height=\"2212\"   width=\"2958\"   title=\"Aplicativo FLYDESK - Vis\u00e3o geral 4\"   onerror=\"this.style.display='none'\"  \/>\n\t\t\t<a href=\"#start\"   target=\"_self\"   role=\"button\"  rel=\"noopener noreferrer\">\n\t\t\t\t\t\t\tPe\u00e7a uma demonstra\u00e7\u00e3o\n\t\t\t\t\t<\/a>\n<h2>\n\t\tUma gama completa de servi\u00e7os fornecidos pelos especialistas FLYDESK\n\t<\/h2>\n\t\t\t\t<img data-opt-src=\"https:\/\/mlgucbjxeu1m.i.optimole.com\/cb:B7VA.3e989\/w:auto\/h:auto\/q:mauto\/ig:avif\/f:best\/https:\/\/flydesk.com\/wp-content\/uploads\/2020\/10\/FLYDESK-Experts.png\"   decoding=\"async\"   src=\"https:\/\/mlgucbjxeu1m.i.optimole.com\/cb:B7VA.3e989\/w:auto\/h:auto\/q:eco\/ig:avif\/f:best\/https:\/\/flydesk.com\/wp-content\/uploads\/2020\/10\/FLYDESK-Experts.png\"   alt=\"Especialistas FLYDESK\"   itemprop=\"image\"   height=\"544\"   width=\"1372\"   title=\"Especialistas FLYDESK\"   onerror=\"this.style.display='none'\"  \/>\n\t\t<h3>Consultando<\/h3>\t\t\n\t\t\t<p>Planeje sua transforma\u00e7\u00e3o de trabalho flex\u00edvel<\/p>\n\t\t<h3>Escrit\u00f3rio<\/h3>\t\t\n\t\t\t<p>Encontre o melhor espa\u00e7o de trabalho flex\u00edvel para sua equipe<\/p>\n\t\t<h3>Tecnologia<\/h3>\t\t\n\t\t\t<p>Implemente a tecnologia para administrar seu espa\u00e7o flex\u00edvel e sua equipe<\/p>\n\t\t\t<a href=\"#start\"   target=\"_self\"   role=\"button\"   rel=\"noopener noreferrer\">\n\t\t\t\t\t\t\tConte-nos sobre seu projeto\n\t\t\t\t\t<\/a>\n\tTags de check-in para gerenciar<br \/>\nescrit\u00f3rio compartilhado e equipes remotas\n<h2>\n\t\tConte-nos sobre suas necessidades de neg\u00f3cios\n\t<\/h2>","protected":false},"excerpt":{"rendered":"<p>Projete seu espa\u00e7o de escrit\u00f3rio flex\u00edvel e compartilhado Ajudamos voc\u00ea a encontrar, projetar e equipar seu espa\u00e7o de escrit\u00f3rio flex\u00edvel e compartilhado para seus futuros inquilinos ou sua pr\u00f3pria equipe. Inicie o seu projeto Crie um espa\u00e7o de escrit\u00f3rio adaptado ao estilo de trabalho moderno Transformamos o seu espa\u00e7o de escrit\u00f3rio num espa\u00e7o de trabalho flex\u00edvel FLYDESK suporta todo o escrit\u00f3rio\u2026<\/p>","protected":false},"author":4,"featured_media":23935,"parent":0,"menu_order":0,"comment_status":"closed","ping_status":"closed","template":"","meta":{"footnotes":""},"acf":[],"yoast_head":"<!-- This site is optimized with the Yoast SEO plugin v16.8 - https:\/\/yoast.com\/wordpress\/plugins\/seo\/ -->\n<title>Design a flexible and shared office &mdash; FLYDESK<\/title>\n<meta name=\"description\"  content=\"Design a flexbile &amp; shared workspace for your team or tenants. FLYDESK supports the search, design and technology setup of your workspace.\" \/>\n<meta name=\"robots\"  content=\"index, follow, max-snippet:-1, max-image-preview:large, max-video-preview:-1\" \/>\n<link rel=\"canonical\"  href=\"https:\/\/flydesk.com\/pt\/design-shared-office\/\" \/>\n<meta property=\"og:locale\"  content=\"pt_PT\" \/>\n<meta property=\"og:type\"  content=\"article\" \/>\n<meta property=\"og:title\"  content=\"Design a flexible and shared office &mdash; FLYDESK\" \/>\n<meta property=\"og:description\"  content=\"Design a flexbile &amp; shared workspace for your team or tenants. FLYDESK supports the search, design and technology setup of your workspace.\" \/>\n<meta property=\"og:url\"  content=\"https:\/\/flydesk.com\/pt\/design-shared-office\/\" \/>\n<meta property=\"og:site_name\" content=\"FLYDESK\" \/>\n<meta property=\"article:modified_time\"  content=\"2021-06-02T01:58:44+00:00\" \/>\n<meta property=\"og:image\"  content=\"https:\/\/mlgucbjxeu1m.i.optimole.com\/cb:B7VA.3e989\/w:auto\/h:auto\/q:mauto\/ig:avif\/f:best\/https:\/\/flydesk.com\/wp-content\/uploads\/2020\/10\/daniel-mccullough-HtBlQdxfG9k-unsplash-scaled.jpg\" \/>\n\t<meta property=\"og:image:width\" content=\"2560\" \/>\n\t<meta property=\"og:image:height\" content=\"1440\" \/>\n<meta name=\"twitter:card\" content=\"summary_large_image\" \/>\n<meta name=\"twitter:label1\" content=\"Tempo estimado de leitura\" \/>\n\t<meta name=\"twitter:data1\"  content=\"2 minutos\"  \/>\n<!-- \/ Yoast SEO plugin. -->","yoast_head_json":{"title":"Design a flexible and shared office &mdash; FLYDESK","description":"Design a flexbile & shared workspace for your team or tenants. FLYDESK supports the search, design and technology setup of your workspace.","robots":{"index":"index","follow":"follow","max-snippet":"max-snippet:-1","max-image-preview":"max-image-preview:large","max-video-preview":"max-video-preview:-1"},"canonical":"https:\/\/flydesk.com\/pt\/design-shared-office\/","og_locale":"pt_PT","og_type":"article","og_title":"Design a flexible and shared office &mdash; FLYDESK","og_description":"Design a flexbile & shared workspace for your team or tenants. FLYDESK supports the search, design and technology setup of your workspace.","og_url":"https:\/\/flydesk.com\/pt\/design-shared-office\/","og_site_name":"FLYDESK","article_modified_time":"2021-06-02T01:58:44+00:00","og_image":[{"width":2560,"height":1440,"url":"https:\/\/mlgucbjxeu1m.i.optimole.com\/cb:B7VA.3e989\/w:auto\/h:auto\/q:mauto\/ig:avif\/f:best\/https:\/\/flydesk.com\/wp-content\/uploads\/2020\/10\/daniel-mccullough-HtBlQdxfG9k-unsplash-scaled.jpg","path":"\/sites\/flydesk.com\/files\/wp-content\/uploads\/2020\/10\/daniel-mccullough-HtBlQdxfG9k-unsplash-scaled.jpg","size":"full","id":23935,"alt":"","pixels":3686400,"type":"image\/jpeg"}],"twitter_card":"summary_large_image","twitter_misc":{"Tempo estimado de leitura":"2 minutos"},"schema":{"@context":"https:\/\/schema.org","@graph":[{"@type":"Organization","@id":"https:\/\/flydesk.com\/#organization","name":"FLYDESK","url":"https:\/\/flydesk.com\/","sameAs":[],"logo":{"@type":"ImageObject","@id":"https:\/\/flydesk.com\/#logo","inLanguage":"pt-PT","url":"","contentUrl":"","caption":"FLYDESK"},"image":{"@id":"https:\/\/flydesk.com\/#logo"}},{"@type":"WebSite","@id":"https:\/\/flydesk.com\/#website","url":"https:\/\/flydesk.com\/","name":"FLYDESK","description":"Fly your work with style","publisher":{"@id":"https:\/\/flydesk.com\/#organization"},"potentialAction":[{"@type":"SearchAction","target":{"@type":"EntryPoint","urlTemplate":"https:\/\/flydesk.com\/?s={search_term_string}"},"query-input":"required name=search_term_string"}],"inLanguage":"pt-PT"},{"@type":"ImageObject","@id":"https:\/\/flydesk.com\/ru\/design-shared-office\/#primaryimage","inLanguage":"pt-PT","url":"https:\/\/mlgucbjxeu1m.i.optimole.com\/cb:B7VA.3e989\/w:auto\/h:auto\/q:mauto\/ig:avif\/f:best\/https:\/\/flydesk.com\/wp-content\/uploads\/2020\/10\/daniel-mccullough-HtBlQdxfG9k-unsplash-scaled.jpg","contentUrl":"https:\/\/mlgucbjxeu1m.i.optimole.com\/cb:B7VA.3e989\/w:auto\/h:auto\/q:mauto\/ig:avif\/f:best\/https:\/\/flydesk.com\/wp-content\/uploads\/2020\/10\/daniel-mccullough-HtBlQdxfG9k-unsplash-scaled.jpg","width":2560,"height":1440,"caption":"Design a flexible and shared office"},{"@type":"WebPage","@id":"https:\/\/flydesk.com\/ru\/design-shared-office\/#webpage","url":"https:\/\/flydesk.com\/ru\/design-shared-office\/","name":"Design a flexible and shared office &mdash; FLYDESK","isPartOf":{"@id":"https:\/\/flydesk.com\/#website"},"primaryImageOfPage":{"@id":"https:\/\/flydesk.com\/ru\/design-shared-office\/#primaryimage"},"datePublished":"2020-10-28T14:03:44+00:00","dateModified":"2021-06-02T01:58:44+00:00","description":"Design a flexbile & shared workspace for your team or tenants. FLYDESK supports the search, design and technology setup of your workspace.","breadcrumb":{"@id":"https:\/\/flydesk.com\/ru\/design-shared-office\/#breadcrumb"},"inLanguage":"pt-PT","potentialAction":[{"@type":"ReadAction","target":["https:\/\/flydesk.com\/ru\/design-shared-office\/"]}]},{"@type":"BreadcrumbList","@id":"https:\/\/flydesk.com\/ru\/design-shared-office\/#breadcrumb","itemListElement":[{"@type":"ListItem","position":1,"name":"Home","item":"https:\/\/flydesk.com\/"},{"@type":"ListItem","position":2,"name":"Design a flexible and shared office"}]}]}},"_links":{"self":[{"href":"https:\/\/flydesk.com\/pt\/wp-json\/wp\/v2\/pages\/23932"}],"collection":[{"href":"https:\/\/flydesk.com\/pt\/wp-json\/wp\/v2\/pages"}],"about":[{"href":"https:\/\/flydesk.com\/pt\/wp-json\/wp\/v2\/types\/page"}],"author":[{"embeddable":true,"href":"https:\/\/flydesk.com\/pt\/wp-json\/wp\/v2\/users\/4"}],"replies":[{"embeddable":true,"href":"https:\/\/flydesk.com\/pt\/wp-json\/wp\/v2\/comments?post=23932"}],"version-history":[{"count":0,"href":"https:\/\/flydesk.com\/pt\/wp-json\/wp\/v2\/pages\/23932\/revisions"}],"wp:featuredmedia":[{"embeddable":true,"href":"https:\/\/flydesk.com\/pt\/wp-json\/wp\/v2\/media\/23935"}],"wp:attachment":[{"href":"https:\/\/flydesk.com\/pt\/wp-json\/wp\/v2\/media?parent=23932"}],"curies":[{"name":"wp","href":"https:\/\/api.w.org\/{rel}","templated":true}]}}