{"id":35978,"date":"2021-11-04T12:56:39","date_gmt":"2021-11-04T04:56:39","guid":{"rendered":"https:\/\/flydesk.com\/membership-join\/"},"modified":"2022-08-16T22:13:53","modified_gmt":"2022-08-16T14:13:53","slug":"membership-join","status":"publish","type":"page","link":"https:\/\/flydesk.com\/pt\/membership-join\/","title":{"rendered":"Junte-se a n\u00f3s"},"content":{"rendered":"<p style=\"color:red;font-weight:bold;\" >Esta p\u00e1gina e o conte\u00fado foram gerados automaticamente para que voc\u00ea tenha uma ideia b\u00e1sica de como deve ser uma p\u00e1gina \u201cJunte-se a n\u00f3s\u201d. Voc\u00ea pode personalizar esta p\u00e1gina da maneira que quiser editando esta p\u00e1gina no editor de p\u00e1ginas do WordPress.<\/p>\n<p style=\"font-weight:bold;\">Se voc\u00ea acabar alterando o URL desta p\u00e1gina, certifique-se de atualizar o valor do URL no menu de configura\u00e7\u00f5es do plug-in.<\/p>\n<p style=\"border-top:1px solid #ccc;padding-top:10px;margin-top:10px;\">\n<p>\t\t\t<strong>Associa\u00e7\u00e3o Gratuita<\/strong><br \/>\n\t\t\t<br \/>\n\t\t\tVoc\u00ea obt\u00e9m acesso ilimitado ao conte\u00fado de associa\u00e7\u00e3o gratuito<br \/>\n\t\t\t<br \/>\n\t\t\t<em><strong>Pre\u00e7o: Gr\u00e1tis!<\/strong><\/em><\/p>\n<p>Vincule a imagem a seguir para acessar a p\u00e1gina de registro se quiser que seus visitantes possam criar uma conta de associa\u00e7\u00e3o gratuita<\/p>\n<p style=\"border-bottom:1px solid #ccc;padding-bottom:10px;margin-bottom:10px;\">\n<p><strong>Voc\u00ea pode se registrar para uma Associa\u00e7\u00e3o Gratuita ou pagar por uma das seguintes op\u00e7\u00f5es de associa\u00e7\u00e3o<\/strong><\/p>\n<p style=\"border-top:1px solid #ccc;padding-top:10px;margin-top:10px;\">\n<p>\t\t\t[ ==&gt; Insira o bot\u00e3o de pagamento para seus n\u00edveis de associa\u00e7\u00e3o paga aqui <== ]\n\t\t\t\n\n<p style=\"border-bottom:1px solid #ccc;padding-bottom:10px;margin-bottom:10px;\"><\/p>","protected":false},"excerpt":{"rendered":"<p>This page and the content has been automatically generated for you to give you a basic idea of how a &#8220;Join Us&#8221; page should look like. You can customize this page however you like it by editing this page from your WordPress page editor. If you end up changing the URL of this page then&hellip;<\/p>","protected":false},"author":3,"featured_media":0,"parent":0,"menu_order":0,"comment_status":"closed","ping_status":"closed","template":"","meta":{"footnotes":""},"acf":[],"yoast_head":"<!-- This site is optimized with the Yoast SEO plugin v16.8 - https:\/\/yoast.com\/wordpress\/plugins\/seo\/ -->\n<title>Join Us &mdash; FLYDESK<\/title>\n<meta name=\"robots\"  content=\"index, follow, max-snippet:-1, max-image-preview:large, max-video-preview:-1\" \/>\n<link rel=\"canonical\"  href=\"https:\/\/flydesk.com\/pt\/membership-join\/\" \/>\n<meta property=\"og:locale\"  content=\"pt_PT\" \/>\n<meta property=\"og:type\"  content=\"article\" \/>\n<meta property=\"og:title\"  content=\"Join Us &mdash; FLYDESK\" \/>\n<meta property=\"og:description\"  content=\"This page and the content has been automatically generated for you to give you a basic idea of how a &#8220;Join Us&#8221; page should look like. You can customize this page however you like it by editing this page from your WordPress page editor. If you end up changing the URL of this page then&hellip;\" \/>\n<meta property=\"og:url\"  content=\"https:\/\/flydesk.com\/pt\/membership-join\/\" \/>\n<meta property=\"og:site_name\" content=\"FLYDESK\" \/>\n<meta property=\"article:modified_time\"  content=\"2022-08-16T14:13:53+00:00\" \/>\n<meta name=\"twitter:card\"  content=\"summary_large_image\" \/>\n<meta name=\"twitter:label1\"  content=\"Tempo estimado de leitura\" \/>\n\t<meta name=\"twitter:data1\" content=\"1 minuto\" \/>\n<!-- \/ Yoast SEO plugin. -->","yoast_head_json":{"title":"Join Us &mdash; FLYDESK","robots":{"index":"index","follow":"follow","max-snippet":"max-snippet:-1","max-image-preview":"max-image-preview:large","max-video-preview":"max-video-preview:-1"},"canonical":"https:\/\/flydesk.com\/pt\/membership-join\/","og_locale":"pt_PT","og_type":"article","og_title":"Join Us &mdash; FLYDESK","og_description":"This page and the content has been automatically generated for you to give you a basic idea of how a &#8220;Join Us&#8221; page should look like. You can customize this page however you like it by editing this page from your WordPress page editor. If you end up changing the URL of this page then&hellip;","og_url":"https:\/\/flydesk.com\/pt\/membership-join\/","og_site_name":"FLYDESK","article_modified_time":"2022-08-16T14:13:53+00:00","twitter_card":"summary_large_image","twitter_misc":{"Tempo estimado de leitura":"1 minuto"},"schema":{"@context":"https:\/\/schema.org","@graph":[{"@type":"Organization","@id":"https:\/\/flydesk.com\/#organization","name":"FLYDESK","url":"https:\/\/flydesk.com\/","sameAs":[],"logo":{"@type":"ImageObject","@id":"https:\/\/flydesk.com\/#logo","inLanguage":"pt-PT","url":"","contentUrl":"","caption":"FLYDESK"},"image":{"@id":"https:\/\/flydesk.com\/#logo"}},{"@type":"WebSite","@id":"https:\/\/flydesk.com\/#website","url":"https:\/\/flydesk.com\/","name":"FLYDESK","description":"Fly your work with style","publisher":{"@id":"https:\/\/flydesk.com\/#organization"},"potentialAction":[{"@type":"SearchAction","target":{"@type":"EntryPoint","urlTemplate":"https:\/\/flydesk.com\/?s={search_term_string}"},"query-input":"required name=search_term_string"}],"inLanguage":"pt-PT"},{"@type":"WebPage","@id":"https:\/\/flydesk.com\/membership-join\/#webpage","url":"https:\/\/flydesk.com\/membership-join\/","name":"Join Us &mdash; FLYDESK","isPartOf":{"@id":"https:\/\/flydesk.com\/#website"},"datePublished":"2021-11-04T04:56:39+00:00","dateModified":"2022-08-16T14:13:53+00:00","breadcrumb":{"@id":"https:\/\/flydesk.com\/membership-join\/#breadcrumb"},"inLanguage":"pt-PT","potentialAction":[{"@type":"ReadAction","target":["https:\/\/flydesk.com\/membership-join\/"]}]},{"@type":"BreadcrumbList","@id":"https:\/\/flydesk.com\/membership-join\/#breadcrumb","itemListElement":[{"@type":"ListItem","position":1,"name":"Home","item":"https:\/\/flydesk.com\/"},{"@type":"ListItem","position":2,"name":"Join Us"}]}]}},"_links":{"self":[{"href":"https:\/\/flydesk.com\/pt\/wp-json\/wp\/v2\/pages\/35978"}],"collection":[{"href":"https:\/\/flydesk.com\/pt\/wp-json\/wp\/v2\/pages"}],"about":[{"href":"https:\/\/flydesk.com\/pt\/wp-json\/wp\/v2\/types\/page"}],"author":[{"embeddable":true,"href":"https:\/\/flydesk.com\/pt\/wp-json\/wp\/v2\/users\/3"}],"replies":[{"embeddable":true,"href":"https:\/\/flydesk.com\/pt\/wp-json\/wp\/v2\/comments?post=35978"}],"version-history":[{"count":0,"href":"https:\/\/flydesk.com\/pt\/wp-json\/wp\/v2\/pages\/35978\/revisions"}],"wp:attachment":[{"href":"https:\/\/flydesk.com\/pt\/wp-json\/wp\/v2\/media?parent=35978"}],"curies":[{"name":"wp","href":"https:\/\/api.w.org\/{rel}","templated":true}]}}