{"id":14469,"date":"2020-06-02T12:54:46","date_gmt":"2020-06-02T04:54:46","guid":{"rendered":"https:\/\/dev.flydesk.com\/credits\/"},"modified":"2023-09-07T12:10:56","modified_gmt":"2023-09-07T04:10:56","slug":"credit","status":"publish","type":"page","link":"https:\/\/flydesk.com\/sv\/credit\/","title":{"rendered":"Kreditera"},"content":{"rendered":"<h1>\r\n\t\tK\u00f6p FLYDESK Credits\r\n\t<\/h1>\r\n\t<div class=\"dp_currency_select\"><select class=\"fd-currency-select-normal\"><option value=\"HKD\"   selected data-symbol=\"$\">HKD<\/option><option value=\"SGD\"    data-symbol=\"$\">SGD<\/option><option value=\"USD\"    data-symbol=\"$\">USD<\/option><option value=\"EUR\"    data-symbol=\"$\">EUR<\/option><option value=\"GBP\"    data-symbol=\"$\">GBP<\/option><option value=\"CHF\"    data-symbol=\"$\">CHF<\/option><option value=\"IDR\"    data-symbol=\"$\">IDR<\/option><option value=\"INR\"    data-symbol=\"$\">INR<\/option><option value=\"PHP\"    data-symbol=\"$\">PHP<\/option><option value=\"MGA\"    data-symbol=\"$\">MGA<\/option><option value=\"NZD\"    data-symbol=\"$\">NZD<\/option><option value=\"PKR\"    data-symbol=\"$\">PKR<\/option><\/select><\/div>\r\n<h6>\r\n\t\tFLYDESK REKOMMENDERAR\r\n\t<\/h6>\r\n<h4><b>Kreditpaket<\/b><\/h4>\r\n<p>K\u00f6p krediter f\u00f6r en snabbare och billigare bokningsupplevelse f\u00f6r att f\u00e5 tillg\u00e5ng till FLYDESK-arbetsytor.<\/p>\r\n<h4><b><small>$<\/small>2,000+<\/b><\/h4>\r\n<p>fr\u00e5n 10% rabatt <img decoding=\"async\"   src=\"https:\/\/d3l13r1yn9peim.cloudfront.net\/2021\/04\/22110535\/Host.png\"   alt=\"\"   width=\"15\" height=\"14\" \/> arbetsytor<\/p>\r\n\t\t\t<a href=\"https:\/\/flydesk.com\/sv\/cart\/?add-to-cart=14496&#038;v=2000\/\"   target=\"_self\"   role=\"button\"   rel=\"noopener\">\r\n\t\t\t\t\t\t\tK\u00f6p nu\r\n\t\t\t\t\t<\/a>\r\n<h6>\r\n\t\t&#8211;\r\n\t<\/h6>\r\n<h4><b>Pay As You Go<\/b><\/h4>\r\n<p>Boka omedelbart och betala det exakta priset f\u00f6r att komma \u00e5t din valda arbetsyta.<\/p>\r\n<h4><b>Inget minimum<\/b><\/h4>\r\n<p>Ingen rabatt<\/p>\r\n\t\t\t<a href=\"\/sv\/workspace\/\"   target=\"_self\"   role=\"button\"   rel=\"noopener\">\r\n\t\t\t\t\t\t\tBoka nu\r\n\t\t\t\t\t<\/a>\r\n<h2>\r\n\t\tVanliga fr\u00e5gor\r\n\t<\/h2>\r\n\t\t\t<a href=\"#\"   id=\"fl-accordion--label-0\"   tabindex=\"0\"   aria-controls=\"fl-accordion--panel-0\">Vad \u00e4r FLYDESK Credits?<\/a>\r\n\t\t\t\t\t\t\t<a href=\"#\"   id=\"fl-accordion--icon-0\"   tabindex=\"0\"   aria-controls=\"fl-accordion--panel-0\"><i>Bygga ut<\/i><\/a>\r\n\t\t<p>Med FLYDESK Credits kan du boka m\u00f6tesrum eller skrivbord tillg\u00e4ngliga p\u00e5 beg\u00e4ran inom FLYDESK Workspace Network. FLYDESK Workspace Partners markerade med en <img decoding=\"async\"   src=\"https:\/\/d3l13r1yn9peim.cloudfront.net\/2021\/04\/22110535\/Host.png\"  alt=\"\" width=\"15\" height=\"14\" \/> p\u00e5 kartan och listningen kommer att erbjuda rabatter p\u00e5 m\u00f6tesrum och hot desk-bokningar gjorda med FLYDESK Credits.<\/p>\r\n\t\t\t<a href=\"#\"   id=\"fl-accordion--label-1\"   tabindex=\"0\"   aria-controls=\"fl-accordion--panel-1\">Beh\u00f6ver jag ett FLYDESK-abonnemang f\u00f6r att anv\u00e4nda FLYDESK Credits?<\/a>\r\n\t\t\t\t\t\t\t<a href=\"#\"   id=\"fl-accordion--icon-1\"   tabindex=\"0\"   aria-controls=\"fl-accordion--panel-1\"><i>Bygga ut<\/i><\/a>\r\n\t\t<p>Nej, du beh\u00f6ver ingen FLYDESK-prenumeration f\u00f6r att anv\u00e4nda FLYDESK Credits men du m\u00e5ste registrera dig f\u00f6r ett gratis anv\u00e4ndarkonto p\u00e5 v\u00e5r webbplats eller p\u00e5 v\u00e5r FLYDESK-app. F\u00f6r att l\u00e4ra dig mer om den betalda prenumerationen kan du kolla v\u00e5r <a href=\"https:\/\/flydesk.com\/sv\/pricing\/\">FLYDESK prisplaner h\u00e4r<\/a>.<\/p>\r\n\t\t\t<a href=\"#\"   id=\"fl-accordion--label-2\"   tabindex=\"0\"   aria-controls=\"fl-accordion--panel-2\">Hur kan jag k\u00f6pa FLYDESK-krediter?<\/a>\r\n\t\t\t\t\t\t\t<a href=\"#\"   id=\"fl-accordion--icon-2\"   tabindex=\"0\"   aria-controls=\"fl-accordion--panel-2\"><i>Bygga ut<\/i><\/a>\r\n\t\t<p>FLYDESK-krediter kan k\u00f6pas direkt med kreditkort eller via bank\u00f6verf\u00f6ring f\u00f6r att komma \u00e5t FLYDESK Workspace Network. N\u00e4r du har k\u00f6pt den kan du b\u00f6rja boka en arbetsyta p\u00e5 v\u00e5rt FLYDESK Workspace Network och betala med FLYDESK Credits. Att betala med FLYDESK kan ge rabatter i vissa arbetsytor.<\/p>\r\n\t\t\t<a href=\"#\"   id=\"fl-accordion--label-3\"   tabindex=\"0\"   aria-controls=\"fl-accordion--panel-3\">Kan jag anv\u00e4nda mina krediter i ett annat land?<\/a>\r\n\t\t\t\t\t\t\t<a href=\"#\"   id=\"fl-accordion--icon-3\"   tabindex=\"0\"   aria-controls=\"fl-accordion--panel-3\"><i>Bygga ut<\/i><\/a>\r\n\t\t<p>Om du vill boka en arbetsyta i ett land som accepterar en annan valuta \u00e4n den du k\u00f6pte dina krediter i, kommer FLYDESK att konvertera det lokala beloppet till din kreditvaluta efter att ha inkluderat en avgift p\u00e5 3% p\u00e5 den aktuella valutakursen.<\/p>\r\n\t\t\t<a href=\"#\"   id=\"fl-accordion--label-4\"   tabindex=\"0\"   aria-controls=\"fl-accordion--panel-4\">Vad h\u00e4nder med mina krediter vid avbokning?<\/a>\r\n\t\t\t\t\t\t\t<a href=\"#\"   id=\"fl-accordion--icon-4\"   tabindex=\"0\"   aria-controls=\"fl-accordion--panel-4\"><i>Bygga ut<\/i><\/a>\r\n\t\t<p>I h\u00e4ndelse av avbokning av arbetsplatsbokning kan krediter som anv\u00e4nts f\u00f6r bokningen \u00e5terbetalas beroende p\u00e5 de villkor som st\u00e4llts upp av arbetsplatspartnern.<\/p>\r\n\t\t\t<a href=\"#\"   id=\"fl-accordion--label-5\"   tabindex=\"0\"   aria-controls=\"fl-accordion--panel-5\">Kan FLYDESK-krediter l\u00f6pa ut?<\/a>\r\n\t\t\t\t\t\t\t<a href=\"#\"   id=\"fl-accordion--icon-5\"   tabindex=\"0\"   aria-controls=\"fl-accordion--panel-5\"><i>Bygga ut<\/i><\/a>\r\n\t\t<p>FLYDESK-krediter har inget utg\u00e5ngsdatum s\u00e5 l\u00e4nge du har ett FLYDESK-konto.<\/p>\r\n\t\t\t<a href=\"#\"   id=\"fl-accordion--label-6\"   tabindex=\"0\"   aria-controls=\"fl-accordion--panel-6\">Kan mina FLYDESK-krediter \u00e5terbetalas?<\/a>\r\n\t\t\t\t\t\t\t<a href=\"#\"   id=\"fl-accordion--icon-6\"   tabindex=\"0\"   aria-controls=\"fl-accordion--panel-6\"><i>Bygga ut<\/i><\/a>\r\n\t\t<p>Ja det \u00e4r m\u00f6jligt. Om du vill ha en \u00e5terbetalning av ditt kreditsaldo till ditt bankkonto, kommer vi att h\u00e5lla en \u00e5terbetalningsavgift p\u00e5 10% p\u00e5 kvarst\u00e5ende kredit plus eventuell bank\u00f6verf\u00f6ringsavgift.<\/p>\r\n\t\t\t<a href=\"https:\/\/flydesk.com\/sv\/pricing\/\"   target=\"_self\"   role=\"button\"   rel=\"noopener\">\r\n\t\t\t\t\t\t\tV\u00e4lj en FLYDESK-licensplan\r\n\t\t\t\t\t<\/a>","protected":false},"excerpt":{"rendered":"<p>Buy FLYDESK Credits FLYDESK RECOMMENDS Credit Pack Buy credits for a faster &amp; cheaper booking experience to access FLYDESK workspaces. $2,000+ from 10% discount workspaces Buy now &#8211; Pay As You Go Book instantly and pay the exact fare to access your chosen workspace. No minimum No discount Book now Frequently Asked Questions What are&hellip;<\/p>","protected":false},"author":13,"featured_media":0,"parent":0,"menu_order":0,"comment_status":"closed","ping_status":"closed","template":"","meta":{"footnotes":""},"acf":[],"yoast_head":"<!-- This site is optimized with the Yoast SEO plugin v16.8 - https:\/\/yoast.com\/wordpress\/plugins\/seo\/ -->\n<title>Buy FLYDESK Credits &mdash; FLYDESK<\/title>\n<meta name=\"description\"  content=\"Buy credits for a faster and cheaper booking experience to access the FLYDESK certified workspace network globally. Book your space today!\" \/>\n<meta name=\"robots\"  content=\"index, follow, max-snippet:-1, max-image-preview:large, max-video-preview:-1\" \/>\n<link rel=\"canonical\"  href=\"https:\/\/flydesk.com\/sv\/credit\/\" \/>\n<meta property=\"og:locale\"  content=\"sv_SE\" \/>\n<meta property=\"og:type\"  content=\"article\" \/>\n<meta property=\"og:title\"  content=\"Buy FLYDESK Credits &mdash; FLYDESK\" \/>\n<meta property=\"og:description\"  content=\"Buy credits for a faster and cheaper booking experience to access the FLYDESK certified workspace network globally. Book your space today!\" \/>\n<meta property=\"og:url\"  content=\"https:\/\/flydesk.com\/sv\/credit\/\" \/>\n<meta property=\"og:site_name\" content=\"FLYDESK\" \/>\n<meta property=\"article:modified_time\"  content=\"2023-09-07T04:10:56+00:00\" \/>\n<meta property=\"og:image\"  content=\"https:\/\/d3l13r1yn9peim.cloudfront.net\/2021\/04\/22110535\/Host.png\" \/>\n<meta name=\"twitter:card\" content=\"summary_large_image\" \/>\n<meta name=\"twitter:label1\"  content=\"Ber\u00e4knad l\u00e4stid\" \/>\n\t<meta name=\"twitter:data1\" content=\"2 minuter\" \/>\n<!-- \/ Yoast SEO plugin. -->","yoast_head_json":{"title":"Buy FLYDESK Credits &mdash; FLYDESK","description":"Buy credits for a faster and cheaper booking experience to access the FLYDESK certified workspace network globally. Book your space today!","robots":{"index":"index","follow":"follow","max-snippet":"max-snippet:-1","max-image-preview":"max-image-preview:large","max-video-preview":"max-video-preview:-1"},"canonical":"https:\/\/flydesk.com\/sv\/credit\/","og_locale":"sv_SE","og_type":"article","og_title":"Buy FLYDESK Credits &mdash; FLYDESK","og_description":"Buy credits for a faster and cheaper booking experience to access the FLYDESK certified workspace network globally. Book your space today!","og_url":"https:\/\/flydesk.com\/sv\/credit\/","og_site_name":"FLYDESK","article_modified_time":"2023-09-07T04:10:56+00:00","og_image":[{"url":"https:\/\/d3l13r1yn9peim.cloudfront.net\/2021\/04\/22110535\/Host.png"}],"twitter_card":"summary_large_image","twitter_misc":{"Ber\u00e4knad l\u00e4stid":"2 minuter"},"schema":{"@context":"https:\/\/schema.org","@graph":[{"@type":"Organization","@id":"https:\/\/flydesk.com\/#organization","name":"FLYDESK","url":"https:\/\/flydesk.com\/","sameAs":[],"logo":{"@type":"ImageObject","@id":"https:\/\/flydesk.com\/#logo","inLanguage":"sv-SE","url":"","contentUrl":"","caption":"FLYDESK"},"image":{"@id":"https:\/\/flydesk.com\/#logo"}},{"@type":"WebSite","@id":"https:\/\/flydesk.com\/#website","url":"https:\/\/flydesk.com\/","name":"FLYDESK","description":"Fly your work with style","publisher":{"@id":"https:\/\/flydesk.com\/#organization"},"potentialAction":[{"@type":"SearchAction","target":{"@type":"EntryPoint","urlTemplate":"https:\/\/flydesk.com\/?s={search_term_string}"},"query-input":"required name=search_term_string"}],"inLanguage":"sv-SE"},{"@type":"ImageObject","@id":"https:\/\/flydesk.com\/credit\/#primaryimage","inLanguage":"sv-SE","url":"https:\/\/d3l13r1yn9peim.cloudfront.net\/2021\/04\/22110535\/Host.png","contentUrl":"https:\/\/d3l13r1yn9peim.cloudfront.net\/2021\/04\/22110535\/Host.png"},{"@type":"WebPage","@id":"https:\/\/flydesk.com\/credit\/#webpage","url":"https:\/\/flydesk.com\/credit\/","name":"Buy FLYDESK Credits &mdash; FLYDESK","isPartOf":{"@id":"https:\/\/flydesk.com\/#website"},"primaryImageOfPage":{"@id":"https:\/\/flydesk.com\/credit\/#primaryimage"},"datePublished":"2020-06-02T04:54:46+00:00","dateModified":"2023-09-07T04:10:56+00:00","description":"Buy credits for a faster and cheaper booking experience to access the FLYDESK certified workspace network globally. Book your space today!","breadcrumb":{"@id":"https:\/\/flydesk.com\/credit\/#breadcrumb"},"inLanguage":"sv-SE","potentialAction":[{"@type":"ReadAction","target":["https:\/\/flydesk.com\/credit\/"]}]},{"@type":"BreadcrumbList","@id":"https:\/\/flydesk.com\/credit\/#breadcrumb","itemListElement":[{"@type":"ListItem","position":1,"name":"Home","item":"https:\/\/flydesk.com\/"},{"@type":"ListItem","position":2,"name":"Credit"}]}]}},"_links":{"self":[{"href":"https:\/\/flydesk.com\/sv\/wp-json\/wp\/v2\/pages\/14469"}],"collection":[{"href":"https:\/\/flydesk.com\/sv\/wp-json\/wp\/v2\/pages"}],"about":[{"href":"https:\/\/flydesk.com\/sv\/wp-json\/wp\/v2\/types\/page"}],"author":[{"embeddable":true,"href":"https:\/\/flydesk.com\/sv\/wp-json\/wp\/v2\/users\/13"}],"replies":[{"embeddable":true,"href":"https:\/\/flydesk.com\/sv\/wp-json\/wp\/v2\/comments?post=14469"}],"version-history":[{"count":1,"href":"https:\/\/flydesk.com\/sv\/wp-json\/wp\/v2\/pages\/14469\/revisions"}],"predecessor-version":[{"id":90923,"href":"https:\/\/flydesk.com\/sv\/wp-json\/wp\/v2\/pages\/14469\/revisions\/90923"}],"wp:attachment":[{"href":"https:\/\/flydesk.com\/sv\/wp-json\/wp\/v2\/media?parent=14469"}],"curies":[{"name":"wp","href":"https:\/\/api.w.org\/{rel}","templated":true}]}}