{"id":1559,"date":"2019-10-24T19:08:08","date_gmt":"2019-10-24T11:08:08","guid":{"rendered":"https:\/\/flydesk.com\/?page_id=1559"},"modified":"2021-03-02T17:27:40","modified_gmt":"2021-03-02T09:27:40","slug":"privacy","status":"publish","type":"page","link":"https:\/\/flydesk.com\/sv\/privacy\/","title":{"rendered":"Integritetspolicy"},"content":{"rendered":"<h1>\n\t<\/h1>\n\t<p><strong>Profindup Limited (FLYDESK)<\/strong>\u00a0\u00e4r engagerad i att skydda och respektera din integritet.<\/p>\n<p>Denna policy, tillsammans med v\u00e5ra anv\u00e4ndarvillkor (<a href=\"https:\/\/flydesk.com\/sv\/terms\/\">https:\/\/flydesk.com\/terms\/<\/a>) och alla andra dokument som h\u00e4nvisas till i den, anger grunden p\u00e5 vilken alla personuppgifter vi samlar in fr\u00e5n dig eller som du tillhandah\u00e5ller oss kommer att behandlas av oss. V\u00e4nligen l\u00e4s f\u00f6ljande noggrant f\u00f6r att f\u00f6rst\u00e5 v\u00e5ra \u00e5sikter och praxis ang\u00e5ende dina personuppgifter och hur vi kommer att behandla dem.<\/p>\n<ol>\n<li><strong>Informationsinsamling\u00a0<\/strong>\n<ol>\n<li>F\u00f6r att kunna ge dig en b\u00e4ttre service kan vi komma att samla in och behandla f\u00f6ljande uppgifter om dig:\n<ul>\n<li>information that you provide by filling in forms on our website\u00a0https:\/\/flydesk.com (the &#8220;<strong>Webbplats<\/strong>&#8220;). This includes information provided at the time of registering to use our Site, subscribing to our service, posting material or\u00a0requesting further services. We may also ask you for information at other times, for example in connection with a promotion or when you report a problem with our Site;<\/li>\n<li>om du kontaktar oss kan vi f\u00f6ra register \u00f6ver den korrespondensen;<\/li>\n<li>vi kan ocks\u00e5 be dig att fylla i unders\u00f6kningar som vi anv\u00e4nder f\u00f6r forsknings\u00e4ndam\u00e5l, \u00e4ven om du inte beh\u00f6ver svara p\u00e5 dem;<\/li>\n<li>detaljer om transaktioner du utf\u00f6r via v\u00e5r webbplats och om hur dina best\u00e4llningar utf\u00f6rs;<\/li>\n<li>information om dina bes\u00f6k p\u00e5 v\u00e5r webbplats och de resurser du har tillg\u00e5ng till.<\/li>\n<li>GPS-position f\u00f6r din enhet under ditt tillst\u00e5nd genom att anv\u00e4nda tekniker f\u00f6r detektering av geografisk plats fr\u00e5n IP-adress, GPS-platsinformation erh\u00e5llen p\u00e5 smartphones.<\/li>\n<\/ul>\n<\/li>\n<li>Vi beh\u00e5ller endast personuppgifter s\u00e5 l\u00e4nge det \u00e4r n\u00f6dv\u00e4ndigt. Uppgifter f\u00e5r arkiveras s\u00e5 l\u00e4nge \u00e4ndam\u00e5let f\u00f6r vilket uppgifterna anv\u00e4ndes fortfarande existerar.<\/li>\n<\/ol>\n<\/li>\n<\/ol>\n<ol start=\"2\">\n<li><strong>Anv\u00e4ndning av informationen\u00a0<\/strong>\n<ol>\n<li>De syften f\u00f6r vilka information kan anv\u00e4ndas av oss i och utanf\u00f6r Hongkongs s\u00e4rskilda administrativa region inkluderar:\n<ul>\n<li>s\u00e4kerst\u00e4lla att inneh\u00e5llet fr\u00e5n v\u00e5r webbplats presenteras p\u00e5 det mest effektiva s\u00e4ttet f\u00f6r dig och f\u00f6r din dator;<\/li>\n<li>f\u00f6rse dig med varningar, nyhetsbrev, utbildningsmaterial eller information som du har beg\u00e4rt eller registrerat dig f\u00f6r;<\/li>\n<li>utf\u00f6ra v\u00e5ra skyldigheter som h\u00e4rr\u00f6r fr\u00e5n avtal som ing\u00e5tts mellan dig och oss;<\/li>\n<li>till\u00e5ter dig att delta i interaktiva funktioner i v\u00e5r tj\u00e4nst, n\u00e4r du v\u00e4ljer att g\u00f6ra det;<\/li>\n<li>designa och genomf\u00f6ra unders\u00f6kningar\/enk\u00e4ter f\u00f6r kundprofilering\/segmentering, statistisk analys, f\u00f6rb\u00e4ttring och fr\u00e4mjande av tillhandah\u00e5llandet av v\u00e5ra produkter och tj\u00e4nster;<\/li>\n<li>f\u00f6lja lagar och regler som \u00e4r till\u00e4mpliga p\u00e5 oss eller n\u00e5got av v\u00e5ra dotterbolag i eller utanf\u00f6r Hongkongs s\u00e4rskilda administrativa region;<\/li>\n<li>r\u00e4ttsliga f\u00f6rfaranden, inklusive att samla in f\u00f6rfallna belopp och s\u00f6ka professionell r\u00e5dgivning;<\/li>\n<li>forskning, design och lansering av tj\u00e4nster eller produkter inklusive seminarier\/evenemang\/forum;<\/li>\n<li>marknadsf\u00f6ring och marknadsf\u00f6ring av tj\u00e4nster och produkter som \u00e4r f\u00f6rem\u00e5l f\u00f6r din ut\u00f6vande av opt-out-r\u00e4tten (se ytterligare information i avsnitt 2.2 nedan); eller<\/li>\n<li>syften som \u00e4r direkt relaterade till eller underordnade ovanst\u00e5ende.<\/li>\n<\/ul>\n<\/li>\n<li>Vi har f\u00f6r avsikt att anv\u00e4nda dina uppgifter i direktmarknadsf\u00f6ring och vi kr\u00e4ver ditt samtycke (vilket inkluderar en indikation p\u00e5 att det inte finns n\u00e5gra inv\u00e4ndningar) f\u00f6r detta \u00e4ndam\u00e5l. Observera i detta sammanhang att:\n<ul>\n<li>ditt namn, kontaktuppgifter (inklusive adress, kontaktnummer, e-postadress), information om produkter och tj\u00e4nster, transaktionsm\u00f6nster och beteende, bakgrunds- och demografiska data som vi har fr\u00e5n tid till annan kan anv\u00e4ndas av oss i direktmarknadsf\u00f6ring;<\/li>\n<li>F\u00f6ljande klasser av tj\u00e4nster, produkter och \u00e4mnen kan marknadsf\u00f6ras i direktmarknadsf\u00f6ring:\n<ul>\n<li>tj\u00e4nster och produkter relaterade till v\u00e5r webbplats och\/eller v\u00e5ra dotterbolag (inklusive marknadsf\u00f6ringsprogram som vi \u00e4r en del av);<\/li>\n<li>bel\u00f6ning, lojalitet eller privilegier program, kampanjerbjudanden och relaterade tj\u00e4nster; och<\/li>\n<li>inbjudningar till evenemang som seminarier\/webinarier\/teleseminarier, konferenser, liveprogram eller evenemang.<\/li>\n<\/ul>\n<\/li>\n<li>Vi kan bedriva direktmarknadsf\u00f6ring via fax, e-post, direktreklam, telefon och andra kommunikationsmedel eller skicka e-nyhetsbrev till dig. Du kan v\u00e4lja att inte ta emot reklammaterial genom att helt enkelt ber\u00e4tta f\u00f6r oss (se nedan f\u00f6r kontaktuppgifter), och vi kommer att sluta g\u00f6ra det utan kostnad.<\/li>\n<\/ul>\n<\/li>\n<\/ol>\n<\/li>\n<\/ol>\n<ol start=\"3\">\n<li><strong>Avsl\u00f6jande av din information\u00a0<\/strong><\/li>\n<\/ol>\n<p>Vi kommer att h\u00e5lla de personuppgifter vi h\u00e5ller konfidentiella men kan ge information till:<\/p>\n<ul>\n<li>personal, agenter, r\u00e5dgivare, revisorer, entrepren\u00f6rer, finansiella institutioner och tj\u00e4nsteleverant\u00f6rer i samband med v\u00e5r verksamhet eller tj\u00e4nster;<\/li>\n<li>v\u00e5ra utomeuropeiska kontor, dotterbolag, aff\u00e4rspartners och motsvarigheter (om n\u00e5gra);<\/li>\n<li>personer som har tystnadsplikt gentemot oss;<\/li>\n<li>personer till vilka vi \u00e4r skyldiga att l\u00e4mna information enligt till\u00e4mpliga lagar och f\u00f6rordningar i eller utanf\u00f6r Hongkongs s\u00e4rskilda administrativa region; eller<\/li>\n<li>faktiska eller f\u00f6reslagna mottagare eller deltagare i v\u00e5ra tj\u00e4nster i eller utanf\u00f6r Hongkongs s\u00e4rskilda administrativa region.<\/li>\n<\/ul>\n<ol start=\"4\">\n<li><strong>Sm\u00e5kakor\u00a0<\/strong>\n<ol>\n<li>V\u00e5r webbplats anv\u00e4nder cookies f\u00f6r att skilja dig fr\u00e5n andra anv\u00e4ndare av v\u00e5r webbplats. Detta hj\u00e4lper oss att ge dig en bra upplevelse n\u00e4r du surfar p\u00e5 v\u00e5r webbplats och g\u00f6r det ocks\u00e5 m\u00f6jligt f\u00f6r oss att f\u00f6rb\u00e4ttra v\u00e5r webbplats. Genom att forts\u00e4tta att surfa p\u00e5 webbplatsen godk\u00e4nner du v\u00e5r anv\u00e4ndning av cookies.<\/li>\n<li>A cookie is a small file of letters and numbers that we store on your browser or the hard drive of your computer if you agree. Cookies contain information that is transferred to your computer&#8217;s hard drive.<\/li>\n<li>Vi anv\u00e4nder f\u00f6ljande cookies:\n<ul>\n<li><strong>Strikt n\u00f6dv\u00e4ndiga cookies.<\/strong> Dessa \u00e4r cookies som kr\u00e4vs f\u00f6r driften av v\u00e5r webbplats. De inkluderar till exempel cookies som g\u00f6r att du kan logga in p\u00e5 s\u00e4kra omr\u00e5den p\u00e5 v\u00e5r webbplats, anv\u00e4nda en kundvagn eller anv\u00e4nda e-faktureringstj\u00e4nster.<\/li>\n<li><strong>Analytiska\/prestandacookies. <\/strong>De l\u00e5ter oss k\u00e4nna igen och r\u00e4kna antalet bes\u00f6kare och se hur bes\u00f6kare r\u00f6r sig p\u00e5 v\u00e5r webbplats n\u00e4r de anv\u00e4nder den. Detta hj\u00e4lper oss att f\u00f6rb\u00e4ttra hur v\u00e5r webbplats fungerar, till exempel genom att se till att anv\u00e4ndarna enkelt hittar det de letar efter.<\/li>\n<li><strong>Funktionscookies<\/strong>. Dessa anv\u00e4nds f\u00f6r att k\u00e4nna igen dig n\u00e4r du \u00e5terv\u00e4nder till v\u00e5r webbplats. Detta g\u00f6r det m\u00f6jligt f\u00f6r oss att anpassa v\u00e5rt inneh\u00e5ll f\u00f6r dig, h\u00e4lsa dig med namn och komma ih\u00e5g dina preferenser (till exempel ditt val av spr\u00e5k eller region).<\/li>\n<li><strong>Inriktning p\u00e5 cookies. <\/strong>Dessa cookies registrerar ditt bes\u00f6k p\u00e5 v\u00e5r webbplats, de sidor du har bes\u00f6kt och the links du har f\u00f6ljt. Vi kommer att anv\u00e4nda denna information f\u00f6r att g\u00f6ra v\u00e5r webbplats och reklam som visas p\u00e5 den mer relevant f\u00f6r dina intressen. Vi kan ocks\u00e5 komma att dela denna information med tredje part f\u00f6r detta \u00e4ndam\u00e5l.<\/li>\n<\/ul>\n<\/li>\n<li>Observera att tredje part (inklusive till exempel annonsn\u00e4tverk och leverant\u00f6rer av externa tj\u00e4nster som webbtrafikanalystj\u00e4nster) ocks\u00e5 kan anv\u00e4nda cookies, som vi inte har n\u00e5gon kontroll \u00f6ver. Dessa cookies \u00e4r sannolikt analytiska\/prestandacookies eller inriktningscookies.<\/li>\n<li>Vi kan anv\u00e4nda f\u00f6ljande webbanalystj\u00e4nster fr\u00e5n tredje part p\u00e5 webbplatsen. Tj\u00e4nsteleverant\u00f6rerna som administrerar dessa tj\u00e4nster anv\u00e4nder teknik som cookies, webbserverloggar och webbsignaler f\u00f6r att hj\u00e4lpa oss att analysera hur bes\u00f6kare anv\u00e4nder webbplatsen. Informationen som samlas in p\u00e5 dessa s\u00e4tt (inklusive IP-adress) l\u00e4mnas till dessa tj\u00e4nsteleverant\u00f6rer, som anv\u00e4nder informationen f\u00f6r att utv\u00e4rdera anv\u00e4ndningen av webbplatsen. Dessa analystj\u00e4nster kan anv\u00e4nda den insamlade informationen f\u00f6r att kontextualisera och personifiera marknadsf\u00f6ringsmaterialet f\u00f6r deras eget annonsn\u00e4tverk.<\/li>\n<\/ol>\n<\/li>\n<\/ol>\n<ol>Google Analytics\n<li>\n<ol start=\"6\">\n<li>Google Analytics is a web analysis service provided by Google Inc. (&#8220;Google&#8221;).\u00a0Google&#8217;s ability to use and share information collected by Google Analytics is in accordance with their policies:\u00a0https:\/\/www.google.com\/policies\/privacy\/partners\/<\/li>\n<li>You can prevent Google&#8217;s collection and processing of data by using the Google Ads Settings page or downloading and installing their browser plug-in (https:\/\/tools.google.com\/dlpage\/gaoptout).<\/li>\n<li>Du blockerar cookies genom att aktivera inst\u00e4llningen i din webbl\u00e4sare som g\u00f6r att du kan neka inst\u00e4llningen av alla eller vissa cookies. Men om du anv\u00e4nder dina webbl\u00e4sarinst\u00e4llningar f\u00f6r att blockera alla cookies (inklusive viktiga cookies) kanske du inte kan komma \u00e5t hela eller delar av v\u00e5r webbplats.<\/li>\n<\/ol>\n<\/li>\n<\/ol>\n<ol start=\"5\">\n<li><strong>s\u00e4kerhet\u00a0<\/strong>\n<ol>\n<li>All information du l\u00e4mnar till oss lagras p\u00e5 v\u00e5ra s\u00e4kra servrar. Alla betalningstransaktioner kommer att krypteras med SSL-teknik. Om vi har gett dig (eller d\u00e4r du har valt) ett l\u00f6senord som g\u00f6r att du kan komma \u00e5t vissa delar av v\u00e5r webbplats, \u00e4r du ansvarig f\u00f6r att h\u00e5lla detta l\u00f6senord konfidentiellt. Vi ber dig att inte dela ett l\u00f6senord med n\u00e5gon.<\/li>\n<li>Tyv\u00e4rr \u00e4r \u00f6verf\u00f6ringen av information via internet inte helt s\u00e4ker. \u00c4ven om vi kommer att g\u00f6ra v\u00e5rt b\u00e4sta f\u00f6r att skydda dina personuppgifter, kan vi inte garantera s\u00e4kerheten f\u00f6r dina data som \u00f6verf\u00f6rs till v\u00e5r webbplats; all \u00f6verf\u00f6ring sker p\u00e5 egen risk. N\u00e4r vi har f\u00e5tt din information kommer vi att anv\u00e4nda strikta procedurer och s\u00e4kerhetsfunktioner f\u00f6r att f\u00f6rs\u00f6ka f\u00f6rhindra obeh\u00f6rig \u00e5tkomst.<\/li>\n<\/ol>\n<\/li>\n<\/ol>\n<ol start=\"6\">\n<li><strong>\u00c4ndringar av v\u00e5r integritetspolicy<\/strong><\/li>\n<\/ol>\n<p>Alla \u00e4ndringar vi kan g\u00f6ra i v\u00e5r sekretesspolicy i framtiden kommer att publiceras p\u00e5 denna sida.<\/p>\n<ol start=\"7\">\n<li><strong>Data\u00f6verf\u00f6ringar<\/strong><\/li>\n<\/ol>\n<p>Vi kan komma att lagra dina uppgifter p\u00e5 servrar i Hong Kong, Amazon Web Services, Google 1TP3700T Platform och andra territorier som vi finner l\u00e4mpligt d\u00e5 och d\u00e5. Vi kan ocks\u00e5 \u00f6verf\u00f6ra dina uppgifter till v\u00e5ra utomeuropeiska kontor eller till personer som anges i klausul 3 ovan, som kan vara bel\u00e4gna i eller utanf\u00f6r Hongkongs s\u00e4rskilda administrativa region.<\/p>\n<ol start=\"8\">\n<li><strong>Ditt samtycke och dina r\u00e4ttigheter<\/strong>\n<ol>\n<li>Genom att anv\u00e4nda v\u00e5r tj\u00e4nst, g\u00f6ra en ans\u00f6kan eller bes\u00f6ka v\u00e5r webbplats samtycker du till insamling och anv\u00e4ndning av din information och andra aktiviteter som beskrivs i denna policy.<\/li>\n<li>Under the Hong Kong Personal Data (Privacy) Ordinance (the &#8220;<strong>F\u00f6rordning<\/strong>&#8220;), individuals have the right:\n<ul>\n<li>f\u00f6r att kontrollera om vi har personuppgifter om dig och f\u00f6r att f\u00e5 tillg\u00e5ng till s\u00e5dana uppgifter;<\/li>\n<li>att kr\u00e4va att vi s\u00e5 snart det \u00e4r praktiskt m\u00f6jligt korrigerar all information som r\u00f6r dig som \u00e4r felaktig;<\/li>\n<li>f\u00f6r att ta reda p\u00e5 v\u00e5r policy och praxis i relation till personuppgifter och vilken typ av personuppgifter som vi har; och<\/li>\n<li>att inv\u00e4nda mot anv\u00e4ndningen av dina personuppgifter f\u00f6r marknadsf\u00f6rings\u00e4ndam\u00e5l och vi kommer inte att anv\u00e4nda dina personuppgifter f\u00f6r marknadsf\u00f6rings\u00e4ndam\u00e5l efter att du har meddelat oss din inv\u00e4ndning.<\/li>\n<\/ul>\n<\/li>\n<li>Du kan ut\u00f6va din r\u00e4tt att v\u00e4lja bort genom att meddela oss om du vill inv\u00e4nda mot anv\u00e4ndningen av dina personuppgifter f\u00f6r direktmarknadsf\u00f6rings\u00e4ndam\u00e5l. V\u00e4nligen skicka f\u00f6rfr\u00e5gningar om s\u00e5dana inv\u00e4ndningar, tillg\u00e5ng till data, korrigering av data, information om policyer och praxis och typer av data som lagras, fr\u00e5gor eller klagom\u00e5l till: Namn: Administrat\u00f6r Profindup, E-post: hello@flydesk.com<\/li>\n<\/ol>\n<ol start=\"4\">\n<li>I enlighet med villkoren i f\u00f6rordningen har vi r\u00e4tt att och kan ta ut en rimlig avgift f\u00f6r att behandla en beg\u00e4ran om data\u00e5tkomst.<\/li>\n<li>In the event that a User wishes to access or amend his or her personal information and data, the Company may request him or her to provide personal details in order to verify and confirm his or her identity. A HKID card number or passport number or business registration certificate number cannot be amended unless such data is proved to be inaccurate. The Company is required to respond to a User&#8217;s request within\u00a0seven (7)\u00a0days\u00a0of his or her request and will\u00a0endeavor to do so wherever possible.<\/li>\n<\/ol>\n<\/li>\n<\/ol>\n<ol start=\"9\">\n<li><strong>G\u00e4llande lag och jurisdiktion\u00a0<\/strong><\/li>\n<\/ol>\n<p>Ingenting i denna integritetspolicy ska begr\u00e4nsa den registrerades r\u00e4ttigheter enligt f\u00f6rordningen. Denna integritetspolicy ska styras av lagarna i Hongkongs s\u00e4rskilda administrativa region. Du samtycker till att underkasta dig den exklusiva jurisdiktionen f\u00f6r Hongkongs domstolar.<\/p>\n<p>&nbsp;<\/p>","protected":false},"excerpt":{"rendered":"<p>Profindup Limited (FLYDESK)\u00a0is committed to protecting and respecting your privacy. This policy, together with our Terms of Use (https:\/\/flydesk.com\/terms\/)\u00a0and any other documents referred to in it, sets out the basis on which any personal data we collect from you, or that you provide to us, will be processed by us. Please read the following carefully&hellip;<\/p>","protected":false},"author":1,"featured_media":0,"parent":0,"menu_order":0,"comment_status":"closed","ping_status":"closed","template":"","meta":{"footnotes":""},"acf":[],"yoast_head":"<!-- This site is optimized with the Yoast SEO plugin v16.8 - https:\/\/yoast.com\/wordpress\/plugins\/seo\/ -->\n<title>Privacy policy &mdash; FLYDESK<\/title>\n<meta name=\"robots\"  content=\"index, follow, max-snippet:-1, max-image-preview:large, max-video-preview:-1\" \/>\n<link rel=\"canonical\"  href=\"https:\/\/flydesk.com\/sv\/privacy\/\" \/>\n<meta property=\"og:locale\"  content=\"sv_SE\" \/>\n<meta property=\"og:type\"  content=\"article\" \/>\n<meta property=\"og:title\"  content=\"Privacy policy &mdash; FLYDESK\" \/>\n<meta property=\"og:description\"  content=\"Profindup Limited (FLYDESK)\u00a0is committed to protecting and respecting your privacy. This policy, together with our Terms of Use (https:\/\/flydesk.com\/terms\/)\u00a0and any other documents referred to in it, sets out the basis on which any personal data we collect from you, or that you provide to us, will be processed by us. Please read the following carefully&hellip;\" \/>\n<meta property=\"og:url\"  content=\"https:\/\/flydesk.com\/sv\/privacy\/\" \/>\n<meta property=\"og:site_name\" content=\"FLYDESK\" \/>\n<meta property=\"article:modified_time\"  content=\"2021-03-02T09:27:40+00:00\" \/>\n<meta name=\"twitter:card\"  content=\"summary_large_image\" \/>\n<meta name=\"twitter:label1\"  content=\"Ber\u00e4knad l\u00e4stid\" \/>\n\t<meta name=\"twitter:data1\" content=\"9 minuter\" \/>\n<!-- \/ Yoast SEO plugin. -->","yoast_head_json":{"title":"Privacy policy &mdash; FLYDESK","robots":{"index":"index","follow":"follow","max-snippet":"max-snippet:-1","max-image-preview":"max-image-preview:large","max-video-preview":"max-video-preview:-1"},"canonical":"https:\/\/flydesk.com\/sv\/privacy\/","og_locale":"sv_SE","og_type":"article","og_title":"Privacy policy &mdash; FLYDESK","og_description":"Profindup Limited (FLYDESK)\u00a0is committed to protecting and respecting your privacy. This policy, together with our Terms of Use (https:\/\/flydesk.com\/terms\/)\u00a0and any other documents referred to in it, sets out the basis on which any personal data we collect from you, or that you provide to us, will be processed by us. Please read the following carefully&hellip;","og_url":"https:\/\/flydesk.com\/sv\/privacy\/","og_site_name":"FLYDESK","article_modified_time":"2021-03-02T09:27:40+00:00","twitter_card":"summary_large_image","twitter_misc":{"Ber\u00e4knad l\u00e4stid":"9 minuter"},"schema":{"@context":"https:\/\/schema.org","@graph":[{"@type":"Organization","@id":"https:\/\/flydesk.com\/#organization","name":"FLYDESK","url":"https:\/\/flydesk.com\/","sameAs":[],"logo":{"@type":"ImageObject","@id":"https:\/\/flydesk.com\/#logo","inLanguage":"sv-SE","url":"","contentUrl":"","caption":"FLYDESK"},"image":{"@id":"https:\/\/flydesk.com\/#logo"}},{"@type":"WebSite","@id":"https:\/\/flydesk.com\/#website","url":"https:\/\/flydesk.com\/","name":"FLYDESK","description":"Fly your work with style","publisher":{"@id":"https:\/\/flydesk.com\/#organization"},"potentialAction":[{"@type":"SearchAction","target":{"@type":"EntryPoint","urlTemplate":"https:\/\/flydesk.com\/?s={search_term_string}"},"query-input":"required name=search_term_string"}],"inLanguage":"sv-SE"},{"@type":"WebPage","@id":"https:\/\/flydesk.com\/privacy\/#webpage","url":"https:\/\/flydesk.com\/privacy\/","name":"Privacy policy &mdash; FLYDESK","isPartOf":{"@id":"https:\/\/flydesk.com\/#website"},"datePublished":"2019-10-24T11:08:08+00:00","dateModified":"2021-03-02T09:27:40+00:00","breadcrumb":{"@id":"https:\/\/flydesk.com\/privacy\/#breadcrumb"},"inLanguage":"sv-SE","potentialAction":[{"@type":"ReadAction","target":["https:\/\/flydesk.com\/privacy\/"]}]},{"@type":"BreadcrumbList","@id":"https:\/\/flydesk.com\/privacy\/#breadcrumb","itemListElement":[{"@type":"ListItem","position":1,"name":"Home","item":"https:\/\/flydesk.com\/"},{"@type":"ListItem","position":2,"name":"Privacy policy"}]}]}},"_links":{"self":[{"href":"https:\/\/flydesk.com\/sv\/wp-json\/wp\/v2\/pages\/1559"}],"collection":[{"href":"https:\/\/flydesk.com\/sv\/wp-json\/wp\/v2\/pages"}],"about":[{"href":"https:\/\/flydesk.com\/sv\/wp-json\/wp\/v2\/types\/page"}],"author":[{"embeddable":true,"href":"https:\/\/flydesk.com\/sv\/wp-json\/wp\/v2\/users\/1"}],"replies":[{"embeddable":true,"href":"https:\/\/flydesk.com\/sv\/wp-json\/wp\/v2\/comments?post=1559"}],"version-history":[{"count":0,"href":"https:\/\/flydesk.com\/sv\/wp-json\/wp\/v2\/pages\/1559\/revisions"}],"wp:attachment":[{"href":"https:\/\/flydesk.com\/sv\/wp-json\/wp\/v2\/media?parent=1559"}],"curies":[{"name":"wp","href":"https:\/\/api.w.org\/{rel}","templated":true}]}}